{"id":48408,"date":"2022-01-22T15:43:39","date_gmt":"2022-01-22T14:43:39","guid":{"rendered":"https:\/\/demoweb.info\/sexshop001\/producto\/funda-para-el-pene-con-vibracion-2\/"},"modified":"2022-01-22T15:43:45","modified_gmt":"2022-01-22T14:43:45","slug":"funda-para-el-pene-con-vibracion-2","status":"publish","type":"product","link":"https:\/\/demoweb.info\/sexshop001\/producto\/funda-para-el-pene-con-vibracion-2\/","title":{"rendered":"FUNDA PARA EL PENE CON VIBRACI\u00d3N"},"content":{"rendered":"<p><strong>VIBRATING COCK CAGE SINGLE BULLETS<\/strong><\/p>\n<p>Funda para el pene de silicona con vibraci\u00f3n para el cl\u00edtoris.<br \/>\nBala vibratoria con f\u00e1cil control por pulsador.<br \/>\nForma contorneada para una inserci\u00f3n c\u00f3moda.<br \/>\nCrea erecciones fuertes y duraderas.<br \/>\nSilicona firme y flexible que ofrece un ajuste perfecto.<br \/>\nOfrece estimulaci\u00f3n intensa para ambos miembros de la pareja.<\/p>\n<ul>\n<li>Longitud total 23 cm<\/li>\n<li>Di\u00e1metro de la funda: 4 cm<\/li>\n<li>Di\u00e1metro de la bala: 2,5 cm<\/li>\n<li>Di\u00e1metro interior del anillo: 4 cm<\/li>\n<\/ul>\n","protected":false},"excerpt":{"rendered":"<p>VIBRATING COCK CAGE SINGLE BULLETS Funda para el pene de silicona con vibraci\u00f3n para el cl\u00edtoris. Bala vibratoria con f\u00e1cil<\/p>\n","protected":false},"featured_media":48409,"comment_status":"open","ping_status":"open","template":"","meta":[],"product_cat":[544],"product_tag":[460,1474],"class_list":["post-48408","product","type-product","status-publish","has-post-thumbnail","hentry","product_cat-con-vibrador-fundas","product_tag-doc-johnson","product_tag-kink"],"bundled_by":[],"bundle_stock_status":"outofstock","bundle_stock_quantity":0,"bundle_virtual":false,"bundle_layout":"","bundle_add_to_cart_form_location":"","bundle_editable_in_cart":false,"bundle_sold_individually_context":"","bundle_item_grouping":"","bundle_min_size":"","bundle_max_size":"","bundled_items":[],"yoast_head":"<!-- This site is optimized with the Yoast SEO plugin v20.6 - https:\/\/yoast.com\/wordpress\/plugins\/seo\/ -->\n<title>FUNDA PARA EL PENE CON VIBRACI\u00d3N - Tienda Er\u00f3tica<\/title>\n<meta name=\"robots\" content=\"noindex, follow, max-snippet:-1, max-image-preview:large, max-video-preview:-1\" \/>\n<meta property=\"og:locale\" content=\"es_ES\" \/>\n<meta property=\"og:type\" content=\"article\" \/>\n<meta property=\"og:title\" content=\"FUNDA PARA EL PENE CON VIBRACI\u00d3N - Tienda Er\u00f3tica\" \/>\n<meta property=\"og:description\" content=\"VIBRATING COCK CAGE SINGLE BULLETS Funda para el pene de silicona con vibraci\u00f3n para el cl\u00edtoris. Bala vibratoria con f\u00e1cil\" \/>\n<meta property=\"og:url\" content=\"https:\/\/demoweb.info\/sexshop001\/producto\/funda-para-el-pene-con-vibracion-2\/\" \/>\n<meta property=\"og:site_name\" content=\"Tienda Er\u00f3tica\" \/>\n<meta property=\"article:modified_time\" content=\"2022-01-22T14:43:45+00:00\" \/>\n<meta property=\"og:image\" content=\"https:\/\/demoweb.info\/sexshop001\/wp-content\/uploads\/2022\/01\/FUNDA-PARA-EL-PENE-CON-VIBRACION-4.jpg\" \/>\n\t<meta property=\"og:image:width\" content=\"550\" \/>\n\t<meta property=\"og:image:height\" content=\"550\" \/>\n\t<meta property=\"og:image:type\" content=\"image\/jpeg\" \/>\n<meta name=\"twitter:card\" content=\"summary_large_image\" \/>\n<script type=\"application\/ld+json\" class=\"yoast-schema-graph\">{\"@context\":\"https:\/\/schema.org\",\"@graph\":[{\"@type\":\"WebPage\",\"@id\":\"https:\/\/demoweb.info\/sexshop001\/producto\/funda-para-el-pene-con-vibracion-2\/\",\"url\":\"https:\/\/demoweb.info\/sexshop001\/producto\/funda-para-el-pene-con-vibracion-2\/\",\"name\":\"FUNDA PARA EL PENE CON VIBRACI\u00d3N - Tienda Er\u00f3tica\",\"isPartOf\":{\"@id\":\"https:\/\/demoweb.info\/sexshop001\/#website\"},\"datePublished\":\"2022-01-22T14:43:39+00:00\",\"dateModified\":\"2022-01-22T14:43:45+00:00\",\"breadcrumb\":{\"@id\":\"https:\/\/demoweb.info\/sexshop001\/producto\/funda-para-el-pene-con-vibracion-2\/#breadcrumb\"},\"inLanguage\":\"es\",\"potentialAction\":[{\"@type\":\"ReadAction\",\"target\":[\"https:\/\/demoweb.info\/sexshop001\/producto\/funda-para-el-pene-con-vibracion-2\/\"]}]},{\"@type\":\"BreadcrumbList\",\"@id\":\"https:\/\/demoweb.info\/sexshop001\/producto\/funda-para-el-pene-con-vibracion-2\/#breadcrumb\",\"itemListElement\":[{\"@type\":\"ListItem\",\"position\":1,\"name\":\"Portada\",\"item\":\"https:\/\/demoweb.info\/sexshop001\/\"},{\"@type\":\"ListItem\",\"position\":2,\"name\":\"Tienda\",\"item\":\"https:\/\/demoweb.info\/sexshop001\/tienda\/\"},{\"@type\":\"ListItem\",\"position\":3,\"name\":\"FUNDA PARA EL PENE CON VIBRACI\u00d3N\"}]},{\"@type\":\"WebSite\",\"@id\":\"https:\/\/demoweb.info\/sexshop001\/#website\",\"url\":\"https:\/\/demoweb.info\/sexshop001\/\",\"name\":\"Tienda Er\u00f3tica\",\"description\":\"DEMOWEB SL\",\"potentialAction\":[{\"@type\":\"SearchAction\",\"target\":{\"@type\":\"EntryPoint\",\"urlTemplate\":\"https:\/\/demoweb.info\/sexshop001\/?s={search_term_string}\"},\"query-input\":\"required name=search_term_string\"}],\"inLanguage\":\"es\"}]}<\/script>\n<!-- \/ Yoast SEO plugin. -->","yoast_head_json":{"title":"FUNDA PARA EL PENE CON VIBRACI\u00d3N - Tienda Er\u00f3tica","robots":{"index":"noindex","follow":"follow","max-snippet":"max-snippet:-1","max-image-preview":"max-image-preview:large","max-video-preview":"max-video-preview:-1"},"og_locale":"es_ES","og_type":"article","og_title":"FUNDA PARA EL PENE CON VIBRACI\u00d3N - Tienda Er\u00f3tica","og_description":"VIBRATING COCK CAGE SINGLE BULLETS Funda para el pene de silicona con vibraci\u00f3n para el cl\u00edtoris. Bala vibratoria con f\u00e1cil","og_url":"https:\/\/demoweb.info\/sexshop001\/producto\/funda-para-el-pene-con-vibracion-2\/","og_site_name":"Tienda Er\u00f3tica","article_modified_time":"2022-01-22T14:43:45+00:00","og_image":[{"width":550,"height":550,"url":"https:\/\/demoweb.info\/sexshop001\/wp-content\/uploads\/2022\/01\/FUNDA-PARA-EL-PENE-CON-VIBRACION-4.jpg","type":"image\/jpeg"}],"twitter_card":"summary_large_image","schema":{"@context":"https:\/\/schema.org","@graph":[{"@type":"WebPage","@id":"https:\/\/demoweb.info\/sexshop001\/producto\/funda-para-el-pene-con-vibracion-2\/","url":"https:\/\/demoweb.info\/sexshop001\/producto\/funda-para-el-pene-con-vibracion-2\/","name":"FUNDA PARA EL PENE CON VIBRACI\u00d3N - Tienda Er\u00f3tica","isPartOf":{"@id":"https:\/\/demoweb.info\/sexshop001\/#website"},"datePublished":"2022-01-22T14:43:39+00:00","dateModified":"2022-01-22T14:43:45+00:00","breadcrumb":{"@id":"https:\/\/demoweb.info\/sexshop001\/producto\/funda-para-el-pene-con-vibracion-2\/#breadcrumb"},"inLanguage":"es","potentialAction":[{"@type":"ReadAction","target":["https:\/\/demoweb.info\/sexshop001\/producto\/funda-para-el-pene-con-vibracion-2\/"]}]},{"@type":"BreadcrumbList","@id":"https:\/\/demoweb.info\/sexshop001\/producto\/funda-para-el-pene-con-vibracion-2\/#breadcrumb","itemListElement":[{"@type":"ListItem","position":1,"name":"Portada","item":"https:\/\/demoweb.info\/sexshop001\/"},{"@type":"ListItem","position":2,"name":"Tienda","item":"https:\/\/demoweb.info\/sexshop001\/tienda\/"},{"@type":"ListItem","position":3,"name":"FUNDA PARA EL PENE CON VIBRACI\u00d3N"}]},{"@type":"WebSite","@id":"https:\/\/demoweb.info\/sexshop001\/#website","url":"https:\/\/demoweb.info\/sexshop001\/","name":"Tienda Er\u00f3tica","description":"DEMOWEB SL","potentialAction":[{"@type":"SearchAction","target":{"@type":"EntryPoint","urlTemplate":"https:\/\/demoweb.info\/sexshop001\/?s={search_term_string}"},"query-input":"required name=search_term_string"}],"inLanguage":"es"}]}},"_links":{"self":[{"href":"https:\/\/demoweb.info\/sexshop001\/wp-json\/wp\/v3\/product\/48408","targetHints":{"allow":["GET"]}}],"collection":[{"href":"https:\/\/demoweb.info\/sexshop001\/wp-json\/wp\/v3\/product"}],"about":[{"href":"https:\/\/demoweb.info\/sexshop001\/wp-json\/wp\/v2\/types\/product"}],"replies":[{"embeddable":true,"href":"https:\/\/demoweb.info\/sexshop001\/wp-json\/wp\/v2\/comments?post=48408"}],"wp:featuredmedia":[{"embeddable":true,"href":"https:\/\/demoweb.info\/sexshop001\/wp-json\/wp\/v2\/media\/48409"}],"wp:attachment":[{"href":"https:\/\/demoweb.info\/sexshop001\/wp-json\/wp\/v2\/media?parent=48408"}],"wp:term":[{"taxonomy":"product_cat","embeddable":true,"href":"https:\/\/demoweb.info\/sexshop001\/wp-json\/wp\/v2\/product_cat?post=48408"},{"taxonomy":"product_tag","embeddable":true,"href":"https:\/\/demoweb.info\/sexshop001\/wp-json\/wp\/v2\/product_tag?post=48408"}],"curies":[{"name":"wp","href":"https:\/\/api.w.org\/{rel}","templated":true}]}}