{"id":48226,"date":"2022-01-22T15:41:46","date_gmt":"2022-01-22T14:41:46","guid":{"rendered":"https:\/\/demoweb.info\/sexshop001\/producto\/martina-con-vistas-al-mar-horizonte-martina-1-2\/"},"modified":"2022-01-22T15:41:52","modified_gmt":"2022-01-22T14:41:52","slug":"martina-con-vistas-al-mar-horizonte-martina-1-2","status":"publish","type":"product","link":"https:\/\/demoweb.info\/sexshop001\/producto\/martina-con-vistas-al-mar-horizonte-martina-1-2\/","title":{"rendered":"MARTINA CON VISTAS AL MAR (HORIZONTE MARTINA 1)"},"content":{"rendered":"<p><strong>MARTINA CON VISTAS AL MAR (HORIZONTE MARTINA 1)<\/strong><\/p>\n<p><u><strong>Elisabet Benavent<\/strong><\/u><\/p>\n<p>Primera parte de la bilog\u00eda \u00abHorizonte Martina\u00bb de @BetaCoqueta, una mezcla de cocina, pasi\u00f3n, sexo y carcajadas, una novela llena de sorpresas que te har\u00e1 vivir momentos \u00fanicos y que te conquistar\u00e1 para siempre.<\/p>\n<p>Placer para los sentidos.<\/p>\n<p>Si te llamas Martina, llevas siempre la melena recogida, eres absolutamente cerebral&#8230;<br \/>\nSi te has formado para ser chef y perteneces al equipo de El Mar&#8230;<br \/>\nSi has sentido un chispazo al conocer a tu jefe, Pablo Ruiz, exc\u00e9ntrico cocinero con estrella&#8230;<br \/>\nSi no soportas su indumentaria h\u00edpster, pero te ir\u00edas a cualquier parte si \u00e9l te lo pidiera&#8230;<br \/>\nEres sin dudarlo la protagonista de esta historia&#8230;<br \/>\nY tu vida, tan ordenada, est\u00e1 a punto de cambiar.<\/p>\n<p>El\u00edsabetBenavent, la autora de las sagas\u00abSaga Valeria\u00bb,\u00abSaga Silvia\u00bb, de la trilog\u00eda\u00abMi elecci\u00f3n\u00bb, y de la novela<em>Mi isla<\/em>, presenta en\u00abHorizonte Martina\u00bbuna historia de amor irrefrenable, s\u00fabita, aut\u00e9ntica, un binomio el\u00e9ctrico, una combinaci\u00f3n explosiva que demuestra que en cuesti\u00f3n de amor no se puede negar la evidencia y que no depende de nosotros a qui\u00e9n amar.<\/p>\n<p>Original, arriesgada, arrebatadora, desternillante, h\u00edpster, macarra, sexy&#8230;<\/p>\n<ul>\n<li>N&ordm; de p\u00e1ginas: 672 p\u00e1gs.<\/li>\n<li>Encuadernaci\u00f3n: Tapa blanda bolsillo<\/li>\n<\/ul>\n","protected":false},"excerpt":{"rendered":"<p>MARTINA CON VISTAS AL MAR (HORIZONTE MARTINA 1) Elisabet Benavent Primera parte de la bilog\u00eda \u00abHorizonte Martina\u00bb de @BetaCoqueta, una<\/p>\n","protected":false},"featured_media":48227,"comment_status":"open","ping_status":"open","template":"","meta":[],"product_cat":[684],"product_tag":[722,415],"class_list":["post-48226","product","type-product","status-publish","has-post-thumbnail","hentry","product_cat-san-valentin-regalos","product_tag-debolsillo","product_tag-random-house"],"bundled_by":[],"bundle_stock_status":"instock","bundle_stock_quantity":1,"bundle_virtual":false,"bundle_layout":"","bundle_add_to_cart_form_location":"","bundle_editable_in_cart":false,"bundle_sold_individually_context":"","bundle_item_grouping":"","bundle_min_size":"","bundle_max_size":"","bundled_items":[],"yoast_head":"<!-- This site is optimized with the Yoast SEO plugin v20.6 - https:\/\/yoast.com\/wordpress\/plugins\/seo\/ -->\n<title>MARTINA CON VISTAS AL MAR (HORIZONTE MARTINA 1) - Tienda Er\u00f3tica<\/title>\n<meta name=\"robots\" content=\"noindex, follow, max-snippet:-1, max-image-preview:large, max-video-preview:-1\" \/>\n<meta property=\"og:locale\" content=\"es_ES\" \/>\n<meta property=\"og:type\" content=\"article\" \/>\n<meta property=\"og:title\" content=\"MARTINA CON VISTAS AL MAR (HORIZONTE MARTINA 1) - Tienda Er\u00f3tica\" \/>\n<meta property=\"og:description\" content=\"MARTINA CON VISTAS AL MAR (HORIZONTE MARTINA 1) Elisabet Benavent Primera parte de la bilog\u00eda \u00abHorizonte Martina\u00bb de @BetaCoqueta, una\" \/>\n<meta property=\"og:url\" content=\"https:\/\/demoweb.info\/sexshop001\/producto\/martina-con-vistas-al-mar-horizonte-martina-1-2\/\" \/>\n<meta property=\"og:site_name\" content=\"Tienda Er\u00f3tica\" \/>\n<meta property=\"article:modified_time\" content=\"2022-01-22T14:41:52+00:00\" \/>\n<meta property=\"og:image\" content=\"https:\/\/demoweb.info\/sexshop001\/wp-content\/uploads\/2022\/01\/MARTINA-CON-VISTAS-AL-MAR-HORIZONTE-MARTINA-1.jpg\" \/>\n\t<meta property=\"og:image:width\" content=\"550\" \/>\n\t<meta property=\"og:image:height\" content=\"550\" \/>\n\t<meta property=\"og:image:type\" content=\"image\/jpeg\" \/>\n<meta name=\"twitter:card\" content=\"summary_large_image\" \/>\n<meta name=\"twitter:label1\" content=\"Tiempo de lectura\" \/>\n\t<meta name=\"twitter:data1\" content=\"1 minuto\" \/>\n<script type=\"application\/ld+json\" class=\"yoast-schema-graph\">{\"@context\":\"https:\/\/schema.org\",\"@graph\":[{\"@type\":\"WebPage\",\"@id\":\"https:\/\/demoweb.info\/sexshop001\/producto\/martina-con-vistas-al-mar-horizonte-martina-1-2\/\",\"url\":\"https:\/\/demoweb.info\/sexshop001\/producto\/martina-con-vistas-al-mar-horizonte-martina-1-2\/\",\"name\":\"MARTINA CON VISTAS AL MAR (HORIZONTE MARTINA 1) - Tienda Er\u00f3tica\",\"isPartOf\":{\"@id\":\"https:\/\/demoweb.info\/sexshop001\/#website\"},\"datePublished\":\"2022-01-22T14:41:46+00:00\",\"dateModified\":\"2022-01-22T14:41:52+00:00\",\"breadcrumb\":{\"@id\":\"https:\/\/demoweb.info\/sexshop001\/producto\/martina-con-vistas-al-mar-horizonte-martina-1-2\/#breadcrumb\"},\"inLanguage\":\"es\",\"potentialAction\":[{\"@type\":\"ReadAction\",\"target\":[\"https:\/\/demoweb.info\/sexshop001\/producto\/martina-con-vistas-al-mar-horizonte-martina-1-2\/\"]}]},{\"@type\":\"BreadcrumbList\",\"@id\":\"https:\/\/demoweb.info\/sexshop001\/producto\/martina-con-vistas-al-mar-horizonte-martina-1-2\/#breadcrumb\",\"itemListElement\":[{\"@type\":\"ListItem\",\"position\":1,\"name\":\"Portada\",\"item\":\"https:\/\/demoweb.info\/sexshop001\/\"},{\"@type\":\"ListItem\",\"position\":2,\"name\":\"Tienda\",\"item\":\"https:\/\/demoweb.info\/sexshop001\/tienda\/\"},{\"@type\":\"ListItem\",\"position\":3,\"name\":\"MARTINA CON VISTAS AL MAR (HORIZONTE MARTINA 1)\"}]},{\"@type\":\"WebSite\",\"@id\":\"https:\/\/demoweb.info\/sexshop001\/#website\",\"url\":\"https:\/\/demoweb.info\/sexshop001\/\",\"name\":\"Tienda Er\u00f3tica\",\"description\":\"DEMOWEB SL\",\"potentialAction\":[{\"@type\":\"SearchAction\",\"target\":{\"@type\":\"EntryPoint\",\"urlTemplate\":\"https:\/\/demoweb.info\/sexshop001\/?s={search_term_string}\"},\"query-input\":\"required name=search_term_string\"}],\"inLanguage\":\"es\"}]}<\/script>\n<!-- \/ Yoast SEO plugin. -->","yoast_head_json":{"title":"MARTINA CON VISTAS AL MAR (HORIZONTE MARTINA 1) - Tienda Er\u00f3tica","robots":{"index":"noindex","follow":"follow","max-snippet":"max-snippet:-1","max-image-preview":"max-image-preview:large","max-video-preview":"max-video-preview:-1"},"og_locale":"es_ES","og_type":"article","og_title":"MARTINA CON VISTAS AL MAR (HORIZONTE MARTINA 1) - Tienda Er\u00f3tica","og_description":"MARTINA CON VISTAS AL MAR (HORIZONTE MARTINA 1) Elisabet Benavent Primera parte de la bilog\u00eda \u00abHorizonte Martina\u00bb de @BetaCoqueta, una","og_url":"https:\/\/demoweb.info\/sexshop001\/producto\/martina-con-vistas-al-mar-horizonte-martina-1-2\/","og_site_name":"Tienda Er\u00f3tica","article_modified_time":"2022-01-22T14:41:52+00:00","og_image":[{"width":550,"height":550,"url":"https:\/\/demoweb.info\/sexshop001\/wp-content\/uploads\/2022\/01\/MARTINA-CON-VISTAS-AL-MAR-HORIZONTE-MARTINA-1.jpg","type":"image\/jpeg"}],"twitter_card":"summary_large_image","twitter_misc":{"Tiempo de lectura":"1 minuto"},"schema":{"@context":"https:\/\/schema.org","@graph":[{"@type":"WebPage","@id":"https:\/\/demoweb.info\/sexshop001\/producto\/martina-con-vistas-al-mar-horizonte-martina-1-2\/","url":"https:\/\/demoweb.info\/sexshop001\/producto\/martina-con-vistas-al-mar-horizonte-martina-1-2\/","name":"MARTINA CON VISTAS AL MAR (HORIZONTE MARTINA 1) - Tienda Er\u00f3tica","isPartOf":{"@id":"https:\/\/demoweb.info\/sexshop001\/#website"},"datePublished":"2022-01-22T14:41:46+00:00","dateModified":"2022-01-22T14:41:52+00:00","breadcrumb":{"@id":"https:\/\/demoweb.info\/sexshop001\/producto\/martina-con-vistas-al-mar-horizonte-martina-1-2\/#breadcrumb"},"inLanguage":"es","potentialAction":[{"@type":"ReadAction","target":["https:\/\/demoweb.info\/sexshop001\/producto\/martina-con-vistas-al-mar-horizonte-martina-1-2\/"]}]},{"@type":"BreadcrumbList","@id":"https:\/\/demoweb.info\/sexshop001\/producto\/martina-con-vistas-al-mar-horizonte-martina-1-2\/#breadcrumb","itemListElement":[{"@type":"ListItem","position":1,"name":"Portada","item":"https:\/\/demoweb.info\/sexshop001\/"},{"@type":"ListItem","position":2,"name":"Tienda","item":"https:\/\/demoweb.info\/sexshop001\/tienda\/"},{"@type":"ListItem","position":3,"name":"MARTINA CON VISTAS AL MAR (HORIZONTE MARTINA 1)"}]},{"@type":"WebSite","@id":"https:\/\/demoweb.info\/sexshop001\/#website","url":"https:\/\/demoweb.info\/sexshop001\/","name":"Tienda Er\u00f3tica","description":"DEMOWEB SL","potentialAction":[{"@type":"SearchAction","target":{"@type":"EntryPoint","urlTemplate":"https:\/\/demoweb.info\/sexshop001\/?s={search_term_string}"},"query-input":"required name=search_term_string"}],"inLanguage":"es"}]}},"_links":{"self":[{"href":"https:\/\/demoweb.info\/sexshop001\/wp-json\/wp\/v3\/product\/48226","targetHints":{"allow":["GET"]}}],"collection":[{"href":"https:\/\/demoweb.info\/sexshop001\/wp-json\/wp\/v3\/product"}],"about":[{"href":"https:\/\/demoweb.info\/sexshop001\/wp-json\/wp\/v2\/types\/product"}],"replies":[{"embeddable":true,"href":"https:\/\/demoweb.info\/sexshop001\/wp-json\/wp\/v2\/comments?post=48226"}],"wp:featuredmedia":[{"embeddable":true,"href":"https:\/\/demoweb.info\/sexshop001\/wp-json\/wp\/v2\/media\/48227"}],"wp:attachment":[{"href":"https:\/\/demoweb.info\/sexshop001\/wp-json\/wp\/v2\/media?parent=48226"}],"wp:term":[{"taxonomy":"product_cat","embeddable":true,"href":"https:\/\/demoweb.info\/sexshop001\/wp-json\/wp\/v2\/product_cat?post=48226"},{"taxonomy":"product_tag","embeddable":true,"href":"https:\/\/demoweb.info\/sexshop001\/wp-json\/wp\/v2\/product_tag?post=48226"}],"curies":[{"name":"wp","href":"https:\/\/api.w.org\/{rel}","templated":true}]}}