{"id":48183,"date":"2022-01-22T15:41:00","date_gmt":"2022-01-22T14:41:00","guid":{"rendered":"https:\/\/demoweb.info\/sexshop001\/producto\/international-extreme-maquina-del-amor\/"},"modified":"2022-01-22T15:41:19","modified_gmt":"2022-01-22T14:41:19","slug":"international-extreme-maquina-del-amor","status":"publish","type":"product","link":"https:\/\/demoweb.info\/sexshop001\/producto\/international-extreme-maquina-del-amor\/","title":{"rendered":"INTERNATIONAL EXTREME M\u00c1QUINA DEL AMOR"},"content":{"rendered":"<p><strong>INTERNATIONAL EXTREME SEX MACHINE<\/strong><\/p>\n<p>Si est\u00e1s buscando una m\u00e1quina sexual para tus viajes que puedas usar en cualquier enchufe del mundo, esta International Extreme Sex Machine es perfecta para ti. Este estimulador port\u00e1til se adapta perfectamente a tu equipaje y lleva un adaptador universal para usarlo sin problemas en casi cualquier pa\u00eds.<\/p>\n<p>No dejes que su peque\u00f1o tama\u00f1o te enga\u00f1e \u2013 esta m\u00e1quina es lo \u00faltimo en m\u00e1quinas sexuales. Tiene 4 ventosas super fuertes para adherirlas y que no se mueva, dos dildos intercambiables, un masturbador masculino con forma de vagina, dos pies de velcro, una c\u00f3moda asa de transporte y un potente plug vibrador alimentado por USB que a su vez sirve como mando de la m\u00e1quina, siendo perfecto para estimulaci\u00f3n tanto interna como externa.<\/p>\n<p>Incluye un adaptador universal que hace que puedas usar la m\u00e1quina en Europa, Reino Unido, China, Jap\u00f3n, M\u00e9xico, Am\u00e9rica del Sur y Australia. Esta m\u00e1quina funciona entre los 100 y los 240 V as\u00ed que podr\u00e1s usarla discretamente donde quieras que vayas con total discreci\u00f3n y sin preocuparte sobre la compatibilidad de carga y portabilidad.<\/p>\n<p>Las suaves y r\u00edtmicas abatidas del eje est\u00e1 impulsado por un pist\u00f3n de alta potencia y programado para dar en el punto exacto siempre. A diferencia de las otras m\u00e1quinas del mercado, tiene un par de pies de velcro ajustables que permitir\u00e1 a los usuarios acercar la m\u00e1quina a sus cuerpos y no tener usar las manos. Adem\u00e1s, con su asa de transporte y sus ventosas la convierten en s\u00faper vers\u00e1til d\u00e1ndote multitud de formas y posibilidades para usarla.<\/p>\n<p>El plug USB es un accesorio 2 en 1 pues combina estimulaci\u00f3n externa con preciso control. Con forma curvada, no solo vibra, sirve como mando para escoger la velocidad de vibraci\u00f3n de la m\u00e1quina. \u00a1Elige una velocidad y deja que sus potentes vibraciones te sorprendan!<\/p>\n<p>Sus fuertes ventosas, hacen que la m\u00e1quina se adhiera a superficies planas como el suelo, mesas, sillas paredes&#8230; \u00dasala solo o con tu pareja y da rienda suelta a tu imaginaci\u00f3n y explora nuevas posiciones que siempre cre\u00edste que no eran posibles.<\/p>\n<p>La m\u00e1quina International Extreme viene en una bolsa de cuero con candado. El kit adem\u00e1s incluye loci\u00f3n corporal, limpiador de juguetes, un castigador con plumas y un antifaz Sat\u00edn Love<\/p>\n<p>Se incluyen tambi\u00e9n dos dildos fabricados en TPR libre de ftalatos y l\u00e1tex y son body-safe, f\u00e1cilmente ajustables al eje de la m\u00e1quina. Para limpiarlos, simplemente desenr\u00f3scalos del eje de metal y aplica el limpiador de juguetes y agua caliente.<\/p>\n<p>No necesita herramientas para su montaje, esta m\u00e1quina de alta tecnolog\u00eda est\u00e1 lista para usar nada mas sacarla de su caja. Simplemente ench\u00fafala, ag\u00e1rrala, escoge una velocidad y disfruta de la m\u00e1quina sexual jam\u00e1s creada.  <\/p>\n<ul>\n<li>Tama\u00f1o dildo 1: 17.8 cm<\/li>\n<li>Longitud dildo 2: 20.3 cm <\/li>\n<li>Libre de ftalatos<\/li>\n<li>Multivelocidad<\/li>\n<\/ul>\n","protected":false},"excerpt":{"rendered":"<p>INTERNATIONAL EXTREME SEX MACHINE Si est\u00e1s buscando una m\u00e1quina sexual para tus viajes que puedas usar en cualquier enchufe del<\/p>\n","protected":false},"featured_media":48184,"comment_status":"open","ping_status":"open","template":"","meta":[],"product_cat":[680],"product_tag":[581,259],"class_list":["post-48183","product","type-product","status-publish","has-post-thumbnail","hentry","product_cat-maquinas-del-amor","product_tag-fetish-fantasy-extreme","product_tag-pipedream"],"bundled_by":[],"bundle_stock_status":"outofstock","bundle_stock_quantity":0,"bundle_virtual":false,"bundle_layout":"","bundle_add_to_cart_form_location":"","bundle_editable_in_cart":false,"bundle_sold_individually_context":"","bundle_item_grouping":"","bundle_min_size":"","bundle_max_size":"","bundled_items":[],"yoast_head":"<!-- This site is optimized with the Yoast SEO plugin v20.6 - https:\/\/yoast.com\/wordpress\/plugins\/seo\/ -->\n<title>INTERNATIONAL EXTREME M\u00c1QUINA DEL AMOR - Tienda Er\u00f3tica<\/title>\n<meta name=\"robots\" content=\"noindex, follow, max-snippet:-1, max-image-preview:large, max-video-preview:-1\" \/>\n<meta property=\"og:locale\" content=\"es_ES\" \/>\n<meta property=\"og:type\" content=\"article\" \/>\n<meta property=\"og:title\" content=\"INTERNATIONAL EXTREME M\u00c1QUINA DEL AMOR - Tienda Er\u00f3tica\" \/>\n<meta property=\"og:description\" content=\"INTERNATIONAL EXTREME SEX MACHINE Si est\u00e1s buscando una m\u00e1quina sexual para tus viajes que puedas usar en cualquier enchufe del\" \/>\n<meta property=\"og:url\" content=\"https:\/\/demoweb.info\/sexshop001\/producto\/international-extreme-maquina-del-amor\/\" \/>\n<meta property=\"og:site_name\" content=\"Tienda Er\u00f3tica\" \/>\n<meta property=\"article:modified_time\" content=\"2022-01-22T14:41:19+00:00\" \/>\n<meta property=\"og:image\" content=\"https:\/\/demoweb.info\/sexshop001\/wp-content\/uploads\/2022\/01\/INTERNATIONAL-EXTREME-MAQUINA-DEL-AMOR.jpg\" \/>\n\t<meta property=\"og:image:width\" content=\"550\" \/>\n\t<meta property=\"og:image:height\" content=\"550\" \/>\n\t<meta property=\"og:image:type\" content=\"image\/jpeg\" \/>\n<meta name=\"twitter:card\" content=\"summary_large_image\" \/>\n<meta name=\"twitter:label1\" content=\"Tiempo de lectura\" \/>\n\t<meta name=\"twitter:data1\" content=\"3 minutos\" \/>\n<script type=\"application\/ld+json\" class=\"yoast-schema-graph\">{\"@context\":\"https:\/\/schema.org\",\"@graph\":[{\"@type\":\"WebPage\",\"@id\":\"https:\/\/demoweb.info\/sexshop001\/producto\/international-extreme-maquina-del-amor\/\",\"url\":\"https:\/\/demoweb.info\/sexshop001\/producto\/international-extreme-maquina-del-amor\/\",\"name\":\"INTERNATIONAL EXTREME M\u00c1QUINA DEL AMOR - Tienda Er\u00f3tica\",\"isPartOf\":{\"@id\":\"https:\/\/demoweb.info\/sexshop001\/#website\"},\"datePublished\":\"2022-01-22T14:41:00+00:00\",\"dateModified\":\"2022-01-22T14:41:19+00:00\",\"breadcrumb\":{\"@id\":\"https:\/\/demoweb.info\/sexshop001\/producto\/international-extreme-maquina-del-amor\/#breadcrumb\"},\"inLanguage\":\"es\",\"potentialAction\":[{\"@type\":\"ReadAction\",\"target\":[\"https:\/\/demoweb.info\/sexshop001\/producto\/international-extreme-maquina-del-amor\/\"]}]},{\"@type\":\"BreadcrumbList\",\"@id\":\"https:\/\/demoweb.info\/sexshop001\/producto\/international-extreme-maquina-del-amor\/#breadcrumb\",\"itemListElement\":[{\"@type\":\"ListItem\",\"position\":1,\"name\":\"Portada\",\"item\":\"https:\/\/demoweb.info\/sexshop001\/\"},{\"@type\":\"ListItem\",\"position\":2,\"name\":\"Tienda\",\"item\":\"https:\/\/demoweb.info\/sexshop001\/tienda\/\"},{\"@type\":\"ListItem\",\"position\":3,\"name\":\"INTERNATIONAL EXTREME M\u00c1QUINA DEL AMOR\"}]},{\"@type\":\"WebSite\",\"@id\":\"https:\/\/demoweb.info\/sexshop001\/#website\",\"url\":\"https:\/\/demoweb.info\/sexshop001\/\",\"name\":\"Tienda Er\u00f3tica\",\"description\":\"DEMOWEB SL\",\"potentialAction\":[{\"@type\":\"SearchAction\",\"target\":{\"@type\":\"EntryPoint\",\"urlTemplate\":\"https:\/\/demoweb.info\/sexshop001\/?s={search_term_string}\"},\"query-input\":\"required name=search_term_string\"}],\"inLanguage\":\"es\"}]}<\/script>\n<!-- \/ Yoast SEO plugin. -->","yoast_head_json":{"title":"INTERNATIONAL EXTREME M\u00c1QUINA DEL AMOR - Tienda Er\u00f3tica","robots":{"index":"noindex","follow":"follow","max-snippet":"max-snippet:-1","max-image-preview":"max-image-preview:large","max-video-preview":"max-video-preview:-1"},"og_locale":"es_ES","og_type":"article","og_title":"INTERNATIONAL EXTREME M\u00c1QUINA DEL AMOR - Tienda Er\u00f3tica","og_description":"INTERNATIONAL EXTREME SEX MACHINE Si est\u00e1s buscando una m\u00e1quina sexual para tus viajes que puedas usar en cualquier enchufe del","og_url":"https:\/\/demoweb.info\/sexshop001\/producto\/international-extreme-maquina-del-amor\/","og_site_name":"Tienda Er\u00f3tica","article_modified_time":"2022-01-22T14:41:19+00:00","og_image":[{"width":550,"height":550,"url":"https:\/\/demoweb.info\/sexshop001\/wp-content\/uploads\/2022\/01\/INTERNATIONAL-EXTREME-MAQUINA-DEL-AMOR.jpg","type":"image\/jpeg"}],"twitter_card":"summary_large_image","twitter_misc":{"Tiempo de lectura":"3 minutos"},"schema":{"@context":"https:\/\/schema.org","@graph":[{"@type":"WebPage","@id":"https:\/\/demoweb.info\/sexshop001\/producto\/international-extreme-maquina-del-amor\/","url":"https:\/\/demoweb.info\/sexshop001\/producto\/international-extreme-maquina-del-amor\/","name":"INTERNATIONAL EXTREME M\u00c1QUINA DEL AMOR - Tienda Er\u00f3tica","isPartOf":{"@id":"https:\/\/demoweb.info\/sexshop001\/#website"},"datePublished":"2022-01-22T14:41:00+00:00","dateModified":"2022-01-22T14:41:19+00:00","breadcrumb":{"@id":"https:\/\/demoweb.info\/sexshop001\/producto\/international-extreme-maquina-del-amor\/#breadcrumb"},"inLanguage":"es","potentialAction":[{"@type":"ReadAction","target":["https:\/\/demoweb.info\/sexshop001\/producto\/international-extreme-maquina-del-amor\/"]}]},{"@type":"BreadcrumbList","@id":"https:\/\/demoweb.info\/sexshop001\/producto\/international-extreme-maquina-del-amor\/#breadcrumb","itemListElement":[{"@type":"ListItem","position":1,"name":"Portada","item":"https:\/\/demoweb.info\/sexshop001\/"},{"@type":"ListItem","position":2,"name":"Tienda","item":"https:\/\/demoweb.info\/sexshop001\/tienda\/"},{"@type":"ListItem","position":3,"name":"INTERNATIONAL EXTREME M\u00c1QUINA DEL AMOR"}]},{"@type":"WebSite","@id":"https:\/\/demoweb.info\/sexshop001\/#website","url":"https:\/\/demoweb.info\/sexshop001\/","name":"Tienda Er\u00f3tica","description":"DEMOWEB SL","potentialAction":[{"@type":"SearchAction","target":{"@type":"EntryPoint","urlTemplate":"https:\/\/demoweb.info\/sexshop001\/?s={search_term_string}"},"query-input":"required name=search_term_string"}],"inLanguage":"es"}]}},"_links":{"self":[{"href":"https:\/\/demoweb.info\/sexshop001\/wp-json\/wp\/v3\/product\/48183","targetHints":{"allow":["GET"]}}],"collection":[{"href":"https:\/\/demoweb.info\/sexshop001\/wp-json\/wp\/v3\/product"}],"about":[{"href":"https:\/\/demoweb.info\/sexshop001\/wp-json\/wp\/v2\/types\/product"}],"replies":[{"embeddable":true,"href":"https:\/\/demoweb.info\/sexshop001\/wp-json\/wp\/v2\/comments?post=48183"}],"wp:featuredmedia":[{"embeddable":true,"href":"https:\/\/demoweb.info\/sexshop001\/wp-json\/wp\/v2\/media\/48184"}],"wp:attachment":[{"href":"https:\/\/demoweb.info\/sexshop001\/wp-json\/wp\/v2\/media?parent=48183"}],"wp:term":[{"taxonomy":"product_cat","embeddable":true,"href":"https:\/\/demoweb.info\/sexshop001\/wp-json\/wp\/v2\/product_cat?post=48183"},{"taxonomy":"product_tag","embeddable":true,"href":"https:\/\/demoweb.info\/sexshop001\/wp-json\/wp\/v2\/product_tag?post=48183"}],"curies":[{"name":"wp","href":"https:\/\/api.w.org\/{rel}","templated":true}]}}