{"id":48129,"date":"2022-01-22T15:40:31","date_gmt":"2022-01-22T14:40:31","guid":{"rendered":"https:\/\/demoweb.info\/sexshop001\/producto\/realrock-pene-vibrador-con-escroto-18-cm\/"},"modified":"2022-01-22T15:40:37","modified_gmt":"2022-01-22T14:40:37","slug":"realrock-pene-vibrador-con-escroto-18-cm","status":"publish","type":"product","link":"https:\/\/demoweb.info\/sexshop001\/producto\/realrock-pene-vibrador-con-escroto-18-cm\/","title":{"rendered":"REALROCK PENE VIBRADOR CON ESCROTO 18 CM"},"content":{"rendered":"<p><strong>VIBRATING REALISTIC COCK &#8211; 7 INCH &#8211; WITH SCROTUM &#8211; SKIN<\/strong><\/p>\n<p>Real Rock es una marca con una amplia gama de penes con vibrador de gran calidad y realistas.<\/p>\n<p><em>Dise\u00f1ado para todas las parejas fetichistas del mundo.<\/em> Esta colecci\u00f3n de lujo fetichista convertir\u00e1 tu dormitorio, ba\u00f1o o cualquier lugar en el que te guste tener sexo en un mundo de aut\u00e9ntica fantas\u00eda.<\/p>\n<p>\u00a1Te sorprender\u00e1 lo realistas que son!<\/p>\n<p>Debido a su punto de fuerte vibraci\u00f3n, su suave caucho y su ventosa s\u00f3lida, la colecci\u00f3n de Real Rock es imprescindible para cualquier pareja. Disponible en color carne y oscuro y en varias tallas. \u00a1Te van a encantar!<\/p>\n<ul>\n<li>Rotaciones por minuto: 7.500<\/li>\n<li>Velocidades: 10<\/li>\n<li>Mando control remoto.<\/li>\n<li>Nivel de ruido: 50Db<\/li>\n<li>Longitud: 18 cm<\/li>\n<li>Longitud insertable: 12 cm<\/li>\n<li>Di\u00e1metro: \u00f8 35 mm<\/li>\n<li>Pilas incluidas: 2x AAA<\/li>\n<li>Material: Caucho<\/li>\n<\/ul>\n","protected":false},"excerpt":{"rendered":"<p>VIBRATING REALISTIC COCK &#8211; 7 INCH &#8211; WITH SCROTUM &#8211; SKIN Real Rock es una marca con una amplia gama<\/p>\n","protected":false},"featured_media":48130,"comment_status":"open","ping_status":"open","template":"","meta":[],"product_cat":[317],"product_tag":[318,302],"class_list":["post-48129","product","type-product","status-publish","has-post-thumbnail","hentry","product_cat-con-vibrador","product_tag-realrock","product_tag-shots"],"bundled_by":[],"bundle_stock_status":"outofstock","bundle_stock_quantity":0,"bundle_virtual":false,"bundle_layout":"","bundle_add_to_cart_form_location":"","bundle_editable_in_cart":false,"bundle_sold_individually_context":"","bundle_item_grouping":"","bundle_min_size":"","bundle_max_size":"","bundled_items":[],"yoast_head":"<!-- This site is optimized with the Yoast SEO plugin v20.6 - https:\/\/yoast.com\/wordpress\/plugins\/seo\/ -->\n<title>REALROCK PENE VIBRADOR CON ESCROTO 18 CM - Tienda Er\u00f3tica<\/title>\n<meta name=\"robots\" content=\"noindex, follow, max-snippet:-1, max-image-preview:large, max-video-preview:-1\" \/>\n<meta property=\"og:locale\" content=\"es_ES\" \/>\n<meta property=\"og:type\" content=\"article\" \/>\n<meta property=\"og:title\" content=\"REALROCK PENE VIBRADOR CON ESCROTO 18 CM - Tienda Er\u00f3tica\" \/>\n<meta property=\"og:description\" content=\"VIBRATING REALISTIC COCK &#8211; 7 INCH &#8211; WITH SCROTUM &#8211; SKIN Real Rock es una marca con una amplia gama\" \/>\n<meta property=\"og:url\" content=\"https:\/\/demoweb.info\/sexshop001\/producto\/realrock-pene-vibrador-con-escroto-18-cm\/\" \/>\n<meta property=\"og:site_name\" content=\"Tienda Er\u00f3tica\" \/>\n<meta property=\"article:modified_time\" content=\"2022-01-22T14:40:37+00:00\" \/>\n<meta property=\"og:image\" content=\"https:\/\/demoweb.info\/sexshop001\/wp-content\/uploads\/2022\/01\/REALROCK-PENE-VIBRADOR-CON-ESCROTO-18-CM.jpg\" \/>\n\t<meta property=\"og:image:width\" content=\"550\" \/>\n\t<meta property=\"og:image:height\" content=\"550\" \/>\n\t<meta property=\"og:image:type\" content=\"image\/jpeg\" \/>\n<meta name=\"twitter:card\" content=\"summary_large_image\" \/>\n<meta name=\"twitter:label1\" content=\"Tiempo de lectura\" \/>\n\t<meta name=\"twitter:data1\" content=\"1 minuto\" \/>\n<script type=\"application\/ld+json\" class=\"yoast-schema-graph\">{\"@context\":\"https:\/\/schema.org\",\"@graph\":[{\"@type\":\"WebPage\",\"@id\":\"https:\/\/demoweb.info\/sexshop001\/producto\/realrock-pene-vibrador-con-escroto-18-cm\/\",\"url\":\"https:\/\/demoweb.info\/sexshop001\/producto\/realrock-pene-vibrador-con-escroto-18-cm\/\",\"name\":\"REALROCK PENE VIBRADOR CON ESCROTO 18 CM - Tienda Er\u00f3tica\",\"isPartOf\":{\"@id\":\"https:\/\/demoweb.info\/sexshop001\/#website\"},\"datePublished\":\"2022-01-22T14:40:31+00:00\",\"dateModified\":\"2022-01-22T14:40:37+00:00\",\"breadcrumb\":{\"@id\":\"https:\/\/demoweb.info\/sexshop001\/producto\/realrock-pene-vibrador-con-escroto-18-cm\/#breadcrumb\"},\"inLanguage\":\"es\",\"potentialAction\":[{\"@type\":\"ReadAction\",\"target\":[\"https:\/\/demoweb.info\/sexshop001\/producto\/realrock-pene-vibrador-con-escroto-18-cm\/\"]}]},{\"@type\":\"BreadcrumbList\",\"@id\":\"https:\/\/demoweb.info\/sexshop001\/producto\/realrock-pene-vibrador-con-escroto-18-cm\/#breadcrumb\",\"itemListElement\":[{\"@type\":\"ListItem\",\"position\":1,\"name\":\"Portada\",\"item\":\"https:\/\/demoweb.info\/sexshop001\/\"},{\"@type\":\"ListItem\",\"position\":2,\"name\":\"Tienda\",\"item\":\"https:\/\/demoweb.info\/sexshop001\/tienda\/\"},{\"@type\":\"ListItem\",\"position\":3,\"name\":\"REALROCK PENE VIBRADOR CON ESCROTO 18 CM\"}]},{\"@type\":\"WebSite\",\"@id\":\"https:\/\/demoweb.info\/sexshop001\/#website\",\"url\":\"https:\/\/demoweb.info\/sexshop001\/\",\"name\":\"Tienda Er\u00f3tica\",\"description\":\"DEMOWEB SL\",\"potentialAction\":[{\"@type\":\"SearchAction\",\"target\":{\"@type\":\"EntryPoint\",\"urlTemplate\":\"https:\/\/demoweb.info\/sexshop001\/?s={search_term_string}\"},\"query-input\":\"required name=search_term_string\"}],\"inLanguage\":\"es\"}]}<\/script>\n<!-- \/ Yoast SEO plugin. -->","yoast_head_json":{"title":"REALROCK PENE VIBRADOR CON ESCROTO 18 CM - Tienda Er\u00f3tica","robots":{"index":"noindex","follow":"follow","max-snippet":"max-snippet:-1","max-image-preview":"max-image-preview:large","max-video-preview":"max-video-preview:-1"},"og_locale":"es_ES","og_type":"article","og_title":"REALROCK PENE VIBRADOR CON ESCROTO 18 CM - Tienda Er\u00f3tica","og_description":"VIBRATING REALISTIC COCK &#8211; 7 INCH &#8211; WITH SCROTUM &#8211; SKIN Real Rock es una marca con una amplia gama","og_url":"https:\/\/demoweb.info\/sexshop001\/producto\/realrock-pene-vibrador-con-escroto-18-cm\/","og_site_name":"Tienda Er\u00f3tica","article_modified_time":"2022-01-22T14:40:37+00:00","og_image":[{"width":550,"height":550,"url":"https:\/\/demoweb.info\/sexshop001\/wp-content\/uploads\/2022\/01\/REALROCK-PENE-VIBRADOR-CON-ESCROTO-18-CM.jpg","type":"image\/jpeg"}],"twitter_card":"summary_large_image","twitter_misc":{"Tiempo de lectura":"1 minuto"},"schema":{"@context":"https:\/\/schema.org","@graph":[{"@type":"WebPage","@id":"https:\/\/demoweb.info\/sexshop001\/producto\/realrock-pene-vibrador-con-escroto-18-cm\/","url":"https:\/\/demoweb.info\/sexshop001\/producto\/realrock-pene-vibrador-con-escroto-18-cm\/","name":"REALROCK PENE VIBRADOR CON ESCROTO 18 CM - Tienda Er\u00f3tica","isPartOf":{"@id":"https:\/\/demoweb.info\/sexshop001\/#website"},"datePublished":"2022-01-22T14:40:31+00:00","dateModified":"2022-01-22T14:40:37+00:00","breadcrumb":{"@id":"https:\/\/demoweb.info\/sexshop001\/producto\/realrock-pene-vibrador-con-escroto-18-cm\/#breadcrumb"},"inLanguage":"es","potentialAction":[{"@type":"ReadAction","target":["https:\/\/demoweb.info\/sexshop001\/producto\/realrock-pene-vibrador-con-escroto-18-cm\/"]}]},{"@type":"BreadcrumbList","@id":"https:\/\/demoweb.info\/sexshop001\/producto\/realrock-pene-vibrador-con-escroto-18-cm\/#breadcrumb","itemListElement":[{"@type":"ListItem","position":1,"name":"Portada","item":"https:\/\/demoweb.info\/sexshop001\/"},{"@type":"ListItem","position":2,"name":"Tienda","item":"https:\/\/demoweb.info\/sexshop001\/tienda\/"},{"@type":"ListItem","position":3,"name":"REALROCK PENE VIBRADOR CON ESCROTO 18 CM"}]},{"@type":"WebSite","@id":"https:\/\/demoweb.info\/sexshop001\/#website","url":"https:\/\/demoweb.info\/sexshop001\/","name":"Tienda Er\u00f3tica","description":"DEMOWEB SL","potentialAction":[{"@type":"SearchAction","target":{"@type":"EntryPoint","urlTemplate":"https:\/\/demoweb.info\/sexshop001\/?s={search_term_string}"},"query-input":"required name=search_term_string"}],"inLanguage":"es"}]}},"_links":{"self":[{"href":"https:\/\/demoweb.info\/sexshop001\/wp-json\/wp\/v3\/product\/48129","targetHints":{"allow":["GET"]}}],"collection":[{"href":"https:\/\/demoweb.info\/sexshop001\/wp-json\/wp\/v3\/product"}],"about":[{"href":"https:\/\/demoweb.info\/sexshop001\/wp-json\/wp\/v2\/types\/product"}],"replies":[{"embeddable":true,"href":"https:\/\/demoweb.info\/sexshop001\/wp-json\/wp\/v2\/comments?post=48129"}],"wp:featuredmedia":[{"embeddable":true,"href":"https:\/\/demoweb.info\/sexshop001\/wp-json\/wp\/v2\/media\/48130"}],"wp:attachment":[{"href":"https:\/\/demoweb.info\/sexshop001\/wp-json\/wp\/v2\/media?parent=48129"}],"wp:term":[{"taxonomy":"product_cat","embeddable":true,"href":"https:\/\/demoweb.info\/sexshop001\/wp-json\/wp\/v2\/product_cat?post=48129"},{"taxonomy":"product_tag","embeddable":true,"href":"https:\/\/demoweb.info\/sexshop001\/wp-json\/wp\/v2\/product_tag?post=48129"}],"curies":[{"name":"wp","href":"https:\/\/api.w.org\/{rel}","templated":true}]}}