{"id":48060,"date":"2022-01-22T15:39:40","date_gmt":"2022-01-22T14:39:40","guid":{"rendered":"https:\/\/demoweb.info\/sexshop001\/producto\/realrock-arnes-deluxe\/"},"modified":"2022-01-22T15:39:48","modified_gmt":"2022-01-22T14:39:48","slug":"realrock-arnes-deluxe","status":"publish","type":"product","link":"https:\/\/demoweb.info\/sexshop001\/producto\/realrock-arnes-deluxe\/","title":{"rendered":"REALROCK ARN\u00c9S DELUXE"},"content":{"rendered":"<p><strong>HARNESS DELUXE<\/strong><\/p>\n<p>Conecta uno de los penes vibradores o sin vibraci\u00f3na a este arn\u00e9s para penetrar profundamente el cuerpo de tu pareja.<\/p>\n<p>El arn\u00e9s se fabrica para dildos de hasta 58 mm de di\u00e1metro. Los tirantes son el\u00e1sticos asegurando que el pene adjunto permanezca en el lugar. El material es muy suave por dentro y c\u00f3modo de llevar.<\/p>\n<p>Se ajusta de una talla S a un XL.<\/p>\n<p>Incluye un anillo de 5 cm de di\u00e1metro y otro de 5,8 cm de di\u00e1metro.<\/p>\n<p>NO INCLUYE DILDO.<\/p>\n","protected":false},"excerpt":{"rendered":"<p>HARNESS DELUXE Conecta uno de los penes vibradores o sin vibraci\u00f3na a este arn\u00e9s para penetrar profundamente el cuerpo de<\/p>\n","protected":false},"featured_media":48061,"comment_status":"open","ping_status":"open","template":"","meta":[],"product_cat":[780],"product_tag":[318,302],"class_list":["post-48060","product","type-product","status-publish","has-post-thumbnail","hentry","product_cat-basicos-arneses","product_tag-realrock","product_tag-shots"],"bundled_by":[],"bundle_stock_status":"outofstock","bundle_stock_quantity":0,"bundle_virtual":false,"bundle_layout":"","bundle_add_to_cart_form_location":"","bundle_editable_in_cart":false,"bundle_sold_individually_context":"","bundle_item_grouping":"","bundle_min_size":"","bundle_max_size":"","bundled_items":[],"yoast_head":"<!-- This site is optimized with the Yoast SEO plugin v20.6 - https:\/\/yoast.com\/wordpress\/plugins\/seo\/ -->\n<title>REALROCK ARN\u00c9S DELUXE - Tienda Er\u00f3tica<\/title>\n<meta name=\"robots\" content=\"noindex, follow, max-snippet:-1, max-image-preview:large, max-video-preview:-1\" \/>\n<meta property=\"og:locale\" content=\"es_ES\" \/>\n<meta property=\"og:type\" content=\"article\" \/>\n<meta property=\"og:title\" content=\"REALROCK ARN\u00c9S DELUXE - Tienda Er\u00f3tica\" \/>\n<meta property=\"og:description\" content=\"HARNESS DELUXE Conecta uno de los penes vibradores o sin vibraci\u00f3na a este arn\u00e9s para penetrar profundamente el cuerpo de\" \/>\n<meta property=\"og:url\" content=\"https:\/\/demoweb.info\/sexshop001\/producto\/realrock-arnes-deluxe\/\" \/>\n<meta property=\"og:site_name\" content=\"Tienda Er\u00f3tica\" \/>\n<meta property=\"article:modified_time\" content=\"2022-01-22T14:39:48+00:00\" \/>\n<meta property=\"og:image\" content=\"https:\/\/demoweb.info\/sexshop001\/wp-content\/uploads\/2022\/01\/REALROCK-ARNES-DELUXE.jpg\" \/>\n\t<meta property=\"og:image:width\" content=\"550\" \/>\n\t<meta property=\"og:image:height\" content=\"550\" \/>\n\t<meta property=\"og:image:type\" content=\"image\/jpeg\" \/>\n<meta name=\"twitter:card\" content=\"summary_large_image\" \/>\n<script type=\"application\/ld+json\" class=\"yoast-schema-graph\">{\"@context\":\"https:\/\/schema.org\",\"@graph\":[{\"@type\":\"WebPage\",\"@id\":\"https:\/\/demoweb.info\/sexshop001\/producto\/realrock-arnes-deluxe\/\",\"url\":\"https:\/\/demoweb.info\/sexshop001\/producto\/realrock-arnes-deluxe\/\",\"name\":\"REALROCK ARN\u00c9S DELUXE - Tienda Er\u00f3tica\",\"isPartOf\":{\"@id\":\"https:\/\/demoweb.info\/sexshop001\/#website\"},\"datePublished\":\"2022-01-22T14:39:40+00:00\",\"dateModified\":\"2022-01-22T14:39:48+00:00\",\"breadcrumb\":{\"@id\":\"https:\/\/demoweb.info\/sexshop001\/producto\/realrock-arnes-deluxe\/#breadcrumb\"},\"inLanguage\":\"es\",\"potentialAction\":[{\"@type\":\"ReadAction\",\"target\":[\"https:\/\/demoweb.info\/sexshop001\/producto\/realrock-arnes-deluxe\/\"]}]},{\"@type\":\"BreadcrumbList\",\"@id\":\"https:\/\/demoweb.info\/sexshop001\/producto\/realrock-arnes-deluxe\/#breadcrumb\",\"itemListElement\":[{\"@type\":\"ListItem\",\"position\":1,\"name\":\"Portada\",\"item\":\"https:\/\/demoweb.info\/sexshop001\/\"},{\"@type\":\"ListItem\",\"position\":2,\"name\":\"Tienda\",\"item\":\"https:\/\/demoweb.info\/sexshop001\/tienda\/\"},{\"@type\":\"ListItem\",\"position\":3,\"name\":\"REALROCK ARN\u00c9S DELUXE\"}]},{\"@type\":\"WebSite\",\"@id\":\"https:\/\/demoweb.info\/sexshop001\/#website\",\"url\":\"https:\/\/demoweb.info\/sexshop001\/\",\"name\":\"Tienda Er\u00f3tica\",\"description\":\"DEMOWEB SL\",\"potentialAction\":[{\"@type\":\"SearchAction\",\"target\":{\"@type\":\"EntryPoint\",\"urlTemplate\":\"https:\/\/demoweb.info\/sexshop001\/?s={search_term_string}\"},\"query-input\":\"required name=search_term_string\"}],\"inLanguage\":\"es\"}]}<\/script>\n<!-- \/ Yoast SEO plugin. -->","yoast_head_json":{"title":"REALROCK ARN\u00c9S DELUXE - Tienda Er\u00f3tica","robots":{"index":"noindex","follow":"follow","max-snippet":"max-snippet:-1","max-image-preview":"max-image-preview:large","max-video-preview":"max-video-preview:-1"},"og_locale":"es_ES","og_type":"article","og_title":"REALROCK ARN\u00c9S DELUXE - Tienda Er\u00f3tica","og_description":"HARNESS DELUXE Conecta uno de los penes vibradores o sin vibraci\u00f3na a este arn\u00e9s para penetrar profundamente el cuerpo de","og_url":"https:\/\/demoweb.info\/sexshop001\/producto\/realrock-arnes-deluxe\/","og_site_name":"Tienda Er\u00f3tica","article_modified_time":"2022-01-22T14:39:48+00:00","og_image":[{"width":550,"height":550,"url":"https:\/\/demoweb.info\/sexshop001\/wp-content\/uploads\/2022\/01\/REALROCK-ARNES-DELUXE.jpg","type":"image\/jpeg"}],"twitter_card":"summary_large_image","schema":{"@context":"https:\/\/schema.org","@graph":[{"@type":"WebPage","@id":"https:\/\/demoweb.info\/sexshop001\/producto\/realrock-arnes-deluxe\/","url":"https:\/\/demoweb.info\/sexshop001\/producto\/realrock-arnes-deluxe\/","name":"REALROCK ARN\u00c9S DELUXE - Tienda Er\u00f3tica","isPartOf":{"@id":"https:\/\/demoweb.info\/sexshop001\/#website"},"datePublished":"2022-01-22T14:39:40+00:00","dateModified":"2022-01-22T14:39:48+00:00","breadcrumb":{"@id":"https:\/\/demoweb.info\/sexshop001\/producto\/realrock-arnes-deluxe\/#breadcrumb"},"inLanguage":"es","potentialAction":[{"@type":"ReadAction","target":["https:\/\/demoweb.info\/sexshop001\/producto\/realrock-arnes-deluxe\/"]}]},{"@type":"BreadcrumbList","@id":"https:\/\/demoweb.info\/sexshop001\/producto\/realrock-arnes-deluxe\/#breadcrumb","itemListElement":[{"@type":"ListItem","position":1,"name":"Portada","item":"https:\/\/demoweb.info\/sexshop001\/"},{"@type":"ListItem","position":2,"name":"Tienda","item":"https:\/\/demoweb.info\/sexshop001\/tienda\/"},{"@type":"ListItem","position":3,"name":"REALROCK ARN\u00c9S DELUXE"}]},{"@type":"WebSite","@id":"https:\/\/demoweb.info\/sexshop001\/#website","url":"https:\/\/demoweb.info\/sexshop001\/","name":"Tienda Er\u00f3tica","description":"DEMOWEB SL","potentialAction":[{"@type":"SearchAction","target":{"@type":"EntryPoint","urlTemplate":"https:\/\/demoweb.info\/sexshop001\/?s={search_term_string}"},"query-input":"required name=search_term_string"}],"inLanguage":"es"}]}},"_links":{"self":[{"href":"https:\/\/demoweb.info\/sexshop001\/wp-json\/wp\/v3\/product\/48060","targetHints":{"allow":["GET"]}}],"collection":[{"href":"https:\/\/demoweb.info\/sexshop001\/wp-json\/wp\/v3\/product"}],"about":[{"href":"https:\/\/demoweb.info\/sexshop001\/wp-json\/wp\/v2\/types\/product"}],"replies":[{"embeddable":true,"href":"https:\/\/demoweb.info\/sexshop001\/wp-json\/wp\/v2\/comments?post=48060"}],"wp:featuredmedia":[{"embeddable":true,"href":"https:\/\/demoweb.info\/sexshop001\/wp-json\/wp\/v2\/media\/48061"}],"wp:attachment":[{"href":"https:\/\/demoweb.info\/sexshop001\/wp-json\/wp\/v2\/media?parent=48060"}],"wp:term":[{"taxonomy":"product_cat","embeddable":true,"href":"https:\/\/demoweb.info\/sexshop001\/wp-json\/wp\/v2\/product_cat?post=48060"},{"taxonomy":"product_tag","embeddable":true,"href":"https:\/\/demoweb.info\/sexshop001\/wp-json\/wp\/v2\/product_tag?post=48060"}],"curies":[{"name":"wp","href":"https:\/\/api.w.org\/{rel}","templated":true}]}}