{"id":47970,"date":"2022-01-22T15:38:43","date_gmt":"2022-01-22T14:38:43","guid":{"rendered":"https:\/\/demoweb.info\/sexshop001\/producto\/hot-intimate-care-come-entrenador-pelvico\/"},"modified":"2022-01-22T15:38:48","modified_gmt":"2022-01-22T14:38:48","slug":"hot-intimate-care-come-entrenador-pelvico","status":"publish","type":"product","link":"https:\/\/demoweb.info\/sexshop001\/producto\/hot-intimate-care-come-entrenador-pelvico\/","title":{"rendered":"HOT INTIMATE CARE COME &#8211; ENTRENADOR P\u00c9LVICO"},"content":{"rendered":"<p><strong>HOT INTIMATE CARE COME<\/strong><\/p>\n<p>Care Come es el sistema revolucionario para fortalecer los m\u00fasculos del suelo p\u00e9lvico, de manera sencilla y discreta.<\/p>\n<p>Su dise\u00f1o optimizado anat\u00f3micamente proporciona resistencia el\u00e1stica, favoreciendo la fortaleza de los m\u00fasculos p\u00e9lvicos, contrarestrando la incontinencia urinaria, y mejorando los problemas posturales.<\/p>\n<p>Tambi\u00e9n minimiza las molestias despu\u00e9s del parto y maximiza las posibilidades de orgasmo.<\/p>\n<p>F\u00e1cil de usar como un tamp\u00f3n.<\/p>\n<p>Medidas: 7 x 5,7 x 18,9 cm<\/p>\n<p>Peso: 46 gramos.<\/p>\n","protected":false},"excerpt":{"rendered":"<p>HOT INTIMATE CARE COME Care Come es el sistema revolucionario para fortalecer los m\u00fasculos del suelo p\u00e9lvico, de manera sencilla<\/p>\n","protected":false},"featured_media":47971,"comment_status":"open","ping_status":"open","template":"","meta":[],"product_cat":[1078],"product_tag":[401,1330],"class_list":["post-47970","product","type-product","status-publish","has-post-thumbnail","hentry","product_cat-bienestar","product_tag-hot","product_tag-london-miami-tokio"],"bundled_by":[],"bundle_stock_status":"instock","bundle_stock_quantity":16,"bundle_virtual":false,"bundle_layout":"","bundle_add_to_cart_form_location":"","bundle_editable_in_cart":false,"bundle_sold_individually_context":"","bundle_item_grouping":"","bundle_min_size":"","bundle_max_size":"","bundled_items":[],"yoast_head":"<!-- This site is optimized with the Yoast SEO plugin v20.6 - https:\/\/yoast.com\/wordpress\/plugins\/seo\/ -->\n<title>HOT INTIMATE CARE COME - ENTRENADOR P\u00c9LVICO - Tienda Er\u00f3tica<\/title>\n<meta name=\"robots\" content=\"noindex, follow, max-snippet:-1, max-image-preview:large, max-video-preview:-1\" \/>\n<meta property=\"og:locale\" content=\"es_ES\" \/>\n<meta property=\"og:type\" content=\"article\" \/>\n<meta property=\"og:title\" content=\"HOT INTIMATE CARE COME - ENTRENADOR P\u00c9LVICO - Tienda Er\u00f3tica\" \/>\n<meta property=\"og:description\" content=\"HOT INTIMATE CARE COME Care Come es el sistema revolucionario para fortalecer los m\u00fasculos del suelo p\u00e9lvico, de manera sencilla\" \/>\n<meta property=\"og:url\" content=\"https:\/\/demoweb.info\/sexshop001\/producto\/hot-intimate-care-come-entrenador-pelvico\/\" \/>\n<meta property=\"og:site_name\" content=\"Tienda Er\u00f3tica\" \/>\n<meta property=\"article:modified_time\" content=\"2022-01-22T14:38:48+00:00\" \/>\n<meta property=\"og:image\" content=\"https:\/\/demoweb.info\/sexshop001\/wp-content\/uploads\/2022\/01\/HOT-INTIMATE-CARE-COME-ENTRENADOR-PELVICO.jpg\" \/>\n\t<meta property=\"og:image:width\" content=\"550\" \/>\n\t<meta property=\"og:image:height\" content=\"550\" \/>\n\t<meta property=\"og:image:type\" content=\"image\/jpeg\" \/>\n<meta name=\"twitter:card\" content=\"summary_large_image\" \/>\n<script type=\"application\/ld+json\" class=\"yoast-schema-graph\">{\"@context\":\"https:\/\/schema.org\",\"@graph\":[{\"@type\":\"WebPage\",\"@id\":\"https:\/\/demoweb.info\/sexshop001\/producto\/hot-intimate-care-come-entrenador-pelvico\/\",\"url\":\"https:\/\/demoweb.info\/sexshop001\/producto\/hot-intimate-care-come-entrenador-pelvico\/\",\"name\":\"HOT INTIMATE CARE COME - ENTRENADOR P\u00c9LVICO - Tienda Er\u00f3tica\",\"isPartOf\":{\"@id\":\"https:\/\/demoweb.info\/sexshop001\/#website\"},\"datePublished\":\"2022-01-22T14:38:43+00:00\",\"dateModified\":\"2022-01-22T14:38:48+00:00\",\"breadcrumb\":{\"@id\":\"https:\/\/demoweb.info\/sexshop001\/producto\/hot-intimate-care-come-entrenador-pelvico\/#breadcrumb\"},\"inLanguage\":\"es\",\"potentialAction\":[{\"@type\":\"ReadAction\",\"target\":[\"https:\/\/demoweb.info\/sexshop001\/producto\/hot-intimate-care-come-entrenador-pelvico\/\"]}]},{\"@type\":\"BreadcrumbList\",\"@id\":\"https:\/\/demoweb.info\/sexshop001\/producto\/hot-intimate-care-come-entrenador-pelvico\/#breadcrumb\",\"itemListElement\":[{\"@type\":\"ListItem\",\"position\":1,\"name\":\"Portada\",\"item\":\"https:\/\/demoweb.info\/sexshop001\/\"},{\"@type\":\"ListItem\",\"position\":2,\"name\":\"Tienda\",\"item\":\"https:\/\/demoweb.info\/sexshop001\/tienda\/\"},{\"@type\":\"ListItem\",\"position\":3,\"name\":\"HOT INTIMATE CARE COME &#8211; ENTRENADOR P\u00c9LVICO\"}]},{\"@type\":\"WebSite\",\"@id\":\"https:\/\/demoweb.info\/sexshop001\/#website\",\"url\":\"https:\/\/demoweb.info\/sexshop001\/\",\"name\":\"Tienda Er\u00f3tica\",\"description\":\"DEMOWEB SL\",\"potentialAction\":[{\"@type\":\"SearchAction\",\"target\":{\"@type\":\"EntryPoint\",\"urlTemplate\":\"https:\/\/demoweb.info\/sexshop001\/?s={search_term_string}\"},\"query-input\":\"required name=search_term_string\"}],\"inLanguage\":\"es\"}]}<\/script>\n<!-- \/ Yoast SEO plugin. -->","yoast_head_json":{"title":"HOT INTIMATE CARE COME - ENTRENADOR P\u00c9LVICO - Tienda Er\u00f3tica","robots":{"index":"noindex","follow":"follow","max-snippet":"max-snippet:-1","max-image-preview":"max-image-preview:large","max-video-preview":"max-video-preview:-1"},"og_locale":"es_ES","og_type":"article","og_title":"HOT INTIMATE CARE COME - ENTRENADOR P\u00c9LVICO - Tienda Er\u00f3tica","og_description":"HOT INTIMATE CARE COME Care Come es el sistema revolucionario para fortalecer los m\u00fasculos del suelo p\u00e9lvico, de manera sencilla","og_url":"https:\/\/demoweb.info\/sexshop001\/producto\/hot-intimate-care-come-entrenador-pelvico\/","og_site_name":"Tienda Er\u00f3tica","article_modified_time":"2022-01-22T14:38:48+00:00","og_image":[{"width":550,"height":550,"url":"https:\/\/demoweb.info\/sexshop001\/wp-content\/uploads\/2022\/01\/HOT-INTIMATE-CARE-COME-ENTRENADOR-PELVICO.jpg","type":"image\/jpeg"}],"twitter_card":"summary_large_image","schema":{"@context":"https:\/\/schema.org","@graph":[{"@type":"WebPage","@id":"https:\/\/demoweb.info\/sexshop001\/producto\/hot-intimate-care-come-entrenador-pelvico\/","url":"https:\/\/demoweb.info\/sexshop001\/producto\/hot-intimate-care-come-entrenador-pelvico\/","name":"HOT INTIMATE CARE COME - ENTRENADOR P\u00c9LVICO - Tienda Er\u00f3tica","isPartOf":{"@id":"https:\/\/demoweb.info\/sexshop001\/#website"},"datePublished":"2022-01-22T14:38:43+00:00","dateModified":"2022-01-22T14:38:48+00:00","breadcrumb":{"@id":"https:\/\/demoweb.info\/sexshop001\/producto\/hot-intimate-care-come-entrenador-pelvico\/#breadcrumb"},"inLanguage":"es","potentialAction":[{"@type":"ReadAction","target":["https:\/\/demoweb.info\/sexshop001\/producto\/hot-intimate-care-come-entrenador-pelvico\/"]}]},{"@type":"BreadcrumbList","@id":"https:\/\/demoweb.info\/sexshop001\/producto\/hot-intimate-care-come-entrenador-pelvico\/#breadcrumb","itemListElement":[{"@type":"ListItem","position":1,"name":"Portada","item":"https:\/\/demoweb.info\/sexshop001\/"},{"@type":"ListItem","position":2,"name":"Tienda","item":"https:\/\/demoweb.info\/sexshop001\/tienda\/"},{"@type":"ListItem","position":3,"name":"HOT INTIMATE CARE COME &#8211; ENTRENADOR P\u00c9LVICO"}]},{"@type":"WebSite","@id":"https:\/\/demoweb.info\/sexshop001\/#website","url":"https:\/\/demoweb.info\/sexshop001\/","name":"Tienda Er\u00f3tica","description":"DEMOWEB SL","potentialAction":[{"@type":"SearchAction","target":{"@type":"EntryPoint","urlTemplate":"https:\/\/demoweb.info\/sexshop001\/?s={search_term_string}"},"query-input":"required name=search_term_string"}],"inLanguage":"es"}]}},"_links":{"self":[{"href":"https:\/\/demoweb.info\/sexshop001\/wp-json\/wp\/v3\/product\/47970","targetHints":{"allow":["GET"]}}],"collection":[{"href":"https:\/\/demoweb.info\/sexshop001\/wp-json\/wp\/v3\/product"}],"about":[{"href":"https:\/\/demoweb.info\/sexshop001\/wp-json\/wp\/v2\/types\/product"}],"replies":[{"embeddable":true,"href":"https:\/\/demoweb.info\/sexshop001\/wp-json\/wp\/v2\/comments?post=47970"}],"wp:featuredmedia":[{"embeddable":true,"href":"https:\/\/demoweb.info\/sexshop001\/wp-json\/wp\/v2\/media\/47971"}],"wp:attachment":[{"href":"https:\/\/demoweb.info\/sexshop001\/wp-json\/wp\/v2\/media?parent=47970"}],"wp:term":[{"taxonomy":"product_cat","embeddable":true,"href":"https:\/\/demoweb.info\/sexshop001\/wp-json\/wp\/v2\/product_cat?post=47970"},{"taxonomy":"product_tag","embeddable":true,"href":"https:\/\/demoweb.info\/sexshop001\/wp-json\/wp\/v2\/product_tag?post=47970"}],"curies":[{"name":"wp","href":"https:\/\/api.w.org\/{rel}","templated":true}]}}