{"id":47901,"date":"2022-01-22T15:37:57","date_gmt":"2022-01-22T14:37:57","guid":{"rendered":"https:\/\/demoweb.info\/sexshop001\/producto\/fleshlight-signature-collection-jenna-haze-obsession\/"},"modified":"2022-01-22T15:38:05","modified_gmt":"2022-01-22T14:38:05","slug":"fleshlight-signature-collection-jenna-haze-obsession","status":"publish","type":"product","link":"https:\/\/demoweb.info\/sexshop001\/producto\/fleshlight-signature-collection-jenna-haze-obsession\/","title":{"rendered":"FLESHLIGHT SIGNATURE COLLECTION JENNA HAZE OBSESSION"},"content":{"rendered":"<p><strong>FLESHLIGHT SIGNATURE COLLECTION JENNA HAZE OBSESSION <\/strong><\/p>\n<p>La textura Obsession ofrece una entrada muy suave que facilita su penetraci\u00f3n en los primeros cent\u00edmetros. Luego, al entrar en la m\u00e1s profunda, la textura se aprieta para aumentar su disfrute. Esta textura es justo lo que m\u00e1s se parece a una penetraci\u00f3n real de Jenna Haze.<\/p>\n<p><strong>Fleshlight\u00ae<\/strong> es 100% seguro y muy f\u00e1cil de utilizar y limpiar.<\/p>\n<p>Usando <strong>Fleshlight\u00ae<\/strong> con frecuencia, fortalecer\u00e1s tus erecciones y aumentar\u00e1s la fortaleza del pene, debido al entrenamiento de los tejidos del miembro. Notar\u00e1s una mejora en pocos meses.<\/p>\n<p>Incluye una pr\u00e1ctica tapa, para poder guardarlo y protegerlo, una vez utilizado.<\/p>\n<p><strong>Se adapta a todos los tama\u00f1os de pene<\/strong>.<\/p>\n<p><strong>Atr\u00e9vete a descubrir el otro lado de la masturbaci\u00f3n.<\/strong><\/p>\n","protected":false},"excerpt":{"rendered":"<p>FLESHLIGHT SIGNATURE COLLECTION JENNA HAZE OBSESSION La textura Obsession ofrece una entrada muy suave que facilita su penetraci\u00f3n en los<\/p>\n","protected":false},"featured_media":47902,"comment_status":"open","ping_status":"open","template":"","meta":[],"product_cat":[541],"product_tag":[576,1456],"class_list":["post-47901","product","type-product","status-publish","has-post-thumbnail","hentry","product_cat-vaginas","product_tag-fleshlight","product_tag-signature-collection"],"bundled_by":[],"bundle_stock_status":"instock","bundle_stock_quantity":3,"bundle_virtual":false,"bundle_layout":"","bundle_add_to_cart_form_location":"","bundle_editable_in_cart":false,"bundle_sold_individually_context":"","bundle_item_grouping":"","bundle_min_size":"","bundle_max_size":"","bundled_items":[],"yoast_head":"<!-- This site is optimized with the Yoast SEO plugin v20.6 - https:\/\/yoast.com\/wordpress\/plugins\/seo\/ -->\n<title>FLESHLIGHT SIGNATURE COLLECTION JENNA HAZE OBSESSION - Tienda Er\u00f3tica<\/title>\n<meta name=\"robots\" content=\"noindex, follow, max-snippet:-1, max-image-preview:large, max-video-preview:-1\" \/>\n<meta property=\"og:locale\" content=\"es_ES\" \/>\n<meta property=\"og:type\" content=\"article\" \/>\n<meta property=\"og:title\" content=\"FLESHLIGHT SIGNATURE COLLECTION JENNA HAZE OBSESSION - Tienda Er\u00f3tica\" \/>\n<meta property=\"og:description\" content=\"FLESHLIGHT SIGNATURE COLLECTION JENNA HAZE OBSESSION La textura Obsession ofrece una entrada muy suave que facilita su penetraci\u00f3n en los\" \/>\n<meta property=\"og:url\" content=\"https:\/\/demoweb.info\/sexshop001\/producto\/fleshlight-signature-collection-jenna-haze-obsession\/\" \/>\n<meta property=\"og:site_name\" content=\"Tienda Er\u00f3tica\" \/>\n<meta property=\"article:modified_time\" content=\"2022-01-22T14:38:05+00:00\" \/>\n<meta property=\"og:image\" content=\"https:\/\/demoweb.info\/sexshop001\/wp-content\/uploads\/2022\/01\/FLESHLIGHT-SIGNATURE-COLLECTION-JENNA-HAZE-OBSESSION.jpg\" \/>\n\t<meta property=\"og:image:width\" content=\"550\" \/>\n\t<meta property=\"og:image:height\" content=\"550\" \/>\n\t<meta property=\"og:image:type\" content=\"image\/jpeg\" \/>\n<meta name=\"twitter:card\" content=\"summary_large_image\" \/>\n<meta name=\"twitter:label1\" content=\"Tiempo de lectura\" \/>\n\t<meta name=\"twitter:data1\" content=\"1 minuto\" \/>\n<script type=\"application\/ld+json\" class=\"yoast-schema-graph\">{\"@context\":\"https:\/\/schema.org\",\"@graph\":[{\"@type\":\"WebPage\",\"@id\":\"https:\/\/demoweb.info\/sexshop001\/producto\/fleshlight-signature-collection-jenna-haze-obsession\/\",\"url\":\"https:\/\/demoweb.info\/sexshop001\/producto\/fleshlight-signature-collection-jenna-haze-obsession\/\",\"name\":\"FLESHLIGHT SIGNATURE COLLECTION JENNA HAZE OBSESSION - Tienda Er\u00f3tica\",\"isPartOf\":{\"@id\":\"https:\/\/demoweb.info\/sexshop001\/#website\"},\"datePublished\":\"2022-01-22T14:37:57+00:00\",\"dateModified\":\"2022-01-22T14:38:05+00:00\",\"breadcrumb\":{\"@id\":\"https:\/\/demoweb.info\/sexshop001\/producto\/fleshlight-signature-collection-jenna-haze-obsession\/#breadcrumb\"},\"inLanguage\":\"es\",\"potentialAction\":[{\"@type\":\"ReadAction\",\"target\":[\"https:\/\/demoweb.info\/sexshop001\/producto\/fleshlight-signature-collection-jenna-haze-obsession\/\"]}]},{\"@type\":\"BreadcrumbList\",\"@id\":\"https:\/\/demoweb.info\/sexshop001\/producto\/fleshlight-signature-collection-jenna-haze-obsession\/#breadcrumb\",\"itemListElement\":[{\"@type\":\"ListItem\",\"position\":1,\"name\":\"Portada\",\"item\":\"https:\/\/demoweb.info\/sexshop001\/\"},{\"@type\":\"ListItem\",\"position\":2,\"name\":\"Tienda\",\"item\":\"https:\/\/demoweb.info\/sexshop001\/tienda\/\"},{\"@type\":\"ListItem\",\"position\":3,\"name\":\"FLESHLIGHT SIGNATURE COLLECTION JENNA HAZE OBSESSION\"}]},{\"@type\":\"WebSite\",\"@id\":\"https:\/\/demoweb.info\/sexshop001\/#website\",\"url\":\"https:\/\/demoweb.info\/sexshop001\/\",\"name\":\"Tienda Er\u00f3tica\",\"description\":\"DEMOWEB SL\",\"potentialAction\":[{\"@type\":\"SearchAction\",\"target\":{\"@type\":\"EntryPoint\",\"urlTemplate\":\"https:\/\/demoweb.info\/sexshop001\/?s={search_term_string}\"},\"query-input\":\"required name=search_term_string\"}],\"inLanguage\":\"es\"}]}<\/script>\n<!-- \/ Yoast SEO plugin. -->","yoast_head_json":{"title":"FLESHLIGHT SIGNATURE COLLECTION JENNA HAZE OBSESSION - Tienda Er\u00f3tica","robots":{"index":"noindex","follow":"follow","max-snippet":"max-snippet:-1","max-image-preview":"max-image-preview:large","max-video-preview":"max-video-preview:-1"},"og_locale":"es_ES","og_type":"article","og_title":"FLESHLIGHT SIGNATURE COLLECTION JENNA HAZE OBSESSION - Tienda Er\u00f3tica","og_description":"FLESHLIGHT SIGNATURE COLLECTION JENNA HAZE OBSESSION La textura Obsession ofrece una entrada muy suave que facilita su penetraci\u00f3n en los","og_url":"https:\/\/demoweb.info\/sexshop001\/producto\/fleshlight-signature-collection-jenna-haze-obsession\/","og_site_name":"Tienda Er\u00f3tica","article_modified_time":"2022-01-22T14:38:05+00:00","og_image":[{"width":550,"height":550,"url":"https:\/\/demoweb.info\/sexshop001\/wp-content\/uploads\/2022\/01\/FLESHLIGHT-SIGNATURE-COLLECTION-JENNA-HAZE-OBSESSION.jpg","type":"image\/jpeg"}],"twitter_card":"summary_large_image","twitter_misc":{"Tiempo de lectura":"1 minuto"},"schema":{"@context":"https:\/\/schema.org","@graph":[{"@type":"WebPage","@id":"https:\/\/demoweb.info\/sexshop001\/producto\/fleshlight-signature-collection-jenna-haze-obsession\/","url":"https:\/\/demoweb.info\/sexshop001\/producto\/fleshlight-signature-collection-jenna-haze-obsession\/","name":"FLESHLIGHT SIGNATURE COLLECTION JENNA HAZE OBSESSION - Tienda Er\u00f3tica","isPartOf":{"@id":"https:\/\/demoweb.info\/sexshop001\/#website"},"datePublished":"2022-01-22T14:37:57+00:00","dateModified":"2022-01-22T14:38:05+00:00","breadcrumb":{"@id":"https:\/\/demoweb.info\/sexshop001\/producto\/fleshlight-signature-collection-jenna-haze-obsession\/#breadcrumb"},"inLanguage":"es","potentialAction":[{"@type":"ReadAction","target":["https:\/\/demoweb.info\/sexshop001\/producto\/fleshlight-signature-collection-jenna-haze-obsession\/"]}]},{"@type":"BreadcrumbList","@id":"https:\/\/demoweb.info\/sexshop001\/producto\/fleshlight-signature-collection-jenna-haze-obsession\/#breadcrumb","itemListElement":[{"@type":"ListItem","position":1,"name":"Portada","item":"https:\/\/demoweb.info\/sexshop001\/"},{"@type":"ListItem","position":2,"name":"Tienda","item":"https:\/\/demoweb.info\/sexshop001\/tienda\/"},{"@type":"ListItem","position":3,"name":"FLESHLIGHT SIGNATURE COLLECTION JENNA HAZE OBSESSION"}]},{"@type":"WebSite","@id":"https:\/\/demoweb.info\/sexshop001\/#website","url":"https:\/\/demoweb.info\/sexshop001\/","name":"Tienda Er\u00f3tica","description":"DEMOWEB SL","potentialAction":[{"@type":"SearchAction","target":{"@type":"EntryPoint","urlTemplate":"https:\/\/demoweb.info\/sexshop001\/?s={search_term_string}"},"query-input":"required name=search_term_string"}],"inLanguage":"es"}]}},"_links":{"self":[{"href":"https:\/\/demoweb.info\/sexshop001\/wp-json\/wp\/v3\/product\/47901","targetHints":{"allow":["GET"]}}],"collection":[{"href":"https:\/\/demoweb.info\/sexshop001\/wp-json\/wp\/v3\/product"}],"about":[{"href":"https:\/\/demoweb.info\/sexshop001\/wp-json\/wp\/v2\/types\/product"}],"replies":[{"embeddable":true,"href":"https:\/\/demoweb.info\/sexshop001\/wp-json\/wp\/v2\/comments?post=47901"}],"wp:featuredmedia":[{"embeddable":true,"href":"https:\/\/demoweb.info\/sexshop001\/wp-json\/wp\/v2\/media\/47902"}],"wp:attachment":[{"href":"https:\/\/demoweb.info\/sexshop001\/wp-json\/wp\/v2\/media?parent=47901"}],"wp:term":[{"taxonomy":"product_cat","embeddable":true,"href":"https:\/\/demoweb.info\/sexshop001\/wp-json\/wp\/v2\/product_cat?post=47901"},{"taxonomy":"product_tag","embeddable":true,"href":"https:\/\/demoweb.info\/sexshop001\/wp-json\/wp\/v2\/product_tag?post=47901"}],"curies":[{"name":"wp","href":"https:\/\/api.w.org\/{rel}","templated":true}]}}