{"id":47892,"date":"2022-01-22T15:37:57","date_gmt":"2022-01-22T14:37:57","guid":{"rendered":"https:\/\/demoweb.info\/sexshop001\/producto\/zoe-en-horizontal\/"},"modified":"2022-01-22T15:38:00","modified_gmt":"2022-01-22T14:38:00","slug":"zoe-en-horizontal","status":"publish","type":"product","link":"https:\/\/demoweb.info\/sexshop001\/producto\/zoe-en-horizontal\/","title":{"rendered":"ZOE EN HORIZONTAL"},"content":{"rendered":"<p><strong>ZOE EN HORIZONTAL<\/strong><\/p>\n<p>@ZoeSwinger es un trasunto de una persona que prefiere ser an\u00f3nima y que cuenta en formato novela su experiencia real dentro del mundo del intercambio de pareja, el mundo swinger. Locales, personajes, conversaciones y situaciones completamente reales dentro de una historia de amor, misterio y descubrimiento.<\/p>\n<p><em>\u00bfEs posible que aunque el amor sea solo cosa de dos, el sexo pueda ser un juego en equipo?<\/em><\/p>\n<p>Hola, soy Zoe, una chica normal. Pareja, trabajo, amigos&#8230; Hasta hace poco, mi vida era igual que la del noventa por ciento de la poblaci\u00f3n. Sin embargo, de la noche a la ma\u00f1ana, por un c\u00famulo de casualidades, todo cambi\u00f3.<\/p>\n<p>\u00bfSabes lo que es ser vertical y ser horizontal? \u00bfSabes lo que es darte cuenta de que todo lo que te han dicho que est\u00e1 mal no est\u00e1 mal? \u00bfSabes lo que se siente cuando tienes que esconderte de todos porque todos te juzgan? \u00bfSabes lo que es sentirte m\u00e1s libre que nunca a pesar de ello?<\/p>\n<p>Esta es la historia de c\u00f3mo conoc\u00ed otra manera de vivir el amor y el sexo, esta es la historia de c\u00f3mo llegu\u00e9 a ser parte del mundo swinger.<\/p>\n<ul>\n<li>N&ordm; de p\u00e1ginas: 296 p\u00e1gs.<\/li>\n<li>Encuadernaci\u00f3n: Tapa blanda<\/li>\n<\/ul>\n","protected":false},"excerpt":{"rendered":"<p>ZOE EN HORIZONTAL @ZoeSwinger es un trasunto de una persona que prefiere ser an\u00f3nima y que cuenta en formato novela<\/p>\n","protected":false},"featured_media":47893,"comment_status":"open","ping_status":"open","template":"","meta":[],"product_cat":[684],"product_tag":[415,1258],"class_list":["post-47892","product","type-product","status-publish","has-post-thumbnail","hentry","product_cat-san-valentin-regalos","product_tag-random-house","product_tag-suma-de-letras"],"bundled_by":[],"bundle_stock_status":"instock","bundle_stock_quantity":2,"bundle_virtual":false,"bundle_layout":"","bundle_add_to_cart_form_location":"","bundle_editable_in_cart":false,"bundle_sold_individually_context":"","bundle_item_grouping":"","bundle_min_size":"","bundle_max_size":"","bundled_items":[],"yoast_head":"<!-- This site is optimized with the Yoast SEO plugin v20.6 - https:\/\/yoast.com\/wordpress\/plugins\/seo\/ -->\n<title>ZOE EN HORIZONTAL - Tienda Er\u00f3tica<\/title>\n<meta name=\"robots\" content=\"noindex, follow, max-snippet:-1, max-image-preview:large, max-video-preview:-1\" \/>\n<meta property=\"og:locale\" content=\"es_ES\" \/>\n<meta property=\"og:type\" content=\"article\" \/>\n<meta property=\"og:title\" content=\"ZOE EN HORIZONTAL - Tienda Er\u00f3tica\" \/>\n<meta property=\"og:description\" content=\"ZOE EN HORIZONTAL @ZoeSwinger es un trasunto de una persona que prefiere ser an\u00f3nima y que cuenta en formato novela\" \/>\n<meta property=\"og:url\" content=\"https:\/\/demoweb.info\/sexshop001\/producto\/zoe-en-horizontal\/\" \/>\n<meta property=\"og:site_name\" content=\"Tienda Er\u00f3tica\" \/>\n<meta property=\"article:modified_time\" content=\"2022-01-22T14:38:00+00:00\" \/>\n<meta property=\"og:image\" content=\"https:\/\/demoweb.info\/sexshop001\/wp-content\/uploads\/2022\/01\/ZOE-EN-HORIZONTAL.jpg\" \/>\n\t<meta property=\"og:image:width\" content=\"550\" \/>\n\t<meta property=\"og:image:height\" content=\"550\" \/>\n\t<meta property=\"og:image:type\" content=\"image\/jpeg\" \/>\n<meta name=\"twitter:card\" content=\"summary_large_image\" \/>\n<meta name=\"twitter:label1\" content=\"Tiempo de lectura\" \/>\n\t<meta name=\"twitter:data1\" content=\"1 minuto\" \/>\n<script type=\"application\/ld+json\" class=\"yoast-schema-graph\">{\"@context\":\"https:\/\/schema.org\",\"@graph\":[{\"@type\":\"WebPage\",\"@id\":\"https:\/\/demoweb.info\/sexshop001\/producto\/zoe-en-horizontal\/\",\"url\":\"https:\/\/demoweb.info\/sexshop001\/producto\/zoe-en-horizontal\/\",\"name\":\"ZOE EN HORIZONTAL - Tienda Er\u00f3tica\",\"isPartOf\":{\"@id\":\"https:\/\/demoweb.info\/sexshop001\/#website\"},\"datePublished\":\"2022-01-22T14:37:57+00:00\",\"dateModified\":\"2022-01-22T14:38:00+00:00\",\"breadcrumb\":{\"@id\":\"https:\/\/demoweb.info\/sexshop001\/producto\/zoe-en-horizontal\/#breadcrumb\"},\"inLanguage\":\"es\",\"potentialAction\":[{\"@type\":\"ReadAction\",\"target\":[\"https:\/\/demoweb.info\/sexshop001\/producto\/zoe-en-horizontal\/\"]}]},{\"@type\":\"BreadcrumbList\",\"@id\":\"https:\/\/demoweb.info\/sexshop001\/producto\/zoe-en-horizontal\/#breadcrumb\",\"itemListElement\":[{\"@type\":\"ListItem\",\"position\":1,\"name\":\"Portada\",\"item\":\"https:\/\/demoweb.info\/sexshop001\/\"},{\"@type\":\"ListItem\",\"position\":2,\"name\":\"Tienda\",\"item\":\"https:\/\/demoweb.info\/sexshop001\/tienda\/\"},{\"@type\":\"ListItem\",\"position\":3,\"name\":\"ZOE EN HORIZONTAL\"}]},{\"@type\":\"WebSite\",\"@id\":\"https:\/\/demoweb.info\/sexshop001\/#website\",\"url\":\"https:\/\/demoweb.info\/sexshop001\/\",\"name\":\"Tienda Er\u00f3tica\",\"description\":\"DEMOWEB SL\",\"potentialAction\":[{\"@type\":\"SearchAction\",\"target\":{\"@type\":\"EntryPoint\",\"urlTemplate\":\"https:\/\/demoweb.info\/sexshop001\/?s={search_term_string}\"},\"query-input\":\"required name=search_term_string\"}],\"inLanguage\":\"es\"}]}<\/script>\n<!-- \/ Yoast SEO plugin. -->","yoast_head_json":{"title":"ZOE EN HORIZONTAL - Tienda Er\u00f3tica","robots":{"index":"noindex","follow":"follow","max-snippet":"max-snippet:-1","max-image-preview":"max-image-preview:large","max-video-preview":"max-video-preview:-1"},"og_locale":"es_ES","og_type":"article","og_title":"ZOE EN HORIZONTAL - Tienda Er\u00f3tica","og_description":"ZOE EN HORIZONTAL @ZoeSwinger es un trasunto de una persona que prefiere ser an\u00f3nima y que cuenta en formato novela","og_url":"https:\/\/demoweb.info\/sexshop001\/producto\/zoe-en-horizontal\/","og_site_name":"Tienda Er\u00f3tica","article_modified_time":"2022-01-22T14:38:00+00:00","og_image":[{"width":550,"height":550,"url":"https:\/\/demoweb.info\/sexshop001\/wp-content\/uploads\/2022\/01\/ZOE-EN-HORIZONTAL.jpg","type":"image\/jpeg"}],"twitter_card":"summary_large_image","twitter_misc":{"Tiempo de lectura":"1 minuto"},"schema":{"@context":"https:\/\/schema.org","@graph":[{"@type":"WebPage","@id":"https:\/\/demoweb.info\/sexshop001\/producto\/zoe-en-horizontal\/","url":"https:\/\/demoweb.info\/sexshop001\/producto\/zoe-en-horizontal\/","name":"ZOE EN HORIZONTAL - Tienda Er\u00f3tica","isPartOf":{"@id":"https:\/\/demoweb.info\/sexshop001\/#website"},"datePublished":"2022-01-22T14:37:57+00:00","dateModified":"2022-01-22T14:38:00+00:00","breadcrumb":{"@id":"https:\/\/demoweb.info\/sexshop001\/producto\/zoe-en-horizontal\/#breadcrumb"},"inLanguage":"es","potentialAction":[{"@type":"ReadAction","target":["https:\/\/demoweb.info\/sexshop001\/producto\/zoe-en-horizontal\/"]}]},{"@type":"BreadcrumbList","@id":"https:\/\/demoweb.info\/sexshop001\/producto\/zoe-en-horizontal\/#breadcrumb","itemListElement":[{"@type":"ListItem","position":1,"name":"Portada","item":"https:\/\/demoweb.info\/sexshop001\/"},{"@type":"ListItem","position":2,"name":"Tienda","item":"https:\/\/demoweb.info\/sexshop001\/tienda\/"},{"@type":"ListItem","position":3,"name":"ZOE EN HORIZONTAL"}]},{"@type":"WebSite","@id":"https:\/\/demoweb.info\/sexshop001\/#website","url":"https:\/\/demoweb.info\/sexshop001\/","name":"Tienda Er\u00f3tica","description":"DEMOWEB SL","potentialAction":[{"@type":"SearchAction","target":{"@type":"EntryPoint","urlTemplate":"https:\/\/demoweb.info\/sexshop001\/?s={search_term_string}"},"query-input":"required name=search_term_string"}],"inLanguage":"es"}]}},"_links":{"self":[{"href":"https:\/\/demoweb.info\/sexshop001\/wp-json\/wp\/v3\/product\/47892","targetHints":{"allow":["GET"]}}],"collection":[{"href":"https:\/\/demoweb.info\/sexshop001\/wp-json\/wp\/v3\/product"}],"about":[{"href":"https:\/\/demoweb.info\/sexshop001\/wp-json\/wp\/v2\/types\/product"}],"replies":[{"embeddable":true,"href":"https:\/\/demoweb.info\/sexshop001\/wp-json\/wp\/v2\/comments?post=47892"}],"wp:featuredmedia":[{"embeddable":true,"href":"https:\/\/demoweb.info\/sexshop001\/wp-json\/wp\/v2\/media\/47893"}],"wp:attachment":[{"href":"https:\/\/demoweb.info\/sexshop001\/wp-json\/wp\/v2\/media?parent=47892"}],"wp:term":[{"taxonomy":"product_cat","embeddable":true,"href":"https:\/\/demoweb.info\/sexshop001\/wp-json\/wp\/v2\/product_cat?post=47892"},{"taxonomy":"product_tag","embeddable":true,"href":"https:\/\/demoweb.info\/sexshop001\/wp-json\/wp\/v2\/product_tag?post=47892"}],"curies":[{"name":"wp","href":"https:\/\/api.w.org\/{rel}","templated":true}]}}