{"id":47876,"date":"2022-01-22T15:37:42","date_gmt":"2022-01-22T14:37:42","guid":{"rendered":"https:\/\/demoweb.info\/sexshop001\/producto\/jet-vibrador-punto-g-negro\/"},"modified":"2022-01-22T15:37:49","modified_gmt":"2022-01-22T14:37:49","slug":"jet-vibrador-punto-g-negro","status":"publish","type":"product","link":"https:\/\/demoweb.info\/sexshop001\/producto\/jet-vibrador-punto-g-negro\/","title":{"rendered":"JET &#8211; VIBRADOR PUNTO G NEGRO"},"content":{"rendered":"<p><strong>JET &#8211; BLACK<\/strong><\/p>\n<p>El Jett parece llegado directamente de los a\u00f1os 50, pero combina esa apariencia antigua con la tecnolog\u00eda actual. \u00a1Su poderoso motor de 10 velocidades revolucionar\u00e1 tu vida sexual durante la penetraci\u00f3n vaginal o la estimulaci\u00f3n del cl\u00edtoris y, adem\u00e1s, es perfecto para utilizarlo tanto solo como en pareja!<\/p>\n<p>\u00a1El dise\u00f1o en forma de rombo de la superficie te proporcionar\u00e1 un extra de estimulaci\u00f3n mientras que la punta curvada estimular\u00e1 tu punto G con cada uso! El bot\u00f3n destinado a regular la velocidad est\u00e1 situado en la parte inferior del dispositivo para permitir un uso sencillo y c\u00f3modo de este. \u00a1Carga el Jett con el cable USB incluido en el envase y prep\u00e1rate para retroceder a los a\u00f1os 50!<\/p>\n<p>Caracter\u00edsticas:<\/p>\n<ul>\n<li>Rotaciones por minuto: 9500 RPM<\/li>\n<li>Modos de vibraci\u00f3n: 10<\/li>\n<li>Nivel de ruido: Max, 55 dB<\/li>\n<li>Longitud Total: 16,9 cm<\/li>\n<li>Longitud Insertable: 15,5 cm<\/li>\n<li>Di\u00e1metro insertable: 2,8 cm<\/li>\n<li>Tiempo de carga: 120 minutos<\/li>\n<li>Duraci\u00f3n de la bater\u00eda: 120 minutos<\/li>\n<li>Material: ABS y Silicona<\/li>\n<li>Resistente al agua.<\/li>\n<li>Sin phalatos.<\/li>\n<\/ul>\n","protected":false},"excerpt":{"rendered":"<p>JET &#8211; BLACK El Jett parece llegado directamente de los a\u00f1os 50, pero combina esa apariencia antigua con la tecnolog\u00eda<\/p>\n","protected":false},"featured_media":47877,"comment_status":"open","ping_status":"open","template":"","meta":[],"product_cat":[639],"product_tag":[702,302],"class_list":["post-47876","product","type-product","status-publish","has-post-thumbnail","hentry","product_cat-punto-g","product_tag-retro","product_tag-shots"],"bundled_by":[],"bundle_stock_status":"instock","bundle_stock_quantity":1,"bundle_virtual":false,"bundle_layout":"","bundle_add_to_cart_form_location":"","bundle_editable_in_cart":false,"bundle_sold_individually_context":"","bundle_item_grouping":"","bundle_min_size":"","bundle_max_size":"","bundled_items":[],"yoast_head":"<!-- This site is optimized with the Yoast SEO plugin v20.6 - https:\/\/yoast.com\/wordpress\/plugins\/seo\/ -->\n<title>JET - VIBRADOR PUNTO G NEGRO - Tienda Er\u00f3tica<\/title>\n<meta name=\"robots\" content=\"noindex, follow, max-snippet:-1, max-image-preview:large, max-video-preview:-1\" \/>\n<meta property=\"og:locale\" content=\"es_ES\" \/>\n<meta property=\"og:type\" content=\"article\" \/>\n<meta property=\"og:title\" content=\"JET - VIBRADOR PUNTO G NEGRO - Tienda Er\u00f3tica\" \/>\n<meta property=\"og:description\" content=\"JET &#8211; BLACK El Jett parece llegado directamente de los a\u00f1os 50, pero combina esa apariencia antigua con la tecnolog\u00eda\" \/>\n<meta property=\"og:url\" content=\"https:\/\/demoweb.info\/sexshop001\/producto\/jet-vibrador-punto-g-negro\/\" \/>\n<meta property=\"og:site_name\" content=\"Tienda Er\u00f3tica\" \/>\n<meta property=\"article:modified_time\" content=\"2022-01-22T14:37:49+00:00\" \/>\n<meta property=\"og:image\" content=\"https:\/\/demoweb.info\/sexshop001\/wp-content\/uploads\/2022\/01\/JET-VIBRADOR-PUNTO-G-NEGRO.jpg\" \/>\n\t<meta property=\"og:image:width\" content=\"550\" \/>\n\t<meta property=\"og:image:height\" content=\"550\" \/>\n\t<meta property=\"og:image:type\" content=\"image\/jpeg\" \/>\n<meta name=\"twitter:card\" content=\"summary_large_image\" \/>\n<meta name=\"twitter:label1\" content=\"Tiempo de lectura\" \/>\n\t<meta name=\"twitter:data1\" content=\"1 minuto\" \/>\n<script type=\"application\/ld+json\" class=\"yoast-schema-graph\">{\"@context\":\"https:\/\/schema.org\",\"@graph\":[{\"@type\":\"WebPage\",\"@id\":\"https:\/\/demoweb.info\/sexshop001\/producto\/jet-vibrador-punto-g-negro\/\",\"url\":\"https:\/\/demoweb.info\/sexshop001\/producto\/jet-vibrador-punto-g-negro\/\",\"name\":\"JET - VIBRADOR PUNTO G NEGRO - Tienda Er\u00f3tica\",\"isPartOf\":{\"@id\":\"https:\/\/demoweb.info\/sexshop001\/#website\"},\"datePublished\":\"2022-01-22T14:37:42+00:00\",\"dateModified\":\"2022-01-22T14:37:49+00:00\",\"breadcrumb\":{\"@id\":\"https:\/\/demoweb.info\/sexshop001\/producto\/jet-vibrador-punto-g-negro\/#breadcrumb\"},\"inLanguage\":\"es\",\"potentialAction\":[{\"@type\":\"ReadAction\",\"target\":[\"https:\/\/demoweb.info\/sexshop001\/producto\/jet-vibrador-punto-g-negro\/\"]}]},{\"@type\":\"BreadcrumbList\",\"@id\":\"https:\/\/demoweb.info\/sexshop001\/producto\/jet-vibrador-punto-g-negro\/#breadcrumb\",\"itemListElement\":[{\"@type\":\"ListItem\",\"position\":1,\"name\":\"Portada\",\"item\":\"https:\/\/demoweb.info\/sexshop001\/\"},{\"@type\":\"ListItem\",\"position\":2,\"name\":\"Tienda\",\"item\":\"https:\/\/demoweb.info\/sexshop001\/tienda\/\"},{\"@type\":\"ListItem\",\"position\":3,\"name\":\"JET &#8211; VIBRADOR PUNTO G NEGRO\"}]},{\"@type\":\"WebSite\",\"@id\":\"https:\/\/demoweb.info\/sexshop001\/#website\",\"url\":\"https:\/\/demoweb.info\/sexshop001\/\",\"name\":\"Tienda Er\u00f3tica\",\"description\":\"DEMOWEB SL\",\"potentialAction\":[{\"@type\":\"SearchAction\",\"target\":{\"@type\":\"EntryPoint\",\"urlTemplate\":\"https:\/\/demoweb.info\/sexshop001\/?s={search_term_string}\"},\"query-input\":\"required name=search_term_string\"}],\"inLanguage\":\"es\"}]}<\/script>\n<!-- \/ Yoast SEO plugin. -->","yoast_head_json":{"title":"JET - VIBRADOR PUNTO G NEGRO - Tienda Er\u00f3tica","robots":{"index":"noindex","follow":"follow","max-snippet":"max-snippet:-1","max-image-preview":"max-image-preview:large","max-video-preview":"max-video-preview:-1"},"og_locale":"es_ES","og_type":"article","og_title":"JET - VIBRADOR PUNTO G NEGRO - Tienda Er\u00f3tica","og_description":"JET &#8211; BLACK El Jett parece llegado directamente de los a\u00f1os 50, pero combina esa apariencia antigua con la tecnolog\u00eda","og_url":"https:\/\/demoweb.info\/sexshop001\/producto\/jet-vibrador-punto-g-negro\/","og_site_name":"Tienda Er\u00f3tica","article_modified_time":"2022-01-22T14:37:49+00:00","og_image":[{"width":550,"height":550,"url":"https:\/\/demoweb.info\/sexshop001\/wp-content\/uploads\/2022\/01\/JET-VIBRADOR-PUNTO-G-NEGRO.jpg","type":"image\/jpeg"}],"twitter_card":"summary_large_image","twitter_misc":{"Tiempo de lectura":"1 minuto"},"schema":{"@context":"https:\/\/schema.org","@graph":[{"@type":"WebPage","@id":"https:\/\/demoweb.info\/sexshop001\/producto\/jet-vibrador-punto-g-negro\/","url":"https:\/\/demoweb.info\/sexshop001\/producto\/jet-vibrador-punto-g-negro\/","name":"JET - VIBRADOR PUNTO G NEGRO - Tienda Er\u00f3tica","isPartOf":{"@id":"https:\/\/demoweb.info\/sexshop001\/#website"},"datePublished":"2022-01-22T14:37:42+00:00","dateModified":"2022-01-22T14:37:49+00:00","breadcrumb":{"@id":"https:\/\/demoweb.info\/sexshop001\/producto\/jet-vibrador-punto-g-negro\/#breadcrumb"},"inLanguage":"es","potentialAction":[{"@type":"ReadAction","target":["https:\/\/demoweb.info\/sexshop001\/producto\/jet-vibrador-punto-g-negro\/"]}]},{"@type":"BreadcrumbList","@id":"https:\/\/demoweb.info\/sexshop001\/producto\/jet-vibrador-punto-g-negro\/#breadcrumb","itemListElement":[{"@type":"ListItem","position":1,"name":"Portada","item":"https:\/\/demoweb.info\/sexshop001\/"},{"@type":"ListItem","position":2,"name":"Tienda","item":"https:\/\/demoweb.info\/sexshop001\/tienda\/"},{"@type":"ListItem","position":3,"name":"JET &#8211; VIBRADOR PUNTO G NEGRO"}]},{"@type":"WebSite","@id":"https:\/\/demoweb.info\/sexshop001\/#website","url":"https:\/\/demoweb.info\/sexshop001\/","name":"Tienda Er\u00f3tica","description":"DEMOWEB SL","potentialAction":[{"@type":"SearchAction","target":{"@type":"EntryPoint","urlTemplate":"https:\/\/demoweb.info\/sexshop001\/?s={search_term_string}"},"query-input":"required name=search_term_string"}],"inLanguage":"es"}]}},"_links":{"self":[{"href":"https:\/\/demoweb.info\/sexshop001\/wp-json\/wp\/v3\/product\/47876","targetHints":{"allow":["GET"]}}],"collection":[{"href":"https:\/\/demoweb.info\/sexshop001\/wp-json\/wp\/v3\/product"}],"about":[{"href":"https:\/\/demoweb.info\/sexshop001\/wp-json\/wp\/v2\/types\/product"}],"replies":[{"embeddable":true,"href":"https:\/\/demoweb.info\/sexshop001\/wp-json\/wp\/v2\/comments?post=47876"}],"wp:featuredmedia":[{"embeddable":true,"href":"https:\/\/demoweb.info\/sexshop001\/wp-json\/wp\/v2\/media\/47877"}],"wp:attachment":[{"href":"https:\/\/demoweb.info\/sexshop001\/wp-json\/wp\/v2\/media?parent=47876"}],"wp:term":[{"taxonomy":"product_cat","embeddable":true,"href":"https:\/\/demoweb.info\/sexshop001\/wp-json\/wp\/v2\/product_cat?post=47876"},{"taxonomy":"product_tag","embeddable":true,"href":"https:\/\/demoweb.info\/sexshop001\/wp-json\/wp\/v2\/product_tag?post=47876"}],"curies":[{"name":"wp","href":"https:\/\/api.w.org\/{rel}","templated":true}]}}