{"id":47873,"date":"2022-01-22T15:37:42","date_gmt":"2022-01-22T14:37:42","guid":{"rendered":"https:\/\/demoweb.info\/sexshop001\/producto\/joplin-vibrador-de-silicona-rosa\/"},"modified":"2022-01-22T15:37:47","modified_gmt":"2022-01-22T14:37:47","slug":"joplin-vibrador-de-silicona-rosa","status":"publish","type":"product","link":"https:\/\/demoweb.info\/sexshop001\/producto\/joplin-vibrador-de-silicona-rosa\/","title":{"rendered":"JOPLIN &#8211; VIBRADOR DE SILICONA ROSA"},"content":{"rendered":"<p><strong>JOPLIN &#8211; PINK<\/strong><\/p>\n<p>El Joplin parece llegado directamente de los a\u00f1os 50, pero combina esa apariencia antigua con la tecnolog\u00eda actual. \u00a1Su poderoso motor de 10 velocidades revolucionar\u00e1 tu vida sexual durante la penetraci\u00f3n vaginal o la estimulaci\u00f3n del cl\u00edtoris y, adem\u00e1s, es perfecto para utilizarlo tanto solo como en pareja! El dise\u00f1o en forma de rombo de la superficie te proporcionar\u00e1 un extra de estimulaci\u00f3n mientras que el bot\u00f3n para regular la velocidad, situado en la parte inferior, te permitir\u00e1 manejarlo f\u00e1cil y c\u00f3modamente. \u00a1Carga el Joplin con el cable USB incluido en el envase y prep\u00e1rate para retroceder a los a\u00f1os 50!<\/p>\n<p>Caracter\u00edsticas:<br \/>\n&#8211; Rotaciones por minuto: 9500 RPM<br \/>\n&#8211; Modos de vibraci\u00f3n: 10<br \/>\n&#8211; Nivel de ruido: Max, 55 dB<br \/>\n&#8211; Longitud Total: 17 cm<br \/>\n&#8211; Longitud Insertable: 15,5 cm<br \/>\n&#8211; Di\u00e1metro m\u00e1ximo: 3,1 cm<br \/>\n&#8211; Di\u00e1metro insertable: 2,2 cm<br \/>\n&#8211; Tiempo de carga: 120 minutos<br \/>\n&#8211; Duraci\u00f3n de la bater\u00eda: 120 minutos<br \/>\n&#8211; Material: ABS y Silicona<br \/>\n&#8211; Resistente al agua<br \/>\n&#8211; Sin phalatos<\/p>\n","protected":false},"excerpt":{"rendered":"<p>JOPLIN &#8211; PINK El Joplin parece llegado directamente de los a\u00f1os 50, pero combina esa apariencia antigua con la tecnolog\u00eda<\/p>\n","protected":false},"featured_media":47874,"comment_status":"open","ping_status":"open","template":"","meta":[],"product_cat":[315],"product_tag":[702,302],"class_list":["post-47873","product","type-product","status-publish","has-post-thumbnail","hentry","product_cat-silicona-vibradores-juguetes-xxx","product_tag-retro","product_tag-shots"],"bundled_by":[],"bundle_stock_status":"outofstock","bundle_stock_quantity":0,"bundle_virtual":false,"bundle_layout":"","bundle_add_to_cart_form_location":"","bundle_editable_in_cart":false,"bundle_sold_individually_context":"","bundle_item_grouping":"","bundle_min_size":"","bundle_max_size":"","bundled_items":[],"yoast_head":"<!-- This site is optimized with the Yoast SEO plugin v20.6 - https:\/\/yoast.com\/wordpress\/plugins\/seo\/ -->\n<title>JOPLIN - VIBRADOR DE SILICONA ROSA - Tienda Er\u00f3tica<\/title>\n<meta name=\"robots\" content=\"noindex, follow, max-snippet:-1, max-image-preview:large, max-video-preview:-1\" \/>\n<meta property=\"og:locale\" content=\"es_ES\" \/>\n<meta property=\"og:type\" content=\"article\" \/>\n<meta property=\"og:title\" content=\"JOPLIN - VIBRADOR DE SILICONA ROSA - Tienda Er\u00f3tica\" \/>\n<meta property=\"og:description\" content=\"JOPLIN &#8211; PINK El Joplin parece llegado directamente de los a\u00f1os 50, pero combina esa apariencia antigua con la tecnolog\u00eda\" \/>\n<meta property=\"og:url\" content=\"https:\/\/demoweb.info\/sexshop001\/producto\/joplin-vibrador-de-silicona-rosa\/\" \/>\n<meta property=\"og:site_name\" content=\"Tienda Er\u00f3tica\" \/>\n<meta property=\"article:modified_time\" content=\"2022-01-22T14:37:47+00:00\" \/>\n<meta property=\"og:image\" content=\"https:\/\/demoweb.info\/sexshop001\/wp-content\/uploads\/2022\/01\/JOPLIN-VIBRADOR-DE-SILICONA-ROSA.jpg\" \/>\n\t<meta property=\"og:image:width\" content=\"550\" \/>\n\t<meta property=\"og:image:height\" content=\"550\" \/>\n\t<meta property=\"og:image:type\" content=\"image\/jpeg\" \/>\n<meta name=\"twitter:card\" content=\"summary_large_image\" \/>\n<meta name=\"twitter:label1\" content=\"Tiempo de lectura\" \/>\n\t<meta name=\"twitter:data1\" content=\"1 minuto\" \/>\n<script type=\"application\/ld+json\" class=\"yoast-schema-graph\">{\"@context\":\"https:\/\/schema.org\",\"@graph\":[{\"@type\":\"WebPage\",\"@id\":\"https:\/\/demoweb.info\/sexshop001\/producto\/joplin-vibrador-de-silicona-rosa\/\",\"url\":\"https:\/\/demoweb.info\/sexshop001\/producto\/joplin-vibrador-de-silicona-rosa\/\",\"name\":\"JOPLIN - VIBRADOR DE SILICONA ROSA - Tienda Er\u00f3tica\",\"isPartOf\":{\"@id\":\"https:\/\/demoweb.info\/sexshop001\/#website\"},\"datePublished\":\"2022-01-22T14:37:42+00:00\",\"dateModified\":\"2022-01-22T14:37:47+00:00\",\"breadcrumb\":{\"@id\":\"https:\/\/demoweb.info\/sexshop001\/producto\/joplin-vibrador-de-silicona-rosa\/#breadcrumb\"},\"inLanguage\":\"es\",\"potentialAction\":[{\"@type\":\"ReadAction\",\"target\":[\"https:\/\/demoweb.info\/sexshop001\/producto\/joplin-vibrador-de-silicona-rosa\/\"]}]},{\"@type\":\"BreadcrumbList\",\"@id\":\"https:\/\/demoweb.info\/sexshop001\/producto\/joplin-vibrador-de-silicona-rosa\/#breadcrumb\",\"itemListElement\":[{\"@type\":\"ListItem\",\"position\":1,\"name\":\"Portada\",\"item\":\"https:\/\/demoweb.info\/sexshop001\/\"},{\"@type\":\"ListItem\",\"position\":2,\"name\":\"Tienda\",\"item\":\"https:\/\/demoweb.info\/sexshop001\/tienda\/\"},{\"@type\":\"ListItem\",\"position\":3,\"name\":\"JOPLIN &#8211; VIBRADOR DE SILICONA ROSA\"}]},{\"@type\":\"WebSite\",\"@id\":\"https:\/\/demoweb.info\/sexshop001\/#website\",\"url\":\"https:\/\/demoweb.info\/sexshop001\/\",\"name\":\"Tienda Er\u00f3tica\",\"description\":\"DEMOWEB SL\",\"potentialAction\":[{\"@type\":\"SearchAction\",\"target\":{\"@type\":\"EntryPoint\",\"urlTemplate\":\"https:\/\/demoweb.info\/sexshop001\/?s={search_term_string}\"},\"query-input\":\"required name=search_term_string\"}],\"inLanguage\":\"es\"}]}<\/script>\n<!-- \/ Yoast SEO plugin. -->","yoast_head_json":{"title":"JOPLIN - VIBRADOR DE SILICONA ROSA - Tienda Er\u00f3tica","robots":{"index":"noindex","follow":"follow","max-snippet":"max-snippet:-1","max-image-preview":"max-image-preview:large","max-video-preview":"max-video-preview:-1"},"og_locale":"es_ES","og_type":"article","og_title":"JOPLIN - VIBRADOR DE SILICONA ROSA - Tienda Er\u00f3tica","og_description":"JOPLIN &#8211; PINK El Joplin parece llegado directamente de los a\u00f1os 50, pero combina esa apariencia antigua con la tecnolog\u00eda","og_url":"https:\/\/demoweb.info\/sexshop001\/producto\/joplin-vibrador-de-silicona-rosa\/","og_site_name":"Tienda Er\u00f3tica","article_modified_time":"2022-01-22T14:37:47+00:00","og_image":[{"width":550,"height":550,"url":"https:\/\/demoweb.info\/sexshop001\/wp-content\/uploads\/2022\/01\/JOPLIN-VIBRADOR-DE-SILICONA-ROSA.jpg","type":"image\/jpeg"}],"twitter_card":"summary_large_image","twitter_misc":{"Tiempo de lectura":"1 minuto"},"schema":{"@context":"https:\/\/schema.org","@graph":[{"@type":"WebPage","@id":"https:\/\/demoweb.info\/sexshop001\/producto\/joplin-vibrador-de-silicona-rosa\/","url":"https:\/\/demoweb.info\/sexshop001\/producto\/joplin-vibrador-de-silicona-rosa\/","name":"JOPLIN - VIBRADOR DE SILICONA ROSA - Tienda Er\u00f3tica","isPartOf":{"@id":"https:\/\/demoweb.info\/sexshop001\/#website"},"datePublished":"2022-01-22T14:37:42+00:00","dateModified":"2022-01-22T14:37:47+00:00","breadcrumb":{"@id":"https:\/\/demoweb.info\/sexshop001\/producto\/joplin-vibrador-de-silicona-rosa\/#breadcrumb"},"inLanguage":"es","potentialAction":[{"@type":"ReadAction","target":["https:\/\/demoweb.info\/sexshop001\/producto\/joplin-vibrador-de-silicona-rosa\/"]}]},{"@type":"BreadcrumbList","@id":"https:\/\/demoweb.info\/sexshop001\/producto\/joplin-vibrador-de-silicona-rosa\/#breadcrumb","itemListElement":[{"@type":"ListItem","position":1,"name":"Portada","item":"https:\/\/demoweb.info\/sexshop001\/"},{"@type":"ListItem","position":2,"name":"Tienda","item":"https:\/\/demoweb.info\/sexshop001\/tienda\/"},{"@type":"ListItem","position":3,"name":"JOPLIN &#8211; VIBRADOR DE SILICONA ROSA"}]},{"@type":"WebSite","@id":"https:\/\/demoweb.info\/sexshop001\/#website","url":"https:\/\/demoweb.info\/sexshop001\/","name":"Tienda Er\u00f3tica","description":"DEMOWEB SL","potentialAction":[{"@type":"SearchAction","target":{"@type":"EntryPoint","urlTemplate":"https:\/\/demoweb.info\/sexshop001\/?s={search_term_string}"},"query-input":"required name=search_term_string"}],"inLanguage":"es"}]}},"_links":{"self":[{"href":"https:\/\/demoweb.info\/sexshop001\/wp-json\/wp\/v3\/product\/47873","targetHints":{"allow":["GET"]}}],"collection":[{"href":"https:\/\/demoweb.info\/sexshop001\/wp-json\/wp\/v3\/product"}],"about":[{"href":"https:\/\/demoweb.info\/sexshop001\/wp-json\/wp\/v2\/types\/product"}],"replies":[{"embeddable":true,"href":"https:\/\/demoweb.info\/sexshop001\/wp-json\/wp\/v2\/comments?post=47873"}],"wp:featuredmedia":[{"embeddable":true,"href":"https:\/\/demoweb.info\/sexshop001\/wp-json\/wp\/v2\/media\/47874"}],"wp:attachment":[{"href":"https:\/\/demoweb.info\/sexshop001\/wp-json\/wp\/v2\/media?parent=47873"}],"wp:term":[{"taxonomy":"product_cat","embeddable":true,"href":"https:\/\/demoweb.info\/sexshop001\/wp-json\/wp\/v2\/product_cat?post=47873"},{"taxonomy":"product_tag","embeddable":true,"href":"https:\/\/demoweb.info\/sexshop001\/wp-json\/wp\/v2\/product_tag?post=47873"}],"curies":[{"name":"wp","href":"https:\/\/api.w.org\/{rel}","templated":true}]}}