{"id":47805,"date":"2022-01-22T15:36:39","date_gmt":"2022-01-22T14:36:39","guid":{"rendered":"https:\/\/demoweb.info\/sexshop001\/producto\/super-suckers-succionador-pezones\/"},"modified":"2022-01-22T15:37:02","modified_gmt":"2022-01-22T14:37:02","slug":"super-suckers-succionador-pezones","status":"publish","type":"product","link":"https:\/\/demoweb.info\/sexshop001\/producto\/super-suckers-succionador-pezones\/","title":{"rendered":"SUPER SUCKERS &#8211; SUCCIONADOR PEZONES"},"content":{"rendered":"<p><strong>SUPER SUCKERS <\/strong><\/p>\n<p>\u00a1Haz que tus pezones se animen con placer con los Super Suckers de Fetish Fantasy! Con algunas vueltas del dial de la bomba, estos incre\u00edbles succionadores crean un vac\u00edo intenso que aumenta el flujo sangu\u00edneo y hace que tus pezones sean m\u00e1s grandes y m\u00e1s sensibles que nunca.<\/p>\n<p>La potente acci\u00f3n de succi\u00f3n aumenta con cada giro, haciendo que tus pezones y aureola se hinchen con satisfacci\u00f3n con cada giro del dial. Ambos miembros de la pareja adorar\u00e1n el aspecto y la sensaci\u00f3n de tus pezones hinchados, y te encantar\u00e1 el aumento de sensibilidad y sensaciones. Tus pezones se mantendr\u00e1n firmes y alerta durante horas despu\u00e9s, haciendo el contacto \u00edntimo m\u00e1s agradable que nunca.<\/p><\/p>\n","protected":false},"excerpt":{"rendered":"<p>SUPER SUCKERS \u00a1Haz que tus pezones se animen con placer con los Super Suckers de Fetish Fantasy! Con algunas vueltas<\/p>\n","protected":false},"featured_media":47806,"comment_status":"open","ping_status":"open","template":"","meta":[],"product_cat":[488],"product_tag":[841,259],"class_list":["post-47805","product","type-product","status-publish","has-post-thumbnail","hentry","product_cat-pezones","product_tag-fetish-fantasy-limited-edition","product_tag-pipedream"],"bundled_by":[],"bundle_stock_status":"instock","bundle_stock_quantity":5,"bundle_virtual":false,"bundle_layout":"","bundle_add_to_cart_form_location":"","bundle_editable_in_cart":false,"bundle_sold_individually_context":"","bundle_item_grouping":"","bundle_min_size":"","bundle_max_size":"","bundled_items":[],"yoast_head":"<!-- This site is optimized with the Yoast SEO plugin v20.6 - https:\/\/yoast.com\/wordpress\/plugins\/seo\/ -->\n<title>SUPER SUCKERS - SUCCIONADOR PEZONES - Tienda Er\u00f3tica<\/title>\n<meta name=\"robots\" content=\"noindex, follow, max-snippet:-1, max-image-preview:large, max-video-preview:-1\" \/>\n<meta property=\"og:locale\" content=\"es_ES\" \/>\n<meta property=\"og:type\" content=\"article\" \/>\n<meta property=\"og:title\" content=\"SUPER SUCKERS - SUCCIONADOR PEZONES - Tienda Er\u00f3tica\" \/>\n<meta property=\"og:description\" content=\"SUPER SUCKERS \u00a1Haz que tus pezones se animen con placer con los Super Suckers de Fetish Fantasy! Con algunas vueltas\" \/>\n<meta property=\"og:url\" content=\"https:\/\/demoweb.info\/sexshop001\/producto\/super-suckers-succionador-pezones\/\" \/>\n<meta property=\"og:site_name\" content=\"Tienda Er\u00f3tica\" \/>\n<meta property=\"article:modified_time\" content=\"2022-01-22T14:37:02+00:00\" \/>\n<meta property=\"og:image\" content=\"https:\/\/demoweb.info\/sexshop001\/wp-content\/uploads\/2022\/01\/SUPER-SUCKERS-SUCCIONADOR-PEZONES.jpg\" \/>\n\t<meta property=\"og:image:width\" content=\"550\" \/>\n\t<meta property=\"og:image:height\" content=\"550\" \/>\n\t<meta property=\"og:image:type\" content=\"image\/jpeg\" \/>\n<meta name=\"twitter:card\" content=\"summary_large_image\" \/>\n<meta name=\"twitter:label1\" content=\"Tiempo de lectura\" \/>\n\t<meta name=\"twitter:data1\" content=\"1 minuto\" \/>\n<script type=\"application\/ld+json\" class=\"yoast-schema-graph\">{\"@context\":\"https:\/\/schema.org\",\"@graph\":[{\"@type\":\"WebPage\",\"@id\":\"https:\/\/demoweb.info\/sexshop001\/producto\/super-suckers-succionador-pezones\/\",\"url\":\"https:\/\/demoweb.info\/sexshop001\/producto\/super-suckers-succionador-pezones\/\",\"name\":\"SUPER SUCKERS - SUCCIONADOR PEZONES - Tienda Er\u00f3tica\",\"isPartOf\":{\"@id\":\"https:\/\/demoweb.info\/sexshop001\/#website\"},\"datePublished\":\"2022-01-22T14:36:39+00:00\",\"dateModified\":\"2022-01-22T14:37:02+00:00\",\"breadcrumb\":{\"@id\":\"https:\/\/demoweb.info\/sexshop001\/producto\/super-suckers-succionador-pezones\/#breadcrumb\"},\"inLanguage\":\"es\",\"potentialAction\":[{\"@type\":\"ReadAction\",\"target\":[\"https:\/\/demoweb.info\/sexshop001\/producto\/super-suckers-succionador-pezones\/\"]}]},{\"@type\":\"BreadcrumbList\",\"@id\":\"https:\/\/demoweb.info\/sexshop001\/producto\/super-suckers-succionador-pezones\/#breadcrumb\",\"itemListElement\":[{\"@type\":\"ListItem\",\"position\":1,\"name\":\"Portada\",\"item\":\"https:\/\/demoweb.info\/sexshop001\/\"},{\"@type\":\"ListItem\",\"position\":2,\"name\":\"Tienda\",\"item\":\"https:\/\/demoweb.info\/sexshop001\/tienda\/\"},{\"@type\":\"ListItem\",\"position\":3,\"name\":\"SUPER SUCKERS &#8211; SUCCIONADOR PEZONES\"}]},{\"@type\":\"WebSite\",\"@id\":\"https:\/\/demoweb.info\/sexshop001\/#website\",\"url\":\"https:\/\/demoweb.info\/sexshop001\/\",\"name\":\"Tienda Er\u00f3tica\",\"description\":\"DEMOWEB SL\",\"potentialAction\":[{\"@type\":\"SearchAction\",\"target\":{\"@type\":\"EntryPoint\",\"urlTemplate\":\"https:\/\/demoweb.info\/sexshop001\/?s={search_term_string}\"},\"query-input\":\"required name=search_term_string\"}],\"inLanguage\":\"es\"}]}<\/script>\n<!-- \/ Yoast SEO plugin. -->","yoast_head_json":{"title":"SUPER SUCKERS - SUCCIONADOR PEZONES - Tienda Er\u00f3tica","robots":{"index":"noindex","follow":"follow","max-snippet":"max-snippet:-1","max-image-preview":"max-image-preview:large","max-video-preview":"max-video-preview:-1"},"og_locale":"es_ES","og_type":"article","og_title":"SUPER SUCKERS - SUCCIONADOR PEZONES - Tienda Er\u00f3tica","og_description":"SUPER SUCKERS \u00a1Haz que tus pezones se animen con placer con los Super Suckers de Fetish Fantasy! Con algunas vueltas","og_url":"https:\/\/demoweb.info\/sexshop001\/producto\/super-suckers-succionador-pezones\/","og_site_name":"Tienda Er\u00f3tica","article_modified_time":"2022-01-22T14:37:02+00:00","og_image":[{"width":550,"height":550,"url":"https:\/\/demoweb.info\/sexshop001\/wp-content\/uploads\/2022\/01\/SUPER-SUCKERS-SUCCIONADOR-PEZONES.jpg","type":"image\/jpeg"}],"twitter_card":"summary_large_image","twitter_misc":{"Tiempo de lectura":"1 minuto"},"schema":{"@context":"https:\/\/schema.org","@graph":[{"@type":"WebPage","@id":"https:\/\/demoweb.info\/sexshop001\/producto\/super-suckers-succionador-pezones\/","url":"https:\/\/demoweb.info\/sexshop001\/producto\/super-suckers-succionador-pezones\/","name":"SUPER SUCKERS - SUCCIONADOR PEZONES - Tienda Er\u00f3tica","isPartOf":{"@id":"https:\/\/demoweb.info\/sexshop001\/#website"},"datePublished":"2022-01-22T14:36:39+00:00","dateModified":"2022-01-22T14:37:02+00:00","breadcrumb":{"@id":"https:\/\/demoweb.info\/sexshop001\/producto\/super-suckers-succionador-pezones\/#breadcrumb"},"inLanguage":"es","potentialAction":[{"@type":"ReadAction","target":["https:\/\/demoweb.info\/sexshop001\/producto\/super-suckers-succionador-pezones\/"]}]},{"@type":"BreadcrumbList","@id":"https:\/\/demoweb.info\/sexshop001\/producto\/super-suckers-succionador-pezones\/#breadcrumb","itemListElement":[{"@type":"ListItem","position":1,"name":"Portada","item":"https:\/\/demoweb.info\/sexshop001\/"},{"@type":"ListItem","position":2,"name":"Tienda","item":"https:\/\/demoweb.info\/sexshop001\/tienda\/"},{"@type":"ListItem","position":3,"name":"SUPER SUCKERS &#8211; SUCCIONADOR PEZONES"}]},{"@type":"WebSite","@id":"https:\/\/demoweb.info\/sexshop001\/#website","url":"https:\/\/demoweb.info\/sexshop001\/","name":"Tienda Er\u00f3tica","description":"DEMOWEB SL","potentialAction":[{"@type":"SearchAction","target":{"@type":"EntryPoint","urlTemplate":"https:\/\/demoweb.info\/sexshop001\/?s={search_term_string}"},"query-input":"required name=search_term_string"}],"inLanguage":"es"}]}},"_links":{"self":[{"href":"https:\/\/demoweb.info\/sexshop001\/wp-json\/wp\/v3\/product\/47805","targetHints":{"allow":["GET"]}}],"collection":[{"href":"https:\/\/demoweb.info\/sexshop001\/wp-json\/wp\/v3\/product"}],"about":[{"href":"https:\/\/demoweb.info\/sexshop001\/wp-json\/wp\/v2\/types\/product"}],"replies":[{"embeddable":true,"href":"https:\/\/demoweb.info\/sexshop001\/wp-json\/wp\/v2\/comments?post=47805"}],"wp:featuredmedia":[{"embeddable":true,"href":"https:\/\/demoweb.info\/sexshop001\/wp-json\/wp\/v2\/media\/47806"}],"wp:attachment":[{"href":"https:\/\/demoweb.info\/sexshop001\/wp-json\/wp\/v2\/media?parent=47805"}],"wp:term":[{"taxonomy":"product_cat","embeddable":true,"href":"https:\/\/demoweb.info\/sexshop001\/wp-json\/wp\/v2\/product_cat?post=47805"},{"taxonomy":"product_tag","embeddable":true,"href":"https:\/\/demoweb.info\/sexshop001\/wp-json\/wp\/v2\/product_tag?post=47805"}],"curies":[{"name":"wp","href":"https:\/\/api.w.org\/{rel}","templated":true}]}}