{"id":47750,"date":"2022-01-22T15:36:18","date_gmt":"2022-01-22T14:36:18","guid":{"rendered":"https:\/\/demoweb.info\/sexshop001\/producto\/sono-no-45-anillo-para-pene-y-testiculos-negro\/"},"modified":"2022-01-22T15:36:25","modified_gmt":"2022-01-22T14:36:25","slug":"sono-no-45-anillo-para-pene-y-testiculos-negro","status":"publish","type":"product","link":"https:\/\/demoweb.info\/sexshop001\/producto\/sono-no-45-anillo-para-pene-y-testiculos-negro\/","title":{"rendered":"SONO No. 45 ANILLO PARA PENE Y TEST\u00cdCULOS &#8211; NEGRO"},"content":{"rendered":"<p><strong>NO.45 &#8211; COCKRING WITH BALL STRAP &#8211; BLACK<\/strong><\/p>\n<p>\u00bfEst\u00e1s listo para un poco de placer extremo? \u00a1Entonces tienes que probar este anillo con correa para los test\u00edculos! Este art\u00edculo lograr\u00e1 que tu pene est\u00e9 duro como una piedra, adem\u00e1s de proporcionar un agarre firme alrededor del escroto y de evitar la eyaculaci\u00f3n precoz.<\/p>\n<p>Te encantar\u00e1 el dise\u00f1o sencillo de este anillo y se ajustar\u00e1 con rapidez a tu temperatura corporal gracias al material de TPE a utilizado para su fabricaci\u00f3n. \u00a1Est\u00e1 disponible en dos colores diferentes: negro y transl\u00facido!<\/p>\n<p>Medidas:<\/p>\n<ul>\n<li>Largo: 6,1 cm<\/li>\n<li>Di\u00e1metro Interior: 3 cm<\/li>\n<\/ul>\n","protected":false},"excerpt":{"rendered":"<p>NO.45 &#8211; COCKRING WITH BALL STRAP &#8211; BLACK \u00bfEst\u00e1s listo para un poco de placer extremo? \u00a1Entonces tienes que probar<\/p>\n","protected":false},"featured_media":47751,"comment_status":"open","ping_status":"open","template":"","meta":[],"product_cat":[1239],"product_tag":[302,312],"class_list":["post-47750","product","type-product","status-publish","has-post-thumbnail","hentry","product_cat-arneses-accesorios-pene-bdsm","product_tag-shots","product_tag-sono"],"bundled_by":[],"bundle_stock_status":"outofstock","bundle_stock_quantity":0,"bundle_virtual":false,"bundle_layout":"","bundle_add_to_cart_form_location":"","bundle_editable_in_cart":false,"bundle_sold_individually_context":"","bundle_item_grouping":"","bundle_min_size":"","bundle_max_size":"","bundled_items":[],"yoast_head":"<!-- This site is optimized with the Yoast SEO plugin v20.6 - https:\/\/yoast.com\/wordpress\/plugins\/seo\/ -->\n<title>SONO No. 45 ANILLO PARA PENE Y TEST\u00cdCULOS - NEGRO - Tienda Er\u00f3tica<\/title>\n<meta name=\"robots\" content=\"noindex, follow, max-snippet:-1, max-image-preview:large, max-video-preview:-1\" \/>\n<meta property=\"og:locale\" content=\"es_ES\" \/>\n<meta property=\"og:type\" content=\"article\" \/>\n<meta property=\"og:title\" content=\"SONO No. 45 ANILLO PARA PENE Y TEST\u00cdCULOS - NEGRO - Tienda Er\u00f3tica\" \/>\n<meta property=\"og:description\" content=\"NO.45 &#8211; COCKRING WITH BALL STRAP &#8211; BLACK \u00bfEst\u00e1s listo para un poco de placer extremo? \u00a1Entonces tienes que probar\" \/>\n<meta property=\"og:url\" content=\"https:\/\/demoweb.info\/sexshop001\/producto\/sono-no-45-anillo-para-pene-y-testiculos-negro\/\" \/>\n<meta property=\"og:site_name\" content=\"Tienda Er\u00f3tica\" \/>\n<meta property=\"article:modified_time\" content=\"2022-01-22T14:36:25+00:00\" \/>\n<meta property=\"og:image\" content=\"https:\/\/demoweb.info\/sexshop001\/wp-content\/uploads\/2022\/01\/SONO-No.-45-ANILLO-PARA-PENE-Y-TESTICULOS-NEGRO.jpg\" \/>\n\t<meta property=\"og:image:width\" content=\"550\" \/>\n\t<meta property=\"og:image:height\" content=\"550\" \/>\n\t<meta property=\"og:image:type\" content=\"image\/jpeg\" \/>\n<meta name=\"twitter:card\" content=\"summary_large_image\" \/>\n<meta name=\"twitter:label1\" content=\"Tiempo de lectura\" \/>\n\t<meta name=\"twitter:data1\" content=\"1 minuto\" \/>\n<script type=\"application\/ld+json\" class=\"yoast-schema-graph\">{\"@context\":\"https:\/\/schema.org\",\"@graph\":[{\"@type\":\"WebPage\",\"@id\":\"https:\/\/demoweb.info\/sexshop001\/producto\/sono-no-45-anillo-para-pene-y-testiculos-negro\/\",\"url\":\"https:\/\/demoweb.info\/sexshop001\/producto\/sono-no-45-anillo-para-pene-y-testiculos-negro\/\",\"name\":\"SONO No. 45 ANILLO PARA PENE Y TEST\u00cdCULOS - NEGRO - Tienda Er\u00f3tica\",\"isPartOf\":{\"@id\":\"https:\/\/demoweb.info\/sexshop001\/#website\"},\"datePublished\":\"2022-01-22T14:36:18+00:00\",\"dateModified\":\"2022-01-22T14:36:25+00:00\",\"breadcrumb\":{\"@id\":\"https:\/\/demoweb.info\/sexshop001\/producto\/sono-no-45-anillo-para-pene-y-testiculos-negro\/#breadcrumb\"},\"inLanguage\":\"es\",\"potentialAction\":[{\"@type\":\"ReadAction\",\"target\":[\"https:\/\/demoweb.info\/sexshop001\/producto\/sono-no-45-anillo-para-pene-y-testiculos-negro\/\"]}]},{\"@type\":\"BreadcrumbList\",\"@id\":\"https:\/\/demoweb.info\/sexshop001\/producto\/sono-no-45-anillo-para-pene-y-testiculos-negro\/#breadcrumb\",\"itemListElement\":[{\"@type\":\"ListItem\",\"position\":1,\"name\":\"Portada\",\"item\":\"https:\/\/demoweb.info\/sexshop001\/\"},{\"@type\":\"ListItem\",\"position\":2,\"name\":\"Tienda\",\"item\":\"https:\/\/demoweb.info\/sexshop001\/tienda\/\"},{\"@type\":\"ListItem\",\"position\":3,\"name\":\"SONO No. 45 ANILLO PARA PENE Y TEST\u00cdCULOS &#8211; NEGRO\"}]},{\"@type\":\"WebSite\",\"@id\":\"https:\/\/demoweb.info\/sexshop001\/#website\",\"url\":\"https:\/\/demoweb.info\/sexshop001\/\",\"name\":\"Tienda Er\u00f3tica\",\"description\":\"DEMOWEB SL\",\"potentialAction\":[{\"@type\":\"SearchAction\",\"target\":{\"@type\":\"EntryPoint\",\"urlTemplate\":\"https:\/\/demoweb.info\/sexshop001\/?s={search_term_string}\"},\"query-input\":\"required name=search_term_string\"}],\"inLanguage\":\"es\"}]}<\/script>\n<!-- \/ Yoast SEO plugin. -->","yoast_head_json":{"title":"SONO No. 45 ANILLO PARA PENE Y TEST\u00cdCULOS - NEGRO - Tienda Er\u00f3tica","robots":{"index":"noindex","follow":"follow","max-snippet":"max-snippet:-1","max-image-preview":"max-image-preview:large","max-video-preview":"max-video-preview:-1"},"og_locale":"es_ES","og_type":"article","og_title":"SONO No. 45 ANILLO PARA PENE Y TEST\u00cdCULOS - NEGRO - Tienda Er\u00f3tica","og_description":"NO.45 &#8211; COCKRING WITH BALL STRAP &#8211; BLACK \u00bfEst\u00e1s listo para un poco de placer extremo? \u00a1Entonces tienes que probar","og_url":"https:\/\/demoweb.info\/sexshop001\/producto\/sono-no-45-anillo-para-pene-y-testiculos-negro\/","og_site_name":"Tienda Er\u00f3tica","article_modified_time":"2022-01-22T14:36:25+00:00","og_image":[{"width":550,"height":550,"url":"https:\/\/demoweb.info\/sexshop001\/wp-content\/uploads\/2022\/01\/SONO-No.-45-ANILLO-PARA-PENE-Y-TESTICULOS-NEGRO.jpg","type":"image\/jpeg"}],"twitter_card":"summary_large_image","twitter_misc":{"Tiempo de lectura":"1 minuto"},"schema":{"@context":"https:\/\/schema.org","@graph":[{"@type":"WebPage","@id":"https:\/\/demoweb.info\/sexshop001\/producto\/sono-no-45-anillo-para-pene-y-testiculos-negro\/","url":"https:\/\/demoweb.info\/sexshop001\/producto\/sono-no-45-anillo-para-pene-y-testiculos-negro\/","name":"SONO No. 45 ANILLO PARA PENE Y TEST\u00cdCULOS - NEGRO - Tienda Er\u00f3tica","isPartOf":{"@id":"https:\/\/demoweb.info\/sexshop001\/#website"},"datePublished":"2022-01-22T14:36:18+00:00","dateModified":"2022-01-22T14:36:25+00:00","breadcrumb":{"@id":"https:\/\/demoweb.info\/sexshop001\/producto\/sono-no-45-anillo-para-pene-y-testiculos-negro\/#breadcrumb"},"inLanguage":"es","potentialAction":[{"@type":"ReadAction","target":["https:\/\/demoweb.info\/sexshop001\/producto\/sono-no-45-anillo-para-pene-y-testiculos-negro\/"]}]},{"@type":"BreadcrumbList","@id":"https:\/\/demoweb.info\/sexshop001\/producto\/sono-no-45-anillo-para-pene-y-testiculos-negro\/#breadcrumb","itemListElement":[{"@type":"ListItem","position":1,"name":"Portada","item":"https:\/\/demoweb.info\/sexshop001\/"},{"@type":"ListItem","position":2,"name":"Tienda","item":"https:\/\/demoweb.info\/sexshop001\/tienda\/"},{"@type":"ListItem","position":3,"name":"SONO No. 45 ANILLO PARA PENE Y TEST\u00cdCULOS &#8211; NEGRO"}]},{"@type":"WebSite","@id":"https:\/\/demoweb.info\/sexshop001\/#website","url":"https:\/\/demoweb.info\/sexshop001\/","name":"Tienda Er\u00f3tica","description":"DEMOWEB SL","potentialAction":[{"@type":"SearchAction","target":{"@type":"EntryPoint","urlTemplate":"https:\/\/demoweb.info\/sexshop001\/?s={search_term_string}"},"query-input":"required name=search_term_string"}],"inLanguage":"es"}]}},"_links":{"self":[{"href":"https:\/\/demoweb.info\/sexshop001\/wp-json\/wp\/v3\/product\/47750","targetHints":{"allow":["GET"]}}],"collection":[{"href":"https:\/\/demoweb.info\/sexshop001\/wp-json\/wp\/v3\/product"}],"about":[{"href":"https:\/\/demoweb.info\/sexshop001\/wp-json\/wp\/v2\/types\/product"}],"replies":[{"embeddable":true,"href":"https:\/\/demoweb.info\/sexshop001\/wp-json\/wp\/v2\/comments?post=47750"}],"wp:featuredmedia":[{"embeddable":true,"href":"https:\/\/demoweb.info\/sexshop001\/wp-json\/wp\/v2\/media\/47751"}],"wp:attachment":[{"href":"https:\/\/demoweb.info\/sexshop001\/wp-json\/wp\/v2\/media?parent=47750"}],"wp:term":[{"taxonomy":"product_cat","embeddable":true,"href":"https:\/\/demoweb.info\/sexshop001\/wp-json\/wp\/v2\/product_cat?post=47750"},{"taxonomy":"product_tag","embeddable":true,"href":"https:\/\/demoweb.info\/sexshop001\/wp-json\/wp\/v2\/product_tag?post=47750"}],"curies":[{"name":"wp","href":"https:\/\/api.w.org\/{rel}","templated":true}]}}