{"id":47708,"date":"2022-01-22T15:35:52","date_gmt":"2022-01-22T14:35:52","guid":{"rendered":"https:\/\/demoweb.info\/sexshop001\/producto\/sono-no-51-dilatador-anal-grande-12-cm-transparente\/"},"modified":"2022-01-22T15:35:58","modified_gmt":"2022-01-22T14:35:58","slug":"sono-no-51-dilatador-anal-grande-12-cm-transparente","status":"publish","type":"product","link":"https:\/\/demoweb.info\/sexshop001\/producto\/sono-no-51-dilatador-anal-grande-12-cm-transparente\/","title":{"rendered":"SONO NO.51 &#8211; DILATADOR ANAL GRANDE &#8211; 12 CM &#8211; TRANSPARENTE"},"content":{"rendered":"<p><strong>NO.51 &#8211; LARGE HOLLOW TUNNEL BUTT PLUG &#8211; 5 INCH &#8211; TRANSLUCENT<\/strong><\/p>\n<p>El dilatador anal abrir\u00e1 un nuevo abanico de posibilidades dentro de tu vida sexual. El tap\u00f3n anal incorpora tres anillos diferentes. \u00a1Comienza con el m\u00e1s peque\u00f1o y se va ensanchando cuanto m\u00e1s adentro lo introduzcas! \u00a1El tubo hueco te permite combinar este tap\u00f3n anal de distintas maneras!<\/p>\n<p>Cuando hayas insertado el tap\u00f3n puedes introducir vibradores, lubricantes o cualquier otro objeto que te guste por el orificio. El tap\u00f3n tiene una longitud de 127 mm y un grosor m\u00e1ximo de 71 mm.<\/p>\n<p>Dado que est\u00e1 disponible en tres tama\u00f1os (peque\u00f1o, mediano y grande) es id\u00f3neo tanto para usuarios principiantes como para los m\u00e1s experimentados.<\/p>\n<p>Caracter\u00edsticas<br \/>\n&#8211; Longitud Total: 12,7 cm<br \/>\n&#8211; Di\u00e1metro Total: 8,1 cm<br \/>\n&#8211; Longitud Insertable: 10,8 cm<br \/>\n&#8211; Di\u00e1metro Anillo Peque\u00f1o: 5,2 cm<br \/>\n&#8211; Di\u00e1metro Anillo Mediano: 6,4 cm<br \/>\n&#8211; Di\u00e1metro Anillo Grande: 7,1 cm<br \/>\n&#8211; Di\u00e1metro interior: 2,9 cm<br \/>\n&#8211; Material: TPE<br \/>\n&#8211; Resistente al agua.<br \/>\n&#8211; Sin phalatos.<\/p>\n","protected":false},"excerpt":{"rendered":"<p>NO.51 &#8211; LARGE HOLLOW TUNNEL BUTT PLUG &#8211; 5 INCH &#8211; TRANSLUCENT El dilatador anal abrir\u00e1 un nuevo abanico de<\/p>\n","protected":false},"featured_media":47709,"comment_status":"open","ping_status":"open","template":"","meta":[],"product_cat":[853],"product_tag":[302,312],"class_list":["post-47708","product","type-product","status-publish","has-post-thumbnail","hentry","product_cat-dilatadores","product_tag-shots","product_tag-sono"],"bundled_by":[],"bundle_stock_status":"instock","bundle_stock_quantity":1,"bundle_virtual":false,"bundle_layout":"","bundle_add_to_cart_form_location":"","bundle_editable_in_cart":false,"bundle_sold_individually_context":"","bundle_item_grouping":"","bundle_min_size":"","bundle_max_size":"","bundled_items":[],"yoast_head":"<!-- This site is optimized with the Yoast SEO plugin v20.6 - https:\/\/yoast.com\/wordpress\/plugins\/seo\/ -->\n<title>SONO NO.51 - DILATADOR ANAL GRANDE - 12 CM - TRANSPARENTE - Tienda Er\u00f3tica<\/title>\n<meta name=\"robots\" content=\"noindex, follow, max-snippet:-1, max-image-preview:large, max-video-preview:-1\" \/>\n<meta property=\"og:locale\" content=\"es_ES\" \/>\n<meta property=\"og:type\" content=\"article\" \/>\n<meta property=\"og:title\" content=\"SONO NO.51 - DILATADOR ANAL GRANDE - 12 CM - TRANSPARENTE - Tienda Er\u00f3tica\" \/>\n<meta property=\"og:description\" content=\"NO.51 &#8211; LARGE HOLLOW TUNNEL BUTT PLUG &#8211; 5 INCH &#8211; TRANSLUCENT El dilatador anal abrir\u00e1 un nuevo abanico de\" \/>\n<meta property=\"og:url\" content=\"https:\/\/demoweb.info\/sexshop001\/producto\/sono-no-51-dilatador-anal-grande-12-cm-transparente\/\" \/>\n<meta property=\"og:site_name\" content=\"Tienda Er\u00f3tica\" \/>\n<meta property=\"article:modified_time\" content=\"2022-01-22T14:35:58+00:00\" \/>\n<meta property=\"og:image\" content=\"https:\/\/demoweb.info\/sexshop001\/wp-content\/uploads\/2022\/01\/SONO-NO.51-DILATADOR-ANAL-GRANDE-12-CM-TRANSPARENTE.jpg\" \/>\n\t<meta property=\"og:image:width\" content=\"550\" \/>\n\t<meta property=\"og:image:height\" content=\"550\" \/>\n\t<meta property=\"og:image:type\" content=\"image\/jpeg\" \/>\n<meta name=\"twitter:card\" content=\"summary_large_image\" \/>\n<meta name=\"twitter:label1\" content=\"Tiempo de lectura\" \/>\n\t<meta name=\"twitter:data1\" content=\"1 minuto\" \/>\n<script type=\"application\/ld+json\" class=\"yoast-schema-graph\">{\"@context\":\"https:\/\/schema.org\",\"@graph\":[{\"@type\":\"WebPage\",\"@id\":\"https:\/\/demoweb.info\/sexshop001\/producto\/sono-no-51-dilatador-anal-grande-12-cm-transparente\/\",\"url\":\"https:\/\/demoweb.info\/sexshop001\/producto\/sono-no-51-dilatador-anal-grande-12-cm-transparente\/\",\"name\":\"SONO NO.51 - DILATADOR ANAL GRANDE - 12 CM - TRANSPARENTE - Tienda Er\u00f3tica\",\"isPartOf\":{\"@id\":\"https:\/\/demoweb.info\/sexshop001\/#website\"},\"datePublished\":\"2022-01-22T14:35:52+00:00\",\"dateModified\":\"2022-01-22T14:35:58+00:00\",\"breadcrumb\":{\"@id\":\"https:\/\/demoweb.info\/sexshop001\/producto\/sono-no-51-dilatador-anal-grande-12-cm-transparente\/#breadcrumb\"},\"inLanguage\":\"es\",\"potentialAction\":[{\"@type\":\"ReadAction\",\"target\":[\"https:\/\/demoweb.info\/sexshop001\/producto\/sono-no-51-dilatador-anal-grande-12-cm-transparente\/\"]}]},{\"@type\":\"BreadcrumbList\",\"@id\":\"https:\/\/demoweb.info\/sexshop001\/producto\/sono-no-51-dilatador-anal-grande-12-cm-transparente\/#breadcrumb\",\"itemListElement\":[{\"@type\":\"ListItem\",\"position\":1,\"name\":\"Portada\",\"item\":\"https:\/\/demoweb.info\/sexshop001\/\"},{\"@type\":\"ListItem\",\"position\":2,\"name\":\"Tienda\",\"item\":\"https:\/\/demoweb.info\/sexshop001\/tienda\/\"},{\"@type\":\"ListItem\",\"position\":3,\"name\":\"SONO NO.51 &#8211; DILATADOR ANAL GRANDE &#8211; 12 CM &#8211; TRANSPARENTE\"}]},{\"@type\":\"WebSite\",\"@id\":\"https:\/\/demoweb.info\/sexshop001\/#website\",\"url\":\"https:\/\/demoweb.info\/sexshop001\/\",\"name\":\"Tienda Er\u00f3tica\",\"description\":\"DEMOWEB SL\",\"potentialAction\":[{\"@type\":\"SearchAction\",\"target\":{\"@type\":\"EntryPoint\",\"urlTemplate\":\"https:\/\/demoweb.info\/sexshop001\/?s={search_term_string}\"},\"query-input\":\"required name=search_term_string\"}],\"inLanguage\":\"es\"}]}<\/script>\n<!-- \/ Yoast SEO plugin. -->","yoast_head_json":{"title":"SONO NO.51 - DILATADOR ANAL GRANDE - 12 CM - TRANSPARENTE - Tienda Er\u00f3tica","robots":{"index":"noindex","follow":"follow","max-snippet":"max-snippet:-1","max-image-preview":"max-image-preview:large","max-video-preview":"max-video-preview:-1"},"og_locale":"es_ES","og_type":"article","og_title":"SONO NO.51 - DILATADOR ANAL GRANDE - 12 CM - TRANSPARENTE - Tienda Er\u00f3tica","og_description":"NO.51 &#8211; LARGE HOLLOW TUNNEL BUTT PLUG &#8211; 5 INCH &#8211; TRANSLUCENT El dilatador anal abrir\u00e1 un nuevo abanico de","og_url":"https:\/\/demoweb.info\/sexshop001\/producto\/sono-no-51-dilatador-anal-grande-12-cm-transparente\/","og_site_name":"Tienda Er\u00f3tica","article_modified_time":"2022-01-22T14:35:58+00:00","og_image":[{"width":550,"height":550,"url":"https:\/\/demoweb.info\/sexshop001\/wp-content\/uploads\/2022\/01\/SONO-NO.51-DILATADOR-ANAL-GRANDE-12-CM-TRANSPARENTE.jpg","type":"image\/jpeg"}],"twitter_card":"summary_large_image","twitter_misc":{"Tiempo de lectura":"1 minuto"},"schema":{"@context":"https:\/\/schema.org","@graph":[{"@type":"WebPage","@id":"https:\/\/demoweb.info\/sexshop001\/producto\/sono-no-51-dilatador-anal-grande-12-cm-transparente\/","url":"https:\/\/demoweb.info\/sexshop001\/producto\/sono-no-51-dilatador-anal-grande-12-cm-transparente\/","name":"SONO NO.51 - DILATADOR ANAL GRANDE - 12 CM - TRANSPARENTE - Tienda Er\u00f3tica","isPartOf":{"@id":"https:\/\/demoweb.info\/sexshop001\/#website"},"datePublished":"2022-01-22T14:35:52+00:00","dateModified":"2022-01-22T14:35:58+00:00","breadcrumb":{"@id":"https:\/\/demoweb.info\/sexshop001\/producto\/sono-no-51-dilatador-anal-grande-12-cm-transparente\/#breadcrumb"},"inLanguage":"es","potentialAction":[{"@type":"ReadAction","target":["https:\/\/demoweb.info\/sexshop001\/producto\/sono-no-51-dilatador-anal-grande-12-cm-transparente\/"]}]},{"@type":"BreadcrumbList","@id":"https:\/\/demoweb.info\/sexshop001\/producto\/sono-no-51-dilatador-anal-grande-12-cm-transparente\/#breadcrumb","itemListElement":[{"@type":"ListItem","position":1,"name":"Portada","item":"https:\/\/demoweb.info\/sexshop001\/"},{"@type":"ListItem","position":2,"name":"Tienda","item":"https:\/\/demoweb.info\/sexshop001\/tienda\/"},{"@type":"ListItem","position":3,"name":"SONO NO.51 &#8211; DILATADOR ANAL GRANDE &#8211; 12 CM &#8211; TRANSPARENTE"}]},{"@type":"WebSite","@id":"https:\/\/demoweb.info\/sexshop001\/#website","url":"https:\/\/demoweb.info\/sexshop001\/","name":"Tienda Er\u00f3tica","description":"DEMOWEB SL","potentialAction":[{"@type":"SearchAction","target":{"@type":"EntryPoint","urlTemplate":"https:\/\/demoweb.info\/sexshop001\/?s={search_term_string}"},"query-input":"required name=search_term_string"}],"inLanguage":"es"}]}},"_links":{"self":[{"href":"https:\/\/demoweb.info\/sexshop001\/wp-json\/wp\/v3\/product\/47708","targetHints":{"allow":["GET"]}}],"collection":[{"href":"https:\/\/demoweb.info\/sexshop001\/wp-json\/wp\/v3\/product"}],"about":[{"href":"https:\/\/demoweb.info\/sexshop001\/wp-json\/wp\/v2\/types\/product"}],"replies":[{"embeddable":true,"href":"https:\/\/demoweb.info\/sexshop001\/wp-json\/wp\/v2\/comments?post=47708"}],"wp:featuredmedia":[{"embeddable":true,"href":"https:\/\/demoweb.info\/sexshop001\/wp-json\/wp\/v2\/media\/47709"}],"wp:attachment":[{"href":"https:\/\/demoweb.info\/sexshop001\/wp-json\/wp\/v2\/media?parent=47708"}],"wp:term":[{"taxonomy":"product_cat","embeddable":true,"href":"https:\/\/demoweb.info\/sexshop001\/wp-json\/wp\/v2\/product_cat?post=47708"},{"taxonomy":"product_tag","embeddable":true,"href":"https:\/\/demoweb.info\/sexshop001\/wp-json\/wp\/v2\/product_tag?post=47708"}],"curies":[{"name":"wp","href":"https:\/\/api.w.org\/{rel}","templated":true}]}}