{"id":47644,"date":"2022-01-22T15:34:57","date_gmt":"2022-01-22T14:34:57","guid":{"rendered":"https:\/\/demoweb.info\/sexshop001\/producto\/extase-sensuel-coffret-sensual-de-voyage\/"},"modified":"2022-01-22T15:35:11","modified_gmt":"2022-01-22T14:35:11","slug":"extase-sensuel-coffret-sensual-de-voyage","status":"publish","type":"product","link":"https:\/\/demoweb.info\/sexshop001\/producto\/extase-sensuel-coffret-sensual-de-voyage\/","title":{"rendered":"EXTASE SENSUEL COFFRET SENSUAL DE VOYAGE"},"content":{"rendered":"<p><strong>EXTASE SENSUEL COFFRET SENSUAL DE VOYAGE<\/strong><\/p>\n<p>Incluye:<\/p>\n<ul>\n<li><em>Aceite Hot Oil Fresa<\/em>, con dosificador airless 30ml. Efecto calor al soplar y acariciar, sabor y aroma sensual.<\/li>\n<li><em>Man Climax <\/em>10ml intenso para \u00e9l. Aplicar en las zonas er\u00f3genas externas, intenso efecto fr\u00edo-calor para un placer m\u00e1s intenso.<\/li>\n<li><em>Plaisir pour elle <\/em>10ml intenso para ella. Aplicar en las zonas er\u00f3genas externas, efecto hielo para un placer m\u00e1s intenso.<\/li>\n<li><em>Chocolat Body Paint<\/em> 10ml con Pincel. Vierte, dibuja y escribe sobre el cuerpo de tu pareja y saborea tus fantas\u00edas con el poder afrodisiaco del chocolate.<\/li>\n<li>Pluma para acariciar y cosquillear.<\/li>\n<li>Pr\u00e1ctica bolsita para guardar los productos en su interior.<\/li>\n<\/ul>\n","protected":false},"excerpt":{"rendered":"<p>EXTASE SENSUEL COFFRET SENSUAL DE VOYAGE Incluye: Aceite Hot Oil Fresa, con dosificador airless 30ml. Efecto calor al soplar y<\/p>\n","protected":false},"featured_media":47645,"comment_status":"open","ping_status":"open","template":"","meta":[],"product_cat":[578],"product_tag":[393],"class_list":["post-47644","product","type-product","status-publish","has-post-thumbnail","hentry","product_cat-kits-aceites","product_tag-extase-sensuel"],"bundled_by":[],"bundle_stock_status":"instock","bundle_stock_quantity":9,"bundle_virtual":false,"bundle_layout":"","bundle_add_to_cart_form_location":"","bundle_editable_in_cart":false,"bundle_sold_individually_context":"","bundle_item_grouping":"","bundle_min_size":"","bundle_max_size":"","bundled_items":[],"yoast_head":"<!-- This site is optimized with the Yoast SEO plugin v20.6 - https:\/\/yoast.com\/wordpress\/plugins\/seo\/ -->\n<title>EXTASE SENSUEL COFFRET SENSUAL DE VOYAGE - Tienda Er\u00f3tica<\/title>\n<meta name=\"robots\" content=\"noindex, follow, max-snippet:-1, max-image-preview:large, max-video-preview:-1\" \/>\n<meta property=\"og:locale\" content=\"es_ES\" \/>\n<meta property=\"og:type\" content=\"article\" \/>\n<meta property=\"og:title\" content=\"EXTASE SENSUEL COFFRET SENSUAL DE VOYAGE - Tienda Er\u00f3tica\" \/>\n<meta property=\"og:description\" content=\"EXTASE SENSUEL COFFRET SENSUAL DE VOYAGE Incluye: Aceite Hot Oil Fresa, con dosificador airless 30ml. Efecto calor al soplar y\" \/>\n<meta property=\"og:url\" content=\"https:\/\/demoweb.info\/sexshop001\/producto\/extase-sensuel-coffret-sensual-de-voyage\/\" \/>\n<meta property=\"og:site_name\" content=\"Tienda Er\u00f3tica\" \/>\n<meta property=\"article:modified_time\" content=\"2022-01-22T14:35:11+00:00\" \/>\n<meta property=\"og:image\" content=\"https:\/\/demoweb.info\/sexshop001\/wp-content\/uploads\/2022\/01\/EXTASE-SENSUEL-COFFRET-SENSUAL-DE-VOYAGE.jpg\" \/>\n\t<meta property=\"og:image:width\" content=\"550\" \/>\n\t<meta property=\"og:image:height\" content=\"550\" \/>\n\t<meta property=\"og:image:type\" content=\"image\/jpeg\" \/>\n<meta name=\"twitter:card\" content=\"summary_large_image\" \/>\n<meta name=\"twitter:label1\" content=\"Tiempo de lectura\" \/>\n\t<meta name=\"twitter:data1\" content=\"1 minuto\" \/>\n<script type=\"application\/ld+json\" class=\"yoast-schema-graph\">{\"@context\":\"https:\/\/schema.org\",\"@graph\":[{\"@type\":\"WebPage\",\"@id\":\"https:\/\/demoweb.info\/sexshop001\/producto\/extase-sensuel-coffret-sensual-de-voyage\/\",\"url\":\"https:\/\/demoweb.info\/sexshop001\/producto\/extase-sensuel-coffret-sensual-de-voyage\/\",\"name\":\"EXTASE SENSUEL COFFRET SENSUAL DE VOYAGE - Tienda Er\u00f3tica\",\"isPartOf\":{\"@id\":\"https:\/\/demoweb.info\/sexshop001\/#website\"},\"datePublished\":\"2022-01-22T14:34:57+00:00\",\"dateModified\":\"2022-01-22T14:35:11+00:00\",\"breadcrumb\":{\"@id\":\"https:\/\/demoweb.info\/sexshop001\/producto\/extase-sensuel-coffret-sensual-de-voyage\/#breadcrumb\"},\"inLanguage\":\"es\",\"potentialAction\":[{\"@type\":\"ReadAction\",\"target\":[\"https:\/\/demoweb.info\/sexshop001\/producto\/extase-sensuel-coffret-sensual-de-voyage\/\"]}]},{\"@type\":\"BreadcrumbList\",\"@id\":\"https:\/\/demoweb.info\/sexshop001\/producto\/extase-sensuel-coffret-sensual-de-voyage\/#breadcrumb\",\"itemListElement\":[{\"@type\":\"ListItem\",\"position\":1,\"name\":\"Portada\",\"item\":\"https:\/\/demoweb.info\/sexshop001\/\"},{\"@type\":\"ListItem\",\"position\":2,\"name\":\"Tienda\",\"item\":\"https:\/\/demoweb.info\/sexshop001\/tienda\/\"},{\"@type\":\"ListItem\",\"position\":3,\"name\":\"EXTASE SENSUEL COFFRET SENSUAL DE VOYAGE\"}]},{\"@type\":\"WebSite\",\"@id\":\"https:\/\/demoweb.info\/sexshop001\/#website\",\"url\":\"https:\/\/demoweb.info\/sexshop001\/\",\"name\":\"Tienda Er\u00f3tica\",\"description\":\"DEMOWEB SL\",\"potentialAction\":[{\"@type\":\"SearchAction\",\"target\":{\"@type\":\"EntryPoint\",\"urlTemplate\":\"https:\/\/demoweb.info\/sexshop001\/?s={search_term_string}\"},\"query-input\":\"required name=search_term_string\"}],\"inLanguage\":\"es\"}]}<\/script>\n<!-- \/ Yoast SEO plugin. -->","yoast_head_json":{"title":"EXTASE SENSUEL COFFRET SENSUAL DE VOYAGE - Tienda Er\u00f3tica","robots":{"index":"noindex","follow":"follow","max-snippet":"max-snippet:-1","max-image-preview":"max-image-preview:large","max-video-preview":"max-video-preview:-1"},"og_locale":"es_ES","og_type":"article","og_title":"EXTASE SENSUEL COFFRET SENSUAL DE VOYAGE - Tienda Er\u00f3tica","og_description":"EXTASE SENSUEL COFFRET SENSUAL DE VOYAGE Incluye: Aceite Hot Oil Fresa, con dosificador airless 30ml. Efecto calor al soplar y","og_url":"https:\/\/demoweb.info\/sexshop001\/producto\/extase-sensuel-coffret-sensual-de-voyage\/","og_site_name":"Tienda Er\u00f3tica","article_modified_time":"2022-01-22T14:35:11+00:00","og_image":[{"width":550,"height":550,"url":"https:\/\/demoweb.info\/sexshop001\/wp-content\/uploads\/2022\/01\/EXTASE-SENSUEL-COFFRET-SENSUAL-DE-VOYAGE.jpg","type":"image\/jpeg"}],"twitter_card":"summary_large_image","twitter_misc":{"Tiempo de lectura":"1 minuto"},"schema":{"@context":"https:\/\/schema.org","@graph":[{"@type":"WebPage","@id":"https:\/\/demoweb.info\/sexshop001\/producto\/extase-sensuel-coffret-sensual-de-voyage\/","url":"https:\/\/demoweb.info\/sexshop001\/producto\/extase-sensuel-coffret-sensual-de-voyage\/","name":"EXTASE SENSUEL COFFRET SENSUAL DE VOYAGE - Tienda Er\u00f3tica","isPartOf":{"@id":"https:\/\/demoweb.info\/sexshop001\/#website"},"datePublished":"2022-01-22T14:34:57+00:00","dateModified":"2022-01-22T14:35:11+00:00","breadcrumb":{"@id":"https:\/\/demoweb.info\/sexshop001\/producto\/extase-sensuel-coffret-sensual-de-voyage\/#breadcrumb"},"inLanguage":"es","potentialAction":[{"@type":"ReadAction","target":["https:\/\/demoweb.info\/sexshop001\/producto\/extase-sensuel-coffret-sensual-de-voyage\/"]}]},{"@type":"BreadcrumbList","@id":"https:\/\/demoweb.info\/sexshop001\/producto\/extase-sensuel-coffret-sensual-de-voyage\/#breadcrumb","itemListElement":[{"@type":"ListItem","position":1,"name":"Portada","item":"https:\/\/demoweb.info\/sexshop001\/"},{"@type":"ListItem","position":2,"name":"Tienda","item":"https:\/\/demoweb.info\/sexshop001\/tienda\/"},{"@type":"ListItem","position":3,"name":"EXTASE SENSUEL COFFRET SENSUAL DE VOYAGE"}]},{"@type":"WebSite","@id":"https:\/\/demoweb.info\/sexshop001\/#website","url":"https:\/\/demoweb.info\/sexshop001\/","name":"Tienda Er\u00f3tica","description":"DEMOWEB SL","potentialAction":[{"@type":"SearchAction","target":{"@type":"EntryPoint","urlTemplate":"https:\/\/demoweb.info\/sexshop001\/?s={search_term_string}"},"query-input":"required name=search_term_string"}],"inLanguage":"es"}]}},"_links":{"self":[{"href":"https:\/\/demoweb.info\/sexshop001\/wp-json\/wp\/v3\/product\/47644","targetHints":{"allow":["GET"]}}],"collection":[{"href":"https:\/\/demoweb.info\/sexshop001\/wp-json\/wp\/v3\/product"}],"about":[{"href":"https:\/\/demoweb.info\/sexshop001\/wp-json\/wp\/v2\/types\/product"}],"replies":[{"embeddable":true,"href":"https:\/\/demoweb.info\/sexshop001\/wp-json\/wp\/v2\/comments?post=47644"}],"wp:featuredmedia":[{"embeddable":true,"href":"https:\/\/demoweb.info\/sexshop001\/wp-json\/wp\/v2\/media\/47645"}],"wp:attachment":[{"href":"https:\/\/demoweb.info\/sexshop001\/wp-json\/wp\/v2\/media?parent=47644"}],"wp:term":[{"taxonomy":"product_cat","embeddable":true,"href":"https:\/\/demoweb.info\/sexshop001\/wp-json\/wp\/v2\/product_cat?post=47644"},{"taxonomy":"product_tag","embeddable":true,"href":"https:\/\/demoweb.info\/sexshop001\/wp-json\/wp\/v2\/product_tag?post=47644"}],"curies":[{"name":"wp","href":"https:\/\/api.w.org\/{rel}","templated":true}]}}