{"id":47608,"date":"2022-01-22T15:34:34","date_gmt":"2022-01-22T14:34:34","guid":{"rendered":"https:\/\/demoweb.info\/sexshop001\/producto\/anal-douche-260ml-negro\/"},"modified":"2022-01-22T15:34:47","modified_gmt":"2022-01-22T14:34:47","slug":"anal-douche-260ml-negro","status":"publish","type":"product","link":"https:\/\/demoweb.info\/sexshop001\/producto\/anal-douche-260ml-negro\/","title":{"rendered":"ANAL DOUCHE &#8211; 260ML &#8211; NEGRO"},"content":{"rendered":"<p><strong>ANAL DOUCHE &#8211; 260ML &#8211; BLACK<\/strong><\/p>\n<p>\u00bfTe gusta el sexo anal? Entonces esta ducha anal es un art\u00edculo imprescindible para tu colecci\u00f3n. Util\u00edzalo antes y despu\u00e9s de haber practicado sexo anal para purgar el interior del ano. La ducha anal es un producto manejable con el que puedes purgar tu ano de manera segura y agradable y que puede ser usado tanto por hombres como por mujeres. Rellena el dep\u00f3sito con agua tibia y comprime la bomba para sacar el l\u00edquido. Inserta cuidadosamente la ducha anal en el ano y comprime el dep\u00f3sito hasta que se vac\u00ede por completo. A continuaci\u00f3n, expulsa todo el l\u00edquido fuera del ano. \u00a1Ya has completado la purga anal!<\/p>\n<p>Caracter\u00edsticas:<br \/>\n&#8211; Longitud Total: 21,5 cm<br \/>\n&#8211; Longitud Insertable: 9,4 cm<br \/>\n&#8211; Di\u00e1metro Total: 7,7 cm <br \/>\n&#8211; Di\u00e1metro Insertable: 2,1 cm<br \/>\n&#8211; Volumen Max: 260 ml <br \/>\n&#8211; Material: Silicona<br \/>\n&#8211; Resistente al agua<br \/>\n&#8211; Sin phalatos\n <\/p>\n","protected":false},"excerpt":{"rendered":"<p>ANAL DOUCHE &#8211; 260ML &#8211; BLACK \u00bfTe gusta el sexo anal? Entonces esta ducha anal es un art\u00edculo imprescindible para<\/p>\n","protected":false},"featured_media":47609,"comment_status":"open","ping_status":"open","template":"","meta":[],"product_cat":[558],"product_tag":[307,302],"class_list":["post-47608","product","type-product","status-publish","has-post-thumbnail","hentry","product_cat-enemas","product_tag-ouch","product_tag-shots"],"bundled_by":[],"bundle_stock_status":"instock","bundle_stock_quantity":4,"bundle_virtual":false,"bundle_layout":"","bundle_add_to_cart_form_location":"","bundle_editable_in_cart":false,"bundle_sold_individually_context":"","bundle_item_grouping":"","bundle_min_size":"","bundle_max_size":"","bundled_items":[],"yoast_head":"<!-- This site is optimized with the Yoast SEO plugin v20.6 - https:\/\/yoast.com\/wordpress\/plugins\/seo\/ -->\n<title>ANAL DOUCHE - 260ML - NEGRO - Tienda Er\u00f3tica<\/title>\n<meta name=\"robots\" content=\"noindex, follow, max-snippet:-1, max-image-preview:large, max-video-preview:-1\" \/>\n<meta property=\"og:locale\" content=\"es_ES\" \/>\n<meta property=\"og:type\" content=\"article\" \/>\n<meta property=\"og:title\" content=\"ANAL DOUCHE - 260ML - NEGRO - Tienda Er\u00f3tica\" \/>\n<meta property=\"og:description\" content=\"ANAL DOUCHE &#8211; 260ML &#8211; BLACK \u00bfTe gusta el sexo anal? Entonces esta ducha anal es un art\u00edculo imprescindible para\" \/>\n<meta property=\"og:url\" content=\"https:\/\/demoweb.info\/sexshop001\/producto\/anal-douche-260ml-negro\/\" \/>\n<meta property=\"og:site_name\" content=\"Tienda Er\u00f3tica\" \/>\n<meta property=\"article:modified_time\" content=\"2022-01-22T14:34:47+00:00\" \/>\n<meta property=\"og:image\" content=\"https:\/\/demoweb.info\/sexshop001\/wp-content\/uploads\/2022\/01\/ANAL-DOUCHE-260ML-NEGRO.jpg\" \/>\n\t<meta property=\"og:image:width\" content=\"550\" \/>\n\t<meta property=\"og:image:height\" content=\"550\" \/>\n\t<meta property=\"og:image:type\" content=\"image\/jpeg\" \/>\n<meta name=\"twitter:card\" content=\"summary_large_image\" \/>\n<meta name=\"twitter:label1\" content=\"Tiempo de lectura\" \/>\n\t<meta name=\"twitter:data1\" content=\"1 minuto\" \/>\n<script type=\"application\/ld+json\" class=\"yoast-schema-graph\">{\"@context\":\"https:\/\/schema.org\",\"@graph\":[{\"@type\":\"WebPage\",\"@id\":\"https:\/\/demoweb.info\/sexshop001\/producto\/anal-douche-260ml-negro\/\",\"url\":\"https:\/\/demoweb.info\/sexshop001\/producto\/anal-douche-260ml-negro\/\",\"name\":\"ANAL DOUCHE - 260ML - NEGRO - Tienda Er\u00f3tica\",\"isPartOf\":{\"@id\":\"https:\/\/demoweb.info\/sexshop001\/#website\"},\"datePublished\":\"2022-01-22T14:34:34+00:00\",\"dateModified\":\"2022-01-22T14:34:47+00:00\",\"breadcrumb\":{\"@id\":\"https:\/\/demoweb.info\/sexshop001\/producto\/anal-douche-260ml-negro\/#breadcrumb\"},\"inLanguage\":\"es\",\"potentialAction\":[{\"@type\":\"ReadAction\",\"target\":[\"https:\/\/demoweb.info\/sexshop001\/producto\/anal-douche-260ml-negro\/\"]}]},{\"@type\":\"BreadcrumbList\",\"@id\":\"https:\/\/demoweb.info\/sexshop001\/producto\/anal-douche-260ml-negro\/#breadcrumb\",\"itemListElement\":[{\"@type\":\"ListItem\",\"position\":1,\"name\":\"Portada\",\"item\":\"https:\/\/demoweb.info\/sexshop001\/\"},{\"@type\":\"ListItem\",\"position\":2,\"name\":\"Tienda\",\"item\":\"https:\/\/demoweb.info\/sexshop001\/tienda\/\"},{\"@type\":\"ListItem\",\"position\":3,\"name\":\"ANAL DOUCHE &#8211; 260ML &#8211; NEGRO\"}]},{\"@type\":\"WebSite\",\"@id\":\"https:\/\/demoweb.info\/sexshop001\/#website\",\"url\":\"https:\/\/demoweb.info\/sexshop001\/\",\"name\":\"Tienda Er\u00f3tica\",\"description\":\"DEMOWEB SL\",\"potentialAction\":[{\"@type\":\"SearchAction\",\"target\":{\"@type\":\"EntryPoint\",\"urlTemplate\":\"https:\/\/demoweb.info\/sexshop001\/?s={search_term_string}\"},\"query-input\":\"required name=search_term_string\"}],\"inLanguage\":\"es\"}]}<\/script>\n<!-- \/ Yoast SEO plugin. -->","yoast_head_json":{"title":"ANAL DOUCHE - 260ML - NEGRO - Tienda Er\u00f3tica","robots":{"index":"noindex","follow":"follow","max-snippet":"max-snippet:-1","max-image-preview":"max-image-preview:large","max-video-preview":"max-video-preview:-1"},"og_locale":"es_ES","og_type":"article","og_title":"ANAL DOUCHE - 260ML - NEGRO - Tienda Er\u00f3tica","og_description":"ANAL DOUCHE &#8211; 260ML &#8211; BLACK \u00bfTe gusta el sexo anal? Entonces esta ducha anal es un art\u00edculo imprescindible para","og_url":"https:\/\/demoweb.info\/sexshop001\/producto\/anal-douche-260ml-negro\/","og_site_name":"Tienda Er\u00f3tica","article_modified_time":"2022-01-22T14:34:47+00:00","og_image":[{"width":550,"height":550,"url":"https:\/\/demoweb.info\/sexshop001\/wp-content\/uploads\/2022\/01\/ANAL-DOUCHE-260ML-NEGRO.jpg","type":"image\/jpeg"}],"twitter_card":"summary_large_image","twitter_misc":{"Tiempo de lectura":"1 minuto"},"schema":{"@context":"https:\/\/schema.org","@graph":[{"@type":"WebPage","@id":"https:\/\/demoweb.info\/sexshop001\/producto\/anal-douche-260ml-negro\/","url":"https:\/\/demoweb.info\/sexshop001\/producto\/anal-douche-260ml-negro\/","name":"ANAL DOUCHE - 260ML - NEGRO - Tienda Er\u00f3tica","isPartOf":{"@id":"https:\/\/demoweb.info\/sexshop001\/#website"},"datePublished":"2022-01-22T14:34:34+00:00","dateModified":"2022-01-22T14:34:47+00:00","breadcrumb":{"@id":"https:\/\/demoweb.info\/sexshop001\/producto\/anal-douche-260ml-negro\/#breadcrumb"},"inLanguage":"es","potentialAction":[{"@type":"ReadAction","target":["https:\/\/demoweb.info\/sexshop001\/producto\/anal-douche-260ml-negro\/"]}]},{"@type":"BreadcrumbList","@id":"https:\/\/demoweb.info\/sexshop001\/producto\/anal-douche-260ml-negro\/#breadcrumb","itemListElement":[{"@type":"ListItem","position":1,"name":"Portada","item":"https:\/\/demoweb.info\/sexshop001\/"},{"@type":"ListItem","position":2,"name":"Tienda","item":"https:\/\/demoweb.info\/sexshop001\/tienda\/"},{"@type":"ListItem","position":3,"name":"ANAL DOUCHE &#8211; 260ML &#8211; NEGRO"}]},{"@type":"WebSite","@id":"https:\/\/demoweb.info\/sexshop001\/#website","url":"https:\/\/demoweb.info\/sexshop001\/","name":"Tienda Er\u00f3tica","description":"DEMOWEB SL","potentialAction":[{"@type":"SearchAction","target":{"@type":"EntryPoint","urlTemplate":"https:\/\/demoweb.info\/sexshop001\/?s={search_term_string}"},"query-input":"required name=search_term_string"}],"inLanguage":"es"}]}},"_links":{"self":[{"href":"https:\/\/demoweb.info\/sexshop001\/wp-json\/wp\/v3\/product\/47608","targetHints":{"allow":["GET"]}}],"collection":[{"href":"https:\/\/demoweb.info\/sexshop001\/wp-json\/wp\/v3\/product"}],"about":[{"href":"https:\/\/demoweb.info\/sexshop001\/wp-json\/wp\/v2\/types\/product"}],"replies":[{"embeddable":true,"href":"https:\/\/demoweb.info\/sexshop001\/wp-json\/wp\/v2\/comments?post=47608"}],"wp:featuredmedia":[{"embeddable":true,"href":"https:\/\/demoweb.info\/sexshop001\/wp-json\/wp\/v2\/media\/47609"}],"wp:attachment":[{"href":"https:\/\/demoweb.info\/sexshop001\/wp-json\/wp\/v2\/media?parent=47608"}],"wp:term":[{"taxonomy":"product_cat","embeddable":true,"href":"https:\/\/demoweb.info\/sexshop001\/wp-json\/wp\/v2\/product_cat?post=47608"},{"taxonomy":"product_tag","embeddable":true,"href":"https:\/\/demoweb.info\/sexshop001\/wp-json\/wp\/v2\/product_tag?post=47608"}],"curies":[{"name":"wp","href":"https:\/\/api.w.org\/{rel}","templated":true}]}}