{"id":47603,"date":"2022-01-22T15:34:34","date_gmt":"2022-01-22T14:34:34","guid":{"rendered":"https:\/\/demoweb.info\/sexshop001\/producto\/bomba-succion-con-vibracion-negro\/"},"modified":"2022-01-22T15:34:44","modified_gmt":"2022-01-22T14:34:44","slug":"bomba-succion-con-vibracion-negro","status":"publish","type":"product","link":"https:\/\/demoweb.info\/sexshop001\/producto\/bomba-succion-con-vibracion-negro\/","title":{"rendered":"BOMBA SUCCI\u00d3N CON VIBRACI\u00d3N &#8211; NEGRO"},"content":{"rendered":"<p><strong>VIBRATING PUSSY PUMP &#8211; BLACK<\/strong><\/p>\n<p>\u00a1Alcanza el cl\u00edmax con esta bomba de vac\u00edo con vibraci\u00f3n para mujeres! El art\u00edculo incorpora una copa de ABS Plastic que debe colocarse sobre la vulva. \u00a1Cuando aprietas la perilla de inflado, generas un efecto de vac\u00edo que produce sensaciones \u00fanicas! \u00a1Dentro de la copa se encuentra una bala vibradora de 1-speed con filamentos que act\u00faan como un est\u00edmulo extra! Gracias al sistema especial que conecta la bala vibradora con la copa, es posible retirar la bala y utilizar la bomba sin ella.<\/p>\n<p>Caracter\u00edsticas:<br \/>\n&#8211; Longitud: 5 cm <br \/>\n&#8211; Di\u00e1metro: 12,7 cm<br \/>\n&#8211; Longitud del cable: 41 cm <br \/>\n&#8211; Rotaciones por minuto: 12000<br \/>\n&#8211; Velocidades: 1<br \/>\n&#8211; Nivel de ruido: Max, 70 DB<br \/>\n&#8211; Pilas: Incl, 3 x LR44<br \/>\n&#8211; Material: ABS, TPE, Acrylic y PVC<br \/>\n&#8211; Sin phalatos\n <\/p>\n","protected":false},"excerpt":{"rendered":"<p>VIBRATING PUSSY PUMP &#8211; BLACK \u00a1Alcanza el cl\u00edmax con esta bomba de vac\u00edo con vibraci\u00f3n para mujeres! El art\u00edculo incorpora<\/p>\n","protected":false},"featured_media":47604,"comment_status":"open","ping_status":"open","template":"","meta":[],"product_cat":[405],"product_tag":[307,302],"class_list":["post-47603","product","type-product","status-publish","has-post-thumbnail","hentry","product_cat-succionadores","product_tag-ouch","product_tag-shots"],"bundled_by":[],"bundle_stock_status":"outofstock","bundle_stock_quantity":0,"bundle_virtual":false,"bundle_layout":"","bundle_add_to_cart_form_location":"","bundle_editable_in_cart":false,"bundle_sold_individually_context":"","bundle_item_grouping":"","bundle_min_size":"","bundle_max_size":"","bundled_items":[],"yoast_head":"<!-- This site is optimized with the Yoast SEO plugin v20.6 - https:\/\/yoast.com\/wordpress\/plugins\/seo\/ -->\n<title>BOMBA SUCCI\u00d3N CON VIBRACI\u00d3N - NEGRO - Tienda Er\u00f3tica<\/title>\n<meta name=\"robots\" content=\"noindex, follow, max-snippet:-1, max-image-preview:large, max-video-preview:-1\" \/>\n<meta property=\"og:locale\" content=\"es_ES\" \/>\n<meta property=\"og:type\" content=\"article\" \/>\n<meta property=\"og:title\" content=\"BOMBA SUCCI\u00d3N CON VIBRACI\u00d3N - NEGRO - Tienda Er\u00f3tica\" \/>\n<meta property=\"og:description\" content=\"VIBRATING PUSSY PUMP &#8211; BLACK \u00a1Alcanza el cl\u00edmax con esta bomba de vac\u00edo con vibraci\u00f3n para mujeres! El art\u00edculo incorpora\" \/>\n<meta property=\"og:url\" content=\"https:\/\/demoweb.info\/sexshop001\/producto\/bomba-succion-con-vibracion-negro\/\" \/>\n<meta property=\"og:site_name\" content=\"Tienda Er\u00f3tica\" \/>\n<meta property=\"article:modified_time\" content=\"2022-01-22T14:34:44+00:00\" \/>\n<meta property=\"og:image\" content=\"https:\/\/demoweb.info\/sexshop001\/wp-content\/uploads\/2022\/01\/BOMBA-SUCCION-CON-VIBRACION-NEGRO.jpg\" \/>\n\t<meta property=\"og:image:width\" content=\"550\" \/>\n\t<meta property=\"og:image:height\" content=\"550\" \/>\n\t<meta property=\"og:image:type\" content=\"image\/jpeg\" \/>\n<meta name=\"twitter:card\" content=\"summary_large_image\" \/>\n<meta name=\"twitter:label1\" content=\"Tiempo de lectura\" \/>\n\t<meta name=\"twitter:data1\" content=\"1 minuto\" \/>\n<script type=\"application\/ld+json\" class=\"yoast-schema-graph\">{\"@context\":\"https:\/\/schema.org\",\"@graph\":[{\"@type\":\"WebPage\",\"@id\":\"https:\/\/demoweb.info\/sexshop001\/producto\/bomba-succion-con-vibracion-negro\/\",\"url\":\"https:\/\/demoweb.info\/sexshop001\/producto\/bomba-succion-con-vibracion-negro\/\",\"name\":\"BOMBA SUCCI\u00d3N CON VIBRACI\u00d3N - NEGRO - Tienda Er\u00f3tica\",\"isPartOf\":{\"@id\":\"https:\/\/demoweb.info\/sexshop001\/#website\"},\"datePublished\":\"2022-01-22T14:34:34+00:00\",\"dateModified\":\"2022-01-22T14:34:44+00:00\",\"breadcrumb\":{\"@id\":\"https:\/\/demoweb.info\/sexshop001\/producto\/bomba-succion-con-vibracion-negro\/#breadcrumb\"},\"inLanguage\":\"es\",\"potentialAction\":[{\"@type\":\"ReadAction\",\"target\":[\"https:\/\/demoweb.info\/sexshop001\/producto\/bomba-succion-con-vibracion-negro\/\"]}]},{\"@type\":\"BreadcrumbList\",\"@id\":\"https:\/\/demoweb.info\/sexshop001\/producto\/bomba-succion-con-vibracion-negro\/#breadcrumb\",\"itemListElement\":[{\"@type\":\"ListItem\",\"position\":1,\"name\":\"Portada\",\"item\":\"https:\/\/demoweb.info\/sexshop001\/\"},{\"@type\":\"ListItem\",\"position\":2,\"name\":\"Tienda\",\"item\":\"https:\/\/demoweb.info\/sexshop001\/tienda\/\"},{\"@type\":\"ListItem\",\"position\":3,\"name\":\"BOMBA SUCCI\u00d3N CON VIBRACI\u00d3N &#8211; NEGRO\"}]},{\"@type\":\"WebSite\",\"@id\":\"https:\/\/demoweb.info\/sexshop001\/#website\",\"url\":\"https:\/\/demoweb.info\/sexshop001\/\",\"name\":\"Tienda Er\u00f3tica\",\"description\":\"DEMOWEB SL\",\"potentialAction\":[{\"@type\":\"SearchAction\",\"target\":{\"@type\":\"EntryPoint\",\"urlTemplate\":\"https:\/\/demoweb.info\/sexshop001\/?s={search_term_string}\"},\"query-input\":\"required name=search_term_string\"}],\"inLanguage\":\"es\"}]}<\/script>\n<!-- \/ Yoast SEO plugin. -->","yoast_head_json":{"title":"BOMBA SUCCI\u00d3N CON VIBRACI\u00d3N - NEGRO - Tienda Er\u00f3tica","robots":{"index":"noindex","follow":"follow","max-snippet":"max-snippet:-1","max-image-preview":"max-image-preview:large","max-video-preview":"max-video-preview:-1"},"og_locale":"es_ES","og_type":"article","og_title":"BOMBA SUCCI\u00d3N CON VIBRACI\u00d3N - NEGRO - Tienda Er\u00f3tica","og_description":"VIBRATING PUSSY PUMP &#8211; BLACK \u00a1Alcanza el cl\u00edmax con esta bomba de vac\u00edo con vibraci\u00f3n para mujeres! El art\u00edculo incorpora","og_url":"https:\/\/demoweb.info\/sexshop001\/producto\/bomba-succion-con-vibracion-negro\/","og_site_name":"Tienda Er\u00f3tica","article_modified_time":"2022-01-22T14:34:44+00:00","og_image":[{"width":550,"height":550,"url":"https:\/\/demoweb.info\/sexshop001\/wp-content\/uploads\/2022\/01\/BOMBA-SUCCION-CON-VIBRACION-NEGRO.jpg","type":"image\/jpeg"}],"twitter_card":"summary_large_image","twitter_misc":{"Tiempo de lectura":"1 minuto"},"schema":{"@context":"https:\/\/schema.org","@graph":[{"@type":"WebPage","@id":"https:\/\/demoweb.info\/sexshop001\/producto\/bomba-succion-con-vibracion-negro\/","url":"https:\/\/demoweb.info\/sexshop001\/producto\/bomba-succion-con-vibracion-negro\/","name":"BOMBA SUCCI\u00d3N CON VIBRACI\u00d3N - NEGRO - Tienda Er\u00f3tica","isPartOf":{"@id":"https:\/\/demoweb.info\/sexshop001\/#website"},"datePublished":"2022-01-22T14:34:34+00:00","dateModified":"2022-01-22T14:34:44+00:00","breadcrumb":{"@id":"https:\/\/demoweb.info\/sexshop001\/producto\/bomba-succion-con-vibracion-negro\/#breadcrumb"},"inLanguage":"es","potentialAction":[{"@type":"ReadAction","target":["https:\/\/demoweb.info\/sexshop001\/producto\/bomba-succion-con-vibracion-negro\/"]}]},{"@type":"BreadcrumbList","@id":"https:\/\/demoweb.info\/sexshop001\/producto\/bomba-succion-con-vibracion-negro\/#breadcrumb","itemListElement":[{"@type":"ListItem","position":1,"name":"Portada","item":"https:\/\/demoweb.info\/sexshop001\/"},{"@type":"ListItem","position":2,"name":"Tienda","item":"https:\/\/demoweb.info\/sexshop001\/tienda\/"},{"@type":"ListItem","position":3,"name":"BOMBA SUCCI\u00d3N CON VIBRACI\u00d3N &#8211; NEGRO"}]},{"@type":"WebSite","@id":"https:\/\/demoweb.info\/sexshop001\/#website","url":"https:\/\/demoweb.info\/sexshop001\/","name":"Tienda Er\u00f3tica","description":"DEMOWEB SL","potentialAction":[{"@type":"SearchAction","target":{"@type":"EntryPoint","urlTemplate":"https:\/\/demoweb.info\/sexshop001\/?s={search_term_string}"},"query-input":"required name=search_term_string"}],"inLanguage":"es"}]}},"_links":{"self":[{"href":"https:\/\/demoweb.info\/sexshop001\/wp-json\/wp\/v3\/product\/47603","targetHints":{"allow":["GET"]}}],"collection":[{"href":"https:\/\/demoweb.info\/sexshop001\/wp-json\/wp\/v3\/product"}],"about":[{"href":"https:\/\/demoweb.info\/sexshop001\/wp-json\/wp\/v2\/types\/product"}],"replies":[{"embeddable":true,"href":"https:\/\/demoweb.info\/sexshop001\/wp-json\/wp\/v2\/comments?post=47603"}],"wp:featuredmedia":[{"embeddable":true,"href":"https:\/\/demoweb.info\/sexshop001\/wp-json\/wp\/v2\/media\/47604"}],"wp:attachment":[{"href":"https:\/\/demoweb.info\/sexshop001\/wp-json\/wp\/v2\/media?parent=47603"}],"wp:term":[{"taxonomy":"product_cat","embeddable":true,"href":"https:\/\/demoweb.info\/sexshop001\/wp-json\/wp\/v2\/product_cat?post=47603"},{"taxonomy":"product_tag","embeddable":true,"href":"https:\/\/demoweb.info\/sexshop001\/wp-json\/wp\/v2\/product_tag?post=47603"}],"curies":[{"name":"wp","href":"https:\/\/api.w.org\/{rel}","templated":true}]}}