{"id":47569,"date":"2022-01-22T15:34:12","date_gmt":"2022-01-22T14:34:12","guid":{"rendered":"https:\/\/demoweb.info\/sexshop001\/producto\/bead-chain-bolas-anales-azul\/"},"modified":"2022-01-22T15:34:21","modified_gmt":"2022-01-22T14:34:21","slug":"bead-chain-bolas-anales-azul","status":"publish","type":"product","link":"https:\/\/demoweb.info\/sexshop001\/producto\/bead-chain-bolas-anales-azul\/","title":{"rendered":"BEAD CHAIN &#8211; BOLAS ANALES AZUL"},"content":{"rendered":"<p><strong>BEAD CHAIN &#8211; BLUE<\/strong><\/p>\n<p>Esta cadena de cuentas anales es un juguete de alta calidad muy funcional. La cadena est\u00e1 pensada para inserci\u00f3n anal. Se puede extraer en el momento del orgasmo para alcanzar un cl\u00edmax maravilloso. Est\u00e1 fabricada 100% en silicona y es suave al tacto. Utiliza suficiente lubricante para una mejor penetraci\u00f3n.<\/p>\n<p>Caracter\u00edsticas:<br \/>\n&#8211; Longitud total: 24,9 cm<br \/>\n&#8211; Longitud Insertable: 21 cm<br \/>\n&#8211; Di\u00e1metro: 3,3 cm<br \/>\n&#8211; Material: Silicona<br \/>\n&#8211; Resistente al agua<br \/>\n&#8211; Sin Phthalatos<\/p>\n","protected":false},"excerpt":{"rendered":"<p>BEAD CHAIN &#8211; BLUE Esta cadena de cuentas anales es un juguete de alta calidad muy funcional. La cadena est\u00e1<\/p>\n","protected":false},"featured_media":47570,"comment_status":"open","ping_status":"open","template":"","meta":[],"product_cat":[440],"product_tag":[1467,302],"class_list":["post-47569","product","type-product","status-publish","has-post-thumbnail","hentry","product_cat-anales","product_tag-mjuze","product_tag-shots"],"bundled_by":[],"bundle_stock_status":"instock","bundle_stock_quantity":1,"bundle_virtual":false,"bundle_layout":"","bundle_add_to_cart_form_location":"","bundle_editable_in_cart":false,"bundle_sold_individually_context":"","bundle_item_grouping":"","bundle_min_size":"","bundle_max_size":"","bundled_items":[],"yoast_head":"<!-- This site is optimized with the Yoast SEO plugin v20.6 - https:\/\/yoast.com\/wordpress\/plugins\/seo\/ -->\n<title>BEAD CHAIN - BOLAS ANALES AZUL - Tienda Er\u00f3tica<\/title>\n<meta name=\"robots\" content=\"noindex, follow, max-snippet:-1, max-image-preview:large, max-video-preview:-1\" \/>\n<meta property=\"og:locale\" content=\"es_ES\" \/>\n<meta property=\"og:type\" content=\"article\" \/>\n<meta property=\"og:title\" content=\"BEAD CHAIN - BOLAS ANALES AZUL - Tienda Er\u00f3tica\" \/>\n<meta property=\"og:description\" content=\"BEAD CHAIN &#8211; BLUE Esta cadena de cuentas anales es un juguete de alta calidad muy funcional. La cadena est\u00e1\" \/>\n<meta property=\"og:url\" content=\"https:\/\/demoweb.info\/sexshop001\/producto\/bead-chain-bolas-anales-azul\/\" \/>\n<meta property=\"og:site_name\" content=\"Tienda Er\u00f3tica\" \/>\n<meta property=\"article:modified_time\" content=\"2022-01-22T14:34:21+00:00\" \/>\n<meta property=\"og:image\" content=\"https:\/\/demoweb.info\/sexshop001\/wp-content\/uploads\/2022\/01\/BEAD-CHAIN-BOLAS-ANALES-AZUL.jpg\" \/>\n\t<meta property=\"og:image:width\" content=\"550\" \/>\n\t<meta property=\"og:image:height\" content=\"550\" \/>\n\t<meta property=\"og:image:type\" content=\"image\/jpeg\" \/>\n<meta name=\"twitter:card\" content=\"summary_large_image\" \/>\n<script type=\"application\/ld+json\" class=\"yoast-schema-graph\">{\"@context\":\"https:\/\/schema.org\",\"@graph\":[{\"@type\":\"WebPage\",\"@id\":\"https:\/\/demoweb.info\/sexshop001\/producto\/bead-chain-bolas-anales-azul\/\",\"url\":\"https:\/\/demoweb.info\/sexshop001\/producto\/bead-chain-bolas-anales-azul\/\",\"name\":\"BEAD CHAIN - BOLAS ANALES AZUL - Tienda Er\u00f3tica\",\"isPartOf\":{\"@id\":\"https:\/\/demoweb.info\/sexshop001\/#website\"},\"datePublished\":\"2022-01-22T14:34:12+00:00\",\"dateModified\":\"2022-01-22T14:34:21+00:00\",\"breadcrumb\":{\"@id\":\"https:\/\/demoweb.info\/sexshop001\/producto\/bead-chain-bolas-anales-azul\/#breadcrumb\"},\"inLanguage\":\"es\",\"potentialAction\":[{\"@type\":\"ReadAction\",\"target\":[\"https:\/\/demoweb.info\/sexshop001\/producto\/bead-chain-bolas-anales-azul\/\"]}]},{\"@type\":\"BreadcrumbList\",\"@id\":\"https:\/\/demoweb.info\/sexshop001\/producto\/bead-chain-bolas-anales-azul\/#breadcrumb\",\"itemListElement\":[{\"@type\":\"ListItem\",\"position\":1,\"name\":\"Portada\",\"item\":\"https:\/\/demoweb.info\/sexshop001\/\"},{\"@type\":\"ListItem\",\"position\":2,\"name\":\"Tienda\",\"item\":\"https:\/\/demoweb.info\/sexshop001\/tienda\/\"},{\"@type\":\"ListItem\",\"position\":3,\"name\":\"BEAD CHAIN &#8211; BOLAS ANALES AZUL\"}]},{\"@type\":\"WebSite\",\"@id\":\"https:\/\/demoweb.info\/sexshop001\/#website\",\"url\":\"https:\/\/demoweb.info\/sexshop001\/\",\"name\":\"Tienda Er\u00f3tica\",\"description\":\"DEMOWEB SL\",\"potentialAction\":[{\"@type\":\"SearchAction\",\"target\":{\"@type\":\"EntryPoint\",\"urlTemplate\":\"https:\/\/demoweb.info\/sexshop001\/?s={search_term_string}\"},\"query-input\":\"required name=search_term_string\"}],\"inLanguage\":\"es\"}]}<\/script>\n<!-- \/ Yoast SEO plugin. -->","yoast_head_json":{"title":"BEAD CHAIN - BOLAS ANALES AZUL - Tienda Er\u00f3tica","robots":{"index":"noindex","follow":"follow","max-snippet":"max-snippet:-1","max-image-preview":"max-image-preview:large","max-video-preview":"max-video-preview:-1"},"og_locale":"es_ES","og_type":"article","og_title":"BEAD CHAIN - BOLAS ANALES AZUL - Tienda Er\u00f3tica","og_description":"BEAD CHAIN &#8211; BLUE Esta cadena de cuentas anales es un juguete de alta calidad muy funcional. La cadena est\u00e1","og_url":"https:\/\/demoweb.info\/sexshop001\/producto\/bead-chain-bolas-anales-azul\/","og_site_name":"Tienda Er\u00f3tica","article_modified_time":"2022-01-22T14:34:21+00:00","og_image":[{"width":550,"height":550,"url":"https:\/\/demoweb.info\/sexshop001\/wp-content\/uploads\/2022\/01\/BEAD-CHAIN-BOLAS-ANALES-AZUL.jpg","type":"image\/jpeg"}],"twitter_card":"summary_large_image","schema":{"@context":"https:\/\/schema.org","@graph":[{"@type":"WebPage","@id":"https:\/\/demoweb.info\/sexshop001\/producto\/bead-chain-bolas-anales-azul\/","url":"https:\/\/demoweb.info\/sexshop001\/producto\/bead-chain-bolas-anales-azul\/","name":"BEAD CHAIN - BOLAS ANALES AZUL - Tienda Er\u00f3tica","isPartOf":{"@id":"https:\/\/demoweb.info\/sexshop001\/#website"},"datePublished":"2022-01-22T14:34:12+00:00","dateModified":"2022-01-22T14:34:21+00:00","breadcrumb":{"@id":"https:\/\/demoweb.info\/sexshop001\/producto\/bead-chain-bolas-anales-azul\/#breadcrumb"},"inLanguage":"es","potentialAction":[{"@type":"ReadAction","target":["https:\/\/demoweb.info\/sexshop001\/producto\/bead-chain-bolas-anales-azul\/"]}]},{"@type":"BreadcrumbList","@id":"https:\/\/demoweb.info\/sexshop001\/producto\/bead-chain-bolas-anales-azul\/#breadcrumb","itemListElement":[{"@type":"ListItem","position":1,"name":"Portada","item":"https:\/\/demoweb.info\/sexshop001\/"},{"@type":"ListItem","position":2,"name":"Tienda","item":"https:\/\/demoweb.info\/sexshop001\/tienda\/"},{"@type":"ListItem","position":3,"name":"BEAD CHAIN &#8211; BOLAS ANALES AZUL"}]},{"@type":"WebSite","@id":"https:\/\/demoweb.info\/sexshop001\/#website","url":"https:\/\/demoweb.info\/sexshop001\/","name":"Tienda Er\u00f3tica","description":"DEMOWEB SL","potentialAction":[{"@type":"SearchAction","target":{"@type":"EntryPoint","urlTemplate":"https:\/\/demoweb.info\/sexshop001\/?s={search_term_string}"},"query-input":"required name=search_term_string"}],"inLanguage":"es"}]}},"_links":{"self":[{"href":"https:\/\/demoweb.info\/sexshop001\/wp-json\/wp\/v3\/product\/47569","targetHints":{"allow":["GET"]}}],"collection":[{"href":"https:\/\/demoweb.info\/sexshop001\/wp-json\/wp\/v3\/product"}],"about":[{"href":"https:\/\/demoweb.info\/sexshop001\/wp-json\/wp\/v2\/types\/product"}],"replies":[{"embeddable":true,"href":"https:\/\/demoweb.info\/sexshop001\/wp-json\/wp\/v2\/comments?post=47569"}],"wp:featuredmedia":[{"embeddable":true,"href":"https:\/\/demoweb.info\/sexshop001\/wp-json\/wp\/v2\/media\/47570"}],"wp:attachment":[{"href":"https:\/\/demoweb.info\/sexshop001\/wp-json\/wp\/v2\/media?parent=47569"}],"wp:term":[{"taxonomy":"product_cat","embeddable":true,"href":"https:\/\/demoweb.info\/sexshop001\/wp-json\/wp\/v2\/product_cat?post=47569"},{"taxonomy":"product_tag","embeddable":true,"href":"https:\/\/demoweb.info\/sexshop001\/wp-json\/wp\/v2\/product_tag?post=47569"}],"curies":[{"name":"wp","href":"https:\/\/api.w.org\/{rel}","templated":true}]}}