{"id":47526,"date":"2022-01-22T15:33:54","date_gmt":"2022-01-22T14:33:54","guid":{"rendered":"https:\/\/demoweb.info\/sexshop001\/producto\/satisfyer-pro-deluxe\/"},"modified":"2022-01-22T15:33:54","modified_gmt":"2022-01-22T14:33:54","slug":"satisfyer-pro-deluxe","status":"publish","type":"product","link":"https:\/\/demoweb.info\/sexshop001\/producto\/satisfyer-pro-deluxe\/","title":{"rendered":"SATISFYER PRO DELUXE"},"content":{"rendered":"<p><strong>SATISFYER PRO DELUXE<\/strong><\/p>\n<p>Joya de f\u00e1cil manipulaci\u00f3n para disfrutar de pura elegancia en el dormitorio.<\/p>\n<p>DILDO DE LUJO PARA RATOS ESPECTACULARES<\/p>\n<p>Sus 11 extravagantes niveles convierten a este vibrador en una aut\u00e9ntica maravilla, ofreci\u00e9ndote una estimulaci\u00f3n del cl\u00edtoris m\u00e1s suave o m\u00e1s en\u00e9rgica, seg\u00fan te apetezca, gracias a sus fascinantes ondas de presi\u00f3n. El bot\u00f3n de dise\u00f1o optimizado te permite ir aumentando y reduciendo la intensidad, facilit\u00e1ndote as\u00ed el m\u00e1ximo placer individual. Adem\u00e1s, la luz del panel de mando del Satisfyer Pro Deluxe de nueva generaci\u00f3n ya no es tan intensa y, por tanto, es m\u00e1s agradable.<\/p>\n<p>SILENCIOSO Y POTENTE<\/p>\n<p>El nuevo modelo est\u00e1 equipado con un motor m\u00e1s silencioso y, sin embargo, m\u00e1s potente que el del modelo anterior. Si se usa correctamente, esta maravilla de la alta tecnolog\u00eda es tan silenciosa que se puede utilizar sin problemas incluso estando de viaje. Su extraordinaria estimulaci\u00f3n es especialmente excitante bajo el agua, de modo que la ba\u00f1era y la ducha son lugares ideales para disfrutar de la sensaci\u00f3n de felicidad que te ofrece el vibrador por ondas de presi\u00f3n. Su acabado resistente al agua impide que entren l\u00edquidos en su interior.<\/p>\n<p>&#8211; Nuevo dise\u00f1o de botones: bot\u00f3n +\/-<br \/>\n&#8211; Resistente al agua Silicona antialerg\u00e9nica<br \/>\n&#8211; Recargable. Incluye cargador por USB<br \/>\n&#8211; 11 ondas de presi\u00f3n<br \/>\n&#8211; Motor mejorado. M\u00e1s silencioso<\/p>\n<p>Satisfyer Pro Deluxe: la nueva generaci\u00f3n ya est\u00e1 aqu\u00ed. Su elegancia y finura se mantienen fieles al modelo anterior, mientras que su tecnolog\u00eda y facilidad de uso se han mejorado para seguir siendo las mejores.<\/p>\n<p>Este vibrador por ondas de presi\u00f3n de primera calidad, en un suave color oro rosado, te provocar\u00e1 orgasmos m\u00faltiples mediante la estimulaci\u00f3n sin contacto, y al mismo tiempo destaca por su forma femenina y su espectacular funcionamiento. Su exquisito dise\u00f1o est\u00e1 dirigido a artistas de la diversi\u00f3n en solitario que se merecen un toque de lujo y distinci\u00f3n en el dormitorio.<\/p>\n<p>MATERIAL<\/p>\n<p>La limpieza higi\u00e9nica y los orgasmos explosivos son muy sencillos con el Satisfyer Pro Deluxe de nueva generaci\u00f3n: para cuidar correctamente el vibrador por ondas de presi\u00f3n, basta con retirarle la caperuza de silicona antialerg\u00e9nica y limpiarlo con un producto limpiador de dildos. Por cierto: Al cargador magn\u00e9tico por USB se le puede a\u00f1adir un enchufe normal, para que puedas recargar las bater\u00edas recargables y ecol\u00f3gicas tambi\u00e9n en la red el\u00e9ctrica.<\/p>\n<p>ALCANCE DE SUMINISTRO<\/p>\n<p>&#8211; Vibrador Satisfyer Pro Deluxe de nueva generaci\u00f3n<br \/>\n&#8211; Cargador magn\u00e9tico<\/p>\n","protected":false},"excerpt":{"rendered":"<p>SATISFYER PRO DELUXE Joya de f\u00e1cil manipulaci\u00f3n para disfrutar de pura elegancia en el dormitorio. DILDO DE LUJO PARA RATOS<\/p>\n","protected":false},"featured_media":47527,"comment_status":"open","ping_status":"open","template":"","meta":[],"product_cat":[405],"product_tag":[1060,442],"class_list":["post-47526","product","type-product","status-publish","has-post-thumbnail","hentry","product_cat-succionadores","product_tag-air-pulse","product_tag-satisfyer"],"bundled_by":[],"bundle_stock_status":"instock","bundle_stock_quantity":25,"bundle_virtual":false,"bundle_layout":"","bundle_add_to_cart_form_location":"","bundle_editable_in_cart":false,"bundle_sold_individually_context":"","bundle_item_grouping":"","bundle_min_size":"","bundle_max_size":"","bundled_items":[],"yoast_head":"<!-- This site is optimized with the Yoast SEO plugin v20.6 - https:\/\/yoast.com\/wordpress\/plugins\/seo\/ -->\n<title>SATISFYER PRO DELUXE - Tienda Er\u00f3tica<\/title>\n<meta name=\"robots\" content=\"noindex, follow, max-snippet:-1, max-image-preview:large, max-video-preview:-1\" \/>\n<meta property=\"og:locale\" content=\"es_ES\" \/>\n<meta property=\"og:type\" content=\"article\" \/>\n<meta property=\"og:title\" content=\"SATISFYER PRO DELUXE - Tienda Er\u00f3tica\" \/>\n<meta property=\"og:description\" content=\"SATISFYER PRO DELUXE Joya de f\u00e1cil manipulaci\u00f3n para disfrutar de pura elegancia en el dormitorio. DILDO DE LUJO PARA RATOS\" \/>\n<meta property=\"og:url\" content=\"https:\/\/demoweb.info\/sexshop001\/producto\/satisfyer-pro-deluxe\/\" \/>\n<meta property=\"og:site_name\" content=\"Tienda Er\u00f3tica\" \/>\n<meta property=\"og:image\" content=\"https:\/\/demoweb.info\/sexshop001\/wp-content\/uploads\/2022\/01\/SATISFYER-PRO-DELUXE.jpg\" \/>\n\t<meta property=\"og:image:width\" content=\"550\" \/>\n\t<meta property=\"og:image:height\" content=\"550\" \/>\n\t<meta property=\"og:image:type\" content=\"image\/jpeg\" \/>\n<meta name=\"twitter:card\" content=\"summary_large_image\" \/>\n<meta name=\"twitter:label1\" content=\"Tiempo de lectura\" \/>\n\t<meta name=\"twitter:data1\" content=\"2 minutos\" \/>\n<script type=\"application\/ld+json\" class=\"yoast-schema-graph\">{\"@context\":\"https:\/\/schema.org\",\"@graph\":[{\"@type\":\"WebPage\",\"@id\":\"https:\/\/demoweb.info\/sexshop001\/producto\/satisfyer-pro-deluxe\/\",\"url\":\"https:\/\/demoweb.info\/sexshop001\/producto\/satisfyer-pro-deluxe\/\",\"name\":\"SATISFYER PRO DELUXE - Tienda Er\u00f3tica\",\"isPartOf\":{\"@id\":\"https:\/\/demoweb.info\/sexshop001\/#website\"},\"datePublished\":\"2022-01-22T14:33:54+00:00\",\"dateModified\":\"2022-01-22T14:33:54+00:00\",\"breadcrumb\":{\"@id\":\"https:\/\/demoweb.info\/sexshop001\/producto\/satisfyer-pro-deluxe\/#breadcrumb\"},\"inLanguage\":\"es\",\"potentialAction\":[{\"@type\":\"ReadAction\",\"target\":[\"https:\/\/demoweb.info\/sexshop001\/producto\/satisfyer-pro-deluxe\/\"]}]},{\"@type\":\"BreadcrumbList\",\"@id\":\"https:\/\/demoweb.info\/sexshop001\/producto\/satisfyer-pro-deluxe\/#breadcrumb\",\"itemListElement\":[{\"@type\":\"ListItem\",\"position\":1,\"name\":\"Portada\",\"item\":\"https:\/\/demoweb.info\/sexshop001\/\"},{\"@type\":\"ListItem\",\"position\":2,\"name\":\"Tienda\",\"item\":\"https:\/\/demoweb.info\/sexshop001\/tienda\/\"},{\"@type\":\"ListItem\",\"position\":3,\"name\":\"SATISFYER PRO DELUXE\"}]},{\"@type\":\"WebSite\",\"@id\":\"https:\/\/demoweb.info\/sexshop001\/#website\",\"url\":\"https:\/\/demoweb.info\/sexshop001\/\",\"name\":\"Tienda Er\u00f3tica\",\"description\":\"DEMOWEB SL\",\"potentialAction\":[{\"@type\":\"SearchAction\",\"target\":{\"@type\":\"EntryPoint\",\"urlTemplate\":\"https:\/\/demoweb.info\/sexshop001\/?s={search_term_string}\"},\"query-input\":\"required name=search_term_string\"}],\"inLanguage\":\"es\"}]}<\/script>\n<!-- \/ Yoast SEO plugin. -->","yoast_head_json":{"title":"SATISFYER PRO DELUXE - Tienda Er\u00f3tica","robots":{"index":"noindex","follow":"follow","max-snippet":"max-snippet:-1","max-image-preview":"max-image-preview:large","max-video-preview":"max-video-preview:-1"},"og_locale":"es_ES","og_type":"article","og_title":"SATISFYER PRO DELUXE - Tienda Er\u00f3tica","og_description":"SATISFYER PRO DELUXE Joya de f\u00e1cil manipulaci\u00f3n para disfrutar de pura elegancia en el dormitorio. DILDO DE LUJO PARA RATOS","og_url":"https:\/\/demoweb.info\/sexshop001\/producto\/satisfyer-pro-deluxe\/","og_site_name":"Tienda Er\u00f3tica","og_image":[{"width":550,"height":550,"url":"https:\/\/demoweb.info\/sexshop001\/wp-content\/uploads\/2022\/01\/SATISFYER-PRO-DELUXE.jpg","type":"image\/jpeg"}],"twitter_card":"summary_large_image","twitter_misc":{"Tiempo de lectura":"2 minutos"},"schema":{"@context":"https:\/\/schema.org","@graph":[{"@type":"WebPage","@id":"https:\/\/demoweb.info\/sexshop001\/producto\/satisfyer-pro-deluxe\/","url":"https:\/\/demoweb.info\/sexshop001\/producto\/satisfyer-pro-deluxe\/","name":"SATISFYER PRO DELUXE - Tienda Er\u00f3tica","isPartOf":{"@id":"https:\/\/demoweb.info\/sexshop001\/#website"},"datePublished":"2022-01-22T14:33:54+00:00","dateModified":"2022-01-22T14:33:54+00:00","breadcrumb":{"@id":"https:\/\/demoweb.info\/sexshop001\/producto\/satisfyer-pro-deluxe\/#breadcrumb"},"inLanguage":"es","potentialAction":[{"@type":"ReadAction","target":["https:\/\/demoweb.info\/sexshop001\/producto\/satisfyer-pro-deluxe\/"]}]},{"@type":"BreadcrumbList","@id":"https:\/\/demoweb.info\/sexshop001\/producto\/satisfyer-pro-deluxe\/#breadcrumb","itemListElement":[{"@type":"ListItem","position":1,"name":"Portada","item":"https:\/\/demoweb.info\/sexshop001\/"},{"@type":"ListItem","position":2,"name":"Tienda","item":"https:\/\/demoweb.info\/sexshop001\/tienda\/"},{"@type":"ListItem","position":3,"name":"SATISFYER PRO DELUXE"}]},{"@type":"WebSite","@id":"https:\/\/demoweb.info\/sexshop001\/#website","url":"https:\/\/demoweb.info\/sexshop001\/","name":"Tienda Er\u00f3tica","description":"DEMOWEB SL","potentialAction":[{"@type":"SearchAction","target":{"@type":"EntryPoint","urlTemplate":"https:\/\/demoweb.info\/sexshop001\/?s={search_term_string}"},"query-input":"required name=search_term_string"}],"inLanguage":"es"}]}},"_links":{"self":[{"href":"https:\/\/demoweb.info\/sexshop001\/wp-json\/wp\/v3\/product\/47526","targetHints":{"allow":["GET"]}}],"collection":[{"href":"https:\/\/demoweb.info\/sexshop001\/wp-json\/wp\/v3\/product"}],"about":[{"href":"https:\/\/demoweb.info\/sexshop001\/wp-json\/wp\/v2\/types\/product"}],"replies":[{"embeddable":true,"href":"https:\/\/demoweb.info\/sexshop001\/wp-json\/wp\/v2\/comments?post=47526"}],"wp:featuredmedia":[{"embeddable":true,"href":"https:\/\/demoweb.info\/sexshop001\/wp-json\/wp\/v2\/media\/47527"}],"wp:attachment":[{"href":"https:\/\/demoweb.info\/sexshop001\/wp-json\/wp\/v2\/media?parent=47526"}],"wp:term":[{"taxonomy":"product_cat","embeddable":true,"href":"https:\/\/demoweb.info\/sexshop001\/wp-json\/wp\/v2\/product_cat?post=47526"},{"taxonomy":"product_tag","embeddable":true,"href":"https:\/\/demoweb.info\/sexshop001\/wp-json\/wp\/v2\/product_tag?post=47526"}],"curies":[{"name":"wp","href":"https:\/\/api.w.org\/{rel}","templated":true}]}}