{"id":47519,"date":"2022-01-22T15:33:30","date_gmt":"2022-01-22T14:33:30","guid":{"rendered":"https:\/\/demoweb.info\/sexshop001\/producto\/satisfyer-penguin\/"},"modified":"2022-01-22T15:33:48","modified_gmt":"2022-01-22T14:33:48","slug":"satisfyer-penguin","status":"publish","type":"product","link":"https:\/\/demoweb.info\/sexshop001\/producto\/satisfyer-penguin\/","title":{"rendered":"SATISFYER PENGUIN"},"content":{"rendered":"<p><strong>SATISFYER PENGUIN &#8211; EDICI\u00d3N 2020<\/strong><\/p>\n<p>Dise\u00f1o bonito y divertido unido a la tecnolog\u00eda revolucionaria Air Pulse.<\/p>\n<p><strong>LO NUEVO SIEMPRE ES TODAV\u00cdA MEJOR &#8211; EDICI\u00d3N 2020<\/strong><\/p>\n<p>\u00bfSALES CONMIGO ESTA NOCHE?<\/p>\n<p>Una cosa est\u00e1 clara, este dildo tiene un aspecto tan maravilloso que da pena esconderlo en el caj\u00f3n de tus objetos favoritos. Gracias a su motor mejorado y a\u00fan m\u00e1s silencioso, esto no representa ya ning\u00fan problema: En cuanto el cabezal de silicona antialerg\u00e9nica rodea tu cl\u00edtoris, apenas se oye nada. Gracias al acabado resistente al agua de la nueva generaci\u00f3n del Satisfyer Pro Penguin puedes incluso disfrutar de este peque\u00f1o ping\u00fcino dentro de la ba\u00f1era, donde permanece a\u00fan m\u00e1s silencioso y tus sensaciones ganan en intensidad.<\/p>\n<p>DILDO IDEAL PARA PRINCIPIANTES<\/p>\n<p>Su forma delgada de dise\u00f1o ergon\u00f3mico se adapta perfectamente a la mano y es muy c\u00f3moda. Por su dise\u00f1o manejable y su facilidad de manejo, es ideal para quienes quieran iniciarse en estos juegos solitarios. Gracias a su excelente estanqueidad, el Satisfyer Pro Penguin es mucho m\u00e1s silencioso durante el uso que otros productos similares en el mercado. Su suave caperuza de silicona antialerg\u00e9nica es 100% higi\u00e9nica, y protege el interior contra la entrada de agua, lubricantes u otros fluidos.<\/p>\n<p>&#8211; Nuevo dise\u00f1o de botones: bot\u00f3n +\/-<br \/>\n&#8211; Resistente al agua Silicona antialerg\u00e9nica<br \/>\n&#8211; Recargable. Incluye cargador por USB<br \/>\n&#8211; 11 programas de ondas de presi\u00f3n<br \/>\n&#8211; Motor mejorado. M\u00e1s silencioso<br \/>\n<strong>&#8211; Nueva edici\u00f3n 2020<br \/>\n&#8211; Con tecnolog\u00eda AIR PULSE MEJORADA<br \/>\n&#8211; Nuevo embalaje acorde con la nueva imagen de la marca<br \/>\n&#8211; GARANT\u00cdA DE HIGIENE: Tendr\u00e1s 100% asegurado que eres la primera persona en abrir tu nuevo juguete.<\/strong><\/p>\n<p>La nueva generaci\u00f3n del Satisfyer Pro Penguin se ha puesto a\u00fan m\u00e1s elegante para ti. Ahora tiene un aspecto deslumbrante con su nuevo frac.<\/p>\n<p>Este gracioso ping\u00fcino se ha independizado: con su elegante cuerpo de color negro y su barriguita de color blanco, porta una distinguida pajarita y te espera para acompa\u00f1arte a la \u00f3pera o para estimular tu cl\u00edtoris sin tocarlo, lo que prefieras.<\/p>\n<p>MATERIAL<\/p>\n<p>El cabezal intercambiable de silicona, suave con la piel en peque\u00f1o y manejable en este modelo Satisfyer. El t\u00fanel tubular, que genera un vac\u00edo sensual est\u00e1 en el cabezal acodado, que rodea el cl\u00edtoris con suavidad y placer. Puede extraer con facilidad el cabezal de silicona para limpiarlo con Toycleaner. Las pilas recargables integradas del Satisfyer Pro Penguin de nueva generaci\u00f3n consiguen un juguete er\u00f3tico recargable de forma ecol\u00f3gica. Si quieres cargar el Penguin con cable, puedes completar el cable magn\u00e9tico USB con un enchufe habitual de 5 V. Con lubricante acuoso la sensaci\u00f3n es incluso mucho m\u00e1s intensa.<\/p>\n<p>ALCANCE DE SUMINISTRO<\/p>\n<p>&#8211; Vibrador Satisfyer Pro Penguin de nueva generaci\u00f3n<br \/>\n&#8211; Cargador magn\u00e9tico<\/p>\n","protected":false},"excerpt":{"rendered":"<p>SATISFYER PENGUIN &#8211; EDICI\u00d3N 2020 Dise\u00f1o bonito y divertido unido a la tecnolog\u00eda revolucionaria Air Pulse. LO NUEVO SIEMPRE ES<\/p>\n","protected":false},"featured_media":47520,"comment_status":"open","ping_status":"open","template":"","meta":[],"product_cat":[405],"product_tag":[1060,442],"class_list":["post-47519","product","type-product","status-publish","has-post-thumbnail","hentry","product_cat-succionadores","product_tag-air-pulse","product_tag-satisfyer"],"bundled_by":[],"bundle_stock_status":"instock","bundle_stock_quantity":25,"bundle_virtual":false,"bundle_layout":"","bundle_add_to_cart_form_location":"","bundle_editable_in_cart":false,"bundle_sold_individually_context":"","bundle_item_grouping":"","bundle_min_size":"","bundle_max_size":"","bundled_items":[],"yoast_head":"<!-- This site is optimized with the Yoast SEO plugin v20.6 - https:\/\/yoast.com\/wordpress\/plugins\/seo\/ -->\n<title>SATISFYER PENGUIN - Tienda Er\u00f3tica<\/title>\n<meta name=\"robots\" content=\"noindex, follow, max-snippet:-1, max-image-preview:large, max-video-preview:-1\" \/>\n<meta property=\"og:locale\" content=\"es_ES\" \/>\n<meta property=\"og:type\" content=\"article\" \/>\n<meta property=\"og:title\" content=\"SATISFYER PENGUIN - Tienda Er\u00f3tica\" \/>\n<meta property=\"og:description\" content=\"SATISFYER PENGUIN &#8211; EDICI\u00d3N 2020 Dise\u00f1o bonito y divertido unido a la tecnolog\u00eda revolucionaria Air Pulse. LO NUEVO SIEMPRE ES\" \/>\n<meta property=\"og:url\" content=\"https:\/\/demoweb.info\/sexshop001\/producto\/satisfyer-penguin\/\" \/>\n<meta property=\"og:site_name\" content=\"Tienda Er\u00f3tica\" \/>\n<meta property=\"article:modified_time\" content=\"2022-01-22T14:33:48+00:00\" \/>\n<meta property=\"og:image\" content=\"https:\/\/demoweb.info\/sexshop001\/wp-content\/uploads\/2022\/01\/SATISFYER-PENGUIN.jpg\" \/>\n\t<meta property=\"og:image:width\" content=\"550\" \/>\n\t<meta property=\"og:image:height\" content=\"550\" \/>\n\t<meta property=\"og:image:type\" content=\"image\/jpeg\" \/>\n<meta name=\"twitter:card\" content=\"summary_large_image\" \/>\n<meta name=\"twitter:label1\" content=\"Tiempo de lectura\" \/>\n\t<meta name=\"twitter:data1\" content=\"2 minutos\" \/>\n<script type=\"application\/ld+json\" class=\"yoast-schema-graph\">{\"@context\":\"https:\/\/schema.org\",\"@graph\":[{\"@type\":\"WebPage\",\"@id\":\"https:\/\/demoweb.info\/sexshop001\/producto\/satisfyer-penguin\/\",\"url\":\"https:\/\/demoweb.info\/sexshop001\/producto\/satisfyer-penguin\/\",\"name\":\"SATISFYER PENGUIN - Tienda Er\u00f3tica\",\"isPartOf\":{\"@id\":\"https:\/\/demoweb.info\/sexshop001\/#website\"},\"datePublished\":\"2022-01-22T14:33:30+00:00\",\"dateModified\":\"2022-01-22T14:33:48+00:00\",\"breadcrumb\":{\"@id\":\"https:\/\/demoweb.info\/sexshop001\/producto\/satisfyer-penguin\/#breadcrumb\"},\"inLanguage\":\"es\",\"potentialAction\":[{\"@type\":\"ReadAction\",\"target\":[\"https:\/\/demoweb.info\/sexshop001\/producto\/satisfyer-penguin\/\"]}]},{\"@type\":\"BreadcrumbList\",\"@id\":\"https:\/\/demoweb.info\/sexshop001\/producto\/satisfyer-penguin\/#breadcrumb\",\"itemListElement\":[{\"@type\":\"ListItem\",\"position\":1,\"name\":\"Portada\",\"item\":\"https:\/\/demoweb.info\/sexshop001\/\"},{\"@type\":\"ListItem\",\"position\":2,\"name\":\"Tienda\",\"item\":\"https:\/\/demoweb.info\/sexshop001\/tienda\/\"},{\"@type\":\"ListItem\",\"position\":3,\"name\":\"SATISFYER PENGUIN\"}]},{\"@type\":\"WebSite\",\"@id\":\"https:\/\/demoweb.info\/sexshop001\/#website\",\"url\":\"https:\/\/demoweb.info\/sexshop001\/\",\"name\":\"Tienda Er\u00f3tica\",\"description\":\"DEMOWEB SL\",\"potentialAction\":[{\"@type\":\"SearchAction\",\"target\":{\"@type\":\"EntryPoint\",\"urlTemplate\":\"https:\/\/demoweb.info\/sexshop001\/?s={search_term_string}\"},\"query-input\":\"required name=search_term_string\"}],\"inLanguage\":\"es\"}]}<\/script>\n<!-- \/ Yoast SEO plugin. -->","yoast_head_json":{"title":"SATISFYER PENGUIN - Tienda Er\u00f3tica","robots":{"index":"noindex","follow":"follow","max-snippet":"max-snippet:-1","max-image-preview":"max-image-preview:large","max-video-preview":"max-video-preview:-1"},"og_locale":"es_ES","og_type":"article","og_title":"SATISFYER PENGUIN - Tienda Er\u00f3tica","og_description":"SATISFYER PENGUIN &#8211; EDICI\u00d3N 2020 Dise\u00f1o bonito y divertido unido a la tecnolog\u00eda revolucionaria Air Pulse. LO NUEVO SIEMPRE ES","og_url":"https:\/\/demoweb.info\/sexshop001\/producto\/satisfyer-penguin\/","og_site_name":"Tienda Er\u00f3tica","article_modified_time":"2022-01-22T14:33:48+00:00","og_image":[{"width":550,"height":550,"url":"https:\/\/demoweb.info\/sexshop001\/wp-content\/uploads\/2022\/01\/SATISFYER-PENGUIN.jpg","type":"image\/jpeg"}],"twitter_card":"summary_large_image","twitter_misc":{"Tiempo de lectura":"2 minutos"},"schema":{"@context":"https:\/\/schema.org","@graph":[{"@type":"WebPage","@id":"https:\/\/demoweb.info\/sexshop001\/producto\/satisfyer-penguin\/","url":"https:\/\/demoweb.info\/sexshop001\/producto\/satisfyer-penguin\/","name":"SATISFYER PENGUIN - Tienda Er\u00f3tica","isPartOf":{"@id":"https:\/\/demoweb.info\/sexshop001\/#website"},"datePublished":"2022-01-22T14:33:30+00:00","dateModified":"2022-01-22T14:33:48+00:00","breadcrumb":{"@id":"https:\/\/demoweb.info\/sexshop001\/producto\/satisfyer-penguin\/#breadcrumb"},"inLanguage":"es","potentialAction":[{"@type":"ReadAction","target":["https:\/\/demoweb.info\/sexshop001\/producto\/satisfyer-penguin\/"]}]},{"@type":"BreadcrumbList","@id":"https:\/\/demoweb.info\/sexshop001\/producto\/satisfyer-penguin\/#breadcrumb","itemListElement":[{"@type":"ListItem","position":1,"name":"Portada","item":"https:\/\/demoweb.info\/sexshop001\/"},{"@type":"ListItem","position":2,"name":"Tienda","item":"https:\/\/demoweb.info\/sexshop001\/tienda\/"},{"@type":"ListItem","position":3,"name":"SATISFYER PENGUIN"}]},{"@type":"WebSite","@id":"https:\/\/demoweb.info\/sexshop001\/#website","url":"https:\/\/demoweb.info\/sexshop001\/","name":"Tienda Er\u00f3tica","description":"DEMOWEB SL","potentialAction":[{"@type":"SearchAction","target":{"@type":"EntryPoint","urlTemplate":"https:\/\/demoweb.info\/sexshop001\/?s={search_term_string}"},"query-input":"required name=search_term_string"}],"inLanguage":"es"}]}},"_links":{"self":[{"href":"https:\/\/demoweb.info\/sexshop001\/wp-json\/wp\/v3\/product\/47519","targetHints":{"allow":["GET"]}}],"collection":[{"href":"https:\/\/demoweb.info\/sexshop001\/wp-json\/wp\/v3\/product"}],"about":[{"href":"https:\/\/demoweb.info\/sexshop001\/wp-json\/wp\/v2\/types\/product"}],"replies":[{"embeddable":true,"href":"https:\/\/demoweb.info\/sexshop001\/wp-json\/wp\/v2\/comments?post=47519"}],"wp:featuredmedia":[{"embeddable":true,"href":"https:\/\/demoweb.info\/sexshop001\/wp-json\/wp\/v2\/media\/47520"}],"wp:attachment":[{"href":"https:\/\/demoweb.info\/sexshop001\/wp-json\/wp\/v2\/media?parent=47519"}],"wp:term":[{"taxonomy":"product_cat","embeddable":true,"href":"https:\/\/demoweb.info\/sexshop001\/wp-json\/wp\/v2\/product_cat?post=47519"},{"taxonomy":"product_tag","embeddable":true,"href":"https:\/\/demoweb.info\/sexshop001\/wp-json\/wp\/v2\/product_tag?post=47519"}],"curies":[{"name":"wp","href":"https:\/\/api.w.org\/{rel}","templated":true}]}}