{"id":47512,"date":"2022-01-22T15:33:30","date_gmt":"2022-01-22T14:33:30","guid":{"rendered":"https:\/\/demoweb.info\/sexshop001\/producto\/satisfyer-number-two\/"},"modified":"2022-01-22T15:33:44","modified_gmt":"2022-01-22T14:33:44","slug":"satisfyer-number-two","status":"publish","type":"product","link":"https:\/\/demoweb.info\/sexshop001\/producto\/satisfyer-number-two\/","title":{"rendered":"SATISFYER NUMBER TWO"},"content":{"rendered":"<p><strong>SATISFYER NUMBER TWO &#8211; NUEVA EDICI\u00d3N 2020<\/strong><\/p>\n<p>El arte del placer sin contacto en un dise\u00f1o ergon\u00f3mico.<\/p>\n<p>ELEGANCIA E INNOVACI\u00d3N COMBINADAS<\/p>\n<p>El vibrador Satisfyer 2 de nueva generaci\u00f3n no solo seduce gracias a su asombroso aspecto. Su belleza interior te har\u00e1 enloquecer. Su acabado resistente al agua no solo te permite disfrutar a lo grande en la ba\u00f1era, sino que hace que tu juguete sea especialmente higi\u00e9nico, pues ni el agua ni otros fluidos pueden entrar en el interior del aparato.<\/p>\n<p>UN ELEGANTE COMPA\u00d1ERO DE VIAJE<\/p>\n<p>Gracias a su funcionamiento mediante bater\u00edas, el vibrador es el perfecto compa\u00f1ero de viaje y su dise\u00f1o manejable permite guardarlo discretamente en cualquier bolsa de aseo. Adem\u00e1s, funciona con pilas, lo cual es muy pr\u00e1ctico, pues no tendr\u00e1s que preocuparte de que el enchufe se pueda usar en otros continentes.<\/p>\n<ul>\n<li>Nuevo dise\u00f1o de botones: bot\u00f3n +\/-<\/li>\n<li>11 programas de ondas de presi\u00f3n<\/li>\n<li>Motor mejorado. M\u00e1s silencioso<\/li>\n<li>Resistente al agua. Nuevo dise\u00f1o<\/li>\n<li>Silicona antialerg\u00e9nica<\/li>\n<li><strong>Nueva edici\u00f3n 2020<\/strong><\/li>\n<li><strong>Con tecnolog\u00eda AIR PULSE MEJORADA<\/strong><\/li>\n<li><strong><strong>Nuevo embalaje acorde con la nueva imagen de la marca<\/strong><\/strong><\/li>\n<li><strong><strong><strong><strong>GARANT\u00cdA DE HIGIENE: Tendr\u00e1s 100% asegurado que eres la primera persona en abrir tu nuevo juguete.<\/strong><\/strong><\/strong><\/strong><\/li>\n<\/ul>\n<p>El culmen del buen gusto: con el elegante Satisfyer 2 de nueva generaci\u00f3n marcar\u00e1s tendencia. Este fascinante vibrador por ondas de presi\u00f3n, ahora en su versi\u00f3n actualizada, hace derretirse a las mujeres.<\/p>\n<p>Estimulando tu cl\u00edtoris sin contacto alguno, te deparar\u00e1 el m\u00e1ximo placer. Simplemente coloca este elegante seductor sobre tu cl\u00edtoris de tal forma que lo rodee por completo, y d\u00e9jate hechizar por sus ondas de presi\u00f3n. Con la nueva actualizaci\u00f3n, el Satisfyer 2 de nueva generaci\u00f3n es m\u00e1s potente y, sin embargo, m\u00e1s silencioso. Selecciona mediante los botones m\u00e1s y menos del brillante panel de mando cada uno de los 11 excitantes programas de vibraci\u00f3n. Su manejo es especialmente sencillo e intuitivo gracias a su forma ergon\u00f3mica, que se adapta perfectamente a la mano, permiti\u00e9ndote concentrarte en lo esencial.<\/p>\n<p>MATERIAL<\/p>\n<p>La limpieza higi\u00e9nica y los orgasmos explosivos son muy sencillos con el Satisfyer 2 de nueva generaci\u00f3n: Para cuidar correctamente el vibrador por ondas de presi\u00f3n, basta con retirarle la caperuza de silicona antialerg\u00e9nica y lavarla con agua y un jab\u00f3n suave, para despu\u00e9s higienizarla con un producto limpiador de dildos. Consigue el m\u00e1ximo placer usando un lubricante con base de agua.<\/p>\n","protected":false},"excerpt":{"rendered":"<p>SATISFYER NUMBER TWO &#8211; NUEVA EDICI\u00d3N 2020 El arte del placer sin contacto en un dise\u00f1o ergon\u00f3mico. ELEGANCIA E INNOVACI\u00d3N<\/p>\n","protected":false},"featured_media":47513,"comment_status":"open","ping_status":"open","template":"","meta":[],"product_cat":[405],"product_tag":[1060,442],"class_list":["post-47512","product","type-product","status-publish","has-post-thumbnail","hentry","product_cat-succionadores","product_tag-air-pulse","product_tag-satisfyer"],"bundled_by":[],"bundle_stock_status":"instock","bundle_stock_quantity":25,"bundle_virtual":false,"bundle_layout":"","bundle_add_to_cart_form_location":"","bundle_editable_in_cart":false,"bundle_sold_individually_context":"","bundle_item_grouping":"","bundle_min_size":"","bundle_max_size":"","bundled_items":[],"yoast_head":"<!-- This site is optimized with the Yoast SEO plugin v20.6 - https:\/\/yoast.com\/wordpress\/plugins\/seo\/ -->\n<title>SATISFYER NUMBER TWO - Tienda Er\u00f3tica<\/title>\n<meta name=\"robots\" content=\"noindex, follow, max-snippet:-1, max-image-preview:large, max-video-preview:-1\" \/>\n<meta property=\"og:locale\" content=\"es_ES\" \/>\n<meta property=\"og:type\" content=\"article\" \/>\n<meta property=\"og:title\" content=\"SATISFYER NUMBER TWO - Tienda Er\u00f3tica\" \/>\n<meta property=\"og:description\" content=\"SATISFYER NUMBER TWO &#8211; NUEVA EDICI\u00d3N 2020 El arte del placer sin contacto en un dise\u00f1o ergon\u00f3mico. ELEGANCIA E INNOVACI\u00d3N\" \/>\n<meta property=\"og:url\" content=\"https:\/\/demoweb.info\/sexshop001\/producto\/satisfyer-number-two\/\" \/>\n<meta property=\"og:site_name\" content=\"Tienda Er\u00f3tica\" \/>\n<meta property=\"article:modified_time\" content=\"2022-01-22T14:33:44+00:00\" \/>\n<meta property=\"og:image\" content=\"https:\/\/demoweb.info\/sexshop001\/wp-content\/uploads\/2022\/01\/SATISFYER-NUMBER-TWO.jpg\" \/>\n\t<meta property=\"og:image:width\" content=\"550\" \/>\n\t<meta property=\"og:image:height\" content=\"550\" \/>\n\t<meta property=\"og:image:type\" content=\"image\/jpeg\" \/>\n<meta name=\"twitter:card\" content=\"summary_large_image\" \/>\n<meta name=\"twitter:label1\" content=\"Tiempo de lectura\" \/>\n\t<meta name=\"twitter:data1\" content=\"2 minutos\" \/>\n<script type=\"application\/ld+json\" class=\"yoast-schema-graph\">{\"@context\":\"https:\/\/schema.org\",\"@graph\":[{\"@type\":\"WebPage\",\"@id\":\"https:\/\/demoweb.info\/sexshop001\/producto\/satisfyer-number-two\/\",\"url\":\"https:\/\/demoweb.info\/sexshop001\/producto\/satisfyer-number-two\/\",\"name\":\"SATISFYER NUMBER TWO - Tienda Er\u00f3tica\",\"isPartOf\":{\"@id\":\"https:\/\/demoweb.info\/sexshop001\/#website\"},\"datePublished\":\"2022-01-22T14:33:30+00:00\",\"dateModified\":\"2022-01-22T14:33:44+00:00\",\"breadcrumb\":{\"@id\":\"https:\/\/demoweb.info\/sexshop001\/producto\/satisfyer-number-two\/#breadcrumb\"},\"inLanguage\":\"es\",\"potentialAction\":[{\"@type\":\"ReadAction\",\"target\":[\"https:\/\/demoweb.info\/sexshop001\/producto\/satisfyer-number-two\/\"]}]},{\"@type\":\"BreadcrumbList\",\"@id\":\"https:\/\/demoweb.info\/sexshop001\/producto\/satisfyer-number-two\/#breadcrumb\",\"itemListElement\":[{\"@type\":\"ListItem\",\"position\":1,\"name\":\"Portada\",\"item\":\"https:\/\/demoweb.info\/sexshop001\/\"},{\"@type\":\"ListItem\",\"position\":2,\"name\":\"Tienda\",\"item\":\"https:\/\/demoweb.info\/sexshop001\/tienda\/\"},{\"@type\":\"ListItem\",\"position\":3,\"name\":\"SATISFYER NUMBER TWO\"}]},{\"@type\":\"WebSite\",\"@id\":\"https:\/\/demoweb.info\/sexshop001\/#website\",\"url\":\"https:\/\/demoweb.info\/sexshop001\/\",\"name\":\"Tienda Er\u00f3tica\",\"description\":\"DEMOWEB SL\",\"potentialAction\":[{\"@type\":\"SearchAction\",\"target\":{\"@type\":\"EntryPoint\",\"urlTemplate\":\"https:\/\/demoweb.info\/sexshop001\/?s={search_term_string}\"},\"query-input\":\"required name=search_term_string\"}],\"inLanguage\":\"es\"}]}<\/script>\n<!-- \/ Yoast SEO plugin. -->","yoast_head_json":{"title":"SATISFYER NUMBER TWO - Tienda Er\u00f3tica","robots":{"index":"noindex","follow":"follow","max-snippet":"max-snippet:-1","max-image-preview":"max-image-preview:large","max-video-preview":"max-video-preview:-1"},"og_locale":"es_ES","og_type":"article","og_title":"SATISFYER NUMBER TWO - Tienda Er\u00f3tica","og_description":"SATISFYER NUMBER TWO &#8211; NUEVA EDICI\u00d3N 2020 El arte del placer sin contacto en un dise\u00f1o ergon\u00f3mico. ELEGANCIA E INNOVACI\u00d3N","og_url":"https:\/\/demoweb.info\/sexshop001\/producto\/satisfyer-number-two\/","og_site_name":"Tienda Er\u00f3tica","article_modified_time":"2022-01-22T14:33:44+00:00","og_image":[{"width":550,"height":550,"url":"https:\/\/demoweb.info\/sexshop001\/wp-content\/uploads\/2022\/01\/SATISFYER-NUMBER-TWO.jpg","type":"image\/jpeg"}],"twitter_card":"summary_large_image","twitter_misc":{"Tiempo de lectura":"2 minutos"},"schema":{"@context":"https:\/\/schema.org","@graph":[{"@type":"WebPage","@id":"https:\/\/demoweb.info\/sexshop001\/producto\/satisfyer-number-two\/","url":"https:\/\/demoweb.info\/sexshop001\/producto\/satisfyer-number-two\/","name":"SATISFYER NUMBER TWO - Tienda Er\u00f3tica","isPartOf":{"@id":"https:\/\/demoweb.info\/sexshop001\/#website"},"datePublished":"2022-01-22T14:33:30+00:00","dateModified":"2022-01-22T14:33:44+00:00","breadcrumb":{"@id":"https:\/\/demoweb.info\/sexshop001\/producto\/satisfyer-number-two\/#breadcrumb"},"inLanguage":"es","potentialAction":[{"@type":"ReadAction","target":["https:\/\/demoweb.info\/sexshop001\/producto\/satisfyer-number-two\/"]}]},{"@type":"BreadcrumbList","@id":"https:\/\/demoweb.info\/sexshop001\/producto\/satisfyer-number-two\/#breadcrumb","itemListElement":[{"@type":"ListItem","position":1,"name":"Portada","item":"https:\/\/demoweb.info\/sexshop001\/"},{"@type":"ListItem","position":2,"name":"Tienda","item":"https:\/\/demoweb.info\/sexshop001\/tienda\/"},{"@type":"ListItem","position":3,"name":"SATISFYER NUMBER TWO"}]},{"@type":"WebSite","@id":"https:\/\/demoweb.info\/sexshop001\/#website","url":"https:\/\/demoweb.info\/sexshop001\/","name":"Tienda Er\u00f3tica","description":"DEMOWEB SL","potentialAction":[{"@type":"SearchAction","target":{"@type":"EntryPoint","urlTemplate":"https:\/\/demoweb.info\/sexshop001\/?s={search_term_string}"},"query-input":"required name=search_term_string"}],"inLanguage":"es"}]}},"_links":{"self":[{"href":"https:\/\/demoweb.info\/sexshop001\/wp-json\/wp\/v3\/product\/47512","targetHints":{"allow":["GET"]}}],"collection":[{"href":"https:\/\/demoweb.info\/sexshop001\/wp-json\/wp\/v3\/product"}],"about":[{"href":"https:\/\/demoweb.info\/sexshop001\/wp-json\/wp\/v2\/types\/product"}],"replies":[{"embeddable":true,"href":"https:\/\/demoweb.info\/sexshop001\/wp-json\/wp\/v2\/comments?post=47512"}],"wp:featuredmedia":[{"embeddable":true,"href":"https:\/\/demoweb.info\/sexshop001\/wp-json\/wp\/v2\/media\/47513"}],"wp:attachment":[{"href":"https:\/\/demoweb.info\/sexshop001\/wp-json\/wp\/v2\/media?parent=47512"}],"wp:term":[{"taxonomy":"product_cat","embeddable":true,"href":"https:\/\/demoweb.info\/sexshop001\/wp-json\/wp\/v2\/product_cat?post=47512"},{"taxonomy":"product_tag","embeddable":true,"href":"https:\/\/demoweb.info\/sexshop001\/wp-json\/wp\/v2\/product_tag?post=47512"}],"curies":[{"name":"wp","href":"https:\/\/api.w.org\/{rel}","templated":true}]}}