{"id":47498,"date":"2022-01-22T15:33:30","date_gmt":"2022-01-22T14:33:30","guid":{"rendered":"https:\/\/demoweb.info\/sexshop001\/producto\/satisfyer-double-plus\/"},"modified":"2022-01-22T15:33:34","modified_gmt":"2022-01-22T14:33:34","slug":"satisfyer-double-plus","status":"publish","type":"product","link":"https:\/\/demoweb.info\/sexshop001\/producto\/satisfyer-double-plus\/","title":{"rendered":"SATISFYER DOUBLE PLUS"},"content":{"rendered":"<p><strong>SATISFYER DOUBLE PLUS<\/strong><\/p>\n<p><strong>Nueva edici\u00f3n 2020<\/strong><\/p>\n<p>Estimulaci\u00f3n m\u00e1s intensa durante el juego amoroso para ella y para \u00e9l.<\/p>\n<p>DOS MOTORES PARA LLEVAROS AL S\u00c9PTIMO CIELO<\/p>\n<p>El Partner Plus os ofrece a ti y a tu pareja una estimulaci\u00f3n m\u00e1s intensa durante el acto sexual. El Partner Toy tiene forma de U: un lado se coloca sobre el cl\u00edtoris, y el otro se introduce en la vagina durante el acto sexual. Cada lado est\u00e1 equipado con su propio motor de gran potencia, de manera que no solo tu botoncito se beneficia de las intensas vibraciones, sino que tambi\u00e9n se estimula simult\u00e1neamente tu punto G y el pene de tu pareja. El bot\u00f3n os permite seleccionar entre tres intensidades y siete ritmos de vibraci\u00f3n que os llevar\u00e1n a alcanzar juntos el cl\u00edmax.<\/p>\n<p>DIVERSI\u00d3N A TRES BANDAS EN LA BA\u00d1ERA<\/p>\n<p>Adem\u00e1s de las vibraciones, que tambi\u00e9n volver\u00e1n loca de placer a tu pareja, el lado que se introduce en la vagina provoca una excitante sensaci\u00f3n de estrechez para el hombre, lo que har\u00e1 a\u00fan m\u00e1s interesantes para \u00e9l vuestros juegos sexuales. Esta estimulaci\u00f3n simult\u00e1nea la pod\u00e9is disfrutar en cualquier sitio donde os entren ganas: al ser resistente al agua, el Partner Plus har\u00e1 que vuestro ba\u00f1o caliente juntos sea a\u00fan m\u00e1s caliente. Tambi\u00e9n es muy pr\u00e1ctica la bater\u00eda integrada: El Partner Plus se puede cargar f\u00e1cilmente con el cargador por USB incluido, y as\u00ed a\u00f1adir un poco de picante a vuestra vida sexual siempre que os apetezca.<\/p>\n<p>&#8211; 2 potentes motores<br \/>\n&#8211; Premio de dise\u00f1o<br \/>\n&#8211; Silicona antialerg\u00e9nica<br \/>\n&#8211; 10 programas de vibraci\u00f3n<br \/>\n&#8211; Resistente al agua, recargable<\/p>\n<p>El Partner Plus es el juguete ideal para a\u00f1adir un poco de diversidad a vuestra vida sexual, tanto si llev\u00e1is juntos desde el instituto como si os hab\u00e9is conocido (y enrollado) el fin de semana pasado en esa fiesta ya legendaria.<\/p>\n<p>MATERIAL<\/p>\n<p>La silicona antialerg\u00e9nica posee un tacto muy agradable, y es el material ideal para pas\u00e1rselo en grande. Es muy higi\u00e9nico, y favorece el deslizamiento, sobre todo con la ayuda de lubricantes con base de agua, que convierten la experiencia en un placer \u00fanico. Tu juguete se puede limpiar f\u00e1cilmente con agua y un jab\u00f3n suave. Si deseas una higiene m\u00e1s exhaustiva, puedes utilizar un producto limpiador de dildos: basta con rociarlo un par de veces para que tu juguete quede perfectamente limpio.<\/p>\n<ul>\n<li><strong>Nueva edici\u00f3n 2020<\/strong><\/li>\n<li><strong>Con tecnolog\u00eda MEJORADA<\/strong><\/li>\n<li><strong>Nuevo embalaje acorde con la nueva imagen de la marca<\/strong><\/li>\n<li><strong>GARANT\u00cdA DE HIGIENE: Tendr\u00e1s 100% asegurado que eres la primera persona en abrir tu nuevo juguete.<\/strong><\/li>\n<\/ul>\n","protected":false},"excerpt":{"rendered":"<p>SATISFYER DOUBLE PLUS Nueva edici\u00f3n 2020 Estimulaci\u00f3n m\u00e1s intensa durante el juego amoroso para ella y para \u00e9l. DOS MOTORES<\/p>\n","protected":false},"featured_media":47499,"comment_status":"open","ping_status":"open","template":"","meta":[],"product_cat":[684],"product_tag":[1466,442],"class_list":["post-47498","product","type-product","status-publish","has-post-thumbnail","hentry","product_cat-san-valentin-regalos","product_tag-partner","product_tag-satisfyer"],"bundled_by":[],"bundle_stock_status":"instock","bundle_stock_quantity":25,"bundle_virtual":false,"bundle_layout":"","bundle_add_to_cart_form_location":"","bundle_editable_in_cart":false,"bundle_sold_individually_context":"","bundle_item_grouping":"","bundle_min_size":"","bundle_max_size":"","bundled_items":[],"yoast_head":"<!-- This site is optimized with the Yoast SEO plugin v20.6 - https:\/\/yoast.com\/wordpress\/plugins\/seo\/ -->\n<title>SATISFYER DOUBLE PLUS - Tienda Er\u00f3tica<\/title>\n<meta name=\"robots\" content=\"noindex, follow, max-snippet:-1, max-image-preview:large, max-video-preview:-1\" \/>\n<meta property=\"og:locale\" content=\"es_ES\" \/>\n<meta property=\"og:type\" content=\"article\" \/>\n<meta property=\"og:title\" content=\"SATISFYER DOUBLE PLUS - Tienda Er\u00f3tica\" \/>\n<meta property=\"og:description\" content=\"SATISFYER DOUBLE PLUS Nueva edici\u00f3n 2020 Estimulaci\u00f3n m\u00e1s intensa durante el juego amoroso para ella y para \u00e9l. DOS MOTORES\" \/>\n<meta property=\"og:url\" content=\"https:\/\/demoweb.info\/sexshop001\/producto\/satisfyer-double-plus\/\" \/>\n<meta property=\"og:site_name\" content=\"Tienda Er\u00f3tica\" \/>\n<meta property=\"article:modified_time\" content=\"2022-01-22T14:33:34+00:00\" \/>\n<meta property=\"og:image\" content=\"https:\/\/demoweb.info\/sexshop001\/wp-content\/uploads\/2022\/01\/SATISFYER-DOUBLE-PLUS.jpg\" \/>\n\t<meta property=\"og:image:width\" content=\"550\" \/>\n\t<meta property=\"og:image:height\" content=\"550\" \/>\n\t<meta property=\"og:image:type\" content=\"image\/jpeg\" \/>\n<meta name=\"twitter:card\" content=\"summary_large_image\" \/>\n<meta name=\"twitter:label1\" content=\"Tiempo de lectura\" \/>\n\t<meta name=\"twitter:data1\" content=\"2 minutos\" \/>\n<script type=\"application\/ld+json\" class=\"yoast-schema-graph\">{\"@context\":\"https:\/\/schema.org\",\"@graph\":[{\"@type\":\"WebPage\",\"@id\":\"https:\/\/demoweb.info\/sexshop001\/producto\/satisfyer-double-plus\/\",\"url\":\"https:\/\/demoweb.info\/sexshop001\/producto\/satisfyer-double-plus\/\",\"name\":\"SATISFYER DOUBLE PLUS - Tienda Er\u00f3tica\",\"isPartOf\":{\"@id\":\"https:\/\/demoweb.info\/sexshop001\/#website\"},\"datePublished\":\"2022-01-22T14:33:30+00:00\",\"dateModified\":\"2022-01-22T14:33:34+00:00\",\"breadcrumb\":{\"@id\":\"https:\/\/demoweb.info\/sexshop001\/producto\/satisfyer-double-plus\/#breadcrumb\"},\"inLanguage\":\"es\",\"potentialAction\":[{\"@type\":\"ReadAction\",\"target\":[\"https:\/\/demoweb.info\/sexshop001\/producto\/satisfyer-double-plus\/\"]}]},{\"@type\":\"BreadcrumbList\",\"@id\":\"https:\/\/demoweb.info\/sexshop001\/producto\/satisfyer-double-plus\/#breadcrumb\",\"itemListElement\":[{\"@type\":\"ListItem\",\"position\":1,\"name\":\"Portada\",\"item\":\"https:\/\/demoweb.info\/sexshop001\/\"},{\"@type\":\"ListItem\",\"position\":2,\"name\":\"Tienda\",\"item\":\"https:\/\/demoweb.info\/sexshop001\/tienda\/\"},{\"@type\":\"ListItem\",\"position\":3,\"name\":\"SATISFYER DOUBLE PLUS\"}]},{\"@type\":\"WebSite\",\"@id\":\"https:\/\/demoweb.info\/sexshop001\/#website\",\"url\":\"https:\/\/demoweb.info\/sexshop001\/\",\"name\":\"Tienda Er\u00f3tica\",\"description\":\"DEMOWEB SL\",\"potentialAction\":[{\"@type\":\"SearchAction\",\"target\":{\"@type\":\"EntryPoint\",\"urlTemplate\":\"https:\/\/demoweb.info\/sexshop001\/?s={search_term_string}\"},\"query-input\":\"required name=search_term_string\"}],\"inLanguage\":\"es\"}]}<\/script>\n<!-- \/ Yoast SEO plugin. -->","yoast_head_json":{"title":"SATISFYER DOUBLE PLUS - Tienda Er\u00f3tica","robots":{"index":"noindex","follow":"follow","max-snippet":"max-snippet:-1","max-image-preview":"max-image-preview:large","max-video-preview":"max-video-preview:-1"},"og_locale":"es_ES","og_type":"article","og_title":"SATISFYER DOUBLE PLUS - Tienda Er\u00f3tica","og_description":"SATISFYER DOUBLE PLUS Nueva edici\u00f3n 2020 Estimulaci\u00f3n m\u00e1s intensa durante el juego amoroso para ella y para \u00e9l. DOS MOTORES","og_url":"https:\/\/demoweb.info\/sexshop001\/producto\/satisfyer-double-plus\/","og_site_name":"Tienda Er\u00f3tica","article_modified_time":"2022-01-22T14:33:34+00:00","og_image":[{"width":550,"height":550,"url":"https:\/\/demoweb.info\/sexshop001\/wp-content\/uploads\/2022\/01\/SATISFYER-DOUBLE-PLUS.jpg","type":"image\/jpeg"}],"twitter_card":"summary_large_image","twitter_misc":{"Tiempo de lectura":"2 minutos"},"schema":{"@context":"https:\/\/schema.org","@graph":[{"@type":"WebPage","@id":"https:\/\/demoweb.info\/sexshop001\/producto\/satisfyer-double-plus\/","url":"https:\/\/demoweb.info\/sexshop001\/producto\/satisfyer-double-plus\/","name":"SATISFYER DOUBLE PLUS - Tienda Er\u00f3tica","isPartOf":{"@id":"https:\/\/demoweb.info\/sexshop001\/#website"},"datePublished":"2022-01-22T14:33:30+00:00","dateModified":"2022-01-22T14:33:34+00:00","breadcrumb":{"@id":"https:\/\/demoweb.info\/sexshop001\/producto\/satisfyer-double-plus\/#breadcrumb"},"inLanguage":"es","potentialAction":[{"@type":"ReadAction","target":["https:\/\/demoweb.info\/sexshop001\/producto\/satisfyer-double-plus\/"]}]},{"@type":"BreadcrumbList","@id":"https:\/\/demoweb.info\/sexshop001\/producto\/satisfyer-double-plus\/#breadcrumb","itemListElement":[{"@type":"ListItem","position":1,"name":"Portada","item":"https:\/\/demoweb.info\/sexshop001\/"},{"@type":"ListItem","position":2,"name":"Tienda","item":"https:\/\/demoweb.info\/sexshop001\/tienda\/"},{"@type":"ListItem","position":3,"name":"SATISFYER DOUBLE PLUS"}]},{"@type":"WebSite","@id":"https:\/\/demoweb.info\/sexshop001\/#website","url":"https:\/\/demoweb.info\/sexshop001\/","name":"Tienda Er\u00f3tica","description":"DEMOWEB SL","potentialAction":[{"@type":"SearchAction","target":{"@type":"EntryPoint","urlTemplate":"https:\/\/demoweb.info\/sexshop001\/?s={search_term_string}"},"query-input":"required name=search_term_string"}],"inLanguage":"es"}]}},"_links":{"self":[{"href":"https:\/\/demoweb.info\/sexshop001\/wp-json\/wp\/v3\/product\/47498","targetHints":{"allow":["GET"]}}],"collection":[{"href":"https:\/\/demoweb.info\/sexshop001\/wp-json\/wp\/v3\/product"}],"about":[{"href":"https:\/\/demoweb.info\/sexshop001\/wp-json\/wp\/v2\/types\/product"}],"replies":[{"embeddable":true,"href":"https:\/\/demoweb.info\/sexshop001\/wp-json\/wp\/v2\/comments?post=47498"}],"wp:featuredmedia":[{"embeddable":true,"href":"https:\/\/demoweb.info\/sexshop001\/wp-json\/wp\/v2\/media\/47499"}],"wp:attachment":[{"href":"https:\/\/demoweb.info\/sexshop001\/wp-json\/wp\/v2\/media?parent=47498"}],"wp:term":[{"taxonomy":"product_cat","embeddable":true,"href":"https:\/\/demoweb.info\/sexshop001\/wp-json\/wp\/v2\/product_cat?post=47498"},{"taxonomy":"product_tag","embeddable":true,"href":"https:\/\/demoweb.info\/sexshop001\/wp-json\/wp\/v2\/product_tag?post=47498"}],"curies":[{"name":"wp","href":"https:\/\/api.w.org\/{rel}","templated":true}]}}