{"id":47482,"date":"2022-01-22T15:33:16","date_gmt":"2022-01-22T14:33:16","guid":{"rendered":"https:\/\/demoweb.info\/sexshop001\/producto\/satisfyer-double-classic\/"},"modified":"2022-01-22T15:33:24","modified_gmt":"2022-01-22T14:33:24","slug":"satisfyer-double-classic","status":"publish","type":"product","link":"https:\/\/demoweb.info\/sexshop001\/producto\/satisfyer-double-classic\/","title":{"rendered":"SATISFYER DOUBLE CLASSIC"},"content":{"rendered":"<p><strong>SATISFYER DOUBLE CLASSIC<\/strong><\/p>\n<p><strong>Nueva edici\u00f3n 2020.<\/strong><\/p>\n<p>Un placer a\u00fan m\u00e1s intenso durante el juego amoroso gracias a la estimulaci\u00f3n simult\u00e1nea.<\/p>\n<p><strong>DOBLE ESTIMULACI\u00d3N PARA PAREJAS<\/strong><\/p>\n<p>El amiguito que tienes ante ti se encargar\u00e1 de que tanto t\u00fa como tu pareja os lo pas\u00e9is a\u00fan mejor en vuestros juegos sexuales juntos. La parte m\u00e1s ancha del Partner Toy, equipada con un potente motor, masajea tu cl\u00edtoris con una gran variedad de ritmos de vibraci\u00f3n, entre otras cosas, para que tu chico tenga las manos libres. Su moderna y caracter\u00edstica forma en U y su suave superficie de silicona conforman el dise\u00f1o \u00fanico del Partner Toy, que llevar\u00e1 al m\u00e1ximo vuestra pasi\u00f3n. Pulsando el bot\u00f3n pod\u00e9is elegir entre tres intensidades y siete ritmos de vibraci\u00f3n que os pondr\u00e1n a los dos como motos.<\/p>\n<p><strong>AL AGUA, PATOS<\/strong><\/p>\n<p>Las excitantes vibraciones tambi\u00e9n se transmiten al lado m\u00e1s fino, el que se introduce en la vagina. Esto no solo provoca en tu chico una excitante sensaci\u00f3n de estrechez, sino que tambi\u00e9n le transmite buenas vibraciones, algo que su pene tambi\u00e9n agradecer\u00e1. Y mucho. Al ser resistente al agua, tambi\u00e9n podr\u00e9is disfrutar de los placeres de este juguete en la ducha. Y gracias a su bater\u00eda incorporada, el Partner Toy est\u00e1 siempre disponible para cuando os entre el arrebato de pasi\u00f3n: en un momento se carga f\u00e1cilmente con el cargador por USB incluido y&#8230; \u00a1manos a la obra!<\/p>\n<ul>\n<li>Resistente al agua<\/li>\n<li>Premio de dise\u00f1o<\/li>\n<li>10 Programas de vibraci\u00f3n<\/li>\n<li>Recargable<\/li>\n<li>Silicona antialerg\u00e9nica<\/li>\n<li><strong>Nueva edici\u00f3n 2020<\/strong><\/li>\n<li><strong><strong>Nuevo embalaje acorde con la nueva imagen de la marca<\/strong><\/strong><\/li>\n<li><strong><strong><strong><strong>GARANT\u00cdA DE HIGIENE: Tendr\u00e1s 100% asegurado que eres la primera persona en abrir tu nuevo juguete.<\/strong><\/strong><\/strong><\/strong><\/li>\n<\/ul>\n<p><strong>MATERIAL<\/strong><\/p>\n<p>La silicona antialerg\u00e9nica posee un tacto muy agradable, y es el material ideal para pas\u00e1rselo en grande. Es muy higi\u00e9nico, y favorece el deslizamiento, sobre todo con la ayuda de lubricantes con base de agua, que convierten la experiencia en un placer \u00fanico. Tu juguete se puede limpiar f\u00e1cilmente con agua y un jab\u00f3n suave. Si deseas una higiene m\u00e1s exhaustiva, puedes utilizar un producto limpiador de dildos: basta con rociarlo un par de veces para que tu juguete quede perfectamente limpio.<span style=&quot;background-color:rgb(255, 255, 255); color:rgb(255, 255, 255); font-family:futura medium,helvetica neue,helvetica,arial sans-serif; font-size:16px&quot;>xcitantes vibraciones tambi\u00e9n se transmiten al lado m\u00e1s fino, el que se introduce en la vagina. Esto no solo provoca en tu chico una excitante sensaci\u00f3n de estrechez, sino que tambi\u00e9n le transmite buenas vibraciones, algo que su pene tambi\u00e9n agradecer\u00e1. Y mucho. Al ser resistente al agua, tambi\u00e9n podr\u00e9is disfrutar de los placeres de este juguete en la ducha. Y gracias a su bater\u00eda incorporada, el Partner Toy est\u00e1 siempre disponible para cuando os entre el arrebato de pasi\u00f3n: en un momento se carga f\u00e1cilmente con el cargador por USB incluido y&#8230; \u00a1manos a la obra!<\/span><!--EndFragment--><\/p>\n","protected":false},"excerpt":{"rendered":"<p>SATISFYER DOUBLE CLASSIC Nueva edici\u00f3n 2020. Un placer a\u00fan m\u00e1s intenso durante el juego amoroso gracias a la estimulaci\u00f3n simult\u00e1nea.<\/p>\n","protected":false},"featured_media":47483,"comment_status":"open","ping_status":"open","template":"","meta":[],"product_cat":[445],"product_tag":[1466,442],"class_list":["post-47482","product","type-product","status-publish","has-post-thumbnail","hentry","product_cat-para-parejas-vibradores-juguetes-xxx","product_tag-partner","product_tag-satisfyer"],"bundled_by":[],"bundle_stock_status":"instock","bundle_stock_quantity":25,"bundle_virtual":false,"bundle_layout":"","bundle_add_to_cart_form_location":"","bundle_editable_in_cart":false,"bundle_sold_individually_context":"","bundle_item_grouping":"","bundle_min_size":"","bundle_max_size":"","bundled_items":[],"yoast_head":"<!-- This site is optimized with the Yoast SEO plugin v20.6 - https:\/\/yoast.com\/wordpress\/plugins\/seo\/ -->\n<title>SATISFYER DOUBLE CLASSIC - Tienda Er\u00f3tica<\/title>\n<meta name=\"robots\" content=\"noindex, follow, max-snippet:-1, max-image-preview:large, max-video-preview:-1\" \/>\n<meta property=\"og:locale\" content=\"es_ES\" \/>\n<meta property=\"og:type\" content=\"article\" \/>\n<meta property=\"og:title\" content=\"SATISFYER DOUBLE CLASSIC - Tienda Er\u00f3tica\" \/>\n<meta property=\"og:description\" content=\"SATISFYER DOUBLE CLASSIC Nueva edici\u00f3n 2020. Un placer a\u00fan m\u00e1s intenso durante el juego amoroso gracias a la estimulaci\u00f3n simult\u00e1nea.\" \/>\n<meta property=\"og:url\" content=\"https:\/\/demoweb.info\/sexshop001\/producto\/satisfyer-double-classic\/\" \/>\n<meta property=\"og:site_name\" content=\"Tienda Er\u00f3tica\" \/>\n<meta property=\"article:modified_time\" content=\"2022-01-22T14:33:24+00:00\" \/>\n<meta property=\"og:image\" content=\"https:\/\/demoweb.info\/sexshop001\/wp-content\/uploads\/2022\/01\/SATISFYER-DOUBLE-CLASSIC.jpg\" \/>\n\t<meta property=\"og:image:width\" content=\"550\" \/>\n\t<meta property=\"og:image:height\" content=\"550\" \/>\n\t<meta property=\"og:image:type\" content=\"image\/jpeg\" \/>\n<meta name=\"twitter:card\" content=\"summary_large_image\" \/>\n<meta name=\"twitter:label1\" content=\"Tiempo de lectura\" \/>\n\t<meta name=\"twitter:data1\" content=\"3 minutos\" \/>\n<script type=\"application\/ld+json\" class=\"yoast-schema-graph\">{\"@context\":\"https:\/\/schema.org\",\"@graph\":[{\"@type\":\"WebPage\",\"@id\":\"https:\/\/demoweb.info\/sexshop001\/producto\/satisfyer-double-classic\/\",\"url\":\"https:\/\/demoweb.info\/sexshop001\/producto\/satisfyer-double-classic\/\",\"name\":\"SATISFYER DOUBLE CLASSIC - Tienda Er\u00f3tica\",\"isPartOf\":{\"@id\":\"https:\/\/demoweb.info\/sexshop001\/#website\"},\"datePublished\":\"2022-01-22T14:33:16+00:00\",\"dateModified\":\"2022-01-22T14:33:24+00:00\",\"breadcrumb\":{\"@id\":\"https:\/\/demoweb.info\/sexshop001\/producto\/satisfyer-double-classic\/#breadcrumb\"},\"inLanguage\":\"es\",\"potentialAction\":[{\"@type\":\"ReadAction\",\"target\":[\"https:\/\/demoweb.info\/sexshop001\/producto\/satisfyer-double-classic\/\"]}]},{\"@type\":\"BreadcrumbList\",\"@id\":\"https:\/\/demoweb.info\/sexshop001\/producto\/satisfyer-double-classic\/#breadcrumb\",\"itemListElement\":[{\"@type\":\"ListItem\",\"position\":1,\"name\":\"Portada\",\"item\":\"https:\/\/demoweb.info\/sexshop001\/\"},{\"@type\":\"ListItem\",\"position\":2,\"name\":\"Tienda\",\"item\":\"https:\/\/demoweb.info\/sexshop001\/tienda\/\"},{\"@type\":\"ListItem\",\"position\":3,\"name\":\"SATISFYER DOUBLE CLASSIC\"}]},{\"@type\":\"WebSite\",\"@id\":\"https:\/\/demoweb.info\/sexshop001\/#website\",\"url\":\"https:\/\/demoweb.info\/sexshop001\/\",\"name\":\"Tienda Er\u00f3tica\",\"description\":\"DEMOWEB SL\",\"potentialAction\":[{\"@type\":\"SearchAction\",\"target\":{\"@type\":\"EntryPoint\",\"urlTemplate\":\"https:\/\/demoweb.info\/sexshop001\/?s={search_term_string}\"},\"query-input\":\"required name=search_term_string\"}],\"inLanguage\":\"es\"}]}<\/script>\n<!-- \/ Yoast SEO plugin. -->","yoast_head_json":{"title":"SATISFYER DOUBLE CLASSIC - Tienda Er\u00f3tica","robots":{"index":"noindex","follow":"follow","max-snippet":"max-snippet:-1","max-image-preview":"max-image-preview:large","max-video-preview":"max-video-preview:-1"},"og_locale":"es_ES","og_type":"article","og_title":"SATISFYER DOUBLE CLASSIC - Tienda Er\u00f3tica","og_description":"SATISFYER DOUBLE CLASSIC Nueva edici\u00f3n 2020. Un placer a\u00fan m\u00e1s intenso durante el juego amoroso gracias a la estimulaci\u00f3n simult\u00e1nea.","og_url":"https:\/\/demoweb.info\/sexshop001\/producto\/satisfyer-double-classic\/","og_site_name":"Tienda Er\u00f3tica","article_modified_time":"2022-01-22T14:33:24+00:00","og_image":[{"width":550,"height":550,"url":"https:\/\/demoweb.info\/sexshop001\/wp-content\/uploads\/2022\/01\/SATISFYER-DOUBLE-CLASSIC.jpg","type":"image\/jpeg"}],"twitter_card":"summary_large_image","twitter_misc":{"Tiempo de lectura":"3 minutos"},"schema":{"@context":"https:\/\/schema.org","@graph":[{"@type":"WebPage","@id":"https:\/\/demoweb.info\/sexshop001\/producto\/satisfyer-double-classic\/","url":"https:\/\/demoweb.info\/sexshop001\/producto\/satisfyer-double-classic\/","name":"SATISFYER DOUBLE CLASSIC - Tienda Er\u00f3tica","isPartOf":{"@id":"https:\/\/demoweb.info\/sexshop001\/#website"},"datePublished":"2022-01-22T14:33:16+00:00","dateModified":"2022-01-22T14:33:24+00:00","breadcrumb":{"@id":"https:\/\/demoweb.info\/sexshop001\/producto\/satisfyer-double-classic\/#breadcrumb"},"inLanguage":"es","potentialAction":[{"@type":"ReadAction","target":["https:\/\/demoweb.info\/sexshop001\/producto\/satisfyer-double-classic\/"]}]},{"@type":"BreadcrumbList","@id":"https:\/\/demoweb.info\/sexshop001\/producto\/satisfyer-double-classic\/#breadcrumb","itemListElement":[{"@type":"ListItem","position":1,"name":"Portada","item":"https:\/\/demoweb.info\/sexshop001\/"},{"@type":"ListItem","position":2,"name":"Tienda","item":"https:\/\/demoweb.info\/sexshop001\/tienda\/"},{"@type":"ListItem","position":3,"name":"SATISFYER DOUBLE CLASSIC"}]},{"@type":"WebSite","@id":"https:\/\/demoweb.info\/sexshop001\/#website","url":"https:\/\/demoweb.info\/sexshop001\/","name":"Tienda Er\u00f3tica","description":"DEMOWEB SL","potentialAction":[{"@type":"SearchAction","target":{"@type":"EntryPoint","urlTemplate":"https:\/\/demoweb.info\/sexshop001\/?s={search_term_string}"},"query-input":"required name=search_term_string"}],"inLanguage":"es"}]}},"_links":{"self":[{"href":"https:\/\/demoweb.info\/sexshop001\/wp-json\/wp\/v3\/product\/47482","targetHints":{"allow":["GET"]}}],"collection":[{"href":"https:\/\/demoweb.info\/sexshop001\/wp-json\/wp\/v3\/product"}],"about":[{"href":"https:\/\/demoweb.info\/sexshop001\/wp-json\/wp\/v2\/types\/product"}],"replies":[{"embeddable":true,"href":"https:\/\/demoweb.info\/sexshop001\/wp-json\/wp\/v2\/comments?post=47482"}],"wp:featuredmedia":[{"embeddable":true,"href":"https:\/\/demoweb.info\/sexshop001\/wp-json\/wp\/v2\/media\/47483"}],"wp:attachment":[{"href":"https:\/\/demoweb.info\/sexshop001\/wp-json\/wp\/v2\/media?parent=47482"}],"wp:term":[{"taxonomy":"product_cat","embeddable":true,"href":"https:\/\/demoweb.info\/sexshop001\/wp-json\/wp\/v2\/product_cat?post=47482"},{"taxonomy":"product_tag","embeddable":true,"href":"https:\/\/demoweb.info\/sexshop001\/wp-json\/wp\/v2\/product_tag?post=47482"}],"curies":[{"name":"wp","href":"https:\/\/api.w.org\/{rel}","templated":true}]}}