{"id":47441,"date":"2022-01-22T15:32:55","date_gmt":"2022-01-22T14:32:55","guid":{"rendered":"https:\/\/demoweb.info\/sexshop001\/producto\/international-couples-maquina-del-amor\/"},"modified":"2022-01-22T15:32:58","modified_gmt":"2022-01-22T14:32:58","slug":"international-couples-maquina-del-amor","status":"publish","type":"product","link":"https:\/\/demoweb.info\/sexshop001\/producto\/international-couples-maquina-del-amor\/","title":{"rendered":"INTERNATIONAL COUPLES M\u00c1QUINA DEL AMOR"},"content":{"rendered":"<p><strong>INTERNATIONAL COUPLES SEX MACHINE<\/strong><\/p>\n<p>A diferencia de las m\u00e1quinas del amor el\u00e9ctricas m\u00e1s grandes y voluminosas, este simulador de sexo port\u00e1til se ajusta f\u00e1cilmente en su maleta y cuenta con un adaptador de alimentaci\u00f3n universal para soportar de forma segura voltajes multi-est\u00e1ndar en casi todos los pa\u00edses. Con un protector de sobretensi\u00f3n incorporado, el convertidor global le permite disfrutar de un poderoso y port\u00e1til masturbador de rendimiento en cualquier parte del mundo.<\/p>\n<p>Con su mando a distancia disfrutar\u00e1s f\u00e1cilmente de sus m\u00faltiples funciones y velocidades.<\/p>\n<p>Incluye:<br \/>\n&bull; M\u00e1quina Internacional de Sexo de Parejas<br \/>\n&bull; Pipedream Extreme Pussy<br \/>\n&bull; King Dildo Cock, pene real\u00edstico de 15 cm<br \/>\n&bull; Dilio de 17,8 cm<br \/>\n&bull; Control remoto inal\u00e1mbrico<br \/>\n&bull; Soporte de dispositivo m\u00f3vil<br \/>\n&bull; Adaptador de corriente universal<br \/>\n&bull; Abrazadera de la boquilla alimentada por USB<br \/>\n&bull; Bolsa de Viaje Duffle<br \/>\n&bull; Pluma Tickler<br \/>\n&bull; Muestras gratis de Moist\u00ae Loci\u00f3n corporal y limpiador de juguetes<\/p>\n","protected":false},"excerpt":{"rendered":"<p>INTERNATIONAL COUPLES SEX MACHINE A diferencia de las m\u00e1quinas del amor el\u00e9ctricas m\u00e1s grandes y voluminosas, este simulador de sexo<\/p>\n","protected":false},"featured_media":47442,"comment_status":"open","ping_status":"open","template":"","meta":[],"product_cat":[680],"product_tag":[260,259],"class_list":["post-47441","product","type-product","status-publish","has-post-thumbnail","hentry","product_cat-maquinas-del-amor","product_tag-fetish-fantasy-series","product_tag-pipedream"],"bundled_by":[],"bundle_stock_status":"instock","bundle_stock_quantity":2,"bundle_virtual":false,"bundle_layout":"","bundle_add_to_cart_form_location":"","bundle_editable_in_cart":false,"bundle_sold_individually_context":"","bundle_item_grouping":"","bundle_min_size":"","bundle_max_size":"","bundled_items":[],"yoast_head":"<!-- This site is optimized with the Yoast SEO plugin v20.6 - https:\/\/yoast.com\/wordpress\/plugins\/seo\/ -->\n<title>INTERNATIONAL COUPLES M\u00c1QUINA DEL AMOR - Tienda Er\u00f3tica<\/title>\n<meta name=\"robots\" content=\"noindex, follow, max-snippet:-1, max-image-preview:large, max-video-preview:-1\" \/>\n<meta property=\"og:locale\" content=\"es_ES\" \/>\n<meta property=\"og:type\" content=\"article\" \/>\n<meta property=\"og:title\" content=\"INTERNATIONAL COUPLES M\u00c1QUINA DEL AMOR - Tienda Er\u00f3tica\" \/>\n<meta property=\"og:description\" content=\"INTERNATIONAL COUPLES SEX MACHINE A diferencia de las m\u00e1quinas del amor el\u00e9ctricas m\u00e1s grandes y voluminosas, este simulador de sexo\" \/>\n<meta property=\"og:url\" content=\"https:\/\/demoweb.info\/sexshop001\/producto\/international-couples-maquina-del-amor\/\" \/>\n<meta property=\"og:site_name\" content=\"Tienda Er\u00f3tica\" \/>\n<meta property=\"article:modified_time\" content=\"2022-01-22T14:32:58+00:00\" \/>\n<meta property=\"og:image\" content=\"https:\/\/demoweb.info\/sexshop001\/wp-content\/uploads\/2022\/01\/INTERNATIONAL-COUPLES-MAQUINA-DEL-AMOR.jpg\" \/>\n\t<meta property=\"og:image:width\" content=\"550\" \/>\n\t<meta property=\"og:image:height\" content=\"550\" \/>\n\t<meta property=\"og:image:type\" content=\"image\/jpeg\" \/>\n<meta name=\"twitter:card\" content=\"summary_large_image\" \/>\n<meta name=\"twitter:label1\" content=\"Tiempo de lectura\" \/>\n\t<meta name=\"twitter:data1\" content=\"1 minuto\" \/>\n<script type=\"application\/ld+json\" class=\"yoast-schema-graph\">{\"@context\":\"https:\/\/schema.org\",\"@graph\":[{\"@type\":\"WebPage\",\"@id\":\"https:\/\/demoweb.info\/sexshop001\/producto\/international-couples-maquina-del-amor\/\",\"url\":\"https:\/\/demoweb.info\/sexshop001\/producto\/international-couples-maquina-del-amor\/\",\"name\":\"INTERNATIONAL COUPLES M\u00c1QUINA DEL AMOR - Tienda Er\u00f3tica\",\"isPartOf\":{\"@id\":\"https:\/\/demoweb.info\/sexshop001\/#website\"},\"datePublished\":\"2022-01-22T14:32:55+00:00\",\"dateModified\":\"2022-01-22T14:32:58+00:00\",\"breadcrumb\":{\"@id\":\"https:\/\/demoweb.info\/sexshop001\/producto\/international-couples-maquina-del-amor\/#breadcrumb\"},\"inLanguage\":\"es\",\"potentialAction\":[{\"@type\":\"ReadAction\",\"target\":[\"https:\/\/demoweb.info\/sexshop001\/producto\/international-couples-maquina-del-amor\/\"]}]},{\"@type\":\"BreadcrumbList\",\"@id\":\"https:\/\/demoweb.info\/sexshop001\/producto\/international-couples-maquina-del-amor\/#breadcrumb\",\"itemListElement\":[{\"@type\":\"ListItem\",\"position\":1,\"name\":\"Portada\",\"item\":\"https:\/\/demoweb.info\/sexshop001\/\"},{\"@type\":\"ListItem\",\"position\":2,\"name\":\"Tienda\",\"item\":\"https:\/\/demoweb.info\/sexshop001\/tienda\/\"},{\"@type\":\"ListItem\",\"position\":3,\"name\":\"INTERNATIONAL COUPLES M\u00c1QUINA DEL AMOR\"}]},{\"@type\":\"WebSite\",\"@id\":\"https:\/\/demoweb.info\/sexshop001\/#website\",\"url\":\"https:\/\/demoweb.info\/sexshop001\/\",\"name\":\"Tienda Er\u00f3tica\",\"description\":\"DEMOWEB SL\",\"potentialAction\":[{\"@type\":\"SearchAction\",\"target\":{\"@type\":\"EntryPoint\",\"urlTemplate\":\"https:\/\/demoweb.info\/sexshop001\/?s={search_term_string}\"},\"query-input\":\"required name=search_term_string\"}],\"inLanguage\":\"es\"}]}<\/script>\n<!-- \/ Yoast SEO plugin. -->","yoast_head_json":{"title":"INTERNATIONAL COUPLES M\u00c1QUINA DEL AMOR - Tienda Er\u00f3tica","robots":{"index":"noindex","follow":"follow","max-snippet":"max-snippet:-1","max-image-preview":"max-image-preview:large","max-video-preview":"max-video-preview:-1"},"og_locale":"es_ES","og_type":"article","og_title":"INTERNATIONAL COUPLES M\u00c1QUINA DEL AMOR - Tienda Er\u00f3tica","og_description":"INTERNATIONAL COUPLES SEX MACHINE A diferencia de las m\u00e1quinas del amor el\u00e9ctricas m\u00e1s grandes y voluminosas, este simulador de sexo","og_url":"https:\/\/demoweb.info\/sexshop001\/producto\/international-couples-maquina-del-amor\/","og_site_name":"Tienda Er\u00f3tica","article_modified_time":"2022-01-22T14:32:58+00:00","og_image":[{"width":550,"height":550,"url":"https:\/\/demoweb.info\/sexshop001\/wp-content\/uploads\/2022\/01\/INTERNATIONAL-COUPLES-MAQUINA-DEL-AMOR.jpg","type":"image\/jpeg"}],"twitter_card":"summary_large_image","twitter_misc":{"Tiempo de lectura":"1 minuto"},"schema":{"@context":"https:\/\/schema.org","@graph":[{"@type":"WebPage","@id":"https:\/\/demoweb.info\/sexshop001\/producto\/international-couples-maquina-del-amor\/","url":"https:\/\/demoweb.info\/sexshop001\/producto\/international-couples-maquina-del-amor\/","name":"INTERNATIONAL COUPLES M\u00c1QUINA DEL AMOR - Tienda Er\u00f3tica","isPartOf":{"@id":"https:\/\/demoweb.info\/sexshop001\/#website"},"datePublished":"2022-01-22T14:32:55+00:00","dateModified":"2022-01-22T14:32:58+00:00","breadcrumb":{"@id":"https:\/\/demoweb.info\/sexshop001\/producto\/international-couples-maquina-del-amor\/#breadcrumb"},"inLanguage":"es","potentialAction":[{"@type":"ReadAction","target":["https:\/\/demoweb.info\/sexshop001\/producto\/international-couples-maquina-del-amor\/"]}]},{"@type":"BreadcrumbList","@id":"https:\/\/demoweb.info\/sexshop001\/producto\/international-couples-maquina-del-amor\/#breadcrumb","itemListElement":[{"@type":"ListItem","position":1,"name":"Portada","item":"https:\/\/demoweb.info\/sexshop001\/"},{"@type":"ListItem","position":2,"name":"Tienda","item":"https:\/\/demoweb.info\/sexshop001\/tienda\/"},{"@type":"ListItem","position":3,"name":"INTERNATIONAL COUPLES M\u00c1QUINA DEL AMOR"}]},{"@type":"WebSite","@id":"https:\/\/demoweb.info\/sexshop001\/#website","url":"https:\/\/demoweb.info\/sexshop001\/","name":"Tienda Er\u00f3tica","description":"DEMOWEB SL","potentialAction":[{"@type":"SearchAction","target":{"@type":"EntryPoint","urlTemplate":"https:\/\/demoweb.info\/sexshop001\/?s={search_term_string}"},"query-input":"required name=search_term_string"}],"inLanguage":"es"}]}},"_links":{"self":[{"href":"https:\/\/demoweb.info\/sexshop001\/wp-json\/wp\/v3\/product\/47441","targetHints":{"allow":["GET"]}}],"collection":[{"href":"https:\/\/demoweb.info\/sexshop001\/wp-json\/wp\/v3\/product"}],"about":[{"href":"https:\/\/demoweb.info\/sexshop001\/wp-json\/wp\/v2\/types\/product"}],"replies":[{"embeddable":true,"href":"https:\/\/demoweb.info\/sexshop001\/wp-json\/wp\/v2\/comments?post=47441"}],"wp:featuredmedia":[{"embeddable":true,"href":"https:\/\/demoweb.info\/sexshop001\/wp-json\/wp\/v2\/media\/47442"}],"wp:attachment":[{"href":"https:\/\/demoweb.info\/sexshop001\/wp-json\/wp\/v2\/media?parent=47441"}],"wp:term":[{"taxonomy":"product_cat","embeddable":true,"href":"https:\/\/demoweb.info\/sexshop001\/wp-json\/wp\/v2\/product_cat?post=47441"},{"taxonomy":"product_tag","embeddable":true,"href":"https:\/\/demoweb.info\/sexshop001\/wp-json\/wp\/v2\/product_tag?post=47441"}],"curies":[{"name":"wp","href":"https:\/\/api.w.org\/{rel}","templated":true}]}}