{"id":47429,"date":"2022-01-22T15:32:43","date_gmt":"2022-01-22T14:32:43","guid":{"rendered":"https:\/\/demoweb.info\/sexshop001\/producto\/cine-caliente\/"},"modified":"2022-01-22T15:32:50","modified_gmt":"2022-01-22T14:32:50","slug":"cine-caliente","status":"publish","type":"product","link":"https:\/\/demoweb.info\/sexshop001\/producto\/cine-caliente\/","title":{"rendered":"CINE CALIENTE"},"content":{"rendered":"<p><strong>CINE CALIENTE <\/strong><\/p>\n<p>Pedro Calleja.<\/p>\n<p>Los films er\u00f3ticos y sexuales, estimulan la libido de cualquier aficionado al s\u00e9ptimo arte. Estos films recogen los momentos m\u00e1s significativos en la historia del erotismo cinematogr\u00e1fico, desde la d\u00e9cada de los locos a\u00f1os veinte hasta nuestros d\u00edas. Los cien films m\u00e1s relevantes del g\u00e9nero, ordenadas cronol\u00f3gicamente, son analizadas con rigor cin\u00e9fago, pasi\u00f3n period\u00edstica y sentido del humor, destacando la labor de sus directores y protagonistas, las an\u00e9cdotas de rodaje y las circunstancias sociopol\u00edticas que marcaron sus respectivos estrenos. Como complemento imprescindible, treinta figuras especialmente destacables en el campo de la erotoman\u00eda cinem\u00e1tica reciben un tratamiento biofilmogr\u00e1fico aparte.<\/p>\n<ul>\n<li>N&ordm; de p\u00e1ginas: 280 p\u00e1gs.<\/li>\n<li>Encuadernaci\u00f3n: Tapa blanda<\/li>\n<\/ul>\n","protected":false},"excerpt":{"rendered":"<p>CINE CALIENTE Pedro Calleja. Los films er\u00f3ticos y sexuales, estimulan la libido de cualquier aficionado al s\u00e9ptimo arte. Estos films<\/p>\n","protected":false},"featured_media":47430,"comment_status":"open","ping_status":"open","template":"","meta":[],"product_cat":[414],"product_tag":[1465],"class_list":["post-47429","product","type-product","status-publish","has-post-thumbnail","hentry","product_cat-libros","product_tag-ma-non-troppo"],"bundled_by":[],"bundle_stock_status":"instock","bundle_stock_quantity":4,"bundle_virtual":false,"bundle_layout":"","bundle_add_to_cart_form_location":"","bundle_editable_in_cart":false,"bundle_sold_individually_context":"","bundle_item_grouping":"","bundle_min_size":"","bundle_max_size":"","bundled_items":[],"yoast_head":"<!-- This site is optimized with the Yoast SEO plugin v20.6 - https:\/\/yoast.com\/wordpress\/plugins\/seo\/ -->\n<title>CINE CALIENTE - Tienda Er\u00f3tica<\/title>\n<meta name=\"robots\" content=\"noindex, follow, max-snippet:-1, max-image-preview:large, max-video-preview:-1\" \/>\n<meta property=\"og:locale\" content=\"es_ES\" \/>\n<meta property=\"og:type\" content=\"article\" \/>\n<meta property=\"og:title\" content=\"CINE CALIENTE - Tienda Er\u00f3tica\" \/>\n<meta property=\"og:description\" content=\"CINE CALIENTE Pedro Calleja. Los films er\u00f3ticos y sexuales, estimulan la libido de cualquier aficionado al s\u00e9ptimo arte. Estos films\" \/>\n<meta property=\"og:url\" content=\"https:\/\/demoweb.info\/sexshop001\/producto\/cine-caliente\/\" \/>\n<meta property=\"og:site_name\" content=\"Tienda Er\u00f3tica\" \/>\n<meta property=\"article:modified_time\" content=\"2022-01-22T14:32:50+00:00\" \/>\n<meta property=\"og:image\" content=\"https:\/\/demoweb.info\/sexshop001\/wp-content\/uploads\/2022\/01\/CINE-CALIENTE.jpg\" \/>\n\t<meta property=\"og:image:width\" content=\"550\" \/>\n\t<meta property=\"og:image:height\" content=\"550\" \/>\n\t<meta property=\"og:image:type\" content=\"image\/jpeg\" \/>\n<meta name=\"twitter:card\" content=\"summary_large_image\" \/>\n<meta name=\"twitter:label1\" content=\"Tiempo de lectura\" \/>\n\t<meta name=\"twitter:data1\" content=\"1 minuto\" \/>\n<script type=\"application\/ld+json\" class=\"yoast-schema-graph\">{\"@context\":\"https:\/\/schema.org\",\"@graph\":[{\"@type\":\"WebPage\",\"@id\":\"https:\/\/demoweb.info\/sexshop001\/producto\/cine-caliente\/\",\"url\":\"https:\/\/demoweb.info\/sexshop001\/producto\/cine-caliente\/\",\"name\":\"CINE CALIENTE - Tienda Er\u00f3tica\",\"isPartOf\":{\"@id\":\"https:\/\/demoweb.info\/sexshop001\/#website\"},\"datePublished\":\"2022-01-22T14:32:43+00:00\",\"dateModified\":\"2022-01-22T14:32:50+00:00\",\"breadcrumb\":{\"@id\":\"https:\/\/demoweb.info\/sexshop001\/producto\/cine-caliente\/#breadcrumb\"},\"inLanguage\":\"es\",\"potentialAction\":[{\"@type\":\"ReadAction\",\"target\":[\"https:\/\/demoweb.info\/sexshop001\/producto\/cine-caliente\/\"]}]},{\"@type\":\"BreadcrumbList\",\"@id\":\"https:\/\/demoweb.info\/sexshop001\/producto\/cine-caliente\/#breadcrumb\",\"itemListElement\":[{\"@type\":\"ListItem\",\"position\":1,\"name\":\"Portada\",\"item\":\"https:\/\/demoweb.info\/sexshop001\/\"},{\"@type\":\"ListItem\",\"position\":2,\"name\":\"Tienda\",\"item\":\"https:\/\/demoweb.info\/sexshop001\/tienda\/\"},{\"@type\":\"ListItem\",\"position\":3,\"name\":\"CINE CALIENTE\"}]},{\"@type\":\"WebSite\",\"@id\":\"https:\/\/demoweb.info\/sexshop001\/#website\",\"url\":\"https:\/\/demoweb.info\/sexshop001\/\",\"name\":\"Tienda Er\u00f3tica\",\"description\":\"DEMOWEB SL\",\"potentialAction\":[{\"@type\":\"SearchAction\",\"target\":{\"@type\":\"EntryPoint\",\"urlTemplate\":\"https:\/\/demoweb.info\/sexshop001\/?s={search_term_string}\"},\"query-input\":\"required name=search_term_string\"}],\"inLanguage\":\"es\"}]}<\/script>\n<!-- \/ Yoast SEO plugin. -->","yoast_head_json":{"title":"CINE CALIENTE - Tienda Er\u00f3tica","robots":{"index":"noindex","follow":"follow","max-snippet":"max-snippet:-1","max-image-preview":"max-image-preview:large","max-video-preview":"max-video-preview:-1"},"og_locale":"es_ES","og_type":"article","og_title":"CINE CALIENTE - Tienda Er\u00f3tica","og_description":"CINE CALIENTE Pedro Calleja. Los films er\u00f3ticos y sexuales, estimulan la libido de cualquier aficionado al s\u00e9ptimo arte. Estos films","og_url":"https:\/\/demoweb.info\/sexshop001\/producto\/cine-caliente\/","og_site_name":"Tienda Er\u00f3tica","article_modified_time":"2022-01-22T14:32:50+00:00","og_image":[{"width":550,"height":550,"url":"https:\/\/demoweb.info\/sexshop001\/wp-content\/uploads\/2022\/01\/CINE-CALIENTE.jpg","type":"image\/jpeg"}],"twitter_card":"summary_large_image","twitter_misc":{"Tiempo de lectura":"1 minuto"},"schema":{"@context":"https:\/\/schema.org","@graph":[{"@type":"WebPage","@id":"https:\/\/demoweb.info\/sexshop001\/producto\/cine-caliente\/","url":"https:\/\/demoweb.info\/sexshop001\/producto\/cine-caliente\/","name":"CINE CALIENTE - Tienda Er\u00f3tica","isPartOf":{"@id":"https:\/\/demoweb.info\/sexshop001\/#website"},"datePublished":"2022-01-22T14:32:43+00:00","dateModified":"2022-01-22T14:32:50+00:00","breadcrumb":{"@id":"https:\/\/demoweb.info\/sexshop001\/producto\/cine-caliente\/#breadcrumb"},"inLanguage":"es","potentialAction":[{"@type":"ReadAction","target":["https:\/\/demoweb.info\/sexshop001\/producto\/cine-caliente\/"]}]},{"@type":"BreadcrumbList","@id":"https:\/\/demoweb.info\/sexshop001\/producto\/cine-caliente\/#breadcrumb","itemListElement":[{"@type":"ListItem","position":1,"name":"Portada","item":"https:\/\/demoweb.info\/sexshop001\/"},{"@type":"ListItem","position":2,"name":"Tienda","item":"https:\/\/demoweb.info\/sexshop001\/tienda\/"},{"@type":"ListItem","position":3,"name":"CINE CALIENTE"}]},{"@type":"WebSite","@id":"https:\/\/demoweb.info\/sexshop001\/#website","url":"https:\/\/demoweb.info\/sexshop001\/","name":"Tienda Er\u00f3tica","description":"DEMOWEB SL","potentialAction":[{"@type":"SearchAction","target":{"@type":"EntryPoint","urlTemplate":"https:\/\/demoweb.info\/sexshop001\/?s={search_term_string}"},"query-input":"required name=search_term_string"}],"inLanguage":"es"}]}},"_links":{"self":[{"href":"https:\/\/demoweb.info\/sexshop001\/wp-json\/wp\/v3\/product\/47429","targetHints":{"allow":["GET"]}}],"collection":[{"href":"https:\/\/demoweb.info\/sexshop001\/wp-json\/wp\/v3\/product"}],"about":[{"href":"https:\/\/demoweb.info\/sexshop001\/wp-json\/wp\/v2\/types\/product"}],"replies":[{"embeddable":true,"href":"https:\/\/demoweb.info\/sexshop001\/wp-json\/wp\/v2\/comments?post=47429"}],"wp:featuredmedia":[{"embeddable":true,"href":"https:\/\/demoweb.info\/sexshop001\/wp-json\/wp\/v2\/media\/47430"}],"wp:attachment":[{"href":"https:\/\/demoweb.info\/sexshop001\/wp-json\/wp\/v2\/media?parent=47429"}],"wp:term":[{"taxonomy":"product_cat","embeddable":true,"href":"https:\/\/demoweb.info\/sexshop001\/wp-json\/wp\/v2\/product_cat?post=47429"},{"taxonomy":"product_tag","embeddable":true,"href":"https:\/\/demoweb.info\/sexshop001\/wp-json\/wp\/v2\/product_tag?post=47429"}],"curies":[{"name":"wp","href":"https:\/\/api.w.org\/{rel}","templated":true}]}}