{"id":47425,"date":"2022-01-22T15:32:43","date_gmt":"2022-01-22T14:32:43","guid":{"rendered":"https:\/\/demoweb.info\/sexshop001\/producto\/365-formas-de-ponerla-a-cien-365-formas-de-ponerlo-a-cien\/"},"modified":"2022-01-22T15:32:47","modified_gmt":"2022-01-22T14:32:47","slug":"365-formas-de-ponerla-a-cien-365-formas-de-ponerlo-a-cien","status":"publish","type":"product","link":"https:\/\/demoweb.info\/sexshop001\/producto\/365-formas-de-ponerla-a-cien-365-formas-de-ponerlo-a-cien\/","title":{"rendered":"365 FORMAS DE PONERLA A CIEN\/ 365 FORMAS DE PONERLO A CIEN"},"content":{"rendered":"<p><strong>365 FORMAS DE PONERLO A CIEN <\/strong><\/p>\n<p>VV.AA.<\/p>\n<p>He aqu\u00ed 365 formas de excitar a la pareja, sea ella o \u00e9l, de obtener lo que todo amante ha so\u00f1ado: el m\u00e1ximo placer en<br \/>\nlas relaciones sexuales. Una gu\u00eda con 365 formas excitantes y atrevidas, ilustradas a todo color, de vivir nuestros deseos y fantas\u00edas, descubrir t\u00e9cnicas y trucos y abrir las puertas a un nuevo mundo de sensaciones. Un libro perfecto para dominar un amplio repertorio de t\u00e9cnicas sexuales y pasar horas de diversi\u00f3n descubriendo qu\u00e9 es lo que m\u00e1s excita a nuestra pareja. Cientos de sugerencias er\u00f3ticas para alcanzar las m\u00e1s altas cotas de placer y hacer realidad nuesros sue\u00f1os, de los m\u00e1s tiernos a los m\u00e1s salvajes. A destacar, que el libro se \u00ablee\u00bb por ambos lados: posturas para ella, comenzando por la portada principal, y posturas para \u00e9l, comenzando desde la contraportada.<\/p>\n<ul>\n<li>N&ordm; de p\u00e1ginas: 384 p\u00e1gs.<\/li>\n<li>Encuadernaci\u00f3n: Tapa blanda<\/li>\n<\/ul>\n","protected":false},"excerpt":{"rendered":"<p>365 FORMAS DE PONERLO A CIEN VV.AA. He aqu\u00ed 365 formas de excitar a la pareja, sea ella o \u00e9l,<\/p>\n","protected":false},"featured_media":47426,"comment_status":"open","ping_status":"open","template":"","meta":[],"product_cat":[414],"product_tag":[945],"class_list":["post-47425","product","type-product","status-publish","has-post-thumbnail","hentry","product_cat-libros","product_tag-ediciones-b"],"bundled_by":[],"bundle_stock_status":"instock","bundle_stock_quantity":2,"bundle_virtual":false,"bundle_layout":"","bundle_add_to_cart_form_location":"","bundle_editable_in_cart":false,"bundle_sold_individually_context":"","bundle_item_grouping":"","bundle_min_size":"","bundle_max_size":"","bundled_items":[],"yoast_head":"<!-- This site is optimized with the Yoast SEO plugin v20.6 - https:\/\/yoast.com\/wordpress\/plugins\/seo\/ -->\n<title>365 FORMAS DE PONERLA A CIEN\/ 365 FORMAS DE PONERLO A CIEN - Tienda Er\u00f3tica<\/title>\n<meta name=\"robots\" content=\"noindex, follow, max-snippet:-1, max-image-preview:large, max-video-preview:-1\" \/>\n<meta property=\"og:locale\" content=\"es_ES\" \/>\n<meta property=\"og:type\" content=\"article\" \/>\n<meta property=\"og:title\" content=\"365 FORMAS DE PONERLA A CIEN\/ 365 FORMAS DE PONERLO A CIEN - Tienda Er\u00f3tica\" \/>\n<meta property=\"og:description\" content=\"365 FORMAS DE PONERLO A CIEN VV.AA. He aqu\u00ed 365 formas de excitar a la pareja, sea ella o \u00e9l,\" \/>\n<meta property=\"og:url\" content=\"https:\/\/demoweb.info\/sexshop001\/producto\/365-formas-de-ponerla-a-cien-365-formas-de-ponerlo-a-cien\/\" \/>\n<meta property=\"og:site_name\" content=\"Tienda Er\u00f3tica\" \/>\n<meta property=\"article:modified_time\" content=\"2022-01-22T14:32:47+00:00\" \/>\n<meta property=\"og:image\" content=\"https:\/\/demoweb.info\/sexshop001\/wp-content\/uploads\/2022\/01\/365-FORMAS-DE-PONERLA-A-CIEN-365-FORMAS-DE-PONERLO-A-CIEN.jpg\" \/>\n\t<meta property=\"og:image:width\" content=\"550\" \/>\n\t<meta property=\"og:image:height\" content=\"550\" \/>\n\t<meta property=\"og:image:type\" content=\"image\/jpeg\" \/>\n<meta name=\"twitter:card\" content=\"summary_large_image\" \/>\n<meta name=\"twitter:label1\" content=\"Tiempo de lectura\" \/>\n\t<meta name=\"twitter:data1\" content=\"1 minuto\" \/>\n<script type=\"application\/ld+json\" class=\"yoast-schema-graph\">{\"@context\":\"https:\/\/schema.org\",\"@graph\":[{\"@type\":\"WebPage\",\"@id\":\"https:\/\/demoweb.info\/sexshop001\/producto\/365-formas-de-ponerla-a-cien-365-formas-de-ponerlo-a-cien\/\",\"url\":\"https:\/\/demoweb.info\/sexshop001\/producto\/365-formas-de-ponerla-a-cien-365-formas-de-ponerlo-a-cien\/\",\"name\":\"365 FORMAS DE PONERLA A CIEN\/ 365 FORMAS DE PONERLO A CIEN - Tienda Er\u00f3tica\",\"isPartOf\":{\"@id\":\"https:\/\/demoweb.info\/sexshop001\/#website\"},\"datePublished\":\"2022-01-22T14:32:43+00:00\",\"dateModified\":\"2022-01-22T14:32:47+00:00\",\"breadcrumb\":{\"@id\":\"https:\/\/demoweb.info\/sexshop001\/producto\/365-formas-de-ponerla-a-cien-365-formas-de-ponerlo-a-cien\/#breadcrumb\"},\"inLanguage\":\"es\",\"potentialAction\":[{\"@type\":\"ReadAction\",\"target\":[\"https:\/\/demoweb.info\/sexshop001\/producto\/365-formas-de-ponerla-a-cien-365-formas-de-ponerlo-a-cien\/\"]}]},{\"@type\":\"BreadcrumbList\",\"@id\":\"https:\/\/demoweb.info\/sexshop001\/producto\/365-formas-de-ponerla-a-cien-365-formas-de-ponerlo-a-cien\/#breadcrumb\",\"itemListElement\":[{\"@type\":\"ListItem\",\"position\":1,\"name\":\"Portada\",\"item\":\"https:\/\/demoweb.info\/sexshop001\/\"},{\"@type\":\"ListItem\",\"position\":2,\"name\":\"Tienda\",\"item\":\"https:\/\/demoweb.info\/sexshop001\/tienda\/\"},{\"@type\":\"ListItem\",\"position\":3,\"name\":\"365 FORMAS DE PONERLA A CIEN\/ 365 FORMAS DE PONERLO A CIEN\"}]},{\"@type\":\"WebSite\",\"@id\":\"https:\/\/demoweb.info\/sexshop001\/#website\",\"url\":\"https:\/\/demoweb.info\/sexshop001\/\",\"name\":\"Tienda Er\u00f3tica\",\"description\":\"DEMOWEB SL\",\"potentialAction\":[{\"@type\":\"SearchAction\",\"target\":{\"@type\":\"EntryPoint\",\"urlTemplate\":\"https:\/\/demoweb.info\/sexshop001\/?s={search_term_string}\"},\"query-input\":\"required name=search_term_string\"}],\"inLanguage\":\"es\"}]}<\/script>\n<!-- \/ Yoast SEO plugin. -->","yoast_head_json":{"title":"365 FORMAS DE PONERLA A CIEN\/ 365 FORMAS DE PONERLO A CIEN - Tienda Er\u00f3tica","robots":{"index":"noindex","follow":"follow","max-snippet":"max-snippet:-1","max-image-preview":"max-image-preview:large","max-video-preview":"max-video-preview:-1"},"og_locale":"es_ES","og_type":"article","og_title":"365 FORMAS DE PONERLA A CIEN\/ 365 FORMAS DE PONERLO A CIEN - Tienda Er\u00f3tica","og_description":"365 FORMAS DE PONERLO A CIEN VV.AA. He aqu\u00ed 365 formas de excitar a la pareja, sea ella o \u00e9l,","og_url":"https:\/\/demoweb.info\/sexshop001\/producto\/365-formas-de-ponerla-a-cien-365-formas-de-ponerlo-a-cien\/","og_site_name":"Tienda Er\u00f3tica","article_modified_time":"2022-01-22T14:32:47+00:00","og_image":[{"width":550,"height":550,"url":"https:\/\/demoweb.info\/sexshop001\/wp-content\/uploads\/2022\/01\/365-FORMAS-DE-PONERLA-A-CIEN-365-FORMAS-DE-PONERLO-A-CIEN.jpg","type":"image\/jpeg"}],"twitter_card":"summary_large_image","twitter_misc":{"Tiempo de lectura":"1 minuto"},"schema":{"@context":"https:\/\/schema.org","@graph":[{"@type":"WebPage","@id":"https:\/\/demoweb.info\/sexshop001\/producto\/365-formas-de-ponerla-a-cien-365-formas-de-ponerlo-a-cien\/","url":"https:\/\/demoweb.info\/sexshop001\/producto\/365-formas-de-ponerla-a-cien-365-formas-de-ponerlo-a-cien\/","name":"365 FORMAS DE PONERLA A CIEN\/ 365 FORMAS DE PONERLO A CIEN - Tienda Er\u00f3tica","isPartOf":{"@id":"https:\/\/demoweb.info\/sexshop001\/#website"},"datePublished":"2022-01-22T14:32:43+00:00","dateModified":"2022-01-22T14:32:47+00:00","breadcrumb":{"@id":"https:\/\/demoweb.info\/sexshop001\/producto\/365-formas-de-ponerla-a-cien-365-formas-de-ponerlo-a-cien\/#breadcrumb"},"inLanguage":"es","potentialAction":[{"@type":"ReadAction","target":["https:\/\/demoweb.info\/sexshop001\/producto\/365-formas-de-ponerla-a-cien-365-formas-de-ponerlo-a-cien\/"]}]},{"@type":"BreadcrumbList","@id":"https:\/\/demoweb.info\/sexshop001\/producto\/365-formas-de-ponerla-a-cien-365-formas-de-ponerlo-a-cien\/#breadcrumb","itemListElement":[{"@type":"ListItem","position":1,"name":"Portada","item":"https:\/\/demoweb.info\/sexshop001\/"},{"@type":"ListItem","position":2,"name":"Tienda","item":"https:\/\/demoweb.info\/sexshop001\/tienda\/"},{"@type":"ListItem","position":3,"name":"365 FORMAS DE PONERLA A CIEN\/ 365 FORMAS DE PONERLO A CIEN"}]},{"@type":"WebSite","@id":"https:\/\/demoweb.info\/sexshop001\/#website","url":"https:\/\/demoweb.info\/sexshop001\/","name":"Tienda Er\u00f3tica","description":"DEMOWEB SL","potentialAction":[{"@type":"SearchAction","target":{"@type":"EntryPoint","urlTemplate":"https:\/\/demoweb.info\/sexshop001\/?s={search_term_string}"},"query-input":"required name=search_term_string"}],"inLanguage":"es"}]}},"_links":{"self":[{"href":"https:\/\/demoweb.info\/sexshop001\/wp-json\/wp\/v3\/product\/47425","targetHints":{"allow":["GET"]}}],"collection":[{"href":"https:\/\/demoweb.info\/sexshop001\/wp-json\/wp\/v3\/product"}],"about":[{"href":"https:\/\/demoweb.info\/sexshop001\/wp-json\/wp\/v2\/types\/product"}],"replies":[{"embeddable":true,"href":"https:\/\/demoweb.info\/sexshop001\/wp-json\/wp\/v2\/comments?post=47425"}],"wp:featuredmedia":[{"embeddable":true,"href":"https:\/\/demoweb.info\/sexshop001\/wp-json\/wp\/v2\/media\/47426"}],"wp:attachment":[{"href":"https:\/\/demoweb.info\/sexshop001\/wp-json\/wp\/v2\/media?parent=47425"}],"wp:term":[{"taxonomy":"product_cat","embeddable":true,"href":"https:\/\/demoweb.info\/sexshop001\/wp-json\/wp\/v2\/product_cat?post=47425"},{"taxonomy":"product_tag","embeddable":true,"href":"https:\/\/demoweb.info\/sexshop001\/wp-json\/wp\/v2\/product_tag?post=47425"}],"curies":[{"name":"wp","href":"https:\/\/api.w.org\/{rel}","templated":true}]}}