{"id":47394,"date":"2022-01-22T15:32:17","date_gmt":"2022-01-22T14:32:17","guid":{"rendered":"https:\/\/demoweb.info\/sexshop001\/producto\/plug-silicona-extraible-talla-s-negro\/"},"modified":"2022-01-22T15:32:30","modified_gmt":"2022-01-22T14:32:30","slug":"plug-silicona-extraible-talla-s-negro","status":"publish","type":"product","link":"https:\/\/demoweb.info\/sexshop001\/producto\/plug-silicona-extraible-talla-s-negro\/","title":{"rendered":"PLUG SILICONA EXTRAIBLE TALLA S NEGRO"},"content":{"rendered":"<p><strong>BUTT PLUG WITH HANDLE &#8211; SMALL &#8211; BLACK<\/strong><\/p>\n<p>Si disfrutas con la estimulaci\u00f3n anal, este juguete sexual es id\u00f3neo para t\u00ed. Este tap\u00f3n anal tiene una longitud de inserci\u00f3n de 9,5 cent\u00edmetros y un ancho m\u00e1ximo de 2,8 cent\u00edmetros. Su dise\u00f1o estrecho en el extremo superior permite introducirlo con facilidad y, adem\u00e1s, disfrutar\u00e1s de cada una de las curvas de su superficie mientras lo utilizas. \u00a1Te encantar\u00e1!<\/p>\n<p>Material: Silicona<\/p>\n<p>Resistente al agua.<\/p>\n","protected":false},"excerpt":{"rendered":"<p>BUTT PLUG WITH HANDLE &#8211; SMALL &#8211; BLACK Si disfrutas con la estimulaci\u00f3n anal, este juguete sexual es id\u00f3neo para<\/p>\n","protected":false},"featured_media":47395,"comment_status":"open","ping_status":"open","template":"","meta":[],"product_cat":[338],"product_tag":[302,547],"class_list":["post-47394","product","type-product","status-publish","has-post-thumbnail","hentry","product_cat-silicona-plugs","product_tag-shots","product_tag-shots-toys"],"bundled_by":[],"bundle_stock_status":"instock","bundle_stock_quantity":4,"bundle_virtual":false,"bundle_layout":"","bundle_add_to_cart_form_location":"","bundle_editable_in_cart":false,"bundle_sold_individually_context":"","bundle_item_grouping":"","bundle_min_size":"","bundle_max_size":"","bundled_items":[],"yoast_head":"<!-- This site is optimized with the Yoast SEO plugin v20.6 - https:\/\/yoast.com\/wordpress\/plugins\/seo\/ -->\n<title>PLUG SILICONA EXTRAIBLE TALLA S NEGRO - Tienda Er\u00f3tica<\/title>\n<meta name=\"robots\" content=\"noindex, follow, max-snippet:-1, max-image-preview:large, max-video-preview:-1\" \/>\n<meta property=\"og:locale\" content=\"es_ES\" \/>\n<meta property=\"og:type\" content=\"article\" \/>\n<meta property=\"og:title\" content=\"PLUG SILICONA EXTRAIBLE TALLA S NEGRO - Tienda Er\u00f3tica\" \/>\n<meta property=\"og:description\" content=\"BUTT PLUG WITH HANDLE &#8211; SMALL &#8211; BLACK Si disfrutas con la estimulaci\u00f3n anal, este juguete sexual es id\u00f3neo para\" \/>\n<meta property=\"og:url\" content=\"https:\/\/demoweb.info\/sexshop001\/producto\/plug-silicona-extraible-talla-s-negro\/\" \/>\n<meta property=\"og:site_name\" content=\"Tienda Er\u00f3tica\" \/>\n<meta property=\"article:modified_time\" content=\"2022-01-22T14:32:30+00:00\" \/>\n<meta property=\"og:image\" content=\"https:\/\/demoweb.info\/sexshop001\/wp-content\/uploads\/2022\/01\/PLUG-SILICONA-EXTRAIBLE-TALLA-S-NEGRO.jpg\" \/>\n\t<meta property=\"og:image:width\" content=\"550\" \/>\n\t<meta property=\"og:image:height\" content=\"550\" \/>\n\t<meta property=\"og:image:type\" content=\"image\/jpeg\" \/>\n<meta name=\"twitter:card\" content=\"summary_large_image\" \/>\n<script type=\"application\/ld+json\" class=\"yoast-schema-graph\">{\"@context\":\"https:\/\/schema.org\",\"@graph\":[{\"@type\":\"WebPage\",\"@id\":\"https:\/\/demoweb.info\/sexshop001\/producto\/plug-silicona-extraible-talla-s-negro\/\",\"url\":\"https:\/\/demoweb.info\/sexshop001\/producto\/plug-silicona-extraible-talla-s-negro\/\",\"name\":\"PLUG SILICONA EXTRAIBLE TALLA S NEGRO - Tienda Er\u00f3tica\",\"isPartOf\":{\"@id\":\"https:\/\/demoweb.info\/sexshop001\/#website\"},\"datePublished\":\"2022-01-22T14:32:17+00:00\",\"dateModified\":\"2022-01-22T14:32:30+00:00\",\"breadcrumb\":{\"@id\":\"https:\/\/demoweb.info\/sexshop001\/producto\/plug-silicona-extraible-talla-s-negro\/#breadcrumb\"},\"inLanguage\":\"es\",\"potentialAction\":[{\"@type\":\"ReadAction\",\"target\":[\"https:\/\/demoweb.info\/sexshop001\/producto\/plug-silicona-extraible-talla-s-negro\/\"]}]},{\"@type\":\"BreadcrumbList\",\"@id\":\"https:\/\/demoweb.info\/sexshop001\/producto\/plug-silicona-extraible-talla-s-negro\/#breadcrumb\",\"itemListElement\":[{\"@type\":\"ListItem\",\"position\":1,\"name\":\"Portada\",\"item\":\"https:\/\/demoweb.info\/sexshop001\/\"},{\"@type\":\"ListItem\",\"position\":2,\"name\":\"Tienda\",\"item\":\"https:\/\/demoweb.info\/sexshop001\/tienda\/\"},{\"@type\":\"ListItem\",\"position\":3,\"name\":\"PLUG SILICONA EXTRAIBLE TALLA S NEGRO\"}]},{\"@type\":\"WebSite\",\"@id\":\"https:\/\/demoweb.info\/sexshop001\/#website\",\"url\":\"https:\/\/demoweb.info\/sexshop001\/\",\"name\":\"Tienda Er\u00f3tica\",\"description\":\"DEMOWEB SL\",\"potentialAction\":[{\"@type\":\"SearchAction\",\"target\":{\"@type\":\"EntryPoint\",\"urlTemplate\":\"https:\/\/demoweb.info\/sexshop001\/?s={search_term_string}\"},\"query-input\":\"required name=search_term_string\"}],\"inLanguage\":\"es\"}]}<\/script>\n<!-- \/ Yoast SEO plugin. -->","yoast_head_json":{"title":"PLUG SILICONA EXTRAIBLE TALLA S NEGRO - Tienda Er\u00f3tica","robots":{"index":"noindex","follow":"follow","max-snippet":"max-snippet:-1","max-image-preview":"max-image-preview:large","max-video-preview":"max-video-preview:-1"},"og_locale":"es_ES","og_type":"article","og_title":"PLUG SILICONA EXTRAIBLE TALLA S NEGRO - Tienda Er\u00f3tica","og_description":"BUTT PLUG WITH HANDLE &#8211; SMALL &#8211; BLACK Si disfrutas con la estimulaci\u00f3n anal, este juguete sexual es id\u00f3neo para","og_url":"https:\/\/demoweb.info\/sexshop001\/producto\/plug-silicona-extraible-talla-s-negro\/","og_site_name":"Tienda Er\u00f3tica","article_modified_time":"2022-01-22T14:32:30+00:00","og_image":[{"width":550,"height":550,"url":"https:\/\/demoweb.info\/sexshop001\/wp-content\/uploads\/2022\/01\/PLUG-SILICONA-EXTRAIBLE-TALLA-S-NEGRO.jpg","type":"image\/jpeg"}],"twitter_card":"summary_large_image","schema":{"@context":"https:\/\/schema.org","@graph":[{"@type":"WebPage","@id":"https:\/\/demoweb.info\/sexshop001\/producto\/plug-silicona-extraible-talla-s-negro\/","url":"https:\/\/demoweb.info\/sexshop001\/producto\/plug-silicona-extraible-talla-s-negro\/","name":"PLUG SILICONA EXTRAIBLE TALLA S NEGRO - Tienda Er\u00f3tica","isPartOf":{"@id":"https:\/\/demoweb.info\/sexshop001\/#website"},"datePublished":"2022-01-22T14:32:17+00:00","dateModified":"2022-01-22T14:32:30+00:00","breadcrumb":{"@id":"https:\/\/demoweb.info\/sexshop001\/producto\/plug-silicona-extraible-talla-s-negro\/#breadcrumb"},"inLanguage":"es","potentialAction":[{"@type":"ReadAction","target":["https:\/\/demoweb.info\/sexshop001\/producto\/plug-silicona-extraible-talla-s-negro\/"]}]},{"@type":"BreadcrumbList","@id":"https:\/\/demoweb.info\/sexshop001\/producto\/plug-silicona-extraible-talla-s-negro\/#breadcrumb","itemListElement":[{"@type":"ListItem","position":1,"name":"Portada","item":"https:\/\/demoweb.info\/sexshop001\/"},{"@type":"ListItem","position":2,"name":"Tienda","item":"https:\/\/demoweb.info\/sexshop001\/tienda\/"},{"@type":"ListItem","position":3,"name":"PLUG SILICONA EXTRAIBLE TALLA S NEGRO"}]},{"@type":"WebSite","@id":"https:\/\/demoweb.info\/sexshop001\/#website","url":"https:\/\/demoweb.info\/sexshop001\/","name":"Tienda Er\u00f3tica","description":"DEMOWEB SL","potentialAction":[{"@type":"SearchAction","target":{"@type":"EntryPoint","urlTemplate":"https:\/\/demoweb.info\/sexshop001\/?s={search_term_string}"},"query-input":"required name=search_term_string"}],"inLanguage":"es"}]}},"_links":{"self":[{"href":"https:\/\/demoweb.info\/sexshop001\/wp-json\/wp\/v3\/product\/47394","targetHints":{"allow":["GET"]}}],"collection":[{"href":"https:\/\/demoweb.info\/sexshop001\/wp-json\/wp\/v3\/product"}],"about":[{"href":"https:\/\/demoweb.info\/sexshop001\/wp-json\/wp\/v2\/types\/product"}],"replies":[{"embeddable":true,"href":"https:\/\/demoweb.info\/sexshop001\/wp-json\/wp\/v2\/comments?post=47394"}],"wp:featuredmedia":[{"embeddable":true,"href":"https:\/\/demoweb.info\/sexshop001\/wp-json\/wp\/v2\/media\/47395"}],"wp:attachment":[{"href":"https:\/\/demoweb.info\/sexshop001\/wp-json\/wp\/v2\/media?parent=47394"}],"wp:term":[{"taxonomy":"product_cat","embeddable":true,"href":"https:\/\/demoweb.info\/sexshop001\/wp-json\/wp\/v2\/product_cat?post=47394"},{"taxonomy":"product_tag","embeddable":true,"href":"https:\/\/demoweb.info\/sexshop001\/wp-json\/wp\/v2\/product_tag?post=47394"}],"curies":[{"name":"wp","href":"https:\/\/api.w.org\/{rel}","templated":true}]}}