{"id":47328,"date":"2022-01-22T15:31:46","date_gmt":"2022-01-22T14:31:46","guid":{"rendered":"https:\/\/demoweb.info\/sexshop001\/producto\/shunga-crema-del-dragon-sensitive-para-parejas\/"},"modified":"2022-01-22T15:31:49","modified_gmt":"2022-01-22T14:31:49","slug":"shunga-crema-del-dragon-sensitive-para-parejas","status":"publish","type":"product","link":"https:\/\/demoweb.info\/sexshop001\/producto\/shunga-crema-del-dragon-sensitive-para-parejas\/","title":{"rendered":"SHUNGA CREMA DEL DRAG\u00d3N SENSITIVE PARA PAREJAS"},"content":{"rendered":"<p><strong>DRAGON SENSITIVE CREAMS FOR COUPLE<\/strong><\/p>\n<p>La nueva Crema de Virilidad Dragon Sensitive de Shunga est\u00e1 pensada para aumentar la potencia masculina. Desde la primera aplicaci\u00f3n har\u00e1 brotar la fuerza y energ\u00eda del \u00f3rgano masculino.<\/p>\n<p>No obstante, su mezcla exclusiva de plantas y de extractos 100% naturales proporcionan una agradable sensaci\u00f3n de fr\u00edo-calor que tambi\u00e9n sensibiliza a la mujer y hahce aumentar el placer de ambos.<\/p>\n<p>La Crema Drag\u00f3n Sensitive permite intensificar la sensibilidad de ella durante las relaciones sexuales y la penetraci\u00f3n para aumentar el placer de tal modo que sea m\u00e1s f\u00e1cil llegar al org\u00e1smo o \u00e9ste sea m\u00e1s intenso.<\/p>\n<p>Una crema potenciadora y sensibilizadora con un eficiente efecto vigorizante que ambos notareis pocos instantes despu\u00e9s de su aplicaci\u00f3n, resultado de la continua investigaci\u00f3n llevada a cabo por SHUNGA con el prop\u00f3sito de brindar a la pareja toda la potencia, reforzando la masculinidad y el placer de los dos.<\/p>\n<p>La sensaci\u00f3n de firmeza de \u00e9l y sensibilidad de ella puede llegar a ser muy duradera, hasta 45 minutos de efecto sin interrupci\u00f3n.<\/p>\n<p>Con un agradable sabor mentolado.<\/p>\n<p>Compatible con el l\u00e1tex, lo que permite el uso de preservativos.<\/p>\n<p>Presentado en una bonita caja y envase de 60 ml.<\/p>\n","protected":false},"excerpt":{"rendered":"<p>DRAGON SENSITIVE CREAMS FOR COUPLE La nueva Crema de Virilidad Dragon Sensitive de Shunga est\u00e1 pensada para aumentar la potencia<\/p>\n","protected":false},"featured_media":47329,"comment_status":"open","ping_status":"open","template":"","meta":[],"product_cat":[684],"product_tag":[579],"class_list":["post-47328","product","type-product","status-publish","has-post-thumbnail","hentry","product_cat-san-valentin-regalos","product_tag-shunga"],"bundled_by":[],"bundle_stock_status":"instock","bundle_stock_quantity":2,"bundle_virtual":false,"bundle_layout":"","bundle_add_to_cart_form_location":"","bundle_editable_in_cart":false,"bundle_sold_individually_context":"","bundle_item_grouping":"","bundle_min_size":"","bundle_max_size":"","bundled_items":[],"yoast_head":"<!-- This site is optimized with the Yoast SEO plugin v20.6 - https:\/\/yoast.com\/wordpress\/plugins\/seo\/ -->\n<title>SHUNGA CREMA DEL DRAG\u00d3N SENSITIVE PARA PAREJAS - Tienda Er\u00f3tica<\/title>\n<meta name=\"robots\" content=\"noindex, follow, max-snippet:-1, max-image-preview:large, max-video-preview:-1\" \/>\n<meta property=\"og:locale\" content=\"es_ES\" \/>\n<meta property=\"og:type\" content=\"article\" \/>\n<meta property=\"og:title\" content=\"SHUNGA CREMA DEL DRAG\u00d3N SENSITIVE PARA PAREJAS - Tienda Er\u00f3tica\" \/>\n<meta property=\"og:description\" content=\"DRAGON SENSITIVE CREAMS FOR COUPLE La nueva Crema de Virilidad Dragon Sensitive de Shunga est\u00e1 pensada para aumentar la potencia\" \/>\n<meta property=\"og:url\" content=\"https:\/\/demoweb.info\/sexshop001\/producto\/shunga-crema-del-dragon-sensitive-para-parejas\/\" \/>\n<meta property=\"og:site_name\" content=\"Tienda Er\u00f3tica\" \/>\n<meta property=\"article:modified_time\" content=\"2022-01-22T14:31:49+00:00\" \/>\n<meta property=\"og:image\" content=\"https:\/\/demoweb.info\/sexshop001\/wp-content\/uploads\/2022\/01\/SHUNGA-CREMA-DEL-DRAGON-SENSITIVE-PARA-PAREJAS.jpg\" \/>\n\t<meta property=\"og:image:width\" content=\"550\" \/>\n\t<meta property=\"og:image:height\" content=\"550\" \/>\n\t<meta property=\"og:image:type\" content=\"image\/jpeg\" \/>\n<meta name=\"twitter:card\" content=\"summary_large_image\" \/>\n<meta name=\"twitter:label1\" content=\"Tiempo de lectura\" \/>\n\t<meta name=\"twitter:data1\" content=\"1 minuto\" \/>\n<script type=\"application\/ld+json\" class=\"yoast-schema-graph\">{\"@context\":\"https:\/\/schema.org\",\"@graph\":[{\"@type\":\"WebPage\",\"@id\":\"https:\/\/demoweb.info\/sexshop001\/producto\/shunga-crema-del-dragon-sensitive-para-parejas\/\",\"url\":\"https:\/\/demoweb.info\/sexshop001\/producto\/shunga-crema-del-dragon-sensitive-para-parejas\/\",\"name\":\"SHUNGA CREMA DEL DRAG\u00d3N SENSITIVE PARA PAREJAS - Tienda Er\u00f3tica\",\"isPartOf\":{\"@id\":\"https:\/\/demoweb.info\/sexshop001\/#website\"},\"datePublished\":\"2022-01-22T14:31:46+00:00\",\"dateModified\":\"2022-01-22T14:31:49+00:00\",\"breadcrumb\":{\"@id\":\"https:\/\/demoweb.info\/sexshop001\/producto\/shunga-crema-del-dragon-sensitive-para-parejas\/#breadcrumb\"},\"inLanguage\":\"es\",\"potentialAction\":[{\"@type\":\"ReadAction\",\"target\":[\"https:\/\/demoweb.info\/sexshop001\/producto\/shunga-crema-del-dragon-sensitive-para-parejas\/\"]}]},{\"@type\":\"BreadcrumbList\",\"@id\":\"https:\/\/demoweb.info\/sexshop001\/producto\/shunga-crema-del-dragon-sensitive-para-parejas\/#breadcrumb\",\"itemListElement\":[{\"@type\":\"ListItem\",\"position\":1,\"name\":\"Portada\",\"item\":\"https:\/\/demoweb.info\/sexshop001\/\"},{\"@type\":\"ListItem\",\"position\":2,\"name\":\"Tienda\",\"item\":\"https:\/\/demoweb.info\/sexshop001\/tienda\/\"},{\"@type\":\"ListItem\",\"position\":3,\"name\":\"SHUNGA CREMA DEL DRAG\u00d3N SENSITIVE PARA PAREJAS\"}]},{\"@type\":\"WebSite\",\"@id\":\"https:\/\/demoweb.info\/sexshop001\/#website\",\"url\":\"https:\/\/demoweb.info\/sexshop001\/\",\"name\":\"Tienda Er\u00f3tica\",\"description\":\"DEMOWEB SL\",\"potentialAction\":[{\"@type\":\"SearchAction\",\"target\":{\"@type\":\"EntryPoint\",\"urlTemplate\":\"https:\/\/demoweb.info\/sexshop001\/?s={search_term_string}\"},\"query-input\":\"required name=search_term_string\"}],\"inLanguage\":\"es\"}]}<\/script>\n<!-- \/ Yoast SEO plugin. -->","yoast_head_json":{"title":"SHUNGA CREMA DEL DRAG\u00d3N SENSITIVE PARA PAREJAS - Tienda Er\u00f3tica","robots":{"index":"noindex","follow":"follow","max-snippet":"max-snippet:-1","max-image-preview":"max-image-preview:large","max-video-preview":"max-video-preview:-1"},"og_locale":"es_ES","og_type":"article","og_title":"SHUNGA CREMA DEL DRAG\u00d3N SENSITIVE PARA PAREJAS - Tienda Er\u00f3tica","og_description":"DRAGON SENSITIVE CREAMS FOR COUPLE La nueva Crema de Virilidad Dragon Sensitive de Shunga est\u00e1 pensada para aumentar la potencia","og_url":"https:\/\/demoweb.info\/sexshop001\/producto\/shunga-crema-del-dragon-sensitive-para-parejas\/","og_site_name":"Tienda Er\u00f3tica","article_modified_time":"2022-01-22T14:31:49+00:00","og_image":[{"width":550,"height":550,"url":"https:\/\/demoweb.info\/sexshop001\/wp-content\/uploads\/2022\/01\/SHUNGA-CREMA-DEL-DRAGON-SENSITIVE-PARA-PAREJAS.jpg","type":"image\/jpeg"}],"twitter_card":"summary_large_image","twitter_misc":{"Tiempo de lectura":"1 minuto"},"schema":{"@context":"https:\/\/schema.org","@graph":[{"@type":"WebPage","@id":"https:\/\/demoweb.info\/sexshop001\/producto\/shunga-crema-del-dragon-sensitive-para-parejas\/","url":"https:\/\/demoweb.info\/sexshop001\/producto\/shunga-crema-del-dragon-sensitive-para-parejas\/","name":"SHUNGA CREMA DEL DRAG\u00d3N SENSITIVE PARA PAREJAS - Tienda Er\u00f3tica","isPartOf":{"@id":"https:\/\/demoweb.info\/sexshop001\/#website"},"datePublished":"2022-01-22T14:31:46+00:00","dateModified":"2022-01-22T14:31:49+00:00","breadcrumb":{"@id":"https:\/\/demoweb.info\/sexshop001\/producto\/shunga-crema-del-dragon-sensitive-para-parejas\/#breadcrumb"},"inLanguage":"es","potentialAction":[{"@type":"ReadAction","target":["https:\/\/demoweb.info\/sexshop001\/producto\/shunga-crema-del-dragon-sensitive-para-parejas\/"]}]},{"@type":"BreadcrumbList","@id":"https:\/\/demoweb.info\/sexshop001\/producto\/shunga-crema-del-dragon-sensitive-para-parejas\/#breadcrumb","itemListElement":[{"@type":"ListItem","position":1,"name":"Portada","item":"https:\/\/demoweb.info\/sexshop001\/"},{"@type":"ListItem","position":2,"name":"Tienda","item":"https:\/\/demoweb.info\/sexshop001\/tienda\/"},{"@type":"ListItem","position":3,"name":"SHUNGA CREMA DEL DRAG\u00d3N SENSITIVE PARA PAREJAS"}]},{"@type":"WebSite","@id":"https:\/\/demoweb.info\/sexshop001\/#website","url":"https:\/\/demoweb.info\/sexshop001\/","name":"Tienda Er\u00f3tica","description":"DEMOWEB SL","potentialAction":[{"@type":"SearchAction","target":{"@type":"EntryPoint","urlTemplate":"https:\/\/demoweb.info\/sexshop001\/?s={search_term_string}"},"query-input":"required name=search_term_string"}],"inLanguage":"es"}]}},"_links":{"self":[{"href":"https:\/\/demoweb.info\/sexshop001\/wp-json\/wp\/v3\/product\/47328","targetHints":{"allow":["GET"]}}],"collection":[{"href":"https:\/\/demoweb.info\/sexshop001\/wp-json\/wp\/v3\/product"}],"about":[{"href":"https:\/\/demoweb.info\/sexshop001\/wp-json\/wp\/v2\/types\/product"}],"replies":[{"embeddable":true,"href":"https:\/\/demoweb.info\/sexshop001\/wp-json\/wp\/v2\/comments?post=47328"}],"wp:featuredmedia":[{"embeddable":true,"href":"https:\/\/demoweb.info\/sexshop001\/wp-json\/wp\/v2\/media\/47329"}],"wp:attachment":[{"href":"https:\/\/demoweb.info\/sexshop001\/wp-json\/wp\/v2\/media?parent=47328"}],"wp:term":[{"taxonomy":"product_cat","embeddable":true,"href":"https:\/\/demoweb.info\/sexshop001\/wp-json\/wp\/v2\/product_cat?post=47328"},{"taxonomy":"product_tag","embeddable":true,"href":"https:\/\/demoweb.info\/sexshop001\/wp-json\/wp\/v2\/product_tag?post=47328"}],"curies":[{"name":"wp","href":"https:\/\/api.w.org\/{rel}","templated":true}]}}