{"id":47298,"date":"2022-01-22T15:31:28","date_gmt":"2022-01-22T14:31:28","guid":{"rendered":"https:\/\/demoweb.info\/sexshop001\/producto\/aneros-progasm-ice-negro\/"},"modified":"2022-01-22T15:31:30","modified_gmt":"2022-01-22T14:31:30","slug":"aneros-progasm-ice-negro","status":"publish","type":"product","link":"https:\/\/demoweb.info\/sexshop001\/producto\/aneros-progasm-ice-negro\/","title":{"rendered":"ANEROS &#8211; PROGASM ICE NEGRO"},"content":{"rendered":"<p><strong>ANEROS &#8211; PROGASM ICE BLACK<\/strong><\/p>\n<p>\u00a1El m\u00e1s nuevo Progasm negro tiene las mismas cualidades que el vidrio mientras que permanece irompible!<\/p>\n<p>Beneficios del vidrio, sin sus preocupaciones. Hecho en los Estados Unidos, el innovador proceso de fabricaci\u00f3n detr\u00e1s del Progasm Black Ice est\u00e1 ganando r\u00e1pidamente fama. La producci\u00f3n de este pl\u00e1stico emite menos gases que otros tipos, haciendo el proceso de fabricaci\u00f3n mejor para el medio ambiente.<\/p>\n<p>Adem\u00e1s, el material tiene un sorprendente parecido con el vidrio, el pl\u00e1stico de grado m\u00e9dico y alimenticio que se utiliza cada vez m\u00e1s como una alternativa m\u00e1s segura para el vidrio porque no se rompe.<\/p>\n<p>Ancho de la punta: 3,2 cm<br \/>\nAncho medio: 3,3 cm<br \/>\nDistancia entre el tallo y el perineo: 3,9 cm<br \/>\nLongitud insertable: 11,4 cm<\/p>\n","protected":false},"excerpt":{"rendered":"<p>ANEROS &#8211; PROGASM ICE BLACK \u00a1El m\u00e1s nuevo Progasm negro tiene las mismas cualidades que el vidrio mientras que permanece<\/p>\n","protected":false},"featured_media":47299,"comment_status":"open","ping_status":"open","template":"","meta":[],"product_cat":[439],"product_tag":[1464],"class_list":["post-47298","product","type-product","status-publish","has-post-thumbnail","hentry","product_cat-punto-p-plugs","product_tag-aneros"],"bundled_by":[],"bundle_stock_status":"instock","bundle_stock_quantity":7,"bundle_virtual":false,"bundle_layout":"","bundle_add_to_cart_form_location":"","bundle_editable_in_cart":false,"bundle_sold_individually_context":"","bundle_item_grouping":"","bundle_min_size":"","bundle_max_size":"","bundled_items":[],"yoast_head":"<!-- This site is optimized with the Yoast SEO plugin v20.6 - https:\/\/yoast.com\/wordpress\/plugins\/seo\/ -->\n<title>ANEROS - PROGASM ICE NEGRO - Tienda Er\u00f3tica<\/title>\n<meta name=\"robots\" content=\"noindex, follow, max-snippet:-1, max-image-preview:large, max-video-preview:-1\" \/>\n<meta property=\"og:locale\" content=\"es_ES\" \/>\n<meta property=\"og:type\" content=\"article\" \/>\n<meta property=\"og:title\" content=\"ANEROS - PROGASM ICE NEGRO - Tienda Er\u00f3tica\" \/>\n<meta property=\"og:description\" content=\"ANEROS &#8211; PROGASM ICE BLACK \u00a1El m\u00e1s nuevo Progasm negro tiene las mismas cualidades que el vidrio mientras que permanece\" \/>\n<meta property=\"og:url\" content=\"https:\/\/demoweb.info\/sexshop001\/producto\/aneros-progasm-ice-negro\/\" \/>\n<meta property=\"og:site_name\" content=\"Tienda Er\u00f3tica\" \/>\n<meta property=\"article:modified_time\" content=\"2022-01-22T14:31:30+00:00\" \/>\n<meta property=\"og:image\" content=\"https:\/\/demoweb.info\/sexshop001\/wp-content\/uploads\/2022\/01\/ANEROS-PROGASM-ICE-NEGRO.jpg\" \/>\n\t<meta property=\"og:image:width\" content=\"550\" \/>\n\t<meta property=\"og:image:height\" content=\"550\" \/>\n\t<meta property=\"og:image:type\" content=\"image\/jpeg\" \/>\n<meta name=\"twitter:card\" content=\"summary_large_image\" \/>\n<meta name=\"twitter:label1\" content=\"Tiempo de lectura\" \/>\n\t<meta name=\"twitter:data1\" content=\"1 minuto\" \/>\n<script type=\"application\/ld+json\" class=\"yoast-schema-graph\">{\"@context\":\"https:\/\/schema.org\",\"@graph\":[{\"@type\":\"WebPage\",\"@id\":\"https:\/\/demoweb.info\/sexshop001\/producto\/aneros-progasm-ice-negro\/\",\"url\":\"https:\/\/demoweb.info\/sexshop001\/producto\/aneros-progasm-ice-negro\/\",\"name\":\"ANEROS - PROGASM ICE NEGRO - Tienda Er\u00f3tica\",\"isPartOf\":{\"@id\":\"https:\/\/demoweb.info\/sexshop001\/#website\"},\"datePublished\":\"2022-01-22T14:31:28+00:00\",\"dateModified\":\"2022-01-22T14:31:30+00:00\",\"breadcrumb\":{\"@id\":\"https:\/\/demoweb.info\/sexshop001\/producto\/aneros-progasm-ice-negro\/#breadcrumb\"},\"inLanguage\":\"es\",\"potentialAction\":[{\"@type\":\"ReadAction\",\"target\":[\"https:\/\/demoweb.info\/sexshop001\/producto\/aneros-progasm-ice-negro\/\"]}]},{\"@type\":\"BreadcrumbList\",\"@id\":\"https:\/\/demoweb.info\/sexshop001\/producto\/aneros-progasm-ice-negro\/#breadcrumb\",\"itemListElement\":[{\"@type\":\"ListItem\",\"position\":1,\"name\":\"Portada\",\"item\":\"https:\/\/demoweb.info\/sexshop001\/\"},{\"@type\":\"ListItem\",\"position\":2,\"name\":\"Tienda\",\"item\":\"https:\/\/demoweb.info\/sexshop001\/tienda\/\"},{\"@type\":\"ListItem\",\"position\":3,\"name\":\"ANEROS &#8211; PROGASM ICE NEGRO\"}]},{\"@type\":\"WebSite\",\"@id\":\"https:\/\/demoweb.info\/sexshop001\/#website\",\"url\":\"https:\/\/demoweb.info\/sexshop001\/\",\"name\":\"Tienda Er\u00f3tica\",\"description\":\"DEMOWEB SL\",\"potentialAction\":[{\"@type\":\"SearchAction\",\"target\":{\"@type\":\"EntryPoint\",\"urlTemplate\":\"https:\/\/demoweb.info\/sexshop001\/?s={search_term_string}\"},\"query-input\":\"required name=search_term_string\"}],\"inLanguage\":\"es\"}]}<\/script>\n<!-- \/ Yoast SEO plugin. -->","yoast_head_json":{"title":"ANEROS - PROGASM ICE NEGRO - Tienda Er\u00f3tica","robots":{"index":"noindex","follow":"follow","max-snippet":"max-snippet:-1","max-image-preview":"max-image-preview:large","max-video-preview":"max-video-preview:-1"},"og_locale":"es_ES","og_type":"article","og_title":"ANEROS - PROGASM ICE NEGRO - Tienda Er\u00f3tica","og_description":"ANEROS &#8211; PROGASM ICE BLACK \u00a1El m\u00e1s nuevo Progasm negro tiene las mismas cualidades que el vidrio mientras que permanece","og_url":"https:\/\/demoweb.info\/sexshop001\/producto\/aneros-progasm-ice-negro\/","og_site_name":"Tienda Er\u00f3tica","article_modified_time":"2022-01-22T14:31:30+00:00","og_image":[{"width":550,"height":550,"url":"https:\/\/demoweb.info\/sexshop001\/wp-content\/uploads\/2022\/01\/ANEROS-PROGASM-ICE-NEGRO.jpg","type":"image\/jpeg"}],"twitter_card":"summary_large_image","twitter_misc":{"Tiempo de lectura":"1 minuto"},"schema":{"@context":"https:\/\/schema.org","@graph":[{"@type":"WebPage","@id":"https:\/\/demoweb.info\/sexshop001\/producto\/aneros-progasm-ice-negro\/","url":"https:\/\/demoweb.info\/sexshop001\/producto\/aneros-progasm-ice-negro\/","name":"ANEROS - PROGASM ICE NEGRO - Tienda Er\u00f3tica","isPartOf":{"@id":"https:\/\/demoweb.info\/sexshop001\/#website"},"datePublished":"2022-01-22T14:31:28+00:00","dateModified":"2022-01-22T14:31:30+00:00","breadcrumb":{"@id":"https:\/\/demoweb.info\/sexshop001\/producto\/aneros-progasm-ice-negro\/#breadcrumb"},"inLanguage":"es","potentialAction":[{"@type":"ReadAction","target":["https:\/\/demoweb.info\/sexshop001\/producto\/aneros-progasm-ice-negro\/"]}]},{"@type":"BreadcrumbList","@id":"https:\/\/demoweb.info\/sexshop001\/producto\/aneros-progasm-ice-negro\/#breadcrumb","itemListElement":[{"@type":"ListItem","position":1,"name":"Portada","item":"https:\/\/demoweb.info\/sexshop001\/"},{"@type":"ListItem","position":2,"name":"Tienda","item":"https:\/\/demoweb.info\/sexshop001\/tienda\/"},{"@type":"ListItem","position":3,"name":"ANEROS &#8211; PROGASM ICE NEGRO"}]},{"@type":"WebSite","@id":"https:\/\/demoweb.info\/sexshop001\/#website","url":"https:\/\/demoweb.info\/sexshop001\/","name":"Tienda Er\u00f3tica","description":"DEMOWEB SL","potentialAction":[{"@type":"SearchAction","target":{"@type":"EntryPoint","urlTemplate":"https:\/\/demoweb.info\/sexshop001\/?s={search_term_string}"},"query-input":"required name=search_term_string"}],"inLanguage":"es"}]}},"_links":{"self":[{"href":"https:\/\/demoweb.info\/sexshop001\/wp-json\/wp\/v3\/product\/47298","targetHints":{"allow":["GET"]}}],"collection":[{"href":"https:\/\/demoweb.info\/sexshop001\/wp-json\/wp\/v3\/product"}],"about":[{"href":"https:\/\/demoweb.info\/sexshop001\/wp-json\/wp\/v2\/types\/product"}],"replies":[{"embeddable":true,"href":"https:\/\/demoweb.info\/sexshop001\/wp-json\/wp\/v2\/comments?post=47298"}],"wp:featuredmedia":[{"embeddable":true,"href":"https:\/\/demoweb.info\/sexshop001\/wp-json\/wp\/v2\/media\/47299"}],"wp:attachment":[{"href":"https:\/\/demoweb.info\/sexshop001\/wp-json\/wp\/v2\/media?parent=47298"}],"wp:term":[{"taxonomy":"product_cat","embeddable":true,"href":"https:\/\/demoweb.info\/sexshop001\/wp-json\/wp\/v2\/product_cat?post=47298"},{"taxonomy":"product_tag","embeddable":true,"href":"https:\/\/demoweb.info\/sexshop001\/wp-json\/wp\/v2\/product_tag?post=47298"}],"curies":[{"name":"wp","href":"https:\/\/api.w.org\/{rel}","templated":true}]}}