{"id":47271,"date":"2022-01-22T15:31:00","date_gmt":"2022-01-22T14:31:00","guid":{"rendered":"https:\/\/demoweb.info\/sexshop001\/producto\/squirting-lubricante-base-agua-250ml\/"},"modified":"2022-01-22T15:31:14","modified_gmt":"2022-01-22T14:31:14","slug":"squirting-lubricante-base-agua-250ml","status":"publish","type":"product","link":"https:\/\/demoweb.info\/sexshop001\/producto\/squirting-lubricante-base-agua-250ml\/","title":{"rendered":"SQUIRTING! &#8211; LUBRICANTE BASE AGUA 250ML"},"content":{"rendered":"<p><strong>SQUIRTING! &#8211; 250ML<\/strong><\/p>\n<p>Squirting Lubricant es un lubricante a base de agua. Se trata de un lubricante natural que transmite sensaciones realmente maravillosas al contacto. Este ser\u00e1 tu lubricante preferido si lo que quieres es lograr que tu chica alcance el orgasmo y eyacule. P\u00f3salo en la mesilla de noche y prep\u00e1rate para que tu chica sienta el m\u00e1ximo placer. Dermatol\u00f3gicamente testado. Mantener fuera del alcance de los ni\u00f1os. Guardar en un lugar fresco y oscuro.<\/p>\n<p>&#8211; Ingredientes: AQUA, GLYCERIN, HYDROXYETHYLCELLULOSE, FLAVOUR, SODIUMBENZOATE, POTASSIUM SORBATE, SODIUM HYDROXIDE, CITRIC ACID.<\/p>\n","protected":false},"excerpt":{"rendered":"<p>SQUIRTING! &#8211; 250ML Squirting Lubricant es un lubricante a base de agua. Se trata de un lubricante natural que transmite<\/p>\n","protected":false},"featured_media":47272,"comment_status":"open","ping_status":"open","template":"","meta":[],"product_cat":[268],"product_tag":[328],"class_list":["post-47271","product","type-product","status-publish","has-post-thumbnail","hentry","product_cat-base-agua-lubricantes-aceites-y-lubricantes","product_tag-pharmquests"],"bundled_by":[],"bundle_stock_status":"instock","bundle_stock_quantity":3,"bundle_virtual":false,"bundle_layout":"","bundle_add_to_cart_form_location":"","bundle_editable_in_cart":false,"bundle_sold_individually_context":"","bundle_item_grouping":"","bundle_min_size":"","bundle_max_size":"","bundled_items":[],"yoast_head":"<!-- This site is optimized with the Yoast SEO plugin v20.6 - https:\/\/yoast.com\/wordpress\/plugins\/seo\/ -->\n<title>SQUIRTING! - LUBRICANTE BASE AGUA 250ML - Tienda Er\u00f3tica<\/title>\n<meta name=\"robots\" content=\"noindex, follow, max-snippet:-1, max-image-preview:large, max-video-preview:-1\" \/>\n<meta property=\"og:locale\" content=\"es_ES\" \/>\n<meta property=\"og:type\" content=\"article\" \/>\n<meta property=\"og:title\" content=\"SQUIRTING! - LUBRICANTE BASE AGUA 250ML - Tienda Er\u00f3tica\" \/>\n<meta property=\"og:description\" content=\"SQUIRTING! &#8211; 250ML Squirting Lubricant es un lubricante a base de agua. Se trata de un lubricante natural que transmite\" \/>\n<meta property=\"og:url\" content=\"https:\/\/demoweb.info\/sexshop001\/producto\/squirting-lubricante-base-agua-250ml\/\" \/>\n<meta property=\"og:site_name\" content=\"Tienda Er\u00f3tica\" \/>\n<meta property=\"article:modified_time\" content=\"2022-01-22T14:31:14+00:00\" \/>\n<meta property=\"og:image\" content=\"https:\/\/demoweb.info\/sexshop001\/wp-content\/uploads\/2022\/01\/SQUIRTING-LUBRICANTE-BASE-AGUA-250ML.jpg\" \/>\n\t<meta property=\"og:image:width\" content=\"550\" \/>\n\t<meta property=\"og:image:height\" content=\"550\" \/>\n\t<meta property=\"og:image:type\" content=\"image\/jpeg\" \/>\n<meta name=\"twitter:card\" content=\"summary_large_image\" \/>\n<script type=\"application\/ld+json\" class=\"yoast-schema-graph\">{\"@context\":\"https:\/\/schema.org\",\"@graph\":[{\"@type\":\"WebPage\",\"@id\":\"https:\/\/demoweb.info\/sexshop001\/producto\/squirting-lubricante-base-agua-250ml\/\",\"url\":\"https:\/\/demoweb.info\/sexshop001\/producto\/squirting-lubricante-base-agua-250ml\/\",\"name\":\"SQUIRTING! - LUBRICANTE BASE AGUA 250ML - Tienda Er\u00f3tica\",\"isPartOf\":{\"@id\":\"https:\/\/demoweb.info\/sexshop001\/#website\"},\"datePublished\":\"2022-01-22T14:31:00+00:00\",\"dateModified\":\"2022-01-22T14:31:14+00:00\",\"breadcrumb\":{\"@id\":\"https:\/\/demoweb.info\/sexshop001\/producto\/squirting-lubricante-base-agua-250ml\/#breadcrumb\"},\"inLanguage\":\"es\",\"potentialAction\":[{\"@type\":\"ReadAction\",\"target\":[\"https:\/\/demoweb.info\/sexshop001\/producto\/squirting-lubricante-base-agua-250ml\/\"]}]},{\"@type\":\"BreadcrumbList\",\"@id\":\"https:\/\/demoweb.info\/sexshop001\/producto\/squirting-lubricante-base-agua-250ml\/#breadcrumb\",\"itemListElement\":[{\"@type\":\"ListItem\",\"position\":1,\"name\":\"Portada\",\"item\":\"https:\/\/demoweb.info\/sexshop001\/\"},{\"@type\":\"ListItem\",\"position\":2,\"name\":\"Tienda\",\"item\":\"https:\/\/demoweb.info\/sexshop001\/tienda\/\"},{\"@type\":\"ListItem\",\"position\":3,\"name\":\"SQUIRTING! &#8211; LUBRICANTE BASE AGUA 250ML\"}]},{\"@type\":\"WebSite\",\"@id\":\"https:\/\/demoweb.info\/sexshop001\/#website\",\"url\":\"https:\/\/demoweb.info\/sexshop001\/\",\"name\":\"Tienda Er\u00f3tica\",\"description\":\"DEMOWEB SL\",\"potentialAction\":[{\"@type\":\"SearchAction\",\"target\":{\"@type\":\"EntryPoint\",\"urlTemplate\":\"https:\/\/demoweb.info\/sexshop001\/?s={search_term_string}\"},\"query-input\":\"required name=search_term_string\"}],\"inLanguage\":\"es\"}]}<\/script>\n<!-- \/ Yoast SEO plugin. -->","yoast_head_json":{"title":"SQUIRTING! - LUBRICANTE BASE AGUA 250ML - Tienda Er\u00f3tica","robots":{"index":"noindex","follow":"follow","max-snippet":"max-snippet:-1","max-image-preview":"max-image-preview:large","max-video-preview":"max-video-preview:-1"},"og_locale":"es_ES","og_type":"article","og_title":"SQUIRTING! - LUBRICANTE BASE AGUA 250ML - Tienda Er\u00f3tica","og_description":"SQUIRTING! &#8211; 250ML Squirting Lubricant es un lubricante a base de agua. Se trata de un lubricante natural que transmite","og_url":"https:\/\/demoweb.info\/sexshop001\/producto\/squirting-lubricante-base-agua-250ml\/","og_site_name":"Tienda Er\u00f3tica","article_modified_time":"2022-01-22T14:31:14+00:00","og_image":[{"width":550,"height":550,"url":"https:\/\/demoweb.info\/sexshop001\/wp-content\/uploads\/2022\/01\/SQUIRTING-LUBRICANTE-BASE-AGUA-250ML.jpg","type":"image\/jpeg"}],"twitter_card":"summary_large_image","schema":{"@context":"https:\/\/schema.org","@graph":[{"@type":"WebPage","@id":"https:\/\/demoweb.info\/sexshop001\/producto\/squirting-lubricante-base-agua-250ml\/","url":"https:\/\/demoweb.info\/sexshop001\/producto\/squirting-lubricante-base-agua-250ml\/","name":"SQUIRTING! - LUBRICANTE BASE AGUA 250ML - Tienda Er\u00f3tica","isPartOf":{"@id":"https:\/\/demoweb.info\/sexshop001\/#website"},"datePublished":"2022-01-22T14:31:00+00:00","dateModified":"2022-01-22T14:31:14+00:00","breadcrumb":{"@id":"https:\/\/demoweb.info\/sexshop001\/producto\/squirting-lubricante-base-agua-250ml\/#breadcrumb"},"inLanguage":"es","potentialAction":[{"@type":"ReadAction","target":["https:\/\/demoweb.info\/sexshop001\/producto\/squirting-lubricante-base-agua-250ml\/"]}]},{"@type":"BreadcrumbList","@id":"https:\/\/demoweb.info\/sexshop001\/producto\/squirting-lubricante-base-agua-250ml\/#breadcrumb","itemListElement":[{"@type":"ListItem","position":1,"name":"Portada","item":"https:\/\/demoweb.info\/sexshop001\/"},{"@type":"ListItem","position":2,"name":"Tienda","item":"https:\/\/demoweb.info\/sexshop001\/tienda\/"},{"@type":"ListItem","position":3,"name":"SQUIRTING! &#8211; LUBRICANTE BASE AGUA 250ML"}]},{"@type":"WebSite","@id":"https:\/\/demoweb.info\/sexshop001\/#website","url":"https:\/\/demoweb.info\/sexshop001\/","name":"Tienda Er\u00f3tica","description":"DEMOWEB SL","potentialAction":[{"@type":"SearchAction","target":{"@type":"EntryPoint","urlTemplate":"https:\/\/demoweb.info\/sexshop001\/?s={search_term_string}"},"query-input":"required name=search_term_string"}],"inLanguage":"es"}]}},"_links":{"self":[{"href":"https:\/\/demoweb.info\/sexshop001\/wp-json\/wp\/v3\/product\/47271","targetHints":{"allow":["GET"]}}],"collection":[{"href":"https:\/\/demoweb.info\/sexshop001\/wp-json\/wp\/v3\/product"}],"about":[{"href":"https:\/\/demoweb.info\/sexshop001\/wp-json\/wp\/v2\/types\/product"}],"replies":[{"embeddable":true,"href":"https:\/\/demoweb.info\/sexshop001\/wp-json\/wp\/v2\/comments?post=47271"}],"wp:featuredmedia":[{"embeddable":true,"href":"https:\/\/demoweb.info\/sexshop001\/wp-json\/wp\/v2\/media\/47272"}],"wp:attachment":[{"href":"https:\/\/demoweb.info\/sexshop001\/wp-json\/wp\/v2\/media?parent=47271"}],"wp:term":[{"taxonomy":"product_cat","embeddable":true,"href":"https:\/\/demoweb.info\/sexshop001\/wp-json\/wp\/v2\/product_cat?post=47271"},{"taxonomy":"product_tag","embeddable":true,"href":"https:\/\/demoweb.info\/sexshop001\/wp-json\/wp\/v2\/product_tag?post=47271"}],"curies":[{"name":"wp","href":"https:\/\/api.w.org\/{rel}","templated":true}]}}