{"id":46898,"date":"2022-01-22T15:27:15","date_gmt":"2022-01-22T14:27:15","guid":{"rendered":"https:\/\/demoweb.info\/sexshop001\/producto\/finger-tingles-vibrador-dedo-rosa\/"},"modified":"2022-01-22T15:27:20","modified_gmt":"2022-01-22T14:27:20","slug":"finger-tingles-vibrador-dedo-rosa","status":"publish","type":"product","link":"https:\/\/demoweb.info\/sexshop001\/producto\/finger-tingles-vibrador-dedo-rosa\/","title":{"rendered":"FINGER TINGLES &#8211; VIBRADOR DEDO ROSA"},"content":{"rendered":"<p><strong>FINGER TINGLES PINK<\/strong><\/p>\n<p>El Finger Tingkess es una vibrador con una diferencia muy especial, simplemente desliza tu dedo en el orificio y sentir\u00e1s un sorprendente hormigueo. Con s\u00f3lo tocarle tu pareja se entregar\u00e1 a sensaciones emocionantes con cada golpe y contacto \u00edntimo.<\/p>\n<ul>\n<li>Desarrollado con la bala RO-80mm de 7 velocidades.<\/li>\n<li>100% resistente al agua<\/li>\n<li>Dise\u00f1ado para la comodidad y el placer.<\/li>\n<li>Hecho con silicona suave y flexible con una bala extra\u00edble para la higiene y la limpieza.<\/li>\n<li>Di\u00e1metro Exterior: 4 cm<\/li>\n<li>Longitud Total: 13 cm<\/li>\n<li>Tipo de Pila: 1 Bater\u00eda tama\u00f1o N (incluida)<\/li>\n<\/ul>\n","protected":false},"excerpt":{"rendered":"<p>FINGER TINGLES PINK El Finger Tingkess es una vibrador con una diferencia muy especial, simplemente desliza tu dedo en el<\/p>\n","protected":false},"featured_media":46899,"comment_status":"open","ping_status":"open","template":"","meta":[],"product_cat":[552],"product_tag":[413],"class_list":["post-46898","product","type-product","status-publish","has-post-thumbnail","hentry","product_cat-dedales","product_tag-rocks-off"],"bundled_by":[],"bundle_stock_status":"instock","bundle_stock_quantity":1,"bundle_virtual":false,"bundle_layout":"","bundle_add_to_cart_form_location":"","bundle_editable_in_cart":false,"bundle_sold_individually_context":"","bundle_item_grouping":"","bundle_min_size":"","bundle_max_size":"","bundled_items":[],"yoast_head":"<!-- This site is optimized with the Yoast SEO plugin v20.6 - https:\/\/yoast.com\/wordpress\/plugins\/seo\/ -->\n<title>FINGER TINGLES - VIBRADOR DEDO ROSA - Tienda Er\u00f3tica<\/title>\n<meta name=\"robots\" content=\"noindex, follow, max-snippet:-1, max-image-preview:large, max-video-preview:-1\" \/>\n<meta property=\"og:locale\" content=\"es_ES\" \/>\n<meta property=\"og:type\" content=\"article\" \/>\n<meta property=\"og:title\" content=\"FINGER TINGLES - VIBRADOR DEDO ROSA - Tienda Er\u00f3tica\" \/>\n<meta property=\"og:description\" content=\"FINGER TINGLES PINK El Finger Tingkess es una vibrador con una diferencia muy especial, simplemente desliza tu dedo en el\" \/>\n<meta property=\"og:url\" content=\"https:\/\/demoweb.info\/sexshop001\/producto\/finger-tingles-vibrador-dedo-rosa\/\" \/>\n<meta property=\"og:site_name\" content=\"Tienda Er\u00f3tica\" \/>\n<meta property=\"article:modified_time\" content=\"2022-01-22T14:27:20+00:00\" \/>\n<meta property=\"og:image\" content=\"https:\/\/demoweb.info\/sexshop001\/wp-content\/uploads\/2022\/01\/FINGER-TINGLES-VIBRADOR-DEDO-ROSA.jpg\" \/>\n\t<meta property=\"og:image:width\" content=\"550\" \/>\n\t<meta property=\"og:image:height\" content=\"550\" \/>\n\t<meta property=\"og:image:type\" content=\"image\/jpeg\" \/>\n<meta name=\"twitter:card\" content=\"summary_large_image\" \/>\n<script type=\"application\/ld+json\" class=\"yoast-schema-graph\">{\"@context\":\"https:\/\/schema.org\",\"@graph\":[{\"@type\":\"WebPage\",\"@id\":\"https:\/\/demoweb.info\/sexshop001\/producto\/finger-tingles-vibrador-dedo-rosa\/\",\"url\":\"https:\/\/demoweb.info\/sexshop001\/producto\/finger-tingles-vibrador-dedo-rosa\/\",\"name\":\"FINGER TINGLES - VIBRADOR DEDO ROSA - Tienda Er\u00f3tica\",\"isPartOf\":{\"@id\":\"https:\/\/demoweb.info\/sexshop001\/#website\"},\"datePublished\":\"2022-01-22T14:27:15+00:00\",\"dateModified\":\"2022-01-22T14:27:20+00:00\",\"breadcrumb\":{\"@id\":\"https:\/\/demoweb.info\/sexshop001\/producto\/finger-tingles-vibrador-dedo-rosa\/#breadcrumb\"},\"inLanguage\":\"es\",\"potentialAction\":[{\"@type\":\"ReadAction\",\"target\":[\"https:\/\/demoweb.info\/sexshop001\/producto\/finger-tingles-vibrador-dedo-rosa\/\"]}]},{\"@type\":\"BreadcrumbList\",\"@id\":\"https:\/\/demoweb.info\/sexshop001\/producto\/finger-tingles-vibrador-dedo-rosa\/#breadcrumb\",\"itemListElement\":[{\"@type\":\"ListItem\",\"position\":1,\"name\":\"Portada\",\"item\":\"https:\/\/demoweb.info\/sexshop001\/\"},{\"@type\":\"ListItem\",\"position\":2,\"name\":\"Tienda\",\"item\":\"https:\/\/demoweb.info\/sexshop001\/tienda\/\"},{\"@type\":\"ListItem\",\"position\":3,\"name\":\"FINGER TINGLES &#8211; VIBRADOR DEDO ROSA\"}]},{\"@type\":\"WebSite\",\"@id\":\"https:\/\/demoweb.info\/sexshop001\/#website\",\"url\":\"https:\/\/demoweb.info\/sexshop001\/\",\"name\":\"Tienda Er\u00f3tica\",\"description\":\"DEMOWEB SL\",\"potentialAction\":[{\"@type\":\"SearchAction\",\"target\":{\"@type\":\"EntryPoint\",\"urlTemplate\":\"https:\/\/demoweb.info\/sexshop001\/?s={search_term_string}\"},\"query-input\":\"required name=search_term_string\"}],\"inLanguage\":\"es\"}]}<\/script>\n<!-- \/ Yoast SEO plugin. -->","yoast_head_json":{"title":"FINGER TINGLES - VIBRADOR DEDO ROSA - Tienda Er\u00f3tica","robots":{"index":"noindex","follow":"follow","max-snippet":"max-snippet:-1","max-image-preview":"max-image-preview:large","max-video-preview":"max-video-preview:-1"},"og_locale":"es_ES","og_type":"article","og_title":"FINGER TINGLES - VIBRADOR DEDO ROSA - Tienda Er\u00f3tica","og_description":"FINGER TINGLES PINK El Finger Tingkess es una vibrador con una diferencia muy especial, simplemente desliza tu dedo en el","og_url":"https:\/\/demoweb.info\/sexshop001\/producto\/finger-tingles-vibrador-dedo-rosa\/","og_site_name":"Tienda Er\u00f3tica","article_modified_time":"2022-01-22T14:27:20+00:00","og_image":[{"width":550,"height":550,"url":"https:\/\/demoweb.info\/sexshop001\/wp-content\/uploads\/2022\/01\/FINGER-TINGLES-VIBRADOR-DEDO-ROSA.jpg","type":"image\/jpeg"}],"twitter_card":"summary_large_image","schema":{"@context":"https:\/\/schema.org","@graph":[{"@type":"WebPage","@id":"https:\/\/demoweb.info\/sexshop001\/producto\/finger-tingles-vibrador-dedo-rosa\/","url":"https:\/\/demoweb.info\/sexshop001\/producto\/finger-tingles-vibrador-dedo-rosa\/","name":"FINGER TINGLES - VIBRADOR DEDO ROSA - Tienda Er\u00f3tica","isPartOf":{"@id":"https:\/\/demoweb.info\/sexshop001\/#website"},"datePublished":"2022-01-22T14:27:15+00:00","dateModified":"2022-01-22T14:27:20+00:00","breadcrumb":{"@id":"https:\/\/demoweb.info\/sexshop001\/producto\/finger-tingles-vibrador-dedo-rosa\/#breadcrumb"},"inLanguage":"es","potentialAction":[{"@type":"ReadAction","target":["https:\/\/demoweb.info\/sexshop001\/producto\/finger-tingles-vibrador-dedo-rosa\/"]}]},{"@type":"BreadcrumbList","@id":"https:\/\/demoweb.info\/sexshop001\/producto\/finger-tingles-vibrador-dedo-rosa\/#breadcrumb","itemListElement":[{"@type":"ListItem","position":1,"name":"Portada","item":"https:\/\/demoweb.info\/sexshop001\/"},{"@type":"ListItem","position":2,"name":"Tienda","item":"https:\/\/demoweb.info\/sexshop001\/tienda\/"},{"@type":"ListItem","position":3,"name":"FINGER TINGLES &#8211; VIBRADOR DEDO ROSA"}]},{"@type":"WebSite","@id":"https:\/\/demoweb.info\/sexshop001\/#website","url":"https:\/\/demoweb.info\/sexshop001\/","name":"Tienda Er\u00f3tica","description":"DEMOWEB SL","potentialAction":[{"@type":"SearchAction","target":{"@type":"EntryPoint","urlTemplate":"https:\/\/demoweb.info\/sexshop001\/?s={search_term_string}"},"query-input":"required name=search_term_string"}],"inLanguage":"es"}]}},"_links":{"self":[{"href":"https:\/\/demoweb.info\/sexshop001\/wp-json\/wp\/v3\/product\/46898","targetHints":{"allow":["GET"]}}],"collection":[{"href":"https:\/\/demoweb.info\/sexshop001\/wp-json\/wp\/v3\/product"}],"about":[{"href":"https:\/\/demoweb.info\/sexshop001\/wp-json\/wp\/v2\/types\/product"}],"replies":[{"embeddable":true,"href":"https:\/\/demoweb.info\/sexshop001\/wp-json\/wp\/v2\/comments?post=46898"}],"wp:featuredmedia":[{"embeddable":true,"href":"https:\/\/demoweb.info\/sexshop001\/wp-json\/wp\/v2\/media\/46899"}],"wp:attachment":[{"href":"https:\/\/demoweb.info\/sexshop001\/wp-json\/wp\/v2\/media?parent=46898"}],"wp:term":[{"taxonomy":"product_cat","embeddable":true,"href":"https:\/\/demoweb.info\/sexshop001\/wp-json\/wp\/v2\/product_cat?post=46898"},{"taxonomy":"product_tag","embeddable":true,"href":"https:\/\/demoweb.info\/sexshop001\/wp-json\/wp\/v2\/product_tag?post=46898"}],"curies":[{"name":"wp","href":"https:\/\/api.w.org\/{rel}","templated":true}]}}