{"id":46702,"date":"2022-01-22T15:25:08","date_gmt":"2022-01-22T14:25:08","guid":{"rendered":"https:\/\/demoweb.info\/sexshop001\/producto\/tri-snap-scrotum-support-arnes-de-silicona-negro-talla-m\/"},"modified":"2022-01-22T15:25:09","modified_gmt":"2022-01-22T14:25:09","slug":"tri-snap-scrotum-support-arnes-de-silicona-negro-talla-m","status":"publish","type":"product","link":"https:\/\/demoweb.info\/sexshop001\/producto\/tri-snap-scrotum-support-arnes-de-silicona-negro-talla-m\/","title":{"rendered":"TRI-SNAP SCROTUM SUPPORT &#8211; ARN\u00c9S DE SILICONA NEGRO TALLA M"},"content":{"rendered":"<p><strong>TRI-SNAP SCROTUM SUPPORT RING M<\/strong><\/p>\n<p>Anillo para el pene c\u00f3modo y flexible de silicona con arn\u00e9s para los test\u00edculos.<\/p>\n<p>Suave, liso y grueso.<\/p>\n<p>Completamente ajustable con dise\u00f1o de 3 vueltas.<\/p>\n<p>Medidas:<\/p>\n<ul>\n<li>Anillo: 3,25 cm (di\u00e1metro)<\/li>\n<li>Di\u00e1metro Exterior: 2 cm<\/li>\n<li>Longitud Total: 21.5 cm<\/li>\n<\/ul>\n","protected":false},"excerpt":{"rendered":"<p>TRI-SNAP SCROTUM SUPPORT RING M Anillo para el pene c\u00f3modo y flexible de silicona con arn\u00e9s para los test\u00edculos. Suave,<\/p>\n","protected":false},"featured_media":46703,"comment_status":"open","ping_status":"open","template":"","meta":[],"product_cat":[1239],"product_tag":[660],"class_list":["post-46702","product","type-product","status-publish","has-post-thumbnail","hentry","product_cat-arneses-accesorios-pene-bdsm","product_tag-calexotics"],"bundled_by":[],"bundle_stock_status":"outofstock","bundle_stock_quantity":0,"bundle_virtual":false,"bundle_layout":"","bundle_add_to_cart_form_location":"","bundle_editable_in_cart":false,"bundle_sold_individually_context":"","bundle_item_grouping":"","bundle_min_size":"","bundle_max_size":"","bundled_items":[],"yoast_head":"<!-- This site is optimized with the Yoast SEO plugin v20.6 - https:\/\/yoast.com\/wordpress\/plugins\/seo\/ -->\n<title>TRI-SNAP SCROTUM SUPPORT - ARN\u00c9S DE SILICONA NEGRO TALLA M - Tienda Er\u00f3tica<\/title>\n<meta name=\"robots\" content=\"noindex, follow, max-snippet:-1, max-image-preview:large, max-video-preview:-1\" \/>\n<meta property=\"og:locale\" content=\"es_ES\" \/>\n<meta property=\"og:type\" content=\"article\" \/>\n<meta property=\"og:title\" content=\"TRI-SNAP SCROTUM SUPPORT - ARN\u00c9S DE SILICONA NEGRO TALLA M - Tienda Er\u00f3tica\" \/>\n<meta property=\"og:description\" content=\"TRI-SNAP SCROTUM SUPPORT RING M Anillo para el pene c\u00f3modo y flexible de silicona con arn\u00e9s para los test\u00edculos. Suave,\" \/>\n<meta property=\"og:url\" content=\"https:\/\/demoweb.info\/sexshop001\/producto\/tri-snap-scrotum-support-arnes-de-silicona-negro-talla-m\/\" \/>\n<meta property=\"og:site_name\" content=\"Tienda Er\u00f3tica\" \/>\n<meta property=\"article:modified_time\" content=\"2022-01-22T14:25:09+00:00\" \/>\n<meta property=\"og:image\" content=\"https:\/\/demoweb.info\/sexshop001\/wp-content\/uploads\/2022\/01\/TRI-SNAP-SCROTUM-SUPPORT-ARNES-DE-SILICONA-NEGRO-TALLA-M.jpg\" \/>\n\t<meta property=\"og:image:width\" content=\"550\" \/>\n\t<meta property=\"og:image:height\" content=\"550\" \/>\n\t<meta property=\"og:image:type\" content=\"image\/jpeg\" \/>\n<meta name=\"twitter:card\" content=\"summary_large_image\" \/>\n<script type=\"application\/ld+json\" class=\"yoast-schema-graph\">{\"@context\":\"https:\/\/schema.org\",\"@graph\":[{\"@type\":\"WebPage\",\"@id\":\"https:\/\/demoweb.info\/sexshop001\/producto\/tri-snap-scrotum-support-arnes-de-silicona-negro-talla-m\/\",\"url\":\"https:\/\/demoweb.info\/sexshop001\/producto\/tri-snap-scrotum-support-arnes-de-silicona-negro-talla-m\/\",\"name\":\"TRI-SNAP SCROTUM SUPPORT - ARN\u00c9S DE SILICONA NEGRO TALLA M - Tienda Er\u00f3tica\",\"isPartOf\":{\"@id\":\"https:\/\/demoweb.info\/sexshop001\/#website\"},\"datePublished\":\"2022-01-22T14:25:08+00:00\",\"dateModified\":\"2022-01-22T14:25:09+00:00\",\"breadcrumb\":{\"@id\":\"https:\/\/demoweb.info\/sexshop001\/producto\/tri-snap-scrotum-support-arnes-de-silicona-negro-talla-m\/#breadcrumb\"},\"inLanguage\":\"es\",\"potentialAction\":[{\"@type\":\"ReadAction\",\"target\":[\"https:\/\/demoweb.info\/sexshop001\/producto\/tri-snap-scrotum-support-arnes-de-silicona-negro-talla-m\/\"]}]},{\"@type\":\"BreadcrumbList\",\"@id\":\"https:\/\/demoweb.info\/sexshop001\/producto\/tri-snap-scrotum-support-arnes-de-silicona-negro-talla-m\/#breadcrumb\",\"itemListElement\":[{\"@type\":\"ListItem\",\"position\":1,\"name\":\"Portada\",\"item\":\"https:\/\/demoweb.info\/sexshop001\/\"},{\"@type\":\"ListItem\",\"position\":2,\"name\":\"Tienda\",\"item\":\"https:\/\/demoweb.info\/sexshop001\/tienda\/\"},{\"@type\":\"ListItem\",\"position\":3,\"name\":\"TRI-SNAP SCROTUM SUPPORT &#8211; ARN\u00c9S DE SILICONA NEGRO TALLA M\"}]},{\"@type\":\"WebSite\",\"@id\":\"https:\/\/demoweb.info\/sexshop001\/#website\",\"url\":\"https:\/\/demoweb.info\/sexshop001\/\",\"name\":\"Tienda Er\u00f3tica\",\"description\":\"DEMOWEB SL\",\"potentialAction\":[{\"@type\":\"SearchAction\",\"target\":{\"@type\":\"EntryPoint\",\"urlTemplate\":\"https:\/\/demoweb.info\/sexshop001\/?s={search_term_string}\"},\"query-input\":\"required name=search_term_string\"}],\"inLanguage\":\"es\"}]}<\/script>\n<!-- \/ Yoast SEO plugin. -->","yoast_head_json":{"title":"TRI-SNAP SCROTUM SUPPORT - ARN\u00c9S DE SILICONA NEGRO TALLA M - Tienda Er\u00f3tica","robots":{"index":"noindex","follow":"follow","max-snippet":"max-snippet:-1","max-image-preview":"max-image-preview:large","max-video-preview":"max-video-preview:-1"},"og_locale":"es_ES","og_type":"article","og_title":"TRI-SNAP SCROTUM SUPPORT - ARN\u00c9S DE SILICONA NEGRO TALLA M - Tienda Er\u00f3tica","og_description":"TRI-SNAP SCROTUM SUPPORT RING M Anillo para el pene c\u00f3modo y flexible de silicona con arn\u00e9s para los test\u00edculos. Suave,","og_url":"https:\/\/demoweb.info\/sexshop001\/producto\/tri-snap-scrotum-support-arnes-de-silicona-negro-talla-m\/","og_site_name":"Tienda Er\u00f3tica","article_modified_time":"2022-01-22T14:25:09+00:00","og_image":[{"width":550,"height":550,"url":"https:\/\/demoweb.info\/sexshop001\/wp-content\/uploads\/2022\/01\/TRI-SNAP-SCROTUM-SUPPORT-ARNES-DE-SILICONA-NEGRO-TALLA-M.jpg","type":"image\/jpeg"}],"twitter_card":"summary_large_image","schema":{"@context":"https:\/\/schema.org","@graph":[{"@type":"WebPage","@id":"https:\/\/demoweb.info\/sexshop001\/producto\/tri-snap-scrotum-support-arnes-de-silicona-negro-talla-m\/","url":"https:\/\/demoweb.info\/sexshop001\/producto\/tri-snap-scrotum-support-arnes-de-silicona-negro-talla-m\/","name":"TRI-SNAP SCROTUM SUPPORT - ARN\u00c9S DE SILICONA NEGRO TALLA M - Tienda Er\u00f3tica","isPartOf":{"@id":"https:\/\/demoweb.info\/sexshop001\/#website"},"datePublished":"2022-01-22T14:25:08+00:00","dateModified":"2022-01-22T14:25:09+00:00","breadcrumb":{"@id":"https:\/\/demoweb.info\/sexshop001\/producto\/tri-snap-scrotum-support-arnes-de-silicona-negro-talla-m\/#breadcrumb"},"inLanguage":"es","potentialAction":[{"@type":"ReadAction","target":["https:\/\/demoweb.info\/sexshop001\/producto\/tri-snap-scrotum-support-arnes-de-silicona-negro-talla-m\/"]}]},{"@type":"BreadcrumbList","@id":"https:\/\/demoweb.info\/sexshop001\/producto\/tri-snap-scrotum-support-arnes-de-silicona-negro-talla-m\/#breadcrumb","itemListElement":[{"@type":"ListItem","position":1,"name":"Portada","item":"https:\/\/demoweb.info\/sexshop001\/"},{"@type":"ListItem","position":2,"name":"Tienda","item":"https:\/\/demoweb.info\/sexshop001\/tienda\/"},{"@type":"ListItem","position":3,"name":"TRI-SNAP SCROTUM SUPPORT &#8211; ARN\u00c9S DE SILICONA NEGRO TALLA M"}]},{"@type":"WebSite","@id":"https:\/\/demoweb.info\/sexshop001\/#website","url":"https:\/\/demoweb.info\/sexshop001\/","name":"Tienda Er\u00f3tica","description":"DEMOWEB SL","potentialAction":[{"@type":"SearchAction","target":{"@type":"EntryPoint","urlTemplate":"https:\/\/demoweb.info\/sexshop001\/?s={search_term_string}"},"query-input":"required name=search_term_string"}],"inLanguage":"es"}]}},"_links":{"self":[{"href":"https:\/\/demoweb.info\/sexshop001\/wp-json\/wp\/v3\/product\/46702","targetHints":{"allow":["GET"]}}],"collection":[{"href":"https:\/\/demoweb.info\/sexshop001\/wp-json\/wp\/v3\/product"}],"about":[{"href":"https:\/\/demoweb.info\/sexshop001\/wp-json\/wp\/v2\/types\/product"}],"replies":[{"embeddable":true,"href":"https:\/\/demoweb.info\/sexshop001\/wp-json\/wp\/v2\/comments?post=46702"}],"wp:featuredmedia":[{"embeddable":true,"href":"https:\/\/demoweb.info\/sexshop001\/wp-json\/wp\/v2\/media\/46703"}],"wp:attachment":[{"href":"https:\/\/demoweb.info\/sexshop001\/wp-json\/wp\/v2\/media?parent=46702"}],"wp:term":[{"taxonomy":"product_cat","embeddable":true,"href":"https:\/\/demoweb.info\/sexshop001\/wp-json\/wp\/v2\/product_cat?post=46702"},{"taxonomy":"product_tag","embeddable":true,"href":"https:\/\/demoweb.info\/sexshop001\/wp-json\/wp\/v2\/product_tag?post=46702"}],"curies":[{"name":"wp","href":"https:\/\/api.w.org\/{rel}","templated":true}]}}