{"id":46571,"date":"2022-01-22T15:23:35","date_gmt":"2022-01-22T14:23:35","guid":{"rendered":"https:\/\/demoweb.info\/sexshop001\/producto\/tijeras-de-bondage-negro\/"},"modified":"2022-01-22T15:23:51","modified_gmt":"2022-01-22T14:23:51","slug":"tijeras-de-bondage-negro","status":"publish","type":"product","link":"https:\/\/demoweb.info\/sexshop001\/producto\/tijeras-de-bondage-negro\/","title":{"rendered":"TIJERAS DE BONDAGE &#8211; NEGRO"},"content":{"rendered":"<p><strong>BONDAGE SAFETY SCISSOR &#8211; BLACK<\/strong><\/p>\n<p>Estas son un par de tijeras de seguridad para bondage de grado m\u00e9dico y pueden cortar casi cualquier cosa. Son una herramienta imprescindible para la seguridad cuando se utilizan en un juego sin ning\u00fan tipo de restricci\u00f3n o de bondage.<\/p>\n<p>Estas tijeras miden 17,78 cm de largo, est\u00e1n hechas de acero inoxidable con ABS y vienen con una punta de protecci\u00f3n roma que permite a los usuarios cortar cuerdas, envoltura de poli\u00e9ster, cinta adhesiva y bridas sin provocar lesiones en la piel. Estas tijeras pueden cortar incluso la mayor\u00eda de las restricciones de cuero en caso de emergencia.<\/p>\n<p>En cualquier mazmorra sofisticada se te requerir\u00e1 mostrar unas tijeras de seguridad cuando quieras practicar un juego de bondage. Por favor, no participes en juegos de bondage sin tener un par de tijeras de alta calidad como estas a mano&#8230; solo por si acaso&#8230;\n <\/p>\n","protected":false},"excerpt":{"rendered":"<p>BONDAGE SAFETY SCISSOR &#8211; BLACK Estas son un par de tijeras de seguridad para bondage de grado m\u00e9dico y pueden<\/p>\n","protected":false},"featured_media":46572,"comment_status":"open","ping_status":"open","template":"","meta":[],"product_cat":[540],"product_tag":[307,302],"class_list":["post-46571","product","type-product","status-publish","has-post-thumbnail","hentry","product_cat-accesorios-ataduras","product_tag-ouch","product_tag-shots"],"bundled_by":[],"bundle_stock_status":"instock","bundle_stock_quantity":2,"bundle_virtual":false,"bundle_layout":"","bundle_add_to_cart_form_location":"","bundle_editable_in_cart":false,"bundle_sold_individually_context":"","bundle_item_grouping":"","bundle_min_size":"","bundle_max_size":"","bundled_items":[],"yoast_head":"<!-- This site is optimized with the Yoast SEO plugin v20.6 - https:\/\/yoast.com\/wordpress\/plugins\/seo\/ -->\n<title>TIJERAS DE BONDAGE - NEGRO - Tienda Er\u00f3tica<\/title>\n<meta name=\"robots\" content=\"noindex, follow, max-snippet:-1, max-image-preview:large, max-video-preview:-1\" \/>\n<meta property=\"og:locale\" content=\"es_ES\" \/>\n<meta property=\"og:type\" content=\"article\" \/>\n<meta property=\"og:title\" content=\"TIJERAS DE BONDAGE - NEGRO - Tienda Er\u00f3tica\" \/>\n<meta property=\"og:description\" content=\"BONDAGE SAFETY SCISSOR &#8211; BLACK Estas son un par de tijeras de seguridad para bondage de grado m\u00e9dico y pueden\" \/>\n<meta property=\"og:url\" content=\"https:\/\/demoweb.info\/sexshop001\/producto\/tijeras-de-bondage-negro\/\" \/>\n<meta property=\"og:site_name\" content=\"Tienda Er\u00f3tica\" \/>\n<meta property=\"article:modified_time\" content=\"2022-01-22T14:23:51+00:00\" \/>\n<meta property=\"og:image\" content=\"https:\/\/demoweb.info\/sexshop001\/wp-content\/uploads\/2022\/01\/TIJERAS-DE-BONDAGE-NEGRO.jpg\" \/>\n\t<meta property=\"og:image:width\" content=\"550\" \/>\n\t<meta property=\"og:image:height\" content=\"550\" \/>\n\t<meta property=\"og:image:type\" content=\"image\/jpeg\" \/>\n<meta name=\"twitter:card\" content=\"summary_large_image\" \/>\n<meta name=\"twitter:label1\" content=\"Tiempo de lectura\" \/>\n\t<meta name=\"twitter:data1\" content=\"1 minuto\" \/>\n<script type=\"application\/ld+json\" class=\"yoast-schema-graph\">{\"@context\":\"https:\/\/schema.org\",\"@graph\":[{\"@type\":\"WebPage\",\"@id\":\"https:\/\/demoweb.info\/sexshop001\/producto\/tijeras-de-bondage-negro\/\",\"url\":\"https:\/\/demoweb.info\/sexshop001\/producto\/tijeras-de-bondage-negro\/\",\"name\":\"TIJERAS DE BONDAGE - NEGRO - Tienda Er\u00f3tica\",\"isPartOf\":{\"@id\":\"https:\/\/demoweb.info\/sexshop001\/#website\"},\"datePublished\":\"2022-01-22T14:23:35+00:00\",\"dateModified\":\"2022-01-22T14:23:51+00:00\",\"breadcrumb\":{\"@id\":\"https:\/\/demoweb.info\/sexshop001\/producto\/tijeras-de-bondage-negro\/#breadcrumb\"},\"inLanguage\":\"es\",\"potentialAction\":[{\"@type\":\"ReadAction\",\"target\":[\"https:\/\/demoweb.info\/sexshop001\/producto\/tijeras-de-bondage-negro\/\"]}]},{\"@type\":\"BreadcrumbList\",\"@id\":\"https:\/\/demoweb.info\/sexshop001\/producto\/tijeras-de-bondage-negro\/#breadcrumb\",\"itemListElement\":[{\"@type\":\"ListItem\",\"position\":1,\"name\":\"Portada\",\"item\":\"https:\/\/demoweb.info\/sexshop001\/\"},{\"@type\":\"ListItem\",\"position\":2,\"name\":\"Tienda\",\"item\":\"https:\/\/demoweb.info\/sexshop001\/tienda\/\"},{\"@type\":\"ListItem\",\"position\":3,\"name\":\"TIJERAS DE BONDAGE &#8211; NEGRO\"}]},{\"@type\":\"WebSite\",\"@id\":\"https:\/\/demoweb.info\/sexshop001\/#website\",\"url\":\"https:\/\/demoweb.info\/sexshop001\/\",\"name\":\"Tienda Er\u00f3tica\",\"description\":\"DEMOWEB SL\",\"potentialAction\":[{\"@type\":\"SearchAction\",\"target\":{\"@type\":\"EntryPoint\",\"urlTemplate\":\"https:\/\/demoweb.info\/sexshop001\/?s={search_term_string}\"},\"query-input\":\"required name=search_term_string\"}],\"inLanguage\":\"es\"}]}<\/script>\n<!-- \/ Yoast SEO plugin. -->","yoast_head_json":{"title":"TIJERAS DE BONDAGE - NEGRO - Tienda Er\u00f3tica","robots":{"index":"noindex","follow":"follow","max-snippet":"max-snippet:-1","max-image-preview":"max-image-preview:large","max-video-preview":"max-video-preview:-1"},"og_locale":"es_ES","og_type":"article","og_title":"TIJERAS DE BONDAGE - NEGRO - Tienda Er\u00f3tica","og_description":"BONDAGE SAFETY SCISSOR &#8211; BLACK Estas son un par de tijeras de seguridad para bondage de grado m\u00e9dico y pueden","og_url":"https:\/\/demoweb.info\/sexshop001\/producto\/tijeras-de-bondage-negro\/","og_site_name":"Tienda Er\u00f3tica","article_modified_time":"2022-01-22T14:23:51+00:00","og_image":[{"width":550,"height":550,"url":"https:\/\/demoweb.info\/sexshop001\/wp-content\/uploads\/2022\/01\/TIJERAS-DE-BONDAGE-NEGRO.jpg","type":"image\/jpeg"}],"twitter_card":"summary_large_image","twitter_misc":{"Tiempo de lectura":"1 minuto"},"schema":{"@context":"https:\/\/schema.org","@graph":[{"@type":"WebPage","@id":"https:\/\/demoweb.info\/sexshop001\/producto\/tijeras-de-bondage-negro\/","url":"https:\/\/demoweb.info\/sexshop001\/producto\/tijeras-de-bondage-negro\/","name":"TIJERAS DE BONDAGE - NEGRO - Tienda Er\u00f3tica","isPartOf":{"@id":"https:\/\/demoweb.info\/sexshop001\/#website"},"datePublished":"2022-01-22T14:23:35+00:00","dateModified":"2022-01-22T14:23:51+00:00","breadcrumb":{"@id":"https:\/\/demoweb.info\/sexshop001\/producto\/tijeras-de-bondage-negro\/#breadcrumb"},"inLanguage":"es","potentialAction":[{"@type":"ReadAction","target":["https:\/\/demoweb.info\/sexshop001\/producto\/tijeras-de-bondage-negro\/"]}]},{"@type":"BreadcrumbList","@id":"https:\/\/demoweb.info\/sexshop001\/producto\/tijeras-de-bondage-negro\/#breadcrumb","itemListElement":[{"@type":"ListItem","position":1,"name":"Portada","item":"https:\/\/demoweb.info\/sexshop001\/"},{"@type":"ListItem","position":2,"name":"Tienda","item":"https:\/\/demoweb.info\/sexshop001\/tienda\/"},{"@type":"ListItem","position":3,"name":"TIJERAS DE BONDAGE &#8211; NEGRO"}]},{"@type":"WebSite","@id":"https:\/\/demoweb.info\/sexshop001\/#website","url":"https:\/\/demoweb.info\/sexshop001\/","name":"Tienda Er\u00f3tica","description":"DEMOWEB SL","potentialAction":[{"@type":"SearchAction","target":{"@type":"EntryPoint","urlTemplate":"https:\/\/demoweb.info\/sexshop001\/?s={search_term_string}"},"query-input":"required name=search_term_string"}],"inLanguage":"es"}]}},"_links":{"self":[{"href":"https:\/\/demoweb.info\/sexshop001\/wp-json\/wp\/v3\/product\/46571","targetHints":{"allow":["GET"]}}],"collection":[{"href":"https:\/\/demoweb.info\/sexshop001\/wp-json\/wp\/v3\/product"}],"about":[{"href":"https:\/\/demoweb.info\/sexshop001\/wp-json\/wp\/v2\/types\/product"}],"replies":[{"embeddable":true,"href":"https:\/\/demoweb.info\/sexshop001\/wp-json\/wp\/v2\/comments?post=46571"}],"wp:featuredmedia":[{"embeddable":true,"href":"https:\/\/demoweb.info\/sexshop001\/wp-json\/wp\/v2\/media\/46572"}],"wp:attachment":[{"href":"https:\/\/demoweb.info\/sexshop001\/wp-json\/wp\/v2\/media?parent=46571"}],"wp:term":[{"taxonomy":"product_cat","embeddable":true,"href":"https:\/\/demoweb.info\/sexshop001\/wp-json\/wp\/v2\/product_cat?post=46571"},{"taxonomy":"product_tag","embeddable":true,"href":"https:\/\/demoweb.info\/sexshop001\/wp-json\/wp\/v2\/product_tag?post=46571"}],"curies":[{"name":"wp","href":"https:\/\/api.w.org\/{rel}","templated":true}]}}