{"id":46500,"date":"2022-01-22T15:22:59","date_gmt":"2022-01-22T14:22:59","guid":{"rendered":"https:\/\/demoweb.info\/sexshop001\/producto\/phiero-xtreme-concentrado-de-feromonas-masculinas-de-alta-calidad\/"},"modified":"2022-01-22T15:23:06","modified_gmt":"2022-01-22T14:23:06","slug":"phiero-xtreme-concentrado-de-feromonas-masculinas-de-alta-calidad","status":"publish","type":"product","link":"https:\/\/demoweb.info\/sexshop001\/producto\/phiero-xtreme-concentrado-de-feromonas-masculinas-de-alta-calidad\/","title":{"rendered":"PHIERO XTREME &#8211; CONCENTRADO DE FEROMONAS MASCULINAS DE ALTA CALIDAD"},"content":{"rendered":"<p><strong>PHIERO XTREME &#8211; CONCENTRADO DE FEROMONAS MASCULINAS DE ALTA CALIDAD <\/strong><\/p>\n<p><strong>Phiero Xtreme es un concentrado de feromonas con un potente efecto de atracci\u00f3n<\/strong>. Est\u00e1 elaborado por 3 fuertes feromonas, <strong>Androsterona, Delta 16-OL y A-Keto<\/strong>, con una concentraci\u00f3n del 20 %, la mayor de toda la gama Phiero. Este concentrado no contiene aromas a\u00f1adidos y solo ofrece el olor intenso de las propias feromonas, por lo que se puede aplicar directamente sobre la piel y pulverizar despu\u00e9s la colonia habitual, o se puede <strong>mezclar con el perfume<\/strong> favorito para favorecer una mayor confianza y autoestima en el hombre. Act\u00faa a los 30 minutos de aplicarlo y su efecto es duradero en el tiempo, de 6 a 8 horas en la piel y hasta dos semanas en la ropa.<\/p>\n<p><strong>Phiero Xtreme<\/strong> <strong>est\u00e1 indicado para:<\/strong><\/p>\n<ul>\n<li><strong>Ayudar<\/strong> y facilitar la conquista<\/li>\n<li><strong>Estimular<\/strong> el atractivo masculino<\/li>\n<li><strong>Mejorar<\/strong> la confianza del hombre para relacionarse<\/li>\n<\/ul>\n<p><strong>I<em><strong>nc<\/strong>rementa el poder de conquista y el deseo sexual con Phiero Xtreme<\/em><\/strong><\/p>\n<p>Todos los seres vivos segregan feromonas que provocan un comportamiento espec\u00edfico en los dem\u00e1s individuos de su especie. Existen feromonas de muchos tipos y ofrecen informaciones distintas, como por ejemplo las <strong>feromonas de atracci\u00f3n que contiene el concentrado Phiero Xtreme<\/strong>, las cuales<strong>despiertan el deseo sexual.<\/strong><\/p>\n<p>Concretamente, Phiero Xtreme cuenta con 3 potentes feromonas en una concentraci\u00f3n del 20 %: <strong>Androsterona, Delta 16-OL y A-Keto<\/strong>. La mayor\u00eda de los perfumes con feromonas ofrecen una concentraci\u00f3n entre el 1 % y el 5 %, por lo que Phiero Xtreme resulta bastante superior. En conjunto, sus feromonas act\u00faan sobre los instintos primarios de las dem\u00e1s personas, ya que son detectadas de forma natural a trav\u00e9s del \u00f3rgano vomeronasal, produciendo una sensaci\u00f3n de comodidad y una p\u00e9rdida de la timidez para que las relaciones puedan surgir con m\u00e1s facilidad y <strong>favorecer as\u00ed la conquista.<\/strong><\/p>\n<p>Adem\u00e1s, este concentrado de feromonas <strong>no contiene ning\u00fan aroma a\u00f1adido<\/strong>, por lo que se puede aplicar directamente sobre la piel y pulverizar despu\u00e9s un perfume; o se puede mezclar en el bote de perfume o colonia habitual del hombre antes de aplicarlo, haciendo que este se sienta a\u00fan m\u00e1s confiado a la hora de iniciar un acercamiento. Phiero Xtreme act\u00faa en un m\u00e1ximo de 30 minutos desde su aplicaci\u00f3n y su efecto dura entre 6 y 8 horas sobre la piel, y hasta dos semanas sobre la ropa.<\/p>\n<ul>\n<li><strong>Concentrado de feromonas para hombre en formato gotero.<\/strong><\/li>\n<\/ul>\n<p><strong>Uso:<\/strong> v\u00eda t\u00f3pica<\/p>\n<p><strong>Formato: <\/strong>gotero de 10 ml<\/p>\n<p><strong>N&ordm; de feromonas: <\/strong>3, con una concentraci\u00f3n del 20 %<\/p>\n<p><strong>Duraci\u00f3n: <\/strong>var\u00eda dependiendo de su uso<\/p>\n<p><strong>Familia olfativa:<\/strong> sin aromas a\u00f1adidos<\/p>\n<p><strong>C\u00f3mo se debe aplicar:<\/strong> aplicar Phiero Xtreme en la piel (2 gotas en cuello y mu\u00f1ecas) y pulverizar despu\u00e9s perfume; o mezclar con colonia (20 gotas por 1 ml de perfume) y pulverizar 3 &#8211; 4 pulsaciones en cuello, orejas y mu\u00f1ecas.<\/p>\n<p><strong>Dato:<\/strong> un bote de Phiero Xtreme de 10 ml se puede mezclar con 100 ml de perfume o colonia.<\/p>\n<p><strong>Recomendaci\u00f3n:<\/strong> el efecto de las feromonas dura m\u00e1s en una piel hidratada, por lo que, si la cuidas correctamente, potenciar\u00e1s los resultados de Phiero Xtreme. La duraci\u00f3n de las feromonas en la piel es de entre 6 y 8 horas, y hasta dos semanas en la ropa.<\/p>\n<ul>\n<li><strong>Ingredientes:<\/strong><\/li>\n<\/ul>\n<p><strong>Androsterona<\/strong>: feromona que se produce de manera natural y se genera durante la descomposici\u00f3n de los andr\u00f3genos. Es una derivada de la testosterona y se detecta inconscientemente a trav\u00e9s del \u00f3rgano vomeronasal, despertando as\u00ed el inter\u00e9s sexual. Es la \u201cferomona del macho Alfa\u201d.<\/p>\n<p><strong>Delta 16-ol<\/strong>: tambi\u00e9n se la llama \u201cferomona de la comunicaci\u00f3n\u201d, ya que ayuda a desinhibirse, favorece la sensaci\u00f3n de intimidad y cercan\u00eda con la otra persona y adem\u00e1s fomenta la sociabilidad. Su funci\u00f3n consiste en activar el hipot\u00e1lamo en mujeres heterosexuales y hombres homosexuales.<\/p>\n<p><strong>A-keto<\/strong>: potente feromona humana que se conoce como la feromona del amor, ya que provoca ciertos sentimientos y reacciones pasionales. Tambi\u00e9n se detecta inconscientemente a trav\u00e9s del \u00f3rgano vomeronasal, despertando el deseo sexual de la otra persona.<\/p>\n","protected":false},"excerpt":{"rendered":"<p>PHIERO XTREME &#8211; CONCENTRADO DE FEROMONAS MASCULINAS DE ALTA CALIDAD Phiero Xtreme es un concentrado de feromonas con un potente<\/p>\n","protected":false},"featured_media":46501,"comment_status":"open","ping_status":"open","template":"","meta":[],"product_cat":[538],"product_tag":[1227],"class_list":["post-46500","product","type-product","status-publish","has-post-thumbnail","hentry","product_cat-maquinas-vending","product_tag-500-cosmetics"],"bundled_by":[],"bundle_stock_status":"instock","bundle_stock_quantity":7,"bundle_virtual":false,"bundle_layout":"","bundle_add_to_cart_form_location":"","bundle_editable_in_cart":false,"bundle_sold_individually_context":"","bundle_item_grouping":"","bundle_min_size":"","bundle_max_size":"","bundled_items":[],"yoast_head":"<!-- This site is optimized with the Yoast SEO plugin v20.6 - https:\/\/yoast.com\/wordpress\/plugins\/seo\/ -->\n<title>PHIERO XTREME - CONCENTRADO DE FEROMONAS MASCULINAS DE ALTA CALIDAD - Tienda Er\u00f3tica<\/title>\n<meta name=\"robots\" content=\"noindex, follow, max-snippet:-1, max-image-preview:large, max-video-preview:-1\" \/>\n<meta property=\"og:locale\" content=\"es_ES\" \/>\n<meta property=\"og:type\" content=\"article\" \/>\n<meta property=\"og:title\" content=\"PHIERO XTREME - CONCENTRADO DE FEROMONAS MASCULINAS DE ALTA CALIDAD - Tienda Er\u00f3tica\" \/>\n<meta property=\"og:description\" content=\"PHIERO XTREME &#8211; CONCENTRADO DE FEROMONAS MASCULINAS DE ALTA CALIDAD Phiero Xtreme es un concentrado de feromonas con un potente\" \/>\n<meta property=\"og:url\" content=\"https:\/\/demoweb.info\/sexshop001\/producto\/phiero-xtreme-concentrado-de-feromonas-masculinas-de-alta-calidad\/\" \/>\n<meta property=\"og:site_name\" content=\"Tienda Er\u00f3tica\" \/>\n<meta property=\"article:modified_time\" content=\"2022-01-22T14:23:06+00:00\" \/>\n<meta property=\"og:image\" content=\"https:\/\/demoweb.info\/sexshop001\/wp-content\/uploads\/2022\/01\/PHIERO-XTREME-CONCENTRADO-DE-FEROMONAS-MASCULINAS-DE-ALTA-CALIDAD.jpg\" \/>\n\t<meta property=\"og:image:width\" content=\"550\" \/>\n\t<meta property=\"og:image:height\" content=\"550\" \/>\n\t<meta property=\"og:image:type\" content=\"image\/jpeg\" \/>\n<meta name=\"twitter:card\" content=\"summary_large_image\" \/>\n<meta name=\"twitter:label1\" content=\"Tiempo de lectura\" \/>\n\t<meta name=\"twitter:data1\" content=\"3 minutos\" \/>\n<script type=\"application\/ld+json\" class=\"yoast-schema-graph\">{\"@context\":\"https:\/\/schema.org\",\"@graph\":[{\"@type\":\"WebPage\",\"@id\":\"https:\/\/demoweb.info\/sexshop001\/producto\/phiero-xtreme-concentrado-de-feromonas-masculinas-de-alta-calidad\/\",\"url\":\"https:\/\/demoweb.info\/sexshop001\/producto\/phiero-xtreme-concentrado-de-feromonas-masculinas-de-alta-calidad\/\",\"name\":\"PHIERO XTREME - CONCENTRADO DE FEROMONAS MASCULINAS DE ALTA CALIDAD - Tienda Er\u00f3tica\",\"isPartOf\":{\"@id\":\"https:\/\/demoweb.info\/sexshop001\/#website\"},\"datePublished\":\"2022-01-22T14:22:59+00:00\",\"dateModified\":\"2022-01-22T14:23:06+00:00\",\"breadcrumb\":{\"@id\":\"https:\/\/demoweb.info\/sexshop001\/producto\/phiero-xtreme-concentrado-de-feromonas-masculinas-de-alta-calidad\/#breadcrumb\"},\"inLanguage\":\"es\",\"potentialAction\":[{\"@type\":\"ReadAction\",\"target\":[\"https:\/\/demoweb.info\/sexshop001\/producto\/phiero-xtreme-concentrado-de-feromonas-masculinas-de-alta-calidad\/\"]}]},{\"@type\":\"BreadcrumbList\",\"@id\":\"https:\/\/demoweb.info\/sexshop001\/producto\/phiero-xtreme-concentrado-de-feromonas-masculinas-de-alta-calidad\/#breadcrumb\",\"itemListElement\":[{\"@type\":\"ListItem\",\"position\":1,\"name\":\"Portada\",\"item\":\"https:\/\/demoweb.info\/sexshop001\/\"},{\"@type\":\"ListItem\",\"position\":2,\"name\":\"Tienda\",\"item\":\"https:\/\/demoweb.info\/sexshop001\/tienda\/\"},{\"@type\":\"ListItem\",\"position\":3,\"name\":\"PHIERO XTREME &#8211; CONCENTRADO DE FEROMONAS MASCULINAS DE ALTA CALIDAD\"}]},{\"@type\":\"WebSite\",\"@id\":\"https:\/\/demoweb.info\/sexshop001\/#website\",\"url\":\"https:\/\/demoweb.info\/sexshop001\/\",\"name\":\"Tienda Er\u00f3tica\",\"description\":\"DEMOWEB SL\",\"potentialAction\":[{\"@type\":\"SearchAction\",\"target\":{\"@type\":\"EntryPoint\",\"urlTemplate\":\"https:\/\/demoweb.info\/sexshop001\/?s={search_term_string}\"},\"query-input\":\"required name=search_term_string\"}],\"inLanguage\":\"es\"}]}<\/script>\n<!-- \/ Yoast SEO plugin. -->","yoast_head_json":{"title":"PHIERO XTREME - CONCENTRADO DE FEROMONAS MASCULINAS DE ALTA CALIDAD - Tienda Er\u00f3tica","robots":{"index":"noindex","follow":"follow","max-snippet":"max-snippet:-1","max-image-preview":"max-image-preview:large","max-video-preview":"max-video-preview:-1"},"og_locale":"es_ES","og_type":"article","og_title":"PHIERO XTREME - CONCENTRADO DE FEROMONAS MASCULINAS DE ALTA CALIDAD - Tienda Er\u00f3tica","og_description":"PHIERO XTREME &#8211; CONCENTRADO DE FEROMONAS MASCULINAS DE ALTA CALIDAD Phiero Xtreme es un concentrado de feromonas con un potente","og_url":"https:\/\/demoweb.info\/sexshop001\/producto\/phiero-xtreme-concentrado-de-feromonas-masculinas-de-alta-calidad\/","og_site_name":"Tienda Er\u00f3tica","article_modified_time":"2022-01-22T14:23:06+00:00","og_image":[{"width":550,"height":550,"url":"https:\/\/demoweb.info\/sexshop001\/wp-content\/uploads\/2022\/01\/PHIERO-XTREME-CONCENTRADO-DE-FEROMONAS-MASCULINAS-DE-ALTA-CALIDAD.jpg","type":"image\/jpeg"}],"twitter_card":"summary_large_image","twitter_misc":{"Tiempo de lectura":"3 minutos"},"schema":{"@context":"https:\/\/schema.org","@graph":[{"@type":"WebPage","@id":"https:\/\/demoweb.info\/sexshop001\/producto\/phiero-xtreme-concentrado-de-feromonas-masculinas-de-alta-calidad\/","url":"https:\/\/demoweb.info\/sexshop001\/producto\/phiero-xtreme-concentrado-de-feromonas-masculinas-de-alta-calidad\/","name":"PHIERO XTREME - CONCENTRADO DE FEROMONAS MASCULINAS DE ALTA CALIDAD - Tienda Er\u00f3tica","isPartOf":{"@id":"https:\/\/demoweb.info\/sexshop001\/#website"},"datePublished":"2022-01-22T14:22:59+00:00","dateModified":"2022-01-22T14:23:06+00:00","breadcrumb":{"@id":"https:\/\/demoweb.info\/sexshop001\/producto\/phiero-xtreme-concentrado-de-feromonas-masculinas-de-alta-calidad\/#breadcrumb"},"inLanguage":"es","potentialAction":[{"@type":"ReadAction","target":["https:\/\/demoweb.info\/sexshop001\/producto\/phiero-xtreme-concentrado-de-feromonas-masculinas-de-alta-calidad\/"]}]},{"@type":"BreadcrumbList","@id":"https:\/\/demoweb.info\/sexshop001\/producto\/phiero-xtreme-concentrado-de-feromonas-masculinas-de-alta-calidad\/#breadcrumb","itemListElement":[{"@type":"ListItem","position":1,"name":"Portada","item":"https:\/\/demoweb.info\/sexshop001\/"},{"@type":"ListItem","position":2,"name":"Tienda","item":"https:\/\/demoweb.info\/sexshop001\/tienda\/"},{"@type":"ListItem","position":3,"name":"PHIERO XTREME &#8211; CONCENTRADO DE FEROMONAS MASCULINAS DE ALTA CALIDAD"}]},{"@type":"WebSite","@id":"https:\/\/demoweb.info\/sexshop001\/#website","url":"https:\/\/demoweb.info\/sexshop001\/","name":"Tienda Er\u00f3tica","description":"DEMOWEB SL","potentialAction":[{"@type":"SearchAction","target":{"@type":"EntryPoint","urlTemplate":"https:\/\/demoweb.info\/sexshop001\/?s={search_term_string}"},"query-input":"required name=search_term_string"}],"inLanguage":"es"}]}},"_links":{"self":[{"href":"https:\/\/demoweb.info\/sexshop001\/wp-json\/wp\/v3\/product\/46500","targetHints":{"allow":["GET"]}}],"collection":[{"href":"https:\/\/demoweb.info\/sexshop001\/wp-json\/wp\/v3\/product"}],"about":[{"href":"https:\/\/demoweb.info\/sexshop001\/wp-json\/wp\/v2\/types\/product"}],"replies":[{"embeddable":true,"href":"https:\/\/demoweb.info\/sexshop001\/wp-json\/wp\/v2\/comments?post=46500"}],"wp:featuredmedia":[{"embeddable":true,"href":"https:\/\/demoweb.info\/sexshop001\/wp-json\/wp\/v2\/media\/46501"}],"wp:attachment":[{"href":"https:\/\/demoweb.info\/sexshop001\/wp-json\/wp\/v2\/media?parent=46500"}],"wp:term":[{"taxonomy":"product_cat","embeddable":true,"href":"https:\/\/demoweb.info\/sexshop001\/wp-json\/wp\/v2\/product_cat?post=46500"},{"taxonomy":"product_tag","embeddable":true,"href":"https:\/\/demoweb.info\/sexshop001\/wp-json\/wp\/v2\/product_tag?post=46500"}],"curies":[{"name":"wp","href":"https:\/\/api.w.org\/{rel}","templated":true}]}}