{"id":46498,"date":"2022-01-22T15:22:59","date_gmt":"2022-01-22T14:22:59","guid":{"rendered":"https:\/\/demoweb.info\/sexshop001\/producto\/procurves-cream-crema-para-el-aumento-del-pecho\/"},"modified":"2022-01-22T15:23:06","modified_gmt":"2022-01-22T14:23:06","slug":"procurves-cream-crema-para-el-aumento-del-pecho","status":"publish","type":"product","link":"https:\/\/demoweb.info\/sexshop001\/producto\/procurves-cream-crema-para-el-aumento-del-pecho\/","title":{"rendered":"PROCURVES CREAM &#8211; CREMA PARA EL AUMENTO DEL PECHO"},"content":{"rendered":"<p><strong>PROCURVES CREAM &#8211; CREMA PARA EL AUMENTO DEL PECHO<\/strong><\/p>\n<p><strong>Procurves Cream<\/strong> es una <strong>crema para aumentar el pecho con efecto reafirmante<\/strong>con la que conseguir\u00e1s unos senos m\u00e1s firmes, tersos e hidratados gracias a sus ingredientes naturales, como los componentes estrella <strong>CellActive\u00ae-FORM<\/strong> (complejo a base de plantas que activa la acumulaci\u00f3n de l\u00edpidos en la zona del pecho y remodela el contorno del escote) y <strong>Homeostatine\u2122<\/strong> (activo que regenera la piel de la zona del pecho, y le aporta firmeza y elasticidad), adem\u00e1s de \u00e1cido hialur\u00f3nico y extracto de avena, entre otros. Esta crema reafirma y estimula la circulaci\u00f3n del pecho y aporta nutrientes que permiten el crecimiento de los tejidos para un <strong>mayor volumen de los senos<\/strong>. Adem\u00e1s, hidrata la piel de la zona, mejora su elasticidad y ayuda a nivelar la cantidad de hormonas, sobre todo durante la menopausia. Con Procurves Cream recuperar\u00e1s la confianza y la autoestima gracias a la mejora progresiva de tu figura:<br \/>\n-El volumen del pecho aumenta un 7 % despu\u00e9s de un mes de tratamiento y un 13 % tras el primer trimestre.<br \/>\n&#8211; Los pechos logran estar un 10 % m\u00e1s tersos y firmes tras un uso de al menos 28 d\u00edas.<\/p>\n<p><strong><em>Procurves Cream est\u00e1 indicado para:<\/em><\/strong><\/p>\n<ul>\n<li><strong>Estimular <\/strong>el crecimiento de los senos<\/li>\n<li><strong>Reafirmar <\/strong>el pecho<\/li>\n<li><strong>Mejorar <\/strong>su elasticidad e hidrataci\u00f3n<\/li>\n<\/ul>\n<p><strong><em>\u00bfC\u00f3mo aumentar el pecho de forma natural con Procurves Cream?<\/em><\/strong><\/p>\n<p>El pecho de una mujer normalmente se <strong>desarrolla durante la pubertad<\/strong>, pero en muchas ocasiones, y por diferentes des\u00f3rdenes de alimentaci\u00f3n o de hormonas, no lo hace correctamente dando lugar a problemas de autoestima e inseguridad en etapas posteriores. <strong>Procurves Cream<\/strong> te ayuda de forma natural a conseguir un pecho m\u00e1s firme y a estimular su crecimiento para obtener un volumen mayor. Contiene <strong>fitoestr\u00f3genos<\/strong> (aparecen en el extracto de avena), que son compuestos vegetales similares a los propios estr\u00f3genos femeninos y ayudan a controlar los niveles hormonales, sobre todo durante la menopausia.<\/p>\n<p>Esta crema para aumentar el pecho act\u00faa directamente a trav\u00e9s de la piel gracias a sus extractos \u00fanicos de plantas naturales, como el ingrediente revolucionario <strong>CellActive\u00ae-FORM y el Homeostatine\u2122<\/strong>. Se consigue fomentar el crecimiento de los senos de la mujer, proporcionando a la piel de la zona m\u00e1s hidrataci\u00f3n, tersidad y elasticidad.<\/p>\n<ul>\n<li><strong>Aplicar la crema 2 veces al d\u00eda:<\/strong><\/li>\n<\/ul>\n<p><strong>Uso:<\/strong> v\u00eda t\u00f3pica. Aplicar la crema dos veces diarias, evitando el pez\u00f3n y realizando un masaje circular desde la parte inferior de la copa. Realizar una suave fricci\u00f3n para mejorar la penetraci\u00f3n.<\/p>\n<p><strong>Formato: <\/strong>crema de 100 ml.<\/p>\n<p><strong>Duraci\u00f3n: <\/strong>puede variar dependiendo de su uso<\/p>\n<p><strong>Dosis:<\/strong> se debe aplicar 2 veces al d\u00eda.<\/p>\n<p><strong>Cu\u00e1ndo se debe aplicar:<\/strong> se recomienda aplicar Procurves Cream una vez por la ma\u00f1ana, preferiblemente antes o despu\u00e9s de hacer ejercicio (por el aumento de la circulaci\u00f3n sangu\u00ednea) y una vez por la noche (para aprovechar la regeneraci\u00f3n celular).<\/p>\n<p><strong>Recomendaci\u00f3n:<\/strong> lo m\u00e1s aconsejable es aplicar la crema con la piel limpia y bien hidratada para mejorar la penetraci\u00f3n. Es decir, inmediatamente despu\u00e9s del ba\u00f1o o la ducha, o tambi\u00e9n se puede hidratar la zona con una toalla humedecida antes de la aplicaci\u00f3n del producto.<\/p>\n<ul>\n<li><strong>Ingredientes:<\/strong><\/li>\n<\/ul>\n<p><strong>CellActive\u00ae-FORM<\/strong>: complejo a base de plantas que activa la acumulaci\u00f3n de l\u00edpidos en la zona del pecho femenino, y mejora la elasticidad y la resistencia de la piel de esta zona para evitar su ca\u00edda. Est\u00e1 compuesto por mangost\u00e1n, quince-hidrogel (extracto de semillas de membrillo) y Cell Boost (un factor activo de algas y de lupino blanco).<\/p>\n<p><strong>Homeostatine\u2122<\/strong>: se trata de un complejo activo de origen andino-marino desarrollado mediante un proceso tecnol\u00f3gico innovador. Su principal funci\u00f3n es regenerar y reforzar la piel de la zona de los senos mediante la formaci\u00f3n de nuevas fibras de col\u00e1geno, adem\u00e1s de prevenir la aparici\u00f3n de arrugas.<\/p>\n<p><strong>\u00c1cido hialur\u00f3nico<\/strong>: es un activo que combate el envejecimiento celular y, en este caso, mantiene la estructura del pecho para que no pierda firmeza.<\/p>\n<p><strong>Extracto de avena<\/strong>: contiene lignanos (fitoestr\u00f3genos) que funcionan como la hormona femenina estrog\u00e9nica 17 &beta;-Estradiol. Los fitoestr\u00f3genos favorecen el crecimiento de los senos, mejoran la salud \u00f3sea y alivian los s\u00edntomas de la menopausia.<\/p>\n<p><strong>Carica Papaya<\/strong>: el extracto de papaya act\u00faa como t\u00f3nico para limpiar y refrescar la piel. De esta manera, el resto de componentes se absorben mucho mejor.<\/p>\n<p><strong>D-Pantenol<\/strong>: es un activo puro indicado para hidratar las zonas cut\u00e1neas secas, agrietadas y rugosas, y favorecer la regeneraci\u00f3n celular de la piel.<\/p>\n<p><strong>Vitamina E<\/strong>: nutriente liposoluble con poder antioxidante para prevenir el envejecimiento prematuro de la piel y proteger las c\u00e9lulas de los radicales libres.<\/p>\n<p><strong>Aloe Vera<\/strong>: el extracto de esta planta act\u00faa como ingrediente refrescante y calmante para aportarle a la piel de la zona del pecho mayor suavidad y protecci\u00f3n frente a irritaciones.<\/p>\n","protected":false},"excerpt":{"rendered":"<p>PROCURVES CREAM &#8211; CREMA PARA EL AUMENTO DEL PECHO Procurves Cream es una crema para aumentar el pecho con efecto<\/p>\n","protected":false},"featured_media":46499,"comment_status":"open","ping_status":"open","template":"","meta":[],"product_cat":[833],"product_tag":[1227],"class_list":["post-46498","product","type-product","status-publish","has-post-thumbnail","hentry","product_cat-para-ellas-tratamientos","product_tag-500-cosmetics"],"bundled_by":[],"bundle_stock_status":"instock","bundle_stock_quantity":6,"bundle_virtual":false,"bundle_layout":"","bundle_add_to_cart_form_location":"","bundle_editable_in_cart":false,"bundle_sold_individually_context":"","bundle_item_grouping":"","bundle_min_size":"","bundle_max_size":"","bundled_items":[],"yoast_head":"<!-- This site is optimized with the Yoast SEO plugin v20.6 - https:\/\/yoast.com\/wordpress\/plugins\/seo\/ -->\n<title>PROCURVES CREAM - CREMA PARA EL AUMENTO DEL PECHO - Tienda Er\u00f3tica<\/title>\n<meta name=\"robots\" content=\"noindex, follow, max-snippet:-1, max-image-preview:large, max-video-preview:-1\" \/>\n<meta property=\"og:locale\" content=\"es_ES\" \/>\n<meta property=\"og:type\" content=\"article\" \/>\n<meta property=\"og:title\" content=\"PROCURVES CREAM - CREMA PARA EL AUMENTO DEL PECHO - Tienda Er\u00f3tica\" \/>\n<meta property=\"og:description\" content=\"PROCURVES CREAM &#8211; CREMA PARA EL AUMENTO DEL PECHO Procurves Cream es una crema para aumentar el pecho con efecto\" \/>\n<meta property=\"og:url\" content=\"https:\/\/demoweb.info\/sexshop001\/producto\/procurves-cream-crema-para-el-aumento-del-pecho\/\" \/>\n<meta property=\"og:site_name\" content=\"Tienda Er\u00f3tica\" \/>\n<meta property=\"article:modified_time\" content=\"2022-01-22T14:23:06+00:00\" \/>\n<meta property=\"og:image\" content=\"https:\/\/demoweb.info\/sexshop001\/wp-content\/uploads\/2022\/01\/PROCURVES-CREAM-CREMA-PARA-EL-AUMENTO-DEL-PECHO.jpg\" \/>\n\t<meta property=\"og:image:width\" content=\"550\" \/>\n\t<meta property=\"og:image:height\" content=\"550\" \/>\n\t<meta property=\"og:image:type\" content=\"image\/jpeg\" \/>\n<meta name=\"twitter:card\" content=\"summary_large_image\" \/>\n<meta name=\"twitter:label1\" content=\"Tiempo de lectura\" \/>\n\t<meta name=\"twitter:data1\" content=\"4 minutos\" \/>\n<script type=\"application\/ld+json\" class=\"yoast-schema-graph\">{\"@context\":\"https:\/\/schema.org\",\"@graph\":[{\"@type\":\"WebPage\",\"@id\":\"https:\/\/demoweb.info\/sexshop001\/producto\/procurves-cream-crema-para-el-aumento-del-pecho\/\",\"url\":\"https:\/\/demoweb.info\/sexshop001\/producto\/procurves-cream-crema-para-el-aumento-del-pecho\/\",\"name\":\"PROCURVES CREAM - CREMA PARA EL AUMENTO DEL PECHO - Tienda Er\u00f3tica\",\"isPartOf\":{\"@id\":\"https:\/\/demoweb.info\/sexshop001\/#website\"},\"datePublished\":\"2022-01-22T14:22:59+00:00\",\"dateModified\":\"2022-01-22T14:23:06+00:00\",\"breadcrumb\":{\"@id\":\"https:\/\/demoweb.info\/sexshop001\/producto\/procurves-cream-crema-para-el-aumento-del-pecho\/#breadcrumb\"},\"inLanguage\":\"es\",\"potentialAction\":[{\"@type\":\"ReadAction\",\"target\":[\"https:\/\/demoweb.info\/sexshop001\/producto\/procurves-cream-crema-para-el-aumento-del-pecho\/\"]}]},{\"@type\":\"BreadcrumbList\",\"@id\":\"https:\/\/demoweb.info\/sexshop001\/producto\/procurves-cream-crema-para-el-aumento-del-pecho\/#breadcrumb\",\"itemListElement\":[{\"@type\":\"ListItem\",\"position\":1,\"name\":\"Portada\",\"item\":\"https:\/\/demoweb.info\/sexshop001\/\"},{\"@type\":\"ListItem\",\"position\":2,\"name\":\"Tienda\",\"item\":\"https:\/\/demoweb.info\/sexshop001\/tienda\/\"},{\"@type\":\"ListItem\",\"position\":3,\"name\":\"PROCURVES CREAM &#8211; CREMA PARA EL AUMENTO DEL PECHO\"}]},{\"@type\":\"WebSite\",\"@id\":\"https:\/\/demoweb.info\/sexshop001\/#website\",\"url\":\"https:\/\/demoweb.info\/sexshop001\/\",\"name\":\"Tienda Er\u00f3tica\",\"description\":\"DEMOWEB SL\",\"potentialAction\":[{\"@type\":\"SearchAction\",\"target\":{\"@type\":\"EntryPoint\",\"urlTemplate\":\"https:\/\/demoweb.info\/sexshop001\/?s={search_term_string}\"},\"query-input\":\"required name=search_term_string\"}],\"inLanguage\":\"es\"}]}<\/script>\n<!-- \/ Yoast SEO plugin. -->","yoast_head_json":{"title":"PROCURVES CREAM - CREMA PARA EL AUMENTO DEL PECHO - Tienda Er\u00f3tica","robots":{"index":"noindex","follow":"follow","max-snippet":"max-snippet:-1","max-image-preview":"max-image-preview:large","max-video-preview":"max-video-preview:-1"},"og_locale":"es_ES","og_type":"article","og_title":"PROCURVES CREAM - CREMA PARA EL AUMENTO DEL PECHO - Tienda Er\u00f3tica","og_description":"PROCURVES CREAM &#8211; CREMA PARA EL AUMENTO DEL PECHO Procurves Cream es una crema para aumentar el pecho con efecto","og_url":"https:\/\/demoweb.info\/sexshop001\/producto\/procurves-cream-crema-para-el-aumento-del-pecho\/","og_site_name":"Tienda Er\u00f3tica","article_modified_time":"2022-01-22T14:23:06+00:00","og_image":[{"width":550,"height":550,"url":"https:\/\/demoweb.info\/sexshop001\/wp-content\/uploads\/2022\/01\/PROCURVES-CREAM-CREMA-PARA-EL-AUMENTO-DEL-PECHO.jpg","type":"image\/jpeg"}],"twitter_card":"summary_large_image","twitter_misc":{"Tiempo de lectura":"4 minutos"},"schema":{"@context":"https:\/\/schema.org","@graph":[{"@type":"WebPage","@id":"https:\/\/demoweb.info\/sexshop001\/producto\/procurves-cream-crema-para-el-aumento-del-pecho\/","url":"https:\/\/demoweb.info\/sexshop001\/producto\/procurves-cream-crema-para-el-aumento-del-pecho\/","name":"PROCURVES CREAM - CREMA PARA EL AUMENTO DEL PECHO - Tienda Er\u00f3tica","isPartOf":{"@id":"https:\/\/demoweb.info\/sexshop001\/#website"},"datePublished":"2022-01-22T14:22:59+00:00","dateModified":"2022-01-22T14:23:06+00:00","breadcrumb":{"@id":"https:\/\/demoweb.info\/sexshop001\/producto\/procurves-cream-crema-para-el-aumento-del-pecho\/#breadcrumb"},"inLanguage":"es","potentialAction":[{"@type":"ReadAction","target":["https:\/\/demoweb.info\/sexshop001\/producto\/procurves-cream-crema-para-el-aumento-del-pecho\/"]}]},{"@type":"BreadcrumbList","@id":"https:\/\/demoweb.info\/sexshop001\/producto\/procurves-cream-crema-para-el-aumento-del-pecho\/#breadcrumb","itemListElement":[{"@type":"ListItem","position":1,"name":"Portada","item":"https:\/\/demoweb.info\/sexshop001\/"},{"@type":"ListItem","position":2,"name":"Tienda","item":"https:\/\/demoweb.info\/sexshop001\/tienda\/"},{"@type":"ListItem","position":3,"name":"PROCURVES CREAM &#8211; CREMA PARA EL AUMENTO DEL PECHO"}]},{"@type":"WebSite","@id":"https:\/\/demoweb.info\/sexshop001\/#website","url":"https:\/\/demoweb.info\/sexshop001\/","name":"Tienda Er\u00f3tica","description":"DEMOWEB SL","potentialAction":[{"@type":"SearchAction","target":{"@type":"EntryPoint","urlTemplate":"https:\/\/demoweb.info\/sexshop001\/?s={search_term_string}"},"query-input":"required name=search_term_string"}],"inLanguage":"es"}]}},"_links":{"self":[{"href":"https:\/\/demoweb.info\/sexshop001\/wp-json\/wp\/v3\/product\/46498","targetHints":{"allow":["GET"]}}],"collection":[{"href":"https:\/\/demoweb.info\/sexshop001\/wp-json\/wp\/v3\/product"}],"about":[{"href":"https:\/\/demoweb.info\/sexshop001\/wp-json\/wp\/v2\/types\/product"}],"replies":[{"embeddable":true,"href":"https:\/\/demoweb.info\/sexshop001\/wp-json\/wp\/v2\/comments?post=46498"}],"wp:featuredmedia":[{"embeddable":true,"href":"https:\/\/demoweb.info\/sexshop001\/wp-json\/wp\/v2\/media\/46499"}],"wp:attachment":[{"href":"https:\/\/demoweb.info\/sexshop001\/wp-json\/wp\/v2\/media?parent=46498"}],"wp:term":[{"taxonomy":"product_cat","embeddable":true,"href":"https:\/\/demoweb.info\/sexshop001\/wp-json\/wp\/v2\/product_cat?post=46498"},{"taxonomy":"product_tag","embeddable":true,"href":"https:\/\/demoweb.info\/sexshop001\/wp-json\/wp\/v2\/product_tag?post=46498"}],"curies":[{"name":"wp","href":"https:\/\/api.w.org\/{rel}","templated":true}]}}