{"id":46466,"date":"2022-01-22T15:22:38","date_gmt":"2022-01-22T14:22:38","guid":{"rendered":"https:\/\/demoweb.info\/sexshop001\/producto\/body-slide-deluxe-kit-para-masajes\/"},"modified":"2022-01-22T15:22:44","modified_gmt":"2022-01-22T14:22:44","slug":"body-slide-deluxe-kit-para-masajes","status":"publish","type":"product","link":"https:\/\/demoweb.info\/sexshop001\/producto\/body-slide-deluxe-kit-para-masajes\/","title":{"rendered":"BODY SLIDE DELUXE &#8211; KIT PARA MASAJES"},"content":{"rendered":"<p><strong>BODY SLIDE DELUXE<\/strong><\/p>\n<p>Body Slide Deluxe est\u00e1 dise\u00f1ado tanto para masajes normales como para masajes cuerpo a cuerpo. Tiene laterales inflables para que no lo ensucies todo. Puedes usarlo tanto como desees. Est\u00e1 fabricado de un material robusto y duradero. Cuando hayas terminado, s\u00f3lo tienes que lavar el Body Slide Deluxe con agua y jab\u00f3n.<\/p>\n<p>Incluimos una botella de lubricante altamente concentrado que debes diluir en agua. Hay suficiente para obtener 5 litros de lubricante. \u00a1Dale una nueva dimensi\u00f3n a tu vida amorosa llevando los masajes cuerpo a cuerpo directos a tu dormitorio!<\/p>\n<p>Caracter\u00edsticas:<br \/>\n&#8211; Longitud: 200cm<br \/>\n&#8211; Anchura: 160cm<br \/>\n&#8211; Altura: 32cm<br \/>\n&#8211; Material: PVC<\/p>\n","protected":false},"excerpt":{"rendered":"<p>BODY SLIDE DELUXE Body Slide Deluxe est\u00e1 dise\u00f1ado tanto para masajes normales como para masajes cuerpo a cuerpo. Tiene laterales<\/p>\n","protected":false},"featured_media":46467,"comment_status":"open","ping_status":"open","template":"","meta":[],"product_cat":[578],"product_tag":[302,711],"class_list":["post-46466","product","type-product","status-publish","has-post-thumbnail","hentry","product_cat-kits-aceites","product_tag-shots","product_tag-touche"],"bundled_by":[],"bundle_stock_status":"instock","bundle_stock_quantity":1,"bundle_virtual":false,"bundle_layout":"","bundle_add_to_cart_form_location":"","bundle_editable_in_cart":false,"bundle_sold_individually_context":"","bundle_item_grouping":"","bundle_min_size":"","bundle_max_size":"","bundled_items":[],"yoast_head":"<!-- This site is optimized with the Yoast SEO plugin v20.6 - https:\/\/yoast.com\/wordpress\/plugins\/seo\/ -->\n<title>BODY SLIDE DELUXE - KIT PARA MASAJES - Tienda Er\u00f3tica<\/title>\n<meta name=\"robots\" content=\"noindex, follow, max-snippet:-1, max-image-preview:large, max-video-preview:-1\" \/>\n<meta property=\"og:locale\" content=\"es_ES\" \/>\n<meta property=\"og:type\" content=\"article\" \/>\n<meta property=\"og:title\" content=\"BODY SLIDE DELUXE - KIT PARA MASAJES - Tienda Er\u00f3tica\" \/>\n<meta property=\"og:description\" content=\"BODY SLIDE DELUXE Body Slide Deluxe est\u00e1 dise\u00f1ado tanto para masajes normales como para masajes cuerpo a cuerpo. Tiene laterales\" \/>\n<meta property=\"og:url\" content=\"https:\/\/demoweb.info\/sexshop001\/producto\/body-slide-deluxe-kit-para-masajes\/\" \/>\n<meta property=\"og:site_name\" content=\"Tienda Er\u00f3tica\" \/>\n<meta property=\"article:modified_time\" content=\"2022-01-22T14:22:44+00:00\" \/>\n<meta property=\"og:image\" content=\"https:\/\/demoweb.info\/sexshop001\/wp-content\/uploads\/2022\/01\/BODY-SLIDE-DELUXE-KIT-PARA-MASAJES.jpg\" \/>\n\t<meta property=\"og:image:width\" content=\"550\" \/>\n\t<meta property=\"og:image:height\" content=\"550\" \/>\n\t<meta property=\"og:image:type\" content=\"image\/jpeg\" \/>\n<meta name=\"twitter:card\" content=\"summary_large_image\" \/>\n<meta name=\"twitter:label1\" content=\"Tiempo de lectura\" \/>\n\t<meta name=\"twitter:data1\" content=\"1 minuto\" \/>\n<script type=\"application\/ld+json\" class=\"yoast-schema-graph\">{\"@context\":\"https:\/\/schema.org\",\"@graph\":[{\"@type\":\"WebPage\",\"@id\":\"https:\/\/demoweb.info\/sexshop001\/producto\/body-slide-deluxe-kit-para-masajes\/\",\"url\":\"https:\/\/demoweb.info\/sexshop001\/producto\/body-slide-deluxe-kit-para-masajes\/\",\"name\":\"BODY SLIDE DELUXE - KIT PARA MASAJES - Tienda Er\u00f3tica\",\"isPartOf\":{\"@id\":\"https:\/\/demoweb.info\/sexshop001\/#website\"},\"datePublished\":\"2022-01-22T14:22:38+00:00\",\"dateModified\":\"2022-01-22T14:22:44+00:00\",\"breadcrumb\":{\"@id\":\"https:\/\/demoweb.info\/sexshop001\/producto\/body-slide-deluxe-kit-para-masajes\/#breadcrumb\"},\"inLanguage\":\"es\",\"potentialAction\":[{\"@type\":\"ReadAction\",\"target\":[\"https:\/\/demoweb.info\/sexshop001\/producto\/body-slide-deluxe-kit-para-masajes\/\"]}]},{\"@type\":\"BreadcrumbList\",\"@id\":\"https:\/\/demoweb.info\/sexshop001\/producto\/body-slide-deluxe-kit-para-masajes\/#breadcrumb\",\"itemListElement\":[{\"@type\":\"ListItem\",\"position\":1,\"name\":\"Portada\",\"item\":\"https:\/\/demoweb.info\/sexshop001\/\"},{\"@type\":\"ListItem\",\"position\":2,\"name\":\"Tienda\",\"item\":\"https:\/\/demoweb.info\/sexshop001\/tienda\/\"},{\"@type\":\"ListItem\",\"position\":3,\"name\":\"BODY SLIDE DELUXE &#8211; KIT PARA MASAJES\"}]},{\"@type\":\"WebSite\",\"@id\":\"https:\/\/demoweb.info\/sexshop001\/#website\",\"url\":\"https:\/\/demoweb.info\/sexshop001\/\",\"name\":\"Tienda Er\u00f3tica\",\"description\":\"DEMOWEB SL\",\"potentialAction\":[{\"@type\":\"SearchAction\",\"target\":{\"@type\":\"EntryPoint\",\"urlTemplate\":\"https:\/\/demoweb.info\/sexshop001\/?s={search_term_string}\"},\"query-input\":\"required name=search_term_string\"}],\"inLanguage\":\"es\"}]}<\/script>\n<!-- \/ Yoast SEO plugin. -->","yoast_head_json":{"title":"BODY SLIDE DELUXE - KIT PARA MASAJES - Tienda Er\u00f3tica","robots":{"index":"noindex","follow":"follow","max-snippet":"max-snippet:-1","max-image-preview":"max-image-preview:large","max-video-preview":"max-video-preview:-1"},"og_locale":"es_ES","og_type":"article","og_title":"BODY SLIDE DELUXE - KIT PARA MASAJES - Tienda Er\u00f3tica","og_description":"BODY SLIDE DELUXE Body Slide Deluxe est\u00e1 dise\u00f1ado tanto para masajes normales como para masajes cuerpo a cuerpo. Tiene laterales","og_url":"https:\/\/demoweb.info\/sexshop001\/producto\/body-slide-deluxe-kit-para-masajes\/","og_site_name":"Tienda Er\u00f3tica","article_modified_time":"2022-01-22T14:22:44+00:00","og_image":[{"width":550,"height":550,"url":"https:\/\/demoweb.info\/sexshop001\/wp-content\/uploads\/2022\/01\/BODY-SLIDE-DELUXE-KIT-PARA-MASAJES.jpg","type":"image\/jpeg"}],"twitter_card":"summary_large_image","twitter_misc":{"Tiempo de lectura":"1 minuto"},"schema":{"@context":"https:\/\/schema.org","@graph":[{"@type":"WebPage","@id":"https:\/\/demoweb.info\/sexshop001\/producto\/body-slide-deluxe-kit-para-masajes\/","url":"https:\/\/demoweb.info\/sexshop001\/producto\/body-slide-deluxe-kit-para-masajes\/","name":"BODY SLIDE DELUXE - KIT PARA MASAJES - Tienda Er\u00f3tica","isPartOf":{"@id":"https:\/\/demoweb.info\/sexshop001\/#website"},"datePublished":"2022-01-22T14:22:38+00:00","dateModified":"2022-01-22T14:22:44+00:00","breadcrumb":{"@id":"https:\/\/demoweb.info\/sexshop001\/producto\/body-slide-deluxe-kit-para-masajes\/#breadcrumb"},"inLanguage":"es","potentialAction":[{"@type":"ReadAction","target":["https:\/\/demoweb.info\/sexshop001\/producto\/body-slide-deluxe-kit-para-masajes\/"]}]},{"@type":"BreadcrumbList","@id":"https:\/\/demoweb.info\/sexshop001\/producto\/body-slide-deluxe-kit-para-masajes\/#breadcrumb","itemListElement":[{"@type":"ListItem","position":1,"name":"Portada","item":"https:\/\/demoweb.info\/sexshop001\/"},{"@type":"ListItem","position":2,"name":"Tienda","item":"https:\/\/demoweb.info\/sexshop001\/tienda\/"},{"@type":"ListItem","position":3,"name":"BODY SLIDE DELUXE &#8211; KIT PARA MASAJES"}]},{"@type":"WebSite","@id":"https:\/\/demoweb.info\/sexshop001\/#website","url":"https:\/\/demoweb.info\/sexshop001\/","name":"Tienda Er\u00f3tica","description":"DEMOWEB SL","potentialAction":[{"@type":"SearchAction","target":{"@type":"EntryPoint","urlTemplate":"https:\/\/demoweb.info\/sexshop001\/?s={search_term_string}"},"query-input":"required name=search_term_string"}],"inLanguage":"es"}]}},"_links":{"self":[{"href":"https:\/\/demoweb.info\/sexshop001\/wp-json\/wp\/v3\/product\/46466","targetHints":{"allow":["GET"]}}],"collection":[{"href":"https:\/\/demoweb.info\/sexshop001\/wp-json\/wp\/v3\/product"}],"about":[{"href":"https:\/\/demoweb.info\/sexshop001\/wp-json\/wp\/v2\/types\/product"}],"replies":[{"embeddable":true,"href":"https:\/\/demoweb.info\/sexshop001\/wp-json\/wp\/v2\/comments?post=46466"}],"wp:featuredmedia":[{"embeddable":true,"href":"https:\/\/demoweb.info\/sexshop001\/wp-json\/wp\/v2\/media\/46467"}],"wp:attachment":[{"href":"https:\/\/demoweb.info\/sexshop001\/wp-json\/wp\/v2\/media?parent=46466"}],"wp:term":[{"taxonomy":"product_cat","embeddable":true,"href":"https:\/\/demoweb.info\/sexshop001\/wp-json\/wp\/v2\/product_cat?post=46466"},{"taxonomy":"product_tag","embeddable":true,"href":"https:\/\/demoweb.info\/sexshop001\/wp-json\/wp\/v2\/product_tag?post=46466"}],"curies":[{"name":"wp","href":"https:\/\/api.w.org\/{rel}","templated":true}]}}