{"id":46424,"date":"2022-01-22T15:22:20","date_gmt":"2022-01-22T14:22:20","guid":{"rendered":"https:\/\/demoweb.info\/sexshop001\/producto\/my-dilemma-is-you\/"},"modified":"2022-01-22T15:22:20","modified_gmt":"2022-01-22T14:22:20","slug":"my-dilemma-is-you","status":"publish","type":"product","link":"https:\/\/demoweb.info\/sexshop001\/producto\/my-dilemma-is-you\/","title":{"rendered":"MY DILEMMA IS YOU"},"content":{"rendered":"<p><strong>MY DILEMMA IS YOU <\/strong><\/p>\n<p><em>Cristina Chiperi<\/em><\/p>\n<p>No podr\u00e1s resistirte a la historia de amor entre Cris y Cam. Sentir\u00e1s emociones a flor de piel a cada instante y no podr\u00e1s dejar de leer. Garantizado.\u00bfEst\u00e1s preparada para dejarte llevar por el fen\u00f3meno My Dilemma Is You?Eres mi adicci\u00f3n.Eres mi locura.Eres mi dilema.Entre fiestas, amigos y buenas notas en el instituto, la vida de Cristina Evans en Los \u00c1ngeles no podr\u00eda ser m\u00e1s perfecta. Pero cuando sus padres le anuncian que deben mudarse a Miami todo cambia.Pese a la nostalgia, Cris se adapta pronto a su nuevo instituto, conoce a los estudiantes m\u00e1s populares y encuentra un nuevo amor. Solo dos personas parecen no acogerla muy calurosamente: Susan y su novio Cameron, con los que discute constantemente. Pero si juegas con fuego puedes llegar a quemarte, y cuando Cameron la mira con sus ojos casta\u00f1os&#8230; Cris siente que el odio podr\u00eda convertirse en algo muy diferente.My Dilemma Is You ha recibido m\u00e1s de 20 millones de visitas en Wattpad. Es el fen\u00f3meno del que todo el mundo habla.<\/p>\n<ul>\n<li><strong>Materia: <\/strong>Narrativa: rom\u00e1ntica \/ er\u00f3tica<\/li>\n<li><strong>Idioma: <\/strong>Castellano<\/li>\n<li><strong>Fecha de Publicaci\u00f3n: <\/strong>12 Septiembre 2016<\/li>\n<li><strong>N&ordm; Edici\u00f3n:<\/strong> 1<\/li>\n<li><strong>N&ordm; p\u00e1ginas:<\/strong> 410<\/li>\n<li><strong>Encuadernaci\u00f3n:<\/strong>R\u00fastica<\/li>\n<\/ul>\n","protected":false},"excerpt":{"rendered":"<p>MY DILEMMA IS YOU Cristina Chiperi No podr\u00e1s resistirte a la historia de amor entre Cris y Cam. Sentir\u00e1s emociones<\/p>\n","protected":false},"featured_media":46425,"comment_status":"open","ping_status":"open","template":"","meta":[],"product_cat":[713],"product_tag":[415,1258],"class_list":["post-46424","product","type-product","status-publish","has-post-thumbnail","hentry","product_cat-libros-lectura","product_tag-random-house","product_tag-suma-de-letras"],"bundled_by":[],"bundle_stock_status":"instock","bundle_stock_quantity":3,"bundle_virtual":false,"bundle_layout":"","bundle_add_to_cart_form_location":"","bundle_editable_in_cart":false,"bundle_sold_individually_context":"","bundle_item_grouping":"","bundle_min_size":"","bundle_max_size":"","bundled_items":[],"yoast_head":"<!-- This site is optimized with the Yoast SEO plugin v20.6 - https:\/\/yoast.com\/wordpress\/plugins\/seo\/ -->\n<title>MY DILEMMA IS YOU - Tienda Er\u00f3tica<\/title>\n<meta name=\"robots\" content=\"noindex, follow, max-snippet:-1, max-image-preview:large, max-video-preview:-1\" \/>\n<meta property=\"og:locale\" content=\"es_ES\" \/>\n<meta property=\"og:type\" content=\"article\" \/>\n<meta property=\"og:title\" content=\"MY DILEMMA IS YOU - Tienda Er\u00f3tica\" \/>\n<meta property=\"og:description\" content=\"MY DILEMMA IS YOU Cristina Chiperi No podr\u00e1s resistirte a la historia de amor entre Cris y Cam. Sentir\u00e1s emociones\" \/>\n<meta property=\"og:url\" content=\"https:\/\/demoweb.info\/sexshop001\/producto\/my-dilemma-is-you\/\" \/>\n<meta property=\"og:site_name\" content=\"Tienda Er\u00f3tica\" \/>\n<meta property=\"og:image\" content=\"https:\/\/demoweb.info\/sexshop001\/wp-content\/uploads\/2022\/01\/MY-DILEMMA-IS-YOU.jpg\" \/>\n\t<meta property=\"og:image:width\" content=\"550\" \/>\n\t<meta property=\"og:image:height\" content=\"550\" \/>\n\t<meta property=\"og:image:type\" content=\"image\/jpeg\" \/>\n<meta name=\"twitter:card\" content=\"summary_large_image\" \/>\n<meta name=\"twitter:label1\" content=\"Tiempo de lectura\" \/>\n\t<meta name=\"twitter:data1\" content=\"1 minuto\" \/>\n<script type=\"application\/ld+json\" class=\"yoast-schema-graph\">{\"@context\":\"https:\/\/schema.org\",\"@graph\":[{\"@type\":\"WebPage\",\"@id\":\"https:\/\/demoweb.info\/sexshop001\/producto\/my-dilemma-is-you\/\",\"url\":\"https:\/\/demoweb.info\/sexshop001\/producto\/my-dilemma-is-you\/\",\"name\":\"MY DILEMMA IS YOU - Tienda Er\u00f3tica\",\"isPartOf\":{\"@id\":\"https:\/\/demoweb.info\/sexshop001\/#website\"},\"datePublished\":\"2022-01-22T14:22:20+00:00\",\"dateModified\":\"2022-01-22T14:22:20+00:00\",\"breadcrumb\":{\"@id\":\"https:\/\/demoweb.info\/sexshop001\/producto\/my-dilemma-is-you\/#breadcrumb\"},\"inLanguage\":\"es\",\"potentialAction\":[{\"@type\":\"ReadAction\",\"target\":[\"https:\/\/demoweb.info\/sexshop001\/producto\/my-dilemma-is-you\/\"]}]},{\"@type\":\"BreadcrumbList\",\"@id\":\"https:\/\/demoweb.info\/sexshop001\/producto\/my-dilemma-is-you\/#breadcrumb\",\"itemListElement\":[{\"@type\":\"ListItem\",\"position\":1,\"name\":\"Portada\",\"item\":\"https:\/\/demoweb.info\/sexshop001\/\"},{\"@type\":\"ListItem\",\"position\":2,\"name\":\"Tienda\",\"item\":\"https:\/\/demoweb.info\/sexshop001\/tienda\/\"},{\"@type\":\"ListItem\",\"position\":3,\"name\":\"MY DILEMMA IS YOU\"}]},{\"@type\":\"WebSite\",\"@id\":\"https:\/\/demoweb.info\/sexshop001\/#website\",\"url\":\"https:\/\/demoweb.info\/sexshop001\/\",\"name\":\"Tienda Er\u00f3tica\",\"description\":\"DEMOWEB SL\",\"potentialAction\":[{\"@type\":\"SearchAction\",\"target\":{\"@type\":\"EntryPoint\",\"urlTemplate\":\"https:\/\/demoweb.info\/sexshop001\/?s={search_term_string}\"},\"query-input\":\"required name=search_term_string\"}],\"inLanguage\":\"es\"}]}<\/script>\n<!-- \/ Yoast SEO plugin. -->","yoast_head_json":{"title":"MY DILEMMA IS YOU - Tienda Er\u00f3tica","robots":{"index":"noindex","follow":"follow","max-snippet":"max-snippet:-1","max-image-preview":"max-image-preview:large","max-video-preview":"max-video-preview:-1"},"og_locale":"es_ES","og_type":"article","og_title":"MY DILEMMA IS YOU - Tienda Er\u00f3tica","og_description":"MY DILEMMA IS YOU Cristina Chiperi No podr\u00e1s resistirte a la historia de amor entre Cris y Cam. Sentir\u00e1s emociones","og_url":"https:\/\/demoweb.info\/sexshop001\/producto\/my-dilemma-is-you\/","og_site_name":"Tienda Er\u00f3tica","og_image":[{"width":550,"height":550,"url":"https:\/\/demoweb.info\/sexshop001\/wp-content\/uploads\/2022\/01\/MY-DILEMMA-IS-YOU.jpg","type":"image\/jpeg"}],"twitter_card":"summary_large_image","twitter_misc":{"Tiempo de lectura":"1 minuto"},"schema":{"@context":"https:\/\/schema.org","@graph":[{"@type":"WebPage","@id":"https:\/\/demoweb.info\/sexshop001\/producto\/my-dilemma-is-you\/","url":"https:\/\/demoweb.info\/sexshop001\/producto\/my-dilemma-is-you\/","name":"MY DILEMMA IS YOU - Tienda Er\u00f3tica","isPartOf":{"@id":"https:\/\/demoweb.info\/sexshop001\/#website"},"datePublished":"2022-01-22T14:22:20+00:00","dateModified":"2022-01-22T14:22:20+00:00","breadcrumb":{"@id":"https:\/\/demoweb.info\/sexshop001\/producto\/my-dilemma-is-you\/#breadcrumb"},"inLanguage":"es","potentialAction":[{"@type":"ReadAction","target":["https:\/\/demoweb.info\/sexshop001\/producto\/my-dilemma-is-you\/"]}]},{"@type":"BreadcrumbList","@id":"https:\/\/demoweb.info\/sexshop001\/producto\/my-dilemma-is-you\/#breadcrumb","itemListElement":[{"@type":"ListItem","position":1,"name":"Portada","item":"https:\/\/demoweb.info\/sexshop001\/"},{"@type":"ListItem","position":2,"name":"Tienda","item":"https:\/\/demoweb.info\/sexshop001\/tienda\/"},{"@type":"ListItem","position":3,"name":"MY DILEMMA IS YOU"}]},{"@type":"WebSite","@id":"https:\/\/demoweb.info\/sexshop001\/#website","url":"https:\/\/demoweb.info\/sexshop001\/","name":"Tienda Er\u00f3tica","description":"DEMOWEB SL","potentialAction":[{"@type":"SearchAction","target":{"@type":"EntryPoint","urlTemplate":"https:\/\/demoweb.info\/sexshop001\/?s={search_term_string}"},"query-input":"required name=search_term_string"}],"inLanguage":"es"}]}},"_links":{"self":[{"href":"https:\/\/demoweb.info\/sexshop001\/wp-json\/wp\/v3\/product\/46424","targetHints":{"allow":["GET"]}}],"collection":[{"href":"https:\/\/demoweb.info\/sexshop001\/wp-json\/wp\/v3\/product"}],"about":[{"href":"https:\/\/demoweb.info\/sexshop001\/wp-json\/wp\/v2\/types\/product"}],"replies":[{"embeddable":true,"href":"https:\/\/demoweb.info\/sexshop001\/wp-json\/wp\/v2\/comments?post=46424"}],"wp:featuredmedia":[{"embeddable":true,"href":"https:\/\/demoweb.info\/sexshop001\/wp-json\/wp\/v2\/media\/46425"}],"wp:attachment":[{"href":"https:\/\/demoweb.info\/sexshop001\/wp-json\/wp\/v2\/media?parent=46424"}],"wp:term":[{"taxonomy":"product_cat","embeddable":true,"href":"https:\/\/demoweb.info\/sexshop001\/wp-json\/wp\/v2\/product_cat?post=46424"},{"taxonomy":"product_tag","embeddable":true,"href":"https:\/\/demoweb.info\/sexshop001\/wp-json\/wp\/v2\/product_tag?post=46424"}],"curies":[{"name":"wp","href":"https:\/\/api.w.org\/{rel}","templated":true}]}}