{"id":46371,"date":"2022-01-22T15:21:41","date_gmt":"2022-01-22T14:21:41","guid":{"rendered":"https:\/\/demoweb.info\/sexshop001\/producto\/big-boy-intense-estimulador-masculino-10-velocidades-negro\/"},"modified":"2022-01-22T15:21:46","modified_gmt":"2022-01-22T14:21:46","slug":"big-boy-intense-estimulador-masculino-10-velocidades-negro","status":"publish","type":"product","link":"https:\/\/demoweb.info\/sexshop001\/producto\/big-boy-intense-estimulador-masculino-10-velocidades-negro\/","title":{"rendered":"BIG BOY INTENSE ESTIMULADOR MASCULINO 10 VELOCIDADES NEGRO"},"content":{"rendered":"<p><strong>BIG BOY INTENSE 10 BLACK <\/strong>es un gran estimulador de <strong>Punto G y pr\u00f3stata<\/strong> para chicos grandes, 100% de silicona.<\/p>\n<p>Estas zonas conocidas como el <strong>Punto G Masculino<\/strong>, son las que controlan e <strong>incrementan la erecci\u00f3n, el orgasmo y la eyaculaci\u00f3n<\/strong>. Son las zonas donde se encuentran el centro del Placer.<\/p>\n<p>Si\u00e9ntate, t\u00fambate o qu\u00e9date de pie, que este estimulador no necesita manos.<\/p>\n<p>Incluye una potente bala vibradora y <strong>10 velocidades<\/strong> que se puede quitar y usar por separado y que adem\u00e1s enviar\u00e1 profundas vibraciones directamente a tu punto P. Es 100% resistente al agua.<\/p>\n<ul>\n<li>Material: Silicona<\/li>\n<li>Di\u00e1metro Exterior: 2.5 cm<\/li>\n<li>Longitud del Eje: 12.5 cm<\/li>\n<li>Recargable con USB<\/li>\n<\/ul>\n","protected":false},"excerpt":{"rendered":"<p>BIG BOY INTENSE 10 BLACK es un gran estimulador de Punto G y pr\u00f3stata para chicos grandes, 100% de silicona.<\/p>\n","protected":false},"featured_media":46372,"comment_status":"open","ping_status":"open","template":"","meta":[],"product_cat":[439],"product_tag":[413],"class_list":["post-46371","product","type-product","status-publish","has-post-thumbnail","hentry","product_cat-punto-p-plugs","product_tag-rocks-off"],"bundled_by":[],"bundle_stock_status":"instock","bundle_stock_quantity":1,"bundle_virtual":false,"bundle_layout":"","bundle_add_to_cart_form_location":"","bundle_editable_in_cart":false,"bundle_sold_individually_context":"","bundle_item_grouping":"","bundle_min_size":"","bundle_max_size":"","bundled_items":[],"yoast_head":"<!-- This site is optimized with the Yoast SEO plugin v20.6 - https:\/\/yoast.com\/wordpress\/plugins\/seo\/ -->\n<title>BIG BOY INTENSE ESTIMULADOR MASCULINO 10 VELOCIDADES NEGRO - Tienda Er\u00f3tica<\/title>\n<meta name=\"robots\" content=\"noindex, follow, max-snippet:-1, max-image-preview:large, max-video-preview:-1\" \/>\n<meta property=\"og:locale\" content=\"es_ES\" \/>\n<meta property=\"og:type\" content=\"article\" \/>\n<meta property=\"og:title\" content=\"BIG BOY INTENSE ESTIMULADOR MASCULINO 10 VELOCIDADES NEGRO - Tienda Er\u00f3tica\" \/>\n<meta property=\"og:description\" content=\"BIG BOY INTENSE 10 BLACK es un gran estimulador de Punto G y pr\u00f3stata para chicos grandes, 100% de silicona.\" \/>\n<meta property=\"og:url\" content=\"https:\/\/demoweb.info\/sexshop001\/producto\/big-boy-intense-estimulador-masculino-10-velocidades-negro\/\" \/>\n<meta property=\"og:site_name\" content=\"Tienda Er\u00f3tica\" \/>\n<meta property=\"article:modified_time\" content=\"2022-01-22T14:21:46+00:00\" \/>\n<meta property=\"og:image\" content=\"https:\/\/demoweb.info\/sexshop001\/wp-content\/uploads\/2022\/01\/BIG-BOY-INTENSE-ESTIMULADOR-MASCULINO-10-VELOCIDADES-NEGRO.jpg\" \/>\n\t<meta property=\"og:image:width\" content=\"550\" \/>\n\t<meta property=\"og:image:height\" content=\"550\" \/>\n\t<meta property=\"og:image:type\" content=\"image\/jpeg\" \/>\n<meta name=\"twitter:card\" content=\"summary_large_image\" \/>\n<meta name=\"twitter:label1\" content=\"Tiempo de lectura\" \/>\n\t<meta name=\"twitter:data1\" content=\"1 minuto\" \/>\n<script type=\"application\/ld+json\" class=\"yoast-schema-graph\">{\"@context\":\"https:\/\/schema.org\",\"@graph\":[{\"@type\":\"WebPage\",\"@id\":\"https:\/\/demoweb.info\/sexshop001\/producto\/big-boy-intense-estimulador-masculino-10-velocidades-negro\/\",\"url\":\"https:\/\/demoweb.info\/sexshop001\/producto\/big-boy-intense-estimulador-masculino-10-velocidades-negro\/\",\"name\":\"BIG BOY INTENSE ESTIMULADOR MASCULINO 10 VELOCIDADES NEGRO - Tienda Er\u00f3tica\",\"isPartOf\":{\"@id\":\"https:\/\/demoweb.info\/sexshop001\/#website\"},\"datePublished\":\"2022-01-22T14:21:41+00:00\",\"dateModified\":\"2022-01-22T14:21:46+00:00\",\"breadcrumb\":{\"@id\":\"https:\/\/demoweb.info\/sexshop001\/producto\/big-boy-intense-estimulador-masculino-10-velocidades-negro\/#breadcrumb\"},\"inLanguage\":\"es\",\"potentialAction\":[{\"@type\":\"ReadAction\",\"target\":[\"https:\/\/demoweb.info\/sexshop001\/producto\/big-boy-intense-estimulador-masculino-10-velocidades-negro\/\"]}]},{\"@type\":\"BreadcrumbList\",\"@id\":\"https:\/\/demoweb.info\/sexshop001\/producto\/big-boy-intense-estimulador-masculino-10-velocidades-negro\/#breadcrumb\",\"itemListElement\":[{\"@type\":\"ListItem\",\"position\":1,\"name\":\"Portada\",\"item\":\"https:\/\/demoweb.info\/sexshop001\/\"},{\"@type\":\"ListItem\",\"position\":2,\"name\":\"Tienda\",\"item\":\"https:\/\/demoweb.info\/sexshop001\/tienda\/\"},{\"@type\":\"ListItem\",\"position\":3,\"name\":\"BIG BOY INTENSE ESTIMULADOR MASCULINO 10 VELOCIDADES NEGRO\"}]},{\"@type\":\"WebSite\",\"@id\":\"https:\/\/demoweb.info\/sexshop001\/#website\",\"url\":\"https:\/\/demoweb.info\/sexshop001\/\",\"name\":\"Tienda Er\u00f3tica\",\"description\":\"DEMOWEB SL\",\"potentialAction\":[{\"@type\":\"SearchAction\",\"target\":{\"@type\":\"EntryPoint\",\"urlTemplate\":\"https:\/\/demoweb.info\/sexshop001\/?s={search_term_string}\"},\"query-input\":\"required name=search_term_string\"}],\"inLanguage\":\"es\"}]}<\/script>\n<!-- \/ Yoast SEO plugin. -->","yoast_head_json":{"title":"BIG BOY INTENSE ESTIMULADOR MASCULINO 10 VELOCIDADES NEGRO - Tienda Er\u00f3tica","robots":{"index":"noindex","follow":"follow","max-snippet":"max-snippet:-1","max-image-preview":"max-image-preview:large","max-video-preview":"max-video-preview:-1"},"og_locale":"es_ES","og_type":"article","og_title":"BIG BOY INTENSE ESTIMULADOR MASCULINO 10 VELOCIDADES NEGRO - Tienda Er\u00f3tica","og_description":"BIG BOY INTENSE 10 BLACK es un gran estimulador de Punto G y pr\u00f3stata para chicos grandes, 100% de silicona.","og_url":"https:\/\/demoweb.info\/sexshop001\/producto\/big-boy-intense-estimulador-masculino-10-velocidades-negro\/","og_site_name":"Tienda Er\u00f3tica","article_modified_time":"2022-01-22T14:21:46+00:00","og_image":[{"width":550,"height":550,"url":"https:\/\/demoweb.info\/sexshop001\/wp-content\/uploads\/2022\/01\/BIG-BOY-INTENSE-ESTIMULADOR-MASCULINO-10-VELOCIDADES-NEGRO.jpg","type":"image\/jpeg"}],"twitter_card":"summary_large_image","twitter_misc":{"Tiempo de lectura":"1 minuto"},"schema":{"@context":"https:\/\/schema.org","@graph":[{"@type":"WebPage","@id":"https:\/\/demoweb.info\/sexshop001\/producto\/big-boy-intense-estimulador-masculino-10-velocidades-negro\/","url":"https:\/\/demoweb.info\/sexshop001\/producto\/big-boy-intense-estimulador-masculino-10-velocidades-negro\/","name":"BIG BOY INTENSE ESTIMULADOR MASCULINO 10 VELOCIDADES NEGRO - Tienda Er\u00f3tica","isPartOf":{"@id":"https:\/\/demoweb.info\/sexshop001\/#website"},"datePublished":"2022-01-22T14:21:41+00:00","dateModified":"2022-01-22T14:21:46+00:00","breadcrumb":{"@id":"https:\/\/demoweb.info\/sexshop001\/producto\/big-boy-intense-estimulador-masculino-10-velocidades-negro\/#breadcrumb"},"inLanguage":"es","potentialAction":[{"@type":"ReadAction","target":["https:\/\/demoweb.info\/sexshop001\/producto\/big-boy-intense-estimulador-masculino-10-velocidades-negro\/"]}]},{"@type":"BreadcrumbList","@id":"https:\/\/demoweb.info\/sexshop001\/producto\/big-boy-intense-estimulador-masculino-10-velocidades-negro\/#breadcrumb","itemListElement":[{"@type":"ListItem","position":1,"name":"Portada","item":"https:\/\/demoweb.info\/sexshop001\/"},{"@type":"ListItem","position":2,"name":"Tienda","item":"https:\/\/demoweb.info\/sexshop001\/tienda\/"},{"@type":"ListItem","position":3,"name":"BIG BOY INTENSE ESTIMULADOR MASCULINO 10 VELOCIDADES NEGRO"}]},{"@type":"WebSite","@id":"https:\/\/demoweb.info\/sexshop001\/#website","url":"https:\/\/demoweb.info\/sexshop001\/","name":"Tienda Er\u00f3tica","description":"DEMOWEB SL","potentialAction":[{"@type":"SearchAction","target":{"@type":"EntryPoint","urlTemplate":"https:\/\/demoweb.info\/sexshop001\/?s={search_term_string}"},"query-input":"required name=search_term_string"}],"inLanguage":"es"}]}},"_links":{"self":[{"href":"https:\/\/demoweb.info\/sexshop001\/wp-json\/wp\/v3\/product\/46371","targetHints":{"allow":["GET"]}}],"collection":[{"href":"https:\/\/demoweb.info\/sexshop001\/wp-json\/wp\/v3\/product"}],"about":[{"href":"https:\/\/demoweb.info\/sexshop001\/wp-json\/wp\/v2\/types\/product"}],"replies":[{"embeddable":true,"href":"https:\/\/demoweb.info\/sexshop001\/wp-json\/wp\/v2\/comments?post=46371"}],"wp:featuredmedia":[{"embeddable":true,"href":"https:\/\/demoweb.info\/sexshop001\/wp-json\/wp\/v2\/media\/46372"}],"wp:attachment":[{"href":"https:\/\/demoweb.info\/sexshop001\/wp-json\/wp\/v2\/media?parent=46371"}],"wp:term":[{"taxonomy":"product_cat","embeddable":true,"href":"https:\/\/demoweb.info\/sexshop001\/wp-json\/wp\/v2\/product_cat?post=46371"},{"taxonomy":"product_tag","embeddable":true,"href":"https:\/\/demoweb.info\/sexshop001\/wp-json\/wp\/v2\/product_tag?post=46371"}],"curies":[{"name":"wp","href":"https:\/\/api.w.org\/{rel}","templated":true}]}}