{"id":46360,"date":"2022-01-22T15:21:41","date_gmt":"2022-01-22T14:21:41","guid":{"rendered":"https:\/\/demoweb.info\/sexshop001\/producto\/tenga-huevo-masturbador-cool-efecto-frio\/"},"modified":"2022-01-22T15:21:41","modified_gmt":"2022-01-22T14:21:41","slug":"tenga-huevo-masturbador-cool-efecto-frio","status":"publish","type":"product","link":"https:\/\/demoweb.info\/sexshop001\/producto\/tenga-huevo-masturbador-cool-efecto-frio\/","title":{"rendered":"TENGA HUEVO MASTURBADOR COOL &#8211; EFECTO FR\u00cdO"},"content":{"rendered":"<p><strong>TENGA COOL EGG,<\/strong> dise\u00f1ado con la apariencia de un huevo, con este masturbador disfrutar\u00e1s de tu mejor orgasmo.<\/p>\n<p>Fabricado con un elast\u00f3mero de grado m\u00e9dico que no causa ninguna reacci\u00f3n al\u00e9rgica, tolerado por el cuerpo, muy el\u00e1stico y ajustable que se adapta a todos los tama\u00f1os de pene. El interior de cada huevo <strong>Tenga Egg<\/strong> tiene un sistema nuevo de estr\u00edas que proporcionan diferentes tipos de placer.<\/p>\n<p><strong>Modelo Cool Egg: <\/strong>\u00a1<em>Una nueva manera de combatir el calor!<\/em><br \/>\nRefrescarse con un huevo fresco durante una noche caliente, o cuando se desea una sensaci\u00f3n de fr\u00edo en hielo! Cada huevo Cool ofrece un lubricante mentol infundido por una r\u00e1faga de fresca estimulaci\u00f3n.<\/p>\n<p>Los huevos <strong>Tenga Egg<\/strong>, permiten una masturbaci\u00f3n placentera y suave, produciendo sensaciones al contacto de la piel, nunca antes experimentadas. Para usarlo, tan solo hay que retirar el envoltorio y lubricarlo con la loci\u00f3n lubricante que viene incluida. Colocar en la punta como si de un preservativo se tratase y estirar hacia abajo.<\/p>\n<p>Producto prelubricado.<br \/>\nDise\u00f1ado para un solo uso.<\/p>\n","protected":false},"excerpt":{"rendered":"<p>TENGA COOL EGG, dise\u00f1ado con la apariencia de un huevo, con este masturbador disfrutar\u00e1s de tu mejor orgasmo. Fabricado con<\/p>\n","protected":false},"featured_media":46361,"comment_status":"open","ping_status":"open","template":"","meta":[],"product_cat":[583],"product_tag":[585,584],"class_list":["post-46360","product","type-product","status-publish","has-post-thumbnail","hentry","product_cat-huevos","product_tag-egg","product_tag-tenga"],"bundled_by":[],"bundle_stock_status":"outofstock","bundle_stock_quantity":0,"bundle_virtual":false,"bundle_layout":"","bundle_add_to_cart_form_location":"","bundle_editable_in_cart":false,"bundle_sold_individually_context":"","bundle_item_grouping":"","bundle_min_size":"","bundle_max_size":"","bundled_items":[],"yoast_head":"<!-- This site is optimized with the Yoast SEO plugin v20.6 - https:\/\/yoast.com\/wordpress\/plugins\/seo\/ -->\n<title>TENGA HUEVO MASTURBADOR COOL - EFECTO FR\u00cdO - Tienda Er\u00f3tica<\/title>\n<meta name=\"robots\" content=\"noindex, follow, max-snippet:-1, max-image-preview:large, max-video-preview:-1\" \/>\n<meta property=\"og:locale\" content=\"es_ES\" \/>\n<meta property=\"og:type\" content=\"article\" \/>\n<meta property=\"og:title\" content=\"TENGA HUEVO MASTURBADOR COOL - EFECTO FR\u00cdO - Tienda Er\u00f3tica\" \/>\n<meta property=\"og:description\" content=\"TENGA COOL EGG, dise\u00f1ado con la apariencia de un huevo, con este masturbador disfrutar\u00e1s de tu mejor orgasmo. Fabricado con\" \/>\n<meta property=\"og:url\" content=\"https:\/\/demoweb.info\/sexshop001\/producto\/tenga-huevo-masturbador-cool-efecto-frio\/\" \/>\n<meta property=\"og:site_name\" content=\"Tienda Er\u00f3tica\" \/>\n<meta property=\"og:image\" content=\"https:\/\/demoweb.info\/sexshop001\/wp-content\/uploads\/2022\/01\/TENGA-HUEVO-MASTURBADOR-COOL-EFECTO-FRIO.jpg\" \/>\n\t<meta property=\"og:image:width\" content=\"550\" \/>\n\t<meta property=\"og:image:height\" content=\"550\" \/>\n\t<meta property=\"og:image:type\" content=\"image\/jpeg\" \/>\n<meta name=\"twitter:card\" content=\"summary_large_image\" \/>\n<meta name=\"twitter:label1\" content=\"Tiempo de lectura\" \/>\n\t<meta name=\"twitter:data1\" content=\"1 minuto\" \/>\n<script type=\"application\/ld+json\" class=\"yoast-schema-graph\">{\"@context\":\"https:\/\/schema.org\",\"@graph\":[{\"@type\":\"WebPage\",\"@id\":\"https:\/\/demoweb.info\/sexshop001\/producto\/tenga-huevo-masturbador-cool-efecto-frio\/\",\"url\":\"https:\/\/demoweb.info\/sexshop001\/producto\/tenga-huevo-masturbador-cool-efecto-frio\/\",\"name\":\"TENGA HUEVO MASTURBADOR COOL - EFECTO FR\u00cdO - Tienda Er\u00f3tica\",\"isPartOf\":{\"@id\":\"https:\/\/demoweb.info\/sexshop001\/#website\"},\"datePublished\":\"2022-01-22T14:21:41+00:00\",\"dateModified\":\"2022-01-22T14:21:41+00:00\",\"breadcrumb\":{\"@id\":\"https:\/\/demoweb.info\/sexshop001\/producto\/tenga-huevo-masturbador-cool-efecto-frio\/#breadcrumb\"},\"inLanguage\":\"es\",\"potentialAction\":[{\"@type\":\"ReadAction\",\"target\":[\"https:\/\/demoweb.info\/sexshop001\/producto\/tenga-huevo-masturbador-cool-efecto-frio\/\"]}]},{\"@type\":\"BreadcrumbList\",\"@id\":\"https:\/\/demoweb.info\/sexshop001\/producto\/tenga-huevo-masturbador-cool-efecto-frio\/#breadcrumb\",\"itemListElement\":[{\"@type\":\"ListItem\",\"position\":1,\"name\":\"Portada\",\"item\":\"https:\/\/demoweb.info\/sexshop001\/\"},{\"@type\":\"ListItem\",\"position\":2,\"name\":\"Tienda\",\"item\":\"https:\/\/demoweb.info\/sexshop001\/tienda\/\"},{\"@type\":\"ListItem\",\"position\":3,\"name\":\"TENGA HUEVO MASTURBADOR COOL &#8211; EFECTO FR\u00cdO\"}]},{\"@type\":\"WebSite\",\"@id\":\"https:\/\/demoweb.info\/sexshop001\/#website\",\"url\":\"https:\/\/demoweb.info\/sexshop001\/\",\"name\":\"Tienda Er\u00f3tica\",\"description\":\"DEMOWEB SL\",\"potentialAction\":[{\"@type\":\"SearchAction\",\"target\":{\"@type\":\"EntryPoint\",\"urlTemplate\":\"https:\/\/demoweb.info\/sexshop001\/?s={search_term_string}\"},\"query-input\":\"required name=search_term_string\"}],\"inLanguage\":\"es\"}]}<\/script>\n<!-- \/ Yoast SEO plugin. -->","yoast_head_json":{"title":"TENGA HUEVO MASTURBADOR COOL - EFECTO FR\u00cdO - Tienda Er\u00f3tica","robots":{"index":"noindex","follow":"follow","max-snippet":"max-snippet:-1","max-image-preview":"max-image-preview:large","max-video-preview":"max-video-preview:-1"},"og_locale":"es_ES","og_type":"article","og_title":"TENGA HUEVO MASTURBADOR COOL - EFECTO FR\u00cdO - Tienda Er\u00f3tica","og_description":"TENGA COOL EGG, dise\u00f1ado con la apariencia de un huevo, con este masturbador disfrutar\u00e1s de tu mejor orgasmo. Fabricado con","og_url":"https:\/\/demoweb.info\/sexshop001\/producto\/tenga-huevo-masturbador-cool-efecto-frio\/","og_site_name":"Tienda Er\u00f3tica","og_image":[{"width":550,"height":550,"url":"https:\/\/demoweb.info\/sexshop001\/wp-content\/uploads\/2022\/01\/TENGA-HUEVO-MASTURBADOR-COOL-EFECTO-FRIO.jpg","type":"image\/jpeg"}],"twitter_card":"summary_large_image","twitter_misc":{"Tiempo de lectura":"1 minuto"},"schema":{"@context":"https:\/\/schema.org","@graph":[{"@type":"WebPage","@id":"https:\/\/demoweb.info\/sexshop001\/producto\/tenga-huevo-masturbador-cool-efecto-frio\/","url":"https:\/\/demoweb.info\/sexshop001\/producto\/tenga-huevo-masturbador-cool-efecto-frio\/","name":"TENGA HUEVO MASTURBADOR COOL - EFECTO FR\u00cdO - Tienda Er\u00f3tica","isPartOf":{"@id":"https:\/\/demoweb.info\/sexshop001\/#website"},"datePublished":"2022-01-22T14:21:41+00:00","dateModified":"2022-01-22T14:21:41+00:00","breadcrumb":{"@id":"https:\/\/demoweb.info\/sexshop001\/producto\/tenga-huevo-masturbador-cool-efecto-frio\/#breadcrumb"},"inLanguage":"es","potentialAction":[{"@type":"ReadAction","target":["https:\/\/demoweb.info\/sexshop001\/producto\/tenga-huevo-masturbador-cool-efecto-frio\/"]}]},{"@type":"BreadcrumbList","@id":"https:\/\/demoweb.info\/sexshop001\/producto\/tenga-huevo-masturbador-cool-efecto-frio\/#breadcrumb","itemListElement":[{"@type":"ListItem","position":1,"name":"Portada","item":"https:\/\/demoweb.info\/sexshop001\/"},{"@type":"ListItem","position":2,"name":"Tienda","item":"https:\/\/demoweb.info\/sexshop001\/tienda\/"},{"@type":"ListItem","position":3,"name":"TENGA HUEVO MASTURBADOR COOL &#8211; EFECTO FR\u00cdO"}]},{"@type":"WebSite","@id":"https:\/\/demoweb.info\/sexshop001\/#website","url":"https:\/\/demoweb.info\/sexshop001\/","name":"Tienda Er\u00f3tica","description":"DEMOWEB SL","potentialAction":[{"@type":"SearchAction","target":{"@type":"EntryPoint","urlTemplate":"https:\/\/demoweb.info\/sexshop001\/?s={search_term_string}"},"query-input":"required name=search_term_string"}],"inLanguage":"es"}]}},"_links":{"self":[{"href":"https:\/\/demoweb.info\/sexshop001\/wp-json\/wp\/v3\/product\/46360","targetHints":{"allow":["GET"]}}],"collection":[{"href":"https:\/\/demoweb.info\/sexshop001\/wp-json\/wp\/v3\/product"}],"about":[{"href":"https:\/\/demoweb.info\/sexshop001\/wp-json\/wp\/v2\/types\/product"}],"replies":[{"embeddable":true,"href":"https:\/\/demoweb.info\/sexshop001\/wp-json\/wp\/v2\/comments?post=46360"}],"wp:featuredmedia":[{"embeddable":true,"href":"https:\/\/demoweb.info\/sexshop001\/wp-json\/wp\/v2\/media\/46361"}],"wp:attachment":[{"href":"https:\/\/demoweb.info\/sexshop001\/wp-json\/wp\/v2\/media?parent=46360"}],"wp:term":[{"taxonomy":"product_cat","embeddable":true,"href":"https:\/\/demoweb.info\/sexshop001\/wp-json\/wp\/v2\/product_cat?post=46360"},{"taxonomy":"product_tag","embeddable":true,"href":"https:\/\/demoweb.info\/sexshop001\/wp-json\/wp\/v2\/product_tag?post=46360"}],"curies":[{"name":"wp","href":"https:\/\/api.w.org\/{rel}","templated":true}]}}