{"id":46333,"date":"2022-01-22T15:21:21","date_gmt":"2022-01-22T14:21:21","guid":{"rendered":"https:\/\/demoweb.info\/sexshop001\/producto\/sono-n-25-set-anillos-pene-silicona-negro\/"},"modified":"2022-01-22T15:21:23","modified_gmt":"2022-01-22T14:21:23","slug":"sono-n-25-set-anillos-pene-silicona-negro","status":"publish","type":"product","link":"https:\/\/demoweb.info\/sexshop001\/producto\/sono-n-25-set-anillos-pene-silicona-negro\/","title":{"rendered":"SONO N 25 SET ANILLOS PENE SILICONA NEGRO"},"content":{"rendered":"<p><strong>NO.24 &#8211; COCKRING SET &#8211; BLACK<\/strong><\/p>\n<p>\u00bfLe gustar\u00eda experimentar un placer intenso? \u00a1Entonces, tiene que tratar de explorar la posibilidad de usar la correa con para el pene! \u00a1Proporcionar\u00e1 a su pene la solidez de roca que tanto desea y evitar\u00e1 la eyaculaci\u00f3n precoz! Le encantar\u00e1 la forma de este anillo para el pene, su dise\u00f1o evita que deslicen hacia arriba o hacia abajo, y gracias a su material de silicona se adapta a la temperatura del cuerpo muy r\u00e1pidamente. \u00a1Est\u00e1 disponible en 2 formas diferentes y en color negro y gris!<\/p>\n<p>Medidas:<\/p>\n<p>&#8211; Anillo grande: Di\u00e1metro Interior: 30mm \/ Di\u00e1metro Exterior: 42mm<br \/>\n&#8211; Anillo mediano: Di\u00e1metro Interior: 25mm \/ Di\u00e1metro Exterior: 37mm<br \/>\n&#8211; Anillo peque\u00f1o: Di\u00e1metro Interior: 22mm \/ Di\u00e1metro Exterior: 32mm<\/p>\n","protected":false},"excerpt":{"rendered":"<p>NO.24 &#8211; COCKRING SET &#8211; BLACK \u00bfLe gustar\u00eda experimentar un placer intenso? \u00a1Entonces, tiene que tratar de explorar la posibilidad<\/p>\n","protected":false},"featured_media":46334,"comment_status":"open","ping_status":"open","template":"","meta":[],"product_cat":[323],"product_tag":[302,312],"class_list":["post-46333","product","type-product","status-publish","has-post-thumbnail","hentry","product_cat-silicona-anillos","product_tag-shots","product_tag-sono"],"bundled_by":[],"bundle_stock_status":"instock","bundle_stock_quantity":5,"bundle_virtual":false,"bundle_layout":"","bundle_add_to_cart_form_location":"","bundle_editable_in_cart":false,"bundle_sold_individually_context":"","bundle_item_grouping":"","bundle_min_size":"","bundle_max_size":"","bundled_items":[],"yoast_head":"<!-- This site is optimized with the Yoast SEO plugin v20.6 - https:\/\/yoast.com\/wordpress\/plugins\/seo\/ -->\n<title>SONO N 25 SET ANILLOS PENE SILICONA NEGRO - Tienda Er\u00f3tica<\/title>\n<meta name=\"robots\" content=\"noindex, follow, max-snippet:-1, max-image-preview:large, max-video-preview:-1\" \/>\n<meta property=\"og:locale\" content=\"es_ES\" \/>\n<meta property=\"og:type\" content=\"article\" \/>\n<meta property=\"og:title\" content=\"SONO N 25 SET ANILLOS PENE SILICONA NEGRO - Tienda Er\u00f3tica\" \/>\n<meta property=\"og:description\" content=\"NO.24 &#8211; COCKRING SET &#8211; BLACK \u00bfLe gustar\u00eda experimentar un placer intenso? \u00a1Entonces, tiene que tratar de explorar la posibilidad\" \/>\n<meta property=\"og:url\" content=\"https:\/\/demoweb.info\/sexshop001\/producto\/sono-n-25-set-anillos-pene-silicona-negro\/\" \/>\n<meta property=\"og:site_name\" content=\"Tienda Er\u00f3tica\" \/>\n<meta property=\"article:modified_time\" content=\"2022-01-22T14:21:23+00:00\" \/>\n<meta property=\"og:image\" content=\"https:\/\/demoweb.info\/sexshop001\/wp-content\/uploads\/2022\/01\/SONO-N-25-SET-ANILLOS-PENE-SILICONA-NEGRO.jpg\" \/>\n\t<meta property=\"og:image:width\" content=\"550\" \/>\n\t<meta property=\"og:image:height\" content=\"550\" \/>\n\t<meta property=\"og:image:type\" content=\"image\/jpeg\" \/>\n<meta name=\"twitter:card\" content=\"summary_large_image\" \/>\n<meta name=\"twitter:label1\" content=\"Tiempo de lectura\" \/>\n\t<meta name=\"twitter:data1\" content=\"1 minuto\" \/>\n<script type=\"application\/ld+json\" class=\"yoast-schema-graph\">{\"@context\":\"https:\/\/schema.org\",\"@graph\":[{\"@type\":\"WebPage\",\"@id\":\"https:\/\/demoweb.info\/sexshop001\/producto\/sono-n-25-set-anillos-pene-silicona-negro\/\",\"url\":\"https:\/\/demoweb.info\/sexshop001\/producto\/sono-n-25-set-anillos-pene-silicona-negro\/\",\"name\":\"SONO N 25 SET ANILLOS PENE SILICONA NEGRO - Tienda Er\u00f3tica\",\"isPartOf\":{\"@id\":\"https:\/\/demoweb.info\/sexshop001\/#website\"},\"datePublished\":\"2022-01-22T14:21:21+00:00\",\"dateModified\":\"2022-01-22T14:21:23+00:00\",\"breadcrumb\":{\"@id\":\"https:\/\/demoweb.info\/sexshop001\/producto\/sono-n-25-set-anillos-pene-silicona-negro\/#breadcrumb\"},\"inLanguage\":\"es\",\"potentialAction\":[{\"@type\":\"ReadAction\",\"target\":[\"https:\/\/demoweb.info\/sexshop001\/producto\/sono-n-25-set-anillos-pene-silicona-negro\/\"]}]},{\"@type\":\"BreadcrumbList\",\"@id\":\"https:\/\/demoweb.info\/sexshop001\/producto\/sono-n-25-set-anillos-pene-silicona-negro\/#breadcrumb\",\"itemListElement\":[{\"@type\":\"ListItem\",\"position\":1,\"name\":\"Portada\",\"item\":\"https:\/\/demoweb.info\/sexshop001\/\"},{\"@type\":\"ListItem\",\"position\":2,\"name\":\"Tienda\",\"item\":\"https:\/\/demoweb.info\/sexshop001\/tienda\/\"},{\"@type\":\"ListItem\",\"position\":3,\"name\":\"SONO N 25 SET ANILLOS PENE SILICONA NEGRO\"}]},{\"@type\":\"WebSite\",\"@id\":\"https:\/\/demoweb.info\/sexshop001\/#website\",\"url\":\"https:\/\/demoweb.info\/sexshop001\/\",\"name\":\"Tienda Er\u00f3tica\",\"description\":\"DEMOWEB SL\",\"potentialAction\":[{\"@type\":\"SearchAction\",\"target\":{\"@type\":\"EntryPoint\",\"urlTemplate\":\"https:\/\/demoweb.info\/sexshop001\/?s={search_term_string}\"},\"query-input\":\"required name=search_term_string\"}],\"inLanguage\":\"es\"}]}<\/script>\n<!-- \/ Yoast SEO plugin. -->","yoast_head_json":{"title":"SONO N 25 SET ANILLOS PENE SILICONA NEGRO - Tienda Er\u00f3tica","robots":{"index":"noindex","follow":"follow","max-snippet":"max-snippet:-1","max-image-preview":"max-image-preview:large","max-video-preview":"max-video-preview:-1"},"og_locale":"es_ES","og_type":"article","og_title":"SONO N 25 SET ANILLOS PENE SILICONA NEGRO - Tienda Er\u00f3tica","og_description":"NO.24 &#8211; COCKRING SET &#8211; BLACK \u00bfLe gustar\u00eda experimentar un placer intenso? \u00a1Entonces, tiene que tratar de explorar la posibilidad","og_url":"https:\/\/demoweb.info\/sexshop001\/producto\/sono-n-25-set-anillos-pene-silicona-negro\/","og_site_name":"Tienda Er\u00f3tica","article_modified_time":"2022-01-22T14:21:23+00:00","og_image":[{"width":550,"height":550,"url":"https:\/\/demoweb.info\/sexshop001\/wp-content\/uploads\/2022\/01\/SONO-N-25-SET-ANILLOS-PENE-SILICONA-NEGRO.jpg","type":"image\/jpeg"}],"twitter_card":"summary_large_image","twitter_misc":{"Tiempo de lectura":"1 minuto"},"schema":{"@context":"https:\/\/schema.org","@graph":[{"@type":"WebPage","@id":"https:\/\/demoweb.info\/sexshop001\/producto\/sono-n-25-set-anillos-pene-silicona-negro\/","url":"https:\/\/demoweb.info\/sexshop001\/producto\/sono-n-25-set-anillos-pene-silicona-negro\/","name":"SONO N 25 SET ANILLOS PENE SILICONA NEGRO - Tienda Er\u00f3tica","isPartOf":{"@id":"https:\/\/demoweb.info\/sexshop001\/#website"},"datePublished":"2022-01-22T14:21:21+00:00","dateModified":"2022-01-22T14:21:23+00:00","breadcrumb":{"@id":"https:\/\/demoweb.info\/sexshop001\/producto\/sono-n-25-set-anillos-pene-silicona-negro\/#breadcrumb"},"inLanguage":"es","potentialAction":[{"@type":"ReadAction","target":["https:\/\/demoweb.info\/sexshop001\/producto\/sono-n-25-set-anillos-pene-silicona-negro\/"]}]},{"@type":"BreadcrumbList","@id":"https:\/\/demoweb.info\/sexshop001\/producto\/sono-n-25-set-anillos-pene-silicona-negro\/#breadcrumb","itemListElement":[{"@type":"ListItem","position":1,"name":"Portada","item":"https:\/\/demoweb.info\/sexshop001\/"},{"@type":"ListItem","position":2,"name":"Tienda","item":"https:\/\/demoweb.info\/sexshop001\/tienda\/"},{"@type":"ListItem","position":3,"name":"SONO N 25 SET ANILLOS PENE SILICONA NEGRO"}]},{"@type":"WebSite","@id":"https:\/\/demoweb.info\/sexshop001\/#website","url":"https:\/\/demoweb.info\/sexshop001\/","name":"Tienda Er\u00f3tica","description":"DEMOWEB SL","potentialAction":[{"@type":"SearchAction","target":{"@type":"EntryPoint","urlTemplate":"https:\/\/demoweb.info\/sexshop001\/?s={search_term_string}"},"query-input":"required name=search_term_string"}],"inLanguage":"es"}]}},"_links":{"self":[{"href":"https:\/\/demoweb.info\/sexshop001\/wp-json\/wp\/v3\/product\/46333","targetHints":{"allow":["GET"]}}],"collection":[{"href":"https:\/\/demoweb.info\/sexshop001\/wp-json\/wp\/v3\/product"}],"about":[{"href":"https:\/\/demoweb.info\/sexshop001\/wp-json\/wp\/v2\/types\/product"}],"replies":[{"embeddable":true,"href":"https:\/\/demoweb.info\/sexshop001\/wp-json\/wp\/v2\/comments?post=46333"}],"wp:featuredmedia":[{"embeddable":true,"href":"https:\/\/demoweb.info\/sexshop001\/wp-json\/wp\/v2\/media\/46334"}],"wp:attachment":[{"href":"https:\/\/demoweb.info\/sexshop001\/wp-json\/wp\/v2\/media?parent=46333"}],"wp:term":[{"taxonomy":"product_cat","embeddable":true,"href":"https:\/\/demoweb.info\/sexshop001\/wp-json\/wp\/v2\/product_cat?post=46333"},{"taxonomy":"product_tag","embeddable":true,"href":"https:\/\/demoweb.info\/sexshop001\/wp-json\/wp\/v2\/product_tag?post=46333"}],"curies":[{"name":"wp","href":"https:\/\/api.w.org\/{rel}","templated":true}]}}