{"id":46292,"date":"2022-01-22T15:20:44","date_gmt":"2022-01-22T14:20:44","guid":{"rendered":"https:\/\/demoweb.info\/sexshop001\/producto\/sono-n-28-bolas-anales-silicona-negro\/"},"modified":"2022-01-22T15:20:56","modified_gmt":"2022-01-22T14:20:56","slug":"sono-n-28-bolas-anales-silicona-negro","status":"publish","type":"product","link":"https:\/\/demoweb.info\/sexshop001\/producto\/sono-n-28-bolas-anales-silicona-negro\/","title":{"rendered":"SONO N 28 BOLAS ANALES SILICONA NEGRO"},"content":{"rendered":"<p><strong>NO.28 &#8211; ANAL CHAIN &#8211; BLACK<\/strong><\/p>\n<p>Esta cadena de cuentas anales es un juguete de alta calidad muy funcional. La cadena est\u00e1 pensada para inserci\u00f3n anal. Se puede extraer en el momento del orgasmo para alcanzar un cl\u00edmax maravilloso. Est\u00e1 fabricada 100% en silicona y es suave al tacto. Utiliza suficiente lubricante para una mejor penetraci\u00f3n. Est\u00e1 disponible en los colores negro y gris.<\/p>\n<p>Caracter\u00edsticas:<br \/>\n&#8211; Longitud Total: 245mm <br \/>\n&#8211; Longitud Insertable: 210mm <br \/>\n&#8211; Di\u00e1metro Insertable: 22mm <br \/>\n&#8211; Di\u00e1metro en el punto m\u00e1s ancho: 35mm <br \/>\n&#8211; Material: Silicona<br \/>\n&#8211; Resistente al agua<br \/>\n&#8211; Libre de phalatos\n <\/p>\n","protected":false},"excerpt":{"rendered":"<p>NO.28 &#8211; ANAL CHAIN &#8211; BLACK Esta cadena de cuentas anales es un juguete de alta calidad muy funcional. La<\/p>\n","protected":false},"featured_media":46293,"comment_status":"open","ping_status":"open","template":"","meta":[],"product_cat":[440],"product_tag":[302,312],"class_list":["post-46292","product","type-product","status-publish","has-post-thumbnail","hentry","product_cat-anales","product_tag-shots","product_tag-sono"],"bundled_by":[],"bundle_stock_status":"instock","bundle_stock_quantity":1,"bundle_virtual":false,"bundle_layout":"","bundle_add_to_cart_form_location":"","bundle_editable_in_cart":false,"bundle_sold_individually_context":"","bundle_item_grouping":"","bundle_min_size":"","bundle_max_size":"","bundled_items":[],"yoast_head":"<!-- This site is optimized with the Yoast SEO plugin v20.6 - https:\/\/yoast.com\/wordpress\/plugins\/seo\/ -->\n<title>SONO N 28 BOLAS ANALES SILICONA NEGRO - Tienda Er\u00f3tica<\/title>\n<meta name=\"robots\" content=\"noindex, follow, max-snippet:-1, max-image-preview:large, max-video-preview:-1\" \/>\n<meta property=\"og:locale\" content=\"es_ES\" \/>\n<meta property=\"og:type\" content=\"article\" \/>\n<meta property=\"og:title\" content=\"SONO N 28 BOLAS ANALES SILICONA NEGRO - Tienda Er\u00f3tica\" \/>\n<meta property=\"og:description\" content=\"NO.28 &#8211; ANAL CHAIN &#8211; BLACK Esta cadena de cuentas anales es un juguete de alta calidad muy funcional. La\" \/>\n<meta property=\"og:url\" content=\"https:\/\/demoweb.info\/sexshop001\/producto\/sono-n-28-bolas-anales-silicona-negro\/\" \/>\n<meta property=\"og:site_name\" content=\"Tienda Er\u00f3tica\" \/>\n<meta property=\"article:modified_time\" content=\"2022-01-22T14:20:56+00:00\" \/>\n<meta property=\"og:image\" content=\"https:\/\/demoweb.info\/sexshop001\/wp-content\/uploads\/2022\/01\/SONO-N-28-BOLAS-ANALES-SILICONA-NEGRO.jpg\" \/>\n\t<meta property=\"og:image:width\" content=\"550\" \/>\n\t<meta property=\"og:image:height\" content=\"550\" \/>\n\t<meta property=\"og:image:type\" content=\"image\/jpeg\" \/>\n<meta name=\"twitter:card\" content=\"summary_large_image\" \/>\n<meta name=\"twitter:label1\" content=\"Tiempo de lectura\" \/>\n\t<meta name=\"twitter:data1\" content=\"1 minuto\" \/>\n<script type=\"application\/ld+json\" class=\"yoast-schema-graph\">{\"@context\":\"https:\/\/schema.org\",\"@graph\":[{\"@type\":\"WebPage\",\"@id\":\"https:\/\/demoweb.info\/sexshop001\/producto\/sono-n-28-bolas-anales-silicona-negro\/\",\"url\":\"https:\/\/demoweb.info\/sexshop001\/producto\/sono-n-28-bolas-anales-silicona-negro\/\",\"name\":\"SONO N 28 BOLAS ANALES SILICONA NEGRO - Tienda Er\u00f3tica\",\"isPartOf\":{\"@id\":\"https:\/\/demoweb.info\/sexshop001\/#website\"},\"datePublished\":\"2022-01-22T14:20:44+00:00\",\"dateModified\":\"2022-01-22T14:20:56+00:00\",\"breadcrumb\":{\"@id\":\"https:\/\/demoweb.info\/sexshop001\/producto\/sono-n-28-bolas-anales-silicona-negro\/#breadcrumb\"},\"inLanguage\":\"es\",\"potentialAction\":[{\"@type\":\"ReadAction\",\"target\":[\"https:\/\/demoweb.info\/sexshop001\/producto\/sono-n-28-bolas-anales-silicona-negro\/\"]}]},{\"@type\":\"BreadcrumbList\",\"@id\":\"https:\/\/demoweb.info\/sexshop001\/producto\/sono-n-28-bolas-anales-silicona-negro\/#breadcrumb\",\"itemListElement\":[{\"@type\":\"ListItem\",\"position\":1,\"name\":\"Portada\",\"item\":\"https:\/\/demoweb.info\/sexshop001\/\"},{\"@type\":\"ListItem\",\"position\":2,\"name\":\"Tienda\",\"item\":\"https:\/\/demoweb.info\/sexshop001\/tienda\/\"},{\"@type\":\"ListItem\",\"position\":3,\"name\":\"SONO N 28 BOLAS ANALES SILICONA NEGRO\"}]},{\"@type\":\"WebSite\",\"@id\":\"https:\/\/demoweb.info\/sexshop001\/#website\",\"url\":\"https:\/\/demoweb.info\/sexshop001\/\",\"name\":\"Tienda Er\u00f3tica\",\"description\":\"DEMOWEB SL\",\"potentialAction\":[{\"@type\":\"SearchAction\",\"target\":{\"@type\":\"EntryPoint\",\"urlTemplate\":\"https:\/\/demoweb.info\/sexshop001\/?s={search_term_string}\"},\"query-input\":\"required name=search_term_string\"}],\"inLanguage\":\"es\"}]}<\/script>\n<!-- \/ Yoast SEO plugin. -->","yoast_head_json":{"title":"SONO N 28 BOLAS ANALES SILICONA NEGRO - Tienda Er\u00f3tica","robots":{"index":"noindex","follow":"follow","max-snippet":"max-snippet:-1","max-image-preview":"max-image-preview:large","max-video-preview":"max-video-preview:-1"},"og_locale":"es_ES","og_type":"article","og_title":"SONO N 28 BOLAS ANALES SILICONA NEGRO - Tienda Er\u00f3tica","og_description":"NO.28 &#8211; ANAL CHAIN &#8211; BLACK Esta cadena de cuentas anales es un juguete de alta calidad muy funcional. La","og_url":"https:\/\/demoweb.info\/sexshop001\/producto\/sono-n-28-bolas-anales-silicona-negro\/","og_site_name":"Tienda Er\u00f3tica","article_modified_time":"2022-01-22T14:20:56+00:00","og_image":[{"width":550,"height":550,"url":"https:\/\/demoweb.info\/sexshop001\/wp-content\/uploads\/2022\/01\/SONO-N-28-BOLAS-ANALES-SILICONA-NEGRO.jpg","type":"image\/jpeg"}],"twitter_card":"summary_large_image","twitter_misc":{"Tiempo de lectura":"1 minuto"},"schema":{"@context":"https:\/\/schema.org","@graph":[{"@type":"WebPage","@id":"https:\/\/demoweb.info\/sexshop001\/producto\/sono-n-28-bolas-anales-silicona-negro\/","url":"https:\/\/demoweb.info\/sexshop001\/producto\/sono-n-28-bolas-anales-silicona-negro\/","name":"SONO N 28 BOLAS ANALES SILICONA NEGRO - Tienda Er\u00f3tica","isPartOf":{"@id":"https:\/\/demoweb.info\/sexshop001\/#website"},"datePublished":"2022-01-22T14:20:44+00:00","dateModified":"2022-01-22T14:20:56+00:00","breadcrumb":{"@id":"https:\/\/demoweb.info\/sexshop001\/producto\/sono-n-28-bolas-anales-silicona-negro\/#breadcrumb"},"inLanguage":"es","potentialAction":[{"@type":"ReadAction","target":["https:\/\/demoweb.info\/sexshop001\/producto\/sono-n-28-bolas-anales-silicona-negro\/"]}]},{"@type":"BreadcrumbList","@id":"https:\/\/demoweb.info\/sexshop001\/producto\/sono-n-28-bolas-anales-silicona-negro\/#breadcrumb","itemListElement":[{"@type":"ListItem","position":1,"name":"Portada","item":"https:\/\/demoweb.info\/sexshop001\/"},{"@type":"ListItem","position":2,"name":"Tienda","item":"https:\/\/demoweb.info\/sexshop001\/tienda\/"},{"@type":"ListItem","position":3,"name":"SONO N 28 BOLAS ANALES SILICONA NEGRO"}]},{"@type":"WebSite","@id":"https:\/\/demoweb.info\/sexshop001\/#website","url":"https:\/\/demoweb.info\/sexshop001\/","name":"Tienda Er\u00f3tica","description":"DEMOWEB SL","potentialAction":[{"@type":"SearchAction","target":{"@type":"EntryPoint","urlTemplate":"https:\/\/demoweb.info\/sexshop001\/?s={search_term_string}"},"query-input":"required name=search_term_string"}],"inLanguage":"es"}]}},"_links":{"self":[{"href":"https:\/\/demoweb.info\/sexshop001\/wp-json\/wp\/v3\/product\/46292","targetHints":{"allow":["GET"]}}],"collection":[{"href":"https:\/\/demoweb.info\/sexshop001\/wp-json\/wp\/v3\/product"}],"about":[{"href":"https:\/\/demoweb.info\/sexshop001\/wp-json\/wp\/v2\/types\/product"}],"replies":[{"embeddable":true,"href":"https:\/\/demoweb.info\/sexshop001\/wp-json\/wp\/v2\/comments?post=46292"}],"wp:featuredmedia":[{"embeddable":true,"href":"https:\/\/demoweb.info\/sexshop001\/wp-json\/wp\/v2\/media\/46293"}],"wp:attachment":[{"href":"https:\/\/demoweb.info\/sexshop001\/wp-json\/wp\/v2\/media?parent=46292"}],"wp:term":[{"taxonomy":"product_cat","embeddable":true,"href":"https:\/\/demoweb.info\/sexshop001\/wp-json\/wp\/v2\/product_cat?post=46292"},{"taxonomy":"product_tag","embeddable":true,"href":"https:\/\/demoweb.info\/sexshop001\/wp-json\/wp\/v2\/product_tag?post=46292"}],"curies":[{"name":"wp","href":"https:\/\/api.w.org\/{rel}","templated":true}]}}