{"id":46287,"date":"2022-01-22T15:20:44","date_gmt":"2022-01-22T14:20:44","guid":{"rendered":"https:\/\/demoweb.info\/sexshop001\/producto\/sono-n-22-masturbador-masculino-vibrador-transparente\/"},"modified":"2022-01-22T15:20:53","modified_gmt":"2022-01-22T14:20:53","slug":"sono-n-22-masturbador-masculino-vibrador-transparente","status":"publish","type":"product","link":"https:\/\/demoweb.info\/sexshop001\/producto\/sono-n-22-masturbador-masculino-vibrador-transparente\/","title":{"rendered":"SONO N 22 MASTURBADOR MASCULINO VIBRADOR TRANSPARENTE"},"content":{"rendered":"<p><strong>NO.22 &#8211; STROKER &#8211; WITH VIBRATING BULLET &#8211; TRANSLUCENT<\/strong><\/p>\n<p>Este masturbador de  TPE est\u00e1 dise\u00f1ado con un canal nervado y dispone de cuentas para una estimulaci\u00f3n extra que masajear\u00e1n tu rabo. Adem\u00e1s, es muy el\u00e1stico, pero se mantiene firme independientemente de tu tama\u00f1o. Gracias al exterior en forma de granada tiene un agarre incre\u00edble que se siente muy c\u00f3modo durante su uso. Adem\u00e1s, el masturbador dispone de una bala vibradora para una excitaci\u00f3n extra. Todo esto hace que sea el masturbador perfecto para condimentar tu vida sexual. \u00a1As\u00ed que elige entre la versi\u00f3n transl\u00facida, gris o negra y estar\u00e1s listo para explotar!<\/p>\n<p>Caracter\u00edsticas:<br \/>\n&#8211; Modos de vibraci\u00f3n: 10<br \/>\n&#8211; Nivel de sonido: Max. 75 dB<br \/>\n&#8211; Longitud: 135mm<br \/>\n&#8211; Anchura: 55mm<br \/>\n&#8211; Material: TPE<br \/>\n&#8211; Pilas INCLUIDAS: 3 x LR44<br \/>\n&#8211; Resistente al agua<br \/>\n&#8211; Libre de phalatos<\/p>\n","protected":false},"excerpt":{"rendered":"<p>NO.22 &#8211; STROKER &#8211; WITH VIBRATING BULLET &#8211; TRANSLUCENT Este masturbador de TPE est\u00e1 dise\u00f1ado con un canal nervado y<\/p>\n","protected":false},"featured_media":46288,"comment_status":"open","ping_status":"open","template":"","meta":[],"product_cat":[364],"product_tag":[302,312],"class_list":["post-46287","product","type-product","status-publish","has-post-thumbnail","hentry","product_cat-con-vibracion","product_tag-shots","product_tag-sono"],"bundled_by":[],"bundle_stock_status":"outofstock","bundle_stock_quantity":0,"bundle_virtual":false,"bundle_layout":"","bundle_add_to_cart_form_location":"","bundle_editable_in_cart":false,"bundle_sold_individually_context":"","bundle_item_grouping":"","bundle_min_size":"","bundle_max_size":"","bundled_items":[],"yoast_head":"<!-- This site is optimized with the Yoast SEO plugin v20.6 - https:\/\/yoast.com\/wordpress\/plugins\/seo\/ -->\n<title>SONO N 22 MASTURBADOR MASCULINO VIBRADOR TRANSPARENTE - Tienda Er\u00f3tica<\/title>\n<meta name=\"robots\" content=\"noindex, follow, max-snippet:-1, max-image-preview:large, max-video-preview:-1\" \/>\n<meta property=\"og:locale\" content=\"es_ES\" \/>\n<meta property=\"og:type\" content=\"article\" \/>\n<meta property=\"og:title\" content=\"SONO N 22 MASTURBADOR MASCULINO VIBRADOR TRANSPARENTE - Tienda Er\u00f3tica\" \/>\n<meta property=\"og:description\" content=\"NO.22 &#8211; STROKER &#8211; WITH VIBRATING BULLET &#8211; TRANSLUCENT Este masturbador de TPE est\u00e1 dise\u00f1ado con un canal nervado y\" \/>\n<meta property=\"og:url\" content=\"https:\/\/demoweb.info\/sexshop001\/producto\/sono-n-22-masturbador-masculino-vibrador-transparente\/\" \/>\n<meta property=\"og:site_name\" content=\"Tienda Er\u00f3tica\" \/>\n<meta property=\"article:modified_time\" content=\"2022-01-22T14:20:53+00:00\" \/>\n<meta property=\"og:image\" content=\"https:\/\/demoweb.info\/sexshop001\/wp-content\/uploads\/2022\/01\/SONO-N-22-MASTURBADOR-MASCULINO-VIBRADOR-TRANSPARENTE.jpg\" \/>\n\t<meta property=\"og:image:width\" content=\"550\" \/>\n\t<meta property=\"og:image:height\" content=\"550\" \/>\n\t<meta property=\"og:image:type\" content=\"image\/jpeg\" \/>\n<meta name=\"twitter:card\" content=\"summary_large_image\" \/>\n<meta name=\"twitter:label1\" content=\"Tiempo de lectura\" \/>\n\t<meta name=\"twitter:data1\" content=\"1 minuto\" \/>\n<script type=\"application\/ld+json\" class=\"yoast-schema-graph\">{\"@context\":\"https:\/\/schema.org\",\"@graph\":[{\"@type\":\"WebPage\",\"@id\":\"https:\/\/demoweb.info\/sexshop001\/producto\/sono-n-22-masturbador-masculino-vibrador-transparente\/\",\"url\":\"https:\/\/demoweb.info\/sexshop001\/producto\/sono-n-22-masturbador-masculino-vibrador-transparente\/\",\"name\":\"SONO N 22 MASTURBADOR MASCULINO VIBRADOR TRANSPARENTE - Tienda Er\u00f3tica\",\"isPartOf\":{\"@id\":\"https:\/\/demoweb.info\/sexshop001\/#website\"},\"datePublished\":\"2022-01-22T14:20:44+00:00\",\"dateModified\":\"2022-01-22T14:20:53+00:00\",\"breadcrumb\":{\"@id\":\"https:\/\/demoweb.info\/sexshop001\/producto\/sono-n-22-masturbador-masculino-vibrador-transparente\/#breadcrumb\"},\"inLanguage\":\"es\",\"potentialAction\":[{\"@type\":\"ReadAction\",\"target\":[\"https:\/\/demoweb.info\/sexshop001\/producto\/sono-n-22-masturbador-masculino-vibrador-transparente\/\"]}]},{\"@type\":\"BreadcrumbList\",\"@id\":\"https:\/\/demoweb.info\/sexshop001\/producto\/sono-n-22-masturbador-masculino-vibrador-transparente\/#breadcrumb\",\"itemListElement\":[{\"@type\":\"ListItem\",\"position\":1,\"name\":\"Portada\",\"item\":\"https:\/\/demoweb.info\/sexshop001\/\"},{\"@type\":\"ListItem\",\"position\":2,\"name\":\"Tienda\",\"item\":\"https:\/\/demoweb.info\/sexshop001\/tienda\/\"},{\"@type\":\"ListItem\",\"position\":3,\"name\":\"SONO N 22 MASTURBADOR MASCULINO VIBRADOR TRANSPARENTE\"}]},{\"@type\":\"WebSite\",\"@id\":\"https:\/\/demoweb.info\/sexshop001\/#website\",\"url\":\"https:\/\/demoweb.info\/sexshop001\/\",\"name\":\"Tienda Er\u00f3tica\",\"description\":\"DEMOWEB SL\",\"potentialAction\":[{\"@type\":\"SearchAction\",\"target\":{\"@type\":\"EntryPoint\",\"urlTemplate\":\"https:\/\/demoweb.info\/sexshop001\/?s={search_term_string}\"},\"query-input\":\"required name=search_term_string\"}],\"inLanguage\":\"es\"}]}<\/script>\n<!-- \/ Yoast SEO plugin. -->","yoast_head_json":{"title":"SONO N 22 MASTURBADOR MASCULINO VIBRADOR TRANSPARENTE - Tienda Er\u00f3tica","robots":{"index":"noindex","follow":"follow","max-snippet":"max-snippet:-1","max-image-preview":"max-image-preview:large","max-video-preview":"max-video-preview:-1"},"og_locale":"es_ES","og_type":"article","og_title":"SONO N 22 MASTURBADOR MASCULINO VIBRADOR TRANSPARENTE - Tienda Er\u00f3tica","og_description":"NO.22 &#8211; STROKER &#8211; WITH VIBRATING BULLET &#8211; TRANSLUCENT Este masturbador de TPE est\u00e1 dise\u00f1ado con un canal nervado y","og_url":"https:\/\/demoweb.info\/sexshop001\/producto\/sono-n-22-masturbador-masculino-vibrador-transparente\/","og_site_name":"Tienda Er\u00f3tica","article_modified_time":"2022-01-22T14:20:53+00:00","og_image":[{"width":550,"height":550,"url":"https:\/\/demoweb.info\/sexshop001\/wp-content\/uploads\/2022\/01\/SONO-N-22-MASTURBADOR-MASCULINO-VIBRADOR-TRANSPARENTE.jpg","type":"image\/jpeg"}],"twitter_card":"summary_large_image","twitter_misc":{"Tiempo de lectura":"1 minuto"},"schema":{"@context":"https:\/\/schema.org","@graph":[{"@type":"WebPage","@id":"https:\/\/demoweb.info\/sexshop001\/producto\/sono-n-22-masturbador-masculino-vibrador-transparente\/","url":"https:\/\/demoweb.info\/sexshop001\/producto\/sono-n-22-masturbador-masculino-vibrador-transparente\/","name":"SONO N 22 MASTURBADOR MASCULINO VIBRADOR TRANSPARENTE - Tienda Er\u00f3tica","isPartOf":{"@id":"https:\/\/demoweb.info\/sexshop001\/#website"},"datePublished":"2022-01-22T14:20:44+00:00","dateModified":"2022-01-22T14:20:53+00:00","breadcrumb":{"@id":"https:\/\/demoweb.info\/sexshop001\/producto\/sono-n-22-masturbador-masculino-vibrador-transparente\/#breadcrumb"},"inLanguage":"es","potentialAction":[{"@type":"ReadAction","target":["https:\/\/demoweb.info\/sexshop001\/producto\/sono-n-22-masturbador-masculino-vibrador-transparente\/"]}]},{"@type":"BreadcrumbList","@id":"https:\/\/demoweb.info\/sexshop001\/producto\/sono-n-22-masturbador-masculino-vibrador-transparente\/#breadcrumb","itemListElement":[{"@type":"ListItem","position":1,"name":"Portada","item":"https:\/\/demoweb.info\/sexshop001\/"},{"@type":"ListItem","position":2,"name":"Tienda","item":"https:\/\/demoweb.info\/sexshop001\/tienda\/"},{"@type":"ListItem","position":3,"name":"SONO N 22 MASTURBADOR MASCULINO VIBRADOR TRANSPARENTE"}]},{"@type":"WebSite","@id":"https:\/\/demoweb.info\/sexshop001\/#website","url":"https:\/\/demoweb.info\/sexshop001\/","name":"Tienda Er\u00f3tica","description":"DEMOWEB SL","potentialAction":[{"@type":"SearchAction","target":{"@type":"EntryPoint","urlTemplate":"https:\/\/demoweb.info\/sexshop001\/?s={search_term_string}"},"query-input":"required name=search_term_string"}],"inLanguage":"es"}]}},"_links":{"self":[{"href":"https:\/\/demoweb.info\/sexshop001\/wp-json\/wp\/v3\/product\/46287","targetHints":{"allow":["GET"]}}],"collection":[{"href":"https:\/\/demoweb.info\/sexshop001\/wp-json\/wp\/v3\/product"}],"about":[{"href":"https:\/\/demoweb.info\/sexshop001\/wp-json\/wp\/v2\/types\/product"}],"replies":[{"embeddable":true,"href":"https:\/\/demoweb.info\/sexshop001\/wp-json\/wp\/v2\/comments?post=46287"}],"wp:featuredmedia":[{"embeddable":true,"href":"https:\/\/demoweb.info\/sexshop001\/wp-json\/wp\/v2\/media\/46288"}],"wp:attachment":[{"href":"https:\/\/demoweb.info\/sexshop001\/wp-json\/wp\/v2\/media?parent=46287"}],"wp:term":[{"taxonomy":"product_cat","embeddable":true,"href":"https:\/\/demoweb.info\/sexshop001\/wp-json\/wp\/v2\/product_cat?post=46287"},{"taxonomy":"product_tag","embeddable":true,"href":"https:\/\/demoweb.info\/sexshop001\/wp-json\/wp\/v2\/product_tag?post=46287"}],"curies":[{"name":"wp","href":"https:\/\/api.w.org\/{rel}","templated":true}]}}