{"id":46283,"date":"2022-01-22T15:20:44","date_gmt":"2022-01-22T14:20:44","guid":{"rendered":"https:\/\/demoweb.info\/sexshop001\/producto\/sono-n-23-masturbador-masculino\/"},"modified":"2022-01-22T15:20:51","modified_gmt":"2022-01-22T14:20:51","slug":"sono-n-23-masturbador-masculino","status":"publish","type":"product","link":"https:\/\/demoweb.info\/sexshop001\/producto\/sono-n-23-masturbador-masculino\/","title":{"rendered":"SONO N 23 MASTURBADOR MASCULINO"},"content":{"rendered":"<p><strong>NO.23 &#8211; STROKER &#8211; TRANSLUCENT<\/strong><\/p>\n<p>Este masturbador de \u201cTPE\u201d est\u00e1 dise\u00f1ado con un canal nervado que se ci\u00f1e cada vez m\u00e1s cuanto m\u00e1s te adentras. Adem\u00e1s, es muy el\u00e1stico, pero se mantiene firme independientemente de tu tama\u00f1o. Gracias a su exterior tiene un agarre incre\u00edble y se siente muy c\u00f3modo al usarlo. Adem\u00e1s, al estar fabricado a partir de un material flexible, solo hay que apretarlo para aumentar la presi\u00f3n. Todo esto hace que sea el masturbador perfecto para condimentar tu vida sexual. As\u00ed que elige entre la versi\u00f3n transl\u00facida, gris o negra y \u00a1expr\u00edmete para alcanzar maravillosas atm\u00f3sferas de \u00e9xtasis!<\/p>\n<p>Medidas: 15 cm x 7,1 cm<\/p>\n","protected":false},"excerpt":{"rendered":"<p>NO.23 &#8211; STROKER &#8211; TRANSLUCENT Este masturbador de \u201cTPE\u201d est\u00e1 dise\u00f1ado con un canal nervado que se ci\u00f1e cada vez<\/p>\n","protected":false},"featured_media":46284,"comment_status":"open","ping_status":"open","template":"","meta":[],"product_cat":[542],"product_tag":[302,312],"class_list":["post-46283","product","type-product","status-publish","has-post-thumbnail","hentry","product_cat-clasicos","product_tag-shots","product_tag-sono"],"bundled_by":[],"bundle_stock_status":"instock","bundle_stock_quantity":3,"bundle_virtual":false,"bundle_layout":"","bundle_add_to_cart_form_location":"","bundle_editable_in_cart":false,"bundle_sold_individually_context":"","bundle_item_grouping":"","bundle_min_size":"","bundle_max_size":"","bundled_items":[],"yoast_head":"<!-- This site is optimized with the Yoast SEO plugin v20.6 - https:\/\/yoast.com\/wordpress\/plugins\/seo\/ -->\n<title>SONO N 23 MASTURBADOR MASCULINO - Tienda Er\u00f3tica<\/title>\n<meta name=\"robots\" content=\"noindex, follow, max-snippet:-1, max-image-preview:large, max-video-preview:-1\" \/>\n<meta property=\"og:locale\" content=\"es_ES\" \/>\n<meta property=\"og:type\" content=\"article\" \/>\n<meta property=\"og:title\" content=\"SONO N 23 MASTURBADOR MASCULINO - Tienda Er\u00f3tica\" \/>\n<meta property=\"og:description\" content=\"NO.23 &#8211; STROKER &#8211; TRANSLUCENT Este masturbador de \u201cTPE\u201d est\u00e1 dise\u00f1ado con un canal nervado que se ci\u00f1e cada vez\" \/>\n<meta property=\"og:url\" content=\"https:\/\/demoweb.info\/sexshop001\/producto\/sono-n-23-masturbador-masculino\/\" \/>\n<meta property=\"og:site_name\" content=\"Tienda Er\u00f3tica\" \/>\n<meta property=\"article:modified_time\" content=\"2022-01-22T14:20:51+00:00\" \/>\n<meta property=\"og:image\" content=\"https:\/\/demoweb.info\/sexshop001\/wp-content\/uploads\/2022\/01\/SONO-N-23-MASTURBADOR-MASCULINO.jpg\" \/>\n\t<meta property=\"og:image:width\" content=\"550\" \/>\n\t<meta property=\"og:image:height\" content=\"550\" \/>\n\t<meta property=\"og:image:type\" content=\"image\/jpeg\" \/>\n<meta name=\"twitter:card\" content=\"summary_large_image\" \/>\n<meta name=\"twitter:label1\" content=\"Tiempo de lectura\" \/>\n\t<meta name=\"twitter:data1\" content=\"1 minuto\" \/>\n<script type=\"application\/ld+json\" class=\"yoast-schema-graph\">{\"@context\":\"https:\/\/schema.org\",\"@graph\":[{\"@type\":\"WebPage\",\"@id\":\"https:\/\/demoweb.info\/sexshop001\/producto\/sono-n-23-masturbador-masculino\/\",\"url\":\"https:\/\/demoweb.info\/sexshop001\/producto\/sono-n-23-masturbador-masculino\/\",\"name\":\"SONO N 23 MASTURBADOR MASCULINO - Tienda Er\u00f3tica\",\"isPartOf\":{\"@id\":\"https:\/\/demoweb.info\/sexshop001\/#website\"},\"datePublished\":\"2022-01-22T14:20:44+00:00\",\"dateModified\":\"2022-01-22T14:20:51+00:00\",\"breadcrumb\":{\"@id\":\"https:\/\/demoweb.info\/sexshop001\/producto\/sono-n-23-masturbador-masculino\/#breadcrumb\"},\"inLanguage\":\"es\",\"potentialAction\":[{\"@type\":\"ReadAction\",\"target\":[\"https:\/\/demoweb.info\/sexshop001\/producto\/sono-n-23-masturbador-masculino\/\"]}]},{\"@type\":\"BreadcrumbList\",\"@id\":\"https:\/\/demoweb.info\/sexshop001\/producto\/sono-n-23-masturbador-masculino\/#breadcrumb\",\"itemListElement\":[{\"@type\":\"ListItem\",\"position\":1,\"name\":\"Portada\",\"item\":\"https:\/\/demoweb.info\/sexshop001\/\"},{\"@type\":\"ListItem\",\"position\":2,\"name\":\"Tienda\",\"item\":\"https:\/\/demoweb.info\/sexshop001\/tienda\/\"},{\"@type\":\"ListItem\",\"position\":3,\"name\":\"SONO N 23 MASTURBADOR MASCULINO\"}]},{\"@type\":\"WebSite\",\"@id\":\"https:\/\/demoweb.info\/sexshop001\/#website\",\"url\":\"https:\/\/demoweb.info\/sexshop001\/\",\"name\":\"Tienda Er\u00f3tica\",\"description\":\"DEMOWEB SL\",\"potentialAction\":[{\"@type\":\"SearchAction\",\"target\":{\"@type\":\"EntryPoint\",\"urlTemplate\":\"https:\/\/demoweb.info\/sexshop001\/?s={search_term_string}\"},\"query-input\":\"required name=search_term_string\"}],\"inLanguage\":\"es\"}]}<\/script>\n<!-- \/ Yoast SEO plugin. -->","yoast_head_json":{"title":"SONO N 23 MASTURBADOR MASCULINO - Tienda Er\u00f3tica","robots":{"index":"noindex","follow":"follow","max-snippet":"max-snippet:-1","max-image-preview":"max-image-preview:large","max-video-preview":"max-video-preview:-1"},"og_locale":"es_ES","og_type":"article","og_title":"SONO N 23 MASTURBADOR MASCULINO - Tienda Er\u00f3tica","og_description":"NO.23 &#8211; STROKER &#8211; TRANSLUCENT Este masturbador de \u201cTPE\u201d est\u00e1 dise\u00f1ado con un canal nervado que se ci\u00f1e cada vez","og_url":"https:\/\/demoweb.info\/sexshop001\/producto\/sono-n-23-masturbador-masculino\/","og_site_name":"Tienda Er\u00f3tica","article_modified_time":"2022-01-22T14:20:51+00:00","og_image":[{"width":550,"height":550,"url":"https:\/\/demoweb.info\/sexshop001\/wp-content\/uploads\/2022\/01\/SONO-N-23-MASTURBADOR-MASCULINO.jpg","type":"image\/jpeg"}],"twitter_card":"summary_large_image","twitter_misc":{"Tiempo de lectura":"1 minuto"},"schema":{"@context":"https:\/\/schema.org","@graph":[{"@type":"WebPage","@id":"https:\/\/demoweb.info\/sexshop001\/producto\/sono-n-23-masturbador-masculino\/","url":"https:\/\/demoweb.info\/sexshop001\/producto\/sono-n-23-masturbador-masculino\/","name":"SONO N 23 MASTURBADOR MASCULINO - Tienda Er\u00f3tica","isPartOf":{"@id":"https:\/\/demoweb.info\/sexshop001\/#website"},"datePublished":"2022-01-22T14:20:44+00:00","dateModified":"2022-01-22T14:20:51+00:00","breadcrumb":{"@id":"https:\/\/demoweb.info\/sexshop001\/producto\/sono-n-23-masturbador-masculino\/#breadcrumb"},"inLanguage":"es","potentialAction":[{"@type":"ReadAction","target":["https:\/\/demoweb.info\/sexshop001\/producto\/sono-n-23-masturbador-masculino\/"]}]},{"@type":"BreadcrumbList","@id":"https:\/\/demoweb.info\/sexshop001\/producto\/sono-n-23-masturbador-masculino\/#breadcrumb","itemListElement":[{"@type":"ListItem","position":1,"name":"Portada","item":"https:\/\/demoweb.info\/sexshop001\/"},{"@type":"ListItem","position":2,"name":"Tienda","item":"https:\/\/demoweb.info\/sexshop001\/tienda\/"},{"@type":"ListItem","position":3,"name":"SONO N 23 MASTURBADOR MASCULINO"}]},{"@type":"WebSite","@id":"https:\/\/demoweb.info\/sexshop001\/#website","url":"https:\/\/demoweb.info\/sexshop001\/","name":"Tienda Er\u00f3tica","description":"DEMOWEB SL","potentialAction":[{"@type":"SearchAction","target":{"@type":"EntryPoint","urlTemplate":"https:\/\/demoweb.info\/sexshop001\/?s={search_term_string}"},"query-input":"required name=search_term_string"}],"inLanguage":"es"}]}},"_links":{"self":[{"href":"https:\/\/demoweb.info\/sexshop001\/wp-json\/wp\/v3\/product\/46283","targetHints":{"allow":["GET"]}}],"collection":[{"href":"https:\/\/demoweb.info\/sexshop001\/wp-json\/wp\/v3\/product"}],"about":[{"href":"https:\/\/demoweb.info\/sexshop001\/wp-json\/wp\/v2\/types\/product"}],"replies":[{"embeddable":true,"href":"https:\/\/demoweb.info\/sexshop001\/wp-json\/wp\/v2\/comments?post=46283"}],"wp:featuredmedia":[{"embeddable":true,"href":"https:\/\/demoweb.info\/sexshop001\/wp-json\/wp\/v2\/media\/46284"}],"wp:attachment":[{"href":"https:\/\/demoweb.info\/sexshop001\/wp-json\/wp\/v2\/media?parent=46283"}],"wp:term":[{"taxonomy":"product_cat","embeddable":true,"href":"https:\/\/demoweb.info\/sexshop001\/wp-json\/wp\/v2\/product_cat?post=46283"},{"taxonomy":"product_tag","embeddable":true,"href":"https:\/\/demoweb.info\/sexshop001\/wp-json\/wp\/v2\/product_tag?post=46283"}],"curies":[{"name":"wp","href":"https:\/\/api.w.org\/{rel}","templated":true}]}}