{"id":46274,"date":"2022-01-22T15:20:44","date_gmt":"2022-01-22T14:20:44","guid":{"rendered":"https:\/\/demoweb.info\/sexshop001\/producto\/paleta-reversible-negro\/"},"modified":"2022-01-22T15:20:46","modified_gmt":"2022-01-22T14:20:46","slug":"paleta-reversible-negro","status":"publish","type":"product","link":"https:\/\/demoweb.info\/sexshop001\/producto\/paleta-reversible-negro\/","title":{"rendered":"PALETA REVERSIBLE NEGRO"},"content":{"rendered":"<p><strong>REVERSIBLE PADDLE &#8211; BLACK<\/strong><\/p>\n<p>Esta paleta est\u00e1 dise\u00f1ada con un lado de PU cuero y otro de neopreno para que puedas elegir el material que sentir\u00e1s en la piel simplemente dando vuelta la paleta. \u00a1El lado de neopreno es de color y el lado de PU cuero es negro para darle una apariencia m\u00e1s ruda! Tiene un lazo en el extremo para la mu\u00f1eca, para garantizar que no se caiga durante el uso, \u00a1y la combinaci\u00f3n de materiales la hace perfecta para los principiantes y para los m\u00e1s expertos en bondage!<\/p>\n<p>Caracter\u00edsticas:<br \/>\n&#8211; Material Cara 1: Neopreno<br \/>\n&#8211; Material Cara 2: PU Piel<br \/>\n&#8211; Longitud: 32 cm<br \/>\n&#8211; Ancho: 8 cm<\/p>\n","protected":false},"excerpt":{"rendered":"<p>REVERSIBLE PADDLE &#8211; BLACK Esta paleta est\u00e1 dise\u00f1ada con un lado de PU cuero y otro de neopreno para que<\/p>\n","protected":false},"featured_media":46275,"comment_status":"open","ping_status":"open","template":"","meta":[],"product_cat":[337],"product_tag":[307,302],"class_list":["post-46274","product","type-product","status-publish","has-post-thumbnail","hentry","product_cat-paletas","product_tag-ouch","product_tag-shots"],"bundled_by":[],"bundle_stock_status":"outofstock","bundle_stock_quantity":0,"bundle_virtual":false,"bundle_layout":"","bundle_add_to_cart_form_location":"","bundle_editable_in_cart":false,"bundle_sold_individually_context":"","bundle_item_grouping":"","bundle_min_size":"","bundle_max_size":"","bundled_items":[],"yoast_head":"<!-- This site is optimized with the Yoast SEO plugin v20.6 - https:\/\/yoast.com\/wordpress\/plugins\/seo\/ -->\n<title>PALETA REVERSIBLE NEGRO - Tienda Er\u00f3tica<\/title>\n<meta name=\"robots\" content=\"noindex, follow, max-snippet:-1, max-image-preview:large, max-video-preview:-1\" \/>\n<meta property=\"og:locale\" content=\"es_ES\" \/>\n<meta property=\"og:type\" content=\"article\" \/>\n<meta property=\"og:title\" content=\"PALETA REVERSIBLE NEGRO - Tienda Er\u00f3tica\" \/>\n<meta property=\"og:description\" content=\"REVERSIBLE PADDLE &#8211; BLACK Esta paleta est\u00e1 dise\u00f1ada con un lado de PU cuero y otro de neopreno para que\" \/>\n<meta property=\"og:url\" content=\"https:\/\/demoweb.info\/sexshop001\/producto\/paleta-reversible-negro\/\" \/>\n<meta property=\"og:site_name\" content=\"Tienda Er\u00f3tica\" \/>\n<meta property=\"article:modified_time\" content=\"2022-01-22T14:20:46+00:00\" \/>\n<meta property=\"og:image\" content=\"https:\/\/demoweb.info\/sexshop001\/wp-content\/uploads\/2022\/01\/PALETA-REVERSIBLE-NEGRO.jpg\" \/>\n\t<meta property=\"og:image:width\" content=\"550\" \/>\n\t<meta property=\"og:image:height\" content=\"550\" \/>\n\t<meta property=\"og:image:type\" content=\"image\/jpeg\" \/>\n<meta name=\"twitter:card\" content=\"summary_large_image\" \/>\n<meta name=\"twitter:label1\" content=\"Tiempo de lectura\" \/>\n\t<meta name=\"twitter:data1\" content=\"1 minuto\" \/>\n<script type=\"application\/ld+json\" class=\"yoast-schema-graph\">{\"@context\":\"https:\/\/schema.org\",\"@graph\":[{\"@type\":\"WebPage\",\"@id\":\"https:\/\/demoweb.info\/sexshop001\/producto\/paleta-reversible-negro\/\",\"url\":\"https:\/\/demoweb.info\/sexshop001\/producto\/paleta-reversible-negro\/\",\"name\":\"PALETA REVERSIBLE NEGRO - Tienda Er\u00f3tica\",\"isPartOf\":{\"@id\":\"https:\/\/demoweb.info\/sexshop001\/#website\"},\"datePublished\":\"2022-01-22T14:20:44+00:00\",\"dateModified\":\"2022-01-22T14:20:46+00:00\",\"breadcrumb\":{\"@id\":\"https:\/\/demoweb.info\/sexshop001\/producto\/paleta-reversible-negro\/#breadcrumb\"},\"inLanguage\":\"es\",\"potentialAction\":[{\"@type\":\"ReadAction\",\"target\":[\"https:\/\/demoweb.info\/sexshop001\/producto\/paleta-reversible-negro\/\"]}]},{\"@type\":\"BreadcrumbList\",\"@id\":\"https:\/\/demoweb.info\/sexshop001\/producto\/paleta-reversible-negro\/#breadcrumb\",\"itemListElement\":[{\"@type\":\"ListItem\",\"position\":1,\"name\":\"Portada\",\"item\":\"https:\/\/demoweb.info\/sexshop001\/\"},{\"@type\":\"ListItem\",\"position\":2,\"name\":\"Tienda\",\"item\":\"https:\/\/demoweb.info\/sexshop001\/tienda\/\"},{\"@type\":\"ListItem\",\"position\":3,\"name\":\"PALETA REVERSIBLE NEGRO\"}]},{\"@type\":\"WebSite\",\"@id\":\"https:\/\/demoweb.info\/sexshop001\/#website\",\"url\":\"https:\/\/demoweb.info\/sexshop001\/\",\"name\":\"Tienda Er\u00f3tica\",\"description\":\"DEMOWEB SL\",\"potentialAction\":[{\"@type\":\"SearchAction\",\"target\":{\"@type\":\"EntryPoint\",\"urlTemplate\":\"https:\/\/demoweb.info\/sexshop001\/?s={search_term_string}\"},\"query-input\":\"required name=search_term_string\"}],\"inLanguage\":\"es\"}]}<\/script>\n<!-- \/ Yoast SEO plugin. -->","yoast_head_json":{"title":"PALETA REVERSIBLE NEGRO - Tienda Er\u00f3tica","robots":{"index":"noindex","follow":"follow","max-snippet":"max-snippet:-1","max-image-preview":"max-image-preview:large","max-video-preview":"max-video-preview:-1"},"og_locale":"es_ES","og_type":"article","og_title":"PALETA REVERSIBLE NEGRO - Tienda Er\u00f3tica","og_description":"REVERSIBLE PADDLE &#8211; BLACK Esta paleta est\u00e1 dise\u00f1ada con un lado de PU cuero y otro de neopreno para que","og_url":"https:\/\/demoweb.info\/sexshop001\/producto\/paleta-reversible-negro\/","og_site_name":"Tienda Er\u00f3tica","article_modified_time":"2022-01-22T14:20:46+00:00","og_image":[{"width":550,"height":550,"url":"https:\/\/demoweb.info\/sexshop001\/wp-content\/uploads\/2022\/01\/PALETA-REVERSIBLE-NEGRO.jpg","type":"image\/jpeg"}],"twitter_card":"summary_large_image","twitter_misc":{"Tiempo de lectura":"1 minuto"},"schema":{"@context":"https:\/\/schema.org","@graph":[{"@type":"WebPage","@id":"https:\/\/demoweb.info\/sexshop001\/producto\/paleta-reversible-negro\/","url":"https:\/\/demoweb.info\/sexshop001\/producto\/paleta-reversible-negro\/","name":"PALETA REVERSIBLE NEGRO - Tienda Er\u00f3tica","isPartOf":{"@id":"https:\/\/demoweb.info\/sexshop001\/#website"},"datePublished":"2022-01-22T14:20:44+00:00","dateModified":"2022-01-22T14:20:46+00:00","breadcrumb":{"@id":"https:\/\/demoweb.info\/sexshop001\/producto\/paleta-reversible-negro\/#breadcrumb"},"inLanguage":"es","potentialAction":[{"@type":"ReadAction","target":["https:\/\/demoweb.info\/sexshop001\/producto\/paleta-reversible-negro\/"]}]},{"@type":"BreadcrumbList","@id":"https:\/\/demoweb.info\/sexshop001\/producto\/paleta-reversible-negro\/#breadcrumb","itemListElement":[{"@type":"ListItem","position":1,"name":"Portada","item":"https:\/\/demoweb.info\/sexshop001\/"},{"@type":"ListItem","position":2,"name":"Tienda","item":"https:\/\/demoweb.info\/sexshop001\/tienda\/"},{"@type":"ListItem","position":3,"name":"PALETA REVERSIBLE NEGRO"}]},{"@type":"WebSite","@id":"https:\/\/demoweb.info\/sexshop001\/#website","url":"https:\/\/demoweb.info\/sexshop001\/","name":"Tienda Er\u00f3tica","description":"DEMOWEB SL","potentialAction":[{"@type":"SearchAction","target":{"@type":"EntryPoint","urlTemplate":"https:\/\/demoweb.info\/sexshop001\/?s={search_term_string}"},"query-input":"required name=search_term_string"}],"inLanguage":"es"}]}},"_links":{"self":[{"href":"https:\/\/demoweb.info\/sexshop001\/wp-json\/wp\/v3\/product\/46274","targetHints":{"allow":["GET"]}}],"collection":[{"href":"https:\/\/demoweb.info\/sexshop001\/wp-json\/wp\/v3\/product"}],"about":[{"href":"https:\/\/demoweb.info\/sexshop001\/wp-json\/wp\/v2\/types\/product"}],"replies":[{"embeddable":true,"href":"https:\/\/demoweb.info\/sexshop001\/wp-json\/wp\/v2\/comments?post=46274"}],"wp:featuredmedia":[{"embeddable":true,"href":"https:\/\/demoweb.info\/sexshop001\/wp-json\/wp\/v2\/media\/46275"}],"wp:attachment":[{"href":"https:\/\/demoweb.info\/sexshop001\/wp-json\/wp\/v2\/media?parent=46274"}],"wp:term":[{"taxonomy":"product_cat","embeddable":true,"href":"https:\/\/demoweb.info\/sexshop001\/wp-json\/wp\/v2\/product_cat?post=46274"},{"taxonomy":"product_tag","embeddable":true,"href":"https:\/\/demoweb.info\/sexshop001\/wp-json\/wp\/v2\/product_tag?post=46274"}],"curies":[{"name":"wp","href":"https:\/\/api.w.org\/{rel}","templated":true}]}}