{"id":46268,"date":"2022-01-22T15:20:28","date_gmt":"2022-01-22T14:20:28","guid":{"rendered":"https:\/\/demoweb.info\/sexshop001\/producto\/xs-natural-reducer-for-men-crema-quemagrasa-para-la-zona-abdominal-hombre\/"},"modified":"2022-01-22T15:20:42","modified_gmt":"2022-01-22T14:20:42","slug":"xs-natural-reducer-for-men-crema-quemagrasa-para-la-zona-abdominal-hombre","status":"publish","type":"product","link":"https:\/\/demoweb.info\/sexshop001\/producto\/xs-natural-reducer-for-men-crema-quemagrasa-para-la-zona-abdominal-hombre\/","title":{"rendered":"XS NATURAL REDUCER FOR MEN &#8211; CREMA QUEMAGRASA PARA LA ZONA ABDOMINAL HOMBRE"},"content":{"rendered":"<p><strong>XS Natural crema reductora para hombre<\/strong> es un producto que act\u00faa contra la grasa localizada, especialmente en la <strong>zona del abdomen y el contorno de la cintura<\/strong>. Sus principios activos, como <strong>el Actigym, la Carnitina y la cafe\u00edna<\/strong>, mejoran la tonicidad de la piel, moldean la figura y ayudan en la p\u00e9rdida de peso. Todo ello contribuye a una <strong>reducci\u00f3n de todo el contorno del cuerpo<\/strong>, adem\u00e1s de ayudar a eliminar posibles estr\u00edas.<\/p>\n<p>Esta crema act\u00faa como <strong>quemagrasas corporal<\/strong>, potenciando la eliminaci\u00f3n de ac\u00famulos adiposos y disminuyendo as\u00ed el contorno del abdomen. Sus propiedades reductoras son verdaderamente efectivas. Adem\u00e1s, consigue estimular el flujo sangu\u00edneo y <strong>evitar la retenci\u00f3n de l\u00edquidos<\/strong>.<\/p>\n<p><strong>XS Natural crema reductora hombre<\/strong> est\u00e1 indicado para:<\/p>\n<ul>\n<li><strong>Eliminar<\/strong> grasa localizada en abdomen y cintura<\/li>\n<li><strong>Ayudar<\/strong> en la p\u00e9rdida de peso y moldear la figura<\/li>\n<li><strong>Reducir<\/strong> la celulitis<\/li>\n<\/ul>\n<p><strong>XS Natural crema reductora hombre<\/strong> est\u00e1 especialmente recomendada para tratar la <strong>grasa localizada del abdomen<\/strong>. Los hombres son propensos a acumular grasa en esta zona del cuerpo, as\u00ed como en la cintura. Esta crema, adem\u00e1s de <strong>anticelul\u00edtica<\/strong>, tiene una funci\u00f3n diur\u00e9tica y <strong>act\u00faa como quemagrasas<\/strong>, por lo que resulta el complemento perfecto de una dieta de adelgazamiento.<\/p>\n<p>A partir de las dos semanas de uso ya se consigue <strong>reducir el abdomen<\/strong> y al cabo de un mes los resultados son verdaderamente visibles. Tambi\u00e9n<strong>combate la celulitis<\/strong> y la acumulaci\u00f3n de l\u00edquidos para favorecer la p\u00e9rdida de grasa y peso. Todo ello gracias a sus componentes naturales como <strong>la Cafe\u00edna, la Carnitina, la Centella asi\u00e1tica o el Actigym<\/strong>, entre otros.<\/p>\n<p><strong><em>Aplicar XS Natural crema reductora hombre de 1 a 2 veces al d\u00eda:<\/em><\/strong><\/p>\n<p><strong>Uso:<\/strong> v\u00eda t\u00f3pica<\/p>\n<p><strong>Formato: <\/strong>crema de 200 ml<\/p>\n<p><strong>Duraci\u00f3n: <\/strong>puede variar dependiendo de su uso<\/p>\n<p><strong>Dosis:<\/strong> se debe aplicar entre 1 y 2 veces al d\u00eda<\/p>\n<p><strong>Cu\u00e1ndo se debe aplicar:<\/strong> se aconseja aplicar la crema reductora al menos una vez al d\u00eda por la noche en abdomen y cintura. Tambi\u00e9n se puede aplicar justo antes de realizar ejercicio f\u00edsico.<\/p>\n<p><strong>Ingredientes:<\/strong><\/p>\n<ul>\n<li><strong>Cafe\u00edna:<\/strong> no se acumula en el organismo y tiene una funci\u00f3n diur\u00e9tica que ayuda a eliminar l\u00edquidos.<\/li>\n<li>\n<p><strong>Carnitina:<\/strong> acelera el proceso de oxidaci\u00f3n de los \u00e1cidos grasos, por lo que se genera m\u00e1s energ\u00eda y el cuerpo quema m\u00e1s.<\/p>\n<\/li>\n<li>\n<p><strong>Centella asi\u00e1tica<\/strong>: ayuda a eliminar l\u00edquidos localizados, combate la celulitis y consigue disminuir la piel de naranja al aumentar el col\u00e1geno.<\/p>\n<\/li>\n<li>\n<p><strong>Actigym<\/strong>: sintetiza la Adiponectina para favorecer el uso de glucosa por parte de las c\u00e9lulas y la oxidaci\u00f3n de \u00e1cidos grasos. Ayuda a redefinir la figura y a disminuir el abdomen.<\/p>\n<\/li>\n<li>\n<p><strong>Nicotinato de Metilo<\/strong>: mejora la circulaci\u00f3n de la sangre y hace que se absorban mejor los dem\u00e1s componentes.<\/p>\n<\/li>\n<\/ul>\n","protected":false},"excerpt":{"rendered":"<p>XS Natural crema reductora para hombre es un producto que act\u00faa contra la grasa localizada, especialmente en la zona del<\/p>\n","protected":false},"featured_media":46269,"comment_status":"open","ping_status":"open","template":"","meta":[],"product_cat":[833],"product_tag":[1441],"class_list":["post-46268","product","type-product","status-publish","has-post-thumbnail","hentry","product_cat-para-ellas-tratamientos","product_tag-xs-natural"],"bundled_by":[],"bundle_stock_status":"instock","bundle_stock_quantity":11,"bundle_virtual":false,"bundle_layout":"","bundle_add_to_cart_form_location":"","bundle_editable_in_cart":false,"bundle_sold_individually_context":"","bundle_item_grouping":"","bundle_min_size":"","bundle_max_size":"","bundled_items":[],"yoast_head":"<!-- This site is optimized with the Yoast SEO plugin v20.6 - https:\/\/yoast.com\/wordpress\/plugins\/seo\/ -->\n<title>XS NATURAL REDUCER FOR MEN - CREMA QUEMAGRASA PARA LA ZONA ABDOMINAL HOMBRE - Tienda Er\u00f3tica<\/title>\n<meta name=\"robots\" content=\"noindex, follow, max-snippet:-1, max-image-preview:large, max-video-preview:-1\" \/>\n<meta property=\"og:locale\" content=\"es_ES\" \/>\n<meta property=\"og:type\" content=\"article\" \/>\n<meta property=\"og:title\" content=\"XS NATURAL REDUCER FOR MEN - CREMA QUEMAGRASA PARA LA ZONA ABDOMINAL HOMBRE - Tienda Er\u00f3tica\" \/>\n<meta property=\"og:description\" content=\"XS Natural crema reductora para hombre es un producto que act\u00faa contra la grasa localizada, especialmente en la zona del\" \/>\n<meta property=\"og:url\" content=\"https:\/\/demoweb.info\/sexshop001\/producto\/xs-natural-reducer-for-men-crema-quemagrasa-para-la-zona-abdominal-hombre\/\" \/>\n<meta property=\"og:site_name\" content=\"Tienda Er\u00f3tica\" \/>\n<meta property=\"article:modified_time\" content=\"2022-01-22T14:20:42+00:00\" \/>\n<meta property=\"og:image\" content=\"https:\/\/demoweb.info\/sexshop001\/wp-content\/uploads\/2022\/01\/XS-NATURAL-REDUCER-FOR-MEN-CREMA-QUEMAGRASA-PARA-LA-ZONA-ABDOMINAL-HOMBRE.jpg\" \/>\n\t<meta property=\"og:image:width\" content=\"550\" \/>\n\t<meta property=\"og:image:height\" content=\"550\" \/>\n\t<meta property=\"og:image:type\" content=\"image\/jpeg\" \/>\n<meta name=\"twitter:card\" content=\"summary_large_image\" \/>\n<meta name=\"twitter:label1\" content=\"Tiempo de lectura\" \/>\n\t<meta name=\"twitter:data1\" content=\"2 minutos\" \/>\n<script type=\"application\/ld+json\" class=\"yoast-schema-graph\">{\"@context\":\"https:\/\/schema.org\",\"@graph\":[{\"@type\":\"WebPage\",\"@id\":\"https:\/\/demoweb.info\/sexshop001\/producto\/xs-natural-reducer-for-men-crema-quemagrasa-para-la-zona-abdominal-hombre\/\",\"url\":\"https:\/\/demoweb.info\/sexshop001\/producto\/xs-natural-reducer-for-men-crema-quemagrasa-para-la-zona-abdominal-hombre\/\",\"name\":\"XS NATURAL REDUCER FOR MEN - CREMA QUEMAGRASA PARA LA ZONA ABDOMINAL HOMBRE - Tienda Er\u00f3tica\",\"isPartOf\":{\"@id\":\"https:\/\/demoweb.info\/sexshop001\/#website\"},\"datePublished\":\"2022-01-22T14:20:28+00:00\",\"dateModified\":\"2022-01-22T14:20:42+00:00\",\"breadcrumb\":{\"@id\":\"https:\/\/demoweb.info\/sexshop001\/producto\/xs-natural-reducer-for-men-crema-quemagrasa-para-la-zona-abdominal-hombre\/#breadcrumb\"},\"inLanguage\":\"es\",\"potentialAction\":[{\"@type\":\"ReadAction\",\"target\":[\"https:\/\/demoweb.info\/sexshop001\/producto\/xs-natural-reducer-for-men-crema-quemagrasa-para-la-zona-abdominal-hombre\/\"]}]},{\"@type\":\"BreadcrumbList\",\"@id\":\"https:\/\/demoweb.info\/sexshop001\/producto\/xs-natural-reducer-for-men-crema-quemagrasa-para-la-zona-abdominal-hombre\/#breadcrumb\",\"itemListElement\":[{\"@type\":\"ListItem\",\"position\":1,\"name\":\"Portada\",\"item\":\"https:\/\/demoweb.info\/sexshop001\/\"},{\"@type\":\"ListItem\",\"position\":2,\"name\":\"Tienda\",\"item\":\"https:\/\/demoweb.info\/sexshop001\/tienda\/\"},{\"@type\":\"ListItem\",\"position\":3,\"name\":\"XS NATURAL REDUCER FOR MEN &#8211; CREMA QUEMAGRASA PARA LA ZONA ABDOMINAL HOMBRE\"}]},{\"@type\":\"WebSite\",\"@id\":\"https:\/\/demoweb.info\/sexshop001\/#website\",\"url\":\"https:\/\/demoweb.info\/sexshop001\/\",\"name\":\"Tienda Er\u00f3tica\",\"description\":\"DEMOWEB SL\",\"potentialAction\":[{\"@type\":\"SearchAction\",\"target\":{\"@type\":\"EntryPoint\",\"urlTemplate\":\"https:\/\/demoweb.info\/sexshop001\/?s={search_term_string}\"},\"query-input\":\"required name=search_term_string\"}],\"inLanguage\":\"es\"}]}<\/script>\n<!-- \/ Yoast SEO plugin. -->","yoast_head_json":{"title":"XS NATURAL REDUCER FOR MEN - CREMA QUEMAGRASA PARA LA ZONA ABDOMINAL HOMBRE - Tienda Er\u00f3tica","robots":{"index":"noindex","follow":"follow","max-snippet":"max-snippet:-1","max-image-preview":"max-image-preview:large","max-video-preview":"max-video-preview:-1"},"og_locale":"es_ES","og_type":"article","og_title":"XS NATURAL REDUCER FOR MEN - CREMA QUEMAGRASA PARA LA ZONA ABDOMINAL HOMBRE - Tienda Er\u00f3tica","og_description":"XS Natural crema reductora para hombre es un producto que act\u00faa contra la grasa localizada, especialmente en la zona del","og_url":"https:\/\/demoweb.info\/sexshop001\/producto\/xs-natural-reducer-for-men-crema-quemagrasa-para-la-zona-abdominal-hombre\/","og_site_name":"Tienda Er\u00f3tica","article_modified_time":"2022-01-22T14:20:42+00:00","og_image":[{"width":550,"height":550,"url":"https:\/\/demoweb.info\/sexshop001\/wp-content\/uploads\/2022\/01\/XS-NATURAL-REDUCER-FOR-MEN-CREMA-QUEMAGRASA-PARA-LA-ZONA-ABDOMINAL-HOMBRE.jpg","type":"image\/jpeg"}],"twitter_card":"summary_large_image","twitter_misc":{"Tiempo de lectura":"2 minutos"},"schema":{"@context":"https:\/\/schema.org","@graph":[{"@type":"WebPage","@id":"https:\/\/demoweb.info\/sexshop001\/producto\/xs-natural-reducer-for-men-crema-quemagrasa-para-la-zona-abdominal-hombre\/","url":"https:\/\/demoweb.info\/sexshop001\/producto\/xs-natural-reducer-for-men-crema-quemagrasa-para-la-zona-abdominal-hombre\/","name":"XS NATURAL REDUCER FOR MEN - CREMA QUEMAGRASA PARA LA ZONA ABDOMINAL HOMBRE - Tienda Er\u00f3tica","isPartOf":{"@id":"https:\/\/demoweb.info\/sexshop001\/#website"},"datePublished":"2022-01-22T14:20:28+00:00","dateModified":"2022-01-22T14:20:42+00:00","breadcrumb":{"@id":"https:\/\/demoweb.info\/sexshop001\/producto\/xs-natural-reducer-for-men-crema-quemagrasa-para-la-zona-abdominal-hombre\/#breadcrumb"},"inLanguage":"es","potentialAction":[{"@type":"ReadAction","target":["https:\/\/demoweb.info\/sexshop001\/producto\/xs-natural-reducer-for-men-crema-quemagrasa-para-la-zona-abdominal-hombre\/"]}]},{"@type":"BreadcrumbList","@id":"https:\/\/demoweb.info\/sexshop001\/producto\/xs-natural-reducer-for-men-crema-quemagrasa-para-la-zona-abdominal-hombre\/#breadcrumb","itemListElement":[{"@type":"ListItem","position":1,"name":"Portada","item":"https:\/\/demoweb.info\/sexshop001\/"},{"@type":"ListItem","position":2,"name":"Tienda","item":"https:\/\/demoweb.info\/sexshop001\/tienda\/"},{"@type":"ListItem","position":3,"name":"XS NATURAL REDUCER FOR MEN &#8211; CREMA QUEMAGRASA PARA LA ZONA ABDOMINAL HOMBRE"}]},{"@type":"WebSite","@id":"https:\/\/demoweb.info\/sexshop001\/#website","url":"https:\/\/demoweb.info\/sexshop001\/","name":"Tienda Er\u00f3tica","description":"DEMOWEB SL","potentialAction":[{"@type":"SearchAction","target":{"@type":"EntryPoint","urlTemplate":"https:\/\/demoweb.info\/sexshop001\/?s={search_term_string}"},"query-input":"required name=search_term_string"}],"inLanguage":"es"}]}},"_links":{"self":[{"href":"https:\/\/demoweb.info\/sexshop001\/wp-json\/wp\/v3\/product\/46268","targetHints":{"allow":["GET"]}}],"collection":[{"href":"https:\/\/demoweb.info\/sexshop001\/wp-json\/wp\/v3\/product"}],"about":[{"href":"https:\/\/demoweb.info\/sexshop001\/wp-json\/wp\/v2\/types\/product"}],"replies":[{"embeddable":true,"href":"https:\/\/demoweb.info\/sexshop001\/wp-json\/wp\/v2\/comments?post=46268"}],"wp:featuredmedia":[{"embeddable":true,"href":"https:\/\/demoweb.info\/sexshop001\/wp-json\/wp\/v2\/media\/46269"}],"wp:attachment":[{"href":"https:\/\/demoweb.info\/sexshop001\/wp-json\/wp\/v2\/media?parent=46268"}],"wp:term":[{"taxonomy":"product_cat","embeddable":true,"href":"https:\/\/demoweb.info\/sexshop001\/wp-json\/wp\/v2\/product_cat?post=46268"},{"taxonomy":"product_tag","embeddable":true,"href":"https:\/\/demoweb.info\/sexshop001\/wp-json\/wp\/v2\/product_tag?post=46268"}],"curies":[{"name":"wp","href":"https:\/\/api.w.org\/{rel}","templated":true}]}}