{"id":46237,"date":"2022-01-22T15:20:18","date_gmt":"2022-01-22T14:20:18","guid":{"rendered":"https:\/\/demoweb.info\/sexshop001\/producto\/plug-anal-vibrador-con-anillo-para-el-pene-negro\/"},"modified":"2022-01-22T15:20:23","modified_gmt":"2022-01-22T14:20:23","slug":"plug-anal-vibrador-con-anillo-para-el-pene-negro","status":"publish","type":"product","link":"https:\/\/demoweb.info\/sexshop001\/producto\/plug-anal-vibrador-con-anillo-para-el-pene-negro\/","title":{"rendered":"PLUG ANAL VIBRADOR CON ANILLO PARA EL PENE NEGRO"},"content":{"rendered":"<p><strong>ASS GASM COCKRING PLUG BLACK<\/strong><\/p>\n<p>Si nunca has probado el juego anal, el <strong>Ass Gasm Cock Ring <\/strong>es justo lo que necesitas para explorar el maravilloso mundo de la estimulaci\u00f3n anal.<\/p>\n<p>Es un plug y un anillo perfecto para una aventura emocionante de puerta trasera. El dise\u00f1o del plug est\u00e1 hecho de silicona que se siente suave y elegante al tacto. El anillo para el pene mejora el rendimiento permitiendo que se quede duro y m\u00e1s largo. Y la bala vibradora te conducir\u00e1 a los m\u00e1ximos placeres.<\/p>\n<p>Fabricado con silicona <strong>Elite\u2122<\/strong> es libre de ftalatos, hipoalerg\u00e9nica, y se puede usar durante todo el d\u00eda para la diversi\u00f3n de larga duraci\u00f3n. La limpieza es una obligaci\u00f3n despu\u00e9s de la diversi\u00f3n con el <strong>Pipedream toy Cleaner<\/strong> y agua tibia.<\/p>\n<p>Alcanzar el orgasmo mediante la estimulaci\u00f3n anal es incre\u00edblemente excitante gracias a la alta concentraci\u00f3n de terminaciones nerviosas y nuestra <strong>Anal Fantasy Collection<\/strong> que incluye juguetes que estimulan a cada uno de esos nervios. As\u00ed que perm\u00edtete entrar en un nuevo mundo del placer por la puerta trasera&#8230; las posibilidades son infinitas!<\/p>\n<ul>\n<li>Di\u00e1metro Interior: 4 cm<\/li>\n<li>Di\u00e1metro Exterior: 3,9 cm<\/li>\n<li>Longitud del Eje: 9 cm<\/li>\n<\/ul>\n<p>Funciona con 3 pilas AAA no incluidas.<\/p>\n","protected":false},"excerpt":{"rendered":"<p>ASS GASM COCKRING PLUG BLACK Si nunca has probado el juego anal, el Ass Gasm Cock Ring es justo lo<\/p>\n","protected":false},"featured_media":46238,"comment_status":"open","ping_status":"open","template":"","meta":[],"product_cat":[338],"product_tag":[485,259],"class_list":["post-46237","product","type-product","status-publish","has-post-thumbnail","hentry","product_cat-silicona-plugs","product_tag-anal-fantasy-collection","product_tag-pipedream"],"bundled_by":[],"bundle_stock_status":"instock","bundle_stock_quantity":2,"bundle_virtual":false,"bundle_layout":"","bundle_add_to_cart_form_location":"","bundle_editable_in_cart":false,"bundle_sold_individually_context":"","bundle_item_grouping":"","bundle_min_size":"","bundle_max_size":"","bundled_items":[],"yoast_head":"<!-- This site is optimized with the Yoast SEO plugin v20.6 - https:\/\/yoast.com\/wordpress\/plugins\/seo\/ -->\n<title>PLUG ANAL VIBRADOR CON ANILLO PARA EL PENE NEGRO - Tienda Er\u00f3tica<\/title>\n<meta name=\"robots\" content=\"noindex, follow, max-snippet:-1, max-image-preview:large, max-video-preview:-1\" \/>\n<meta property=\"og:locale\" content=\"es_ES\" \/>\n<meta property=\"og:type\" content=\"article\" \/>\n<meta property=\"og:title\" content=\"PLUG ANAL VIBRADOR CON ANILLO PARA EL PENE NEGRO - Tienda Er\u00f3tica\" \/>\n<meta property=\"og:description\" content=\"ASS GASM COCKRING PLUG BLACK Si nunca has probado el juego anal, el Ass Gasm Cock Ring es justo lo\" \/>\n<meta property=\"og:url\" content=\"https:\/\/demoweb.info\/sexshop001\/producto\/plug-anal-vibrador-con-anillo-para-el-pene-negro\/\" \/>\n<meta property=\"og:site_name\" content=\"Tienda Er\u00f3tica\" \/>\n<meta property=\"article:modified_time\" content=\"2022-01-22T14:20:23+00:00\" \/>\n<meta property=\"og:image\" content=\"https:\/\/demoweb.info\/sexshop001\/wp-content\/uploads\/2022\/01\/PLUG-ANAL-VIBRADOR-CON-ANILLO-PARA-EL-PENE-NEGRO.jpg\" \/>\n\t<meta property=\"og:image:width\" content=\"550\" \/>\n\t<meta property=\"og:image:height\" content=\"550\" \/>\n\t<meta property=\"og:image:type\" content=\"image\/jpeg\" \/>\n<meta name=\"twitter:card\" content=\"summary_large_image\" \/>\n<meta name=\"twitter:label1\" content=\"Tiempo de lectura\" \/>\n\t<meta name=\"twitter:data1\" content=\"1 minuto\" \/>\n<script type=\"application\/ld+json\" class=\"yoast-schema-graph\">{\"@context\":\"https:\/\/schema.org\",\"@graph\":[{\"@type\":\"WebPage\",\"@id\":\"https:\/\/demoweb.info\/sexshop001\/producto\/plug-anal-vibrador-con-anillo-para-el-pene-negro\/\",\"url\":\"https:\/\/demoweb.info\/sexshop001\/producto\/plug-anal-vibrador-con-anillo-para-el-pene-negro\/\",\"name\":\"PLUG ANAL VIBRADOR CON ANILLO PARA EL PENE NEGRO - Tienda Er\u00f3tica\",\"isPartOf\":{\"@id\":\"https:\/\/demoweb.info\/sexshop001\/#website\"},\"datePublished\":\"2022-01-22T14:20:18+00:00\",\"dateModified\":\"2022-01-22T14:20:23+00:00\",\"breadcrumb\":{\"@id\":\"https:\/\/demoweb.info\/sexshop001\/producto\/plug-anal-vibrador-con-anillo-para-el-pene-negro\/#breadcrumb\"},\"inLanguage\":\"es\",\"potentialAction\":[{\"@type\":\"ReadAction\",\"target\":[\"https:\/\/demoweb.info\/sexshop001\/producto\/plug-anal-vibrador-con-anillo-para-el-pene-negro\/\"]}]},{\"@type\":\"BreadcrumbList\",\"@id\":\"https:\/\/demoweb.info\/sexshop001\/producto\/plug-anal-vibrador-con-anillo-para-el-pene-negro\/#breadcrumb\",\"itemListElement\":[{\"@type\":\"ListItem\",\"position\":1,\"name\":\"Portada\",\"item\":\"https:\/\/demoweb.info\/sexshop001\/\"},{\"@type\":\"ListItem\",\"position\":2,\"name\":\"Tienda\",\"item\":\"https:\/\/demoweb.info\/sexshop001\/tienda\/\"},{\"@type\":\"ListItem\",\"position\":3,\"name\":\"PLUG ANAL VIBRADOR CON ANILLO PARA EL PENE NEGRO\"}]},{\"@type\":\"WebSite\",\"@id\":\"https:\/\/demoweb.info\/sexshop001\/#website\",\"url\":\"https:\/\/demoweb.info\/sexshop001\/\",\"name\":\"Tienda Er\u00f3tica\",\"description\":\"DEMOWEB SL\",\"potentialAction\":[{\"@type\":\"SearchAction\",\"target\":{\"@type\":\"EntryPoint\",\"urlTemplate\":\"https:\/\/demoweb.info\/sexshop001\/?s={search_term_string}\"},\"query-input\":\"required name=search_term_string\"}],\"inLanguage\":\"es\"}]}<\/script>\n<!-- \/ Yoast SEO plugin. -->","yoast_head_json":{"title":"PLUG ANAL VIBRADOR CON ANILLO PARA EL PENE NEGRO - Tienda Er\u00f3tica","robots":{"index":"noindex","follow":"follow","max-snippet":"max-snippet:-1","max-image-preview":"max-image-preview:large","max-video-preview":"max-video-preview:-1"},"og_locale":"es_ES","og_type":"article","og_title":"PLUG ANAL VIBRADOR CON ANILLO PARA EL PENE NEGRO - Tienda Er\u00f3tica","og_description":"ASS GASM COCKRING PLUG BLACK Si nunca has probado el juego anal, el Ass Gasm Cock Ring es justo lo","og_url":"https:\/\/demoweb.info\/sexshop001\/producto\/plug-anal-vibrador-con-anillo-para-el-pene-negro\/","og_site_name":"Tienda Er\u00f3tica","article_modified_time":"2022-01-22T14:20:23+00:00","og_image":[{"width":550,"height":550,"url":"https:\/\/demoweb.info\/sexshop001\/wp-content\/uploads\/2022\/01\/PLUG-ANAL-VIBRADOR-CON-ANILLO-PARA-EL-PENE-NEGRO.jpg","type":"image\/jpeg"}],"twitter_card":"summary_large_image","twitter_misc":{"Tiempo de lectura":"1 minuto"},"schema":{"@context":"https:\/\/schema.org","@graph":[{"@type":"WebPage","@id":"https:\/\/demoweb.info\/sexshop001\/producto\/plug-anal-vibrador-con-anillo-para-el-pene-negro\/","url":"https:\/\/demoweb.info\/sexshop001\/producto\/plug-anal-vibrador-con-anillo-para-el-pene-negro\/","name":"PLUG ANAL VIBRADOR CON ANILLO PARA EL PENE NEGRO - Tienda Er\u00f3tica","isPartOf":{"@id":"https:\/\/demoweb.info\/sexshop001\/#website"},"datePublished":"2022-01-22T14:20:18+00:00","dateModified":"2022-01-22T14:20:23+00:00","breadcrumb":{"@id":"https:\/\/demoweb.info\/sexshop001\/producto\/plug-anal-vibrador-con-anillo-para-el-pene-negro\/#breadcrumb"},"inLanguage":"es","potentialAction":[{"@type":"ReadAction","target":["https:\/\/demoweb.info\/sexshop001\/producto\/plug-anal-vibrador-con-anillo-para-el-pene-negro\/"]}]},{"@type":"BreadcrumbList","@id":"https:\/\/demoweb.info\/sexshop001\/producto\/plug-anal-vibrador-con-anillo-para-el-pene-negro\/#breadcrumb","itemListElement":[{"@type":"ListItem","position":1,"name":"Portada","item":"https:\/\/demoweb.info\/sexshop001\/"},{"@type":"ListItem","position":2,"name":"Tienda","item":"https:\/\/demoweb.info\/sexshop001\/tienda\/"},{"@type":"ListItem","position":3,"name":"PLUG ANAL VIBRADOR CON ANILLO PARA EL PENE NEGRO"}]},{"@type":"WebSite","@id":"https:\/\/demoweb.info\/sexshop001\/#website","url":"https:\/\/demoweb.info\/sexshop001\/","name":"Tienda Er\u00f3tica","description":"DEMOWEB SL","potentialAction":[{"@type":"SearchAction","target":{"@type":"EntryPoint","urlTemplate":"https:\/\/demoweb.info\/sexshop001\/?s={search_term_string}"},"query-input":"required name=search_term_string"}],"inLanguage":"es"}]}},"_links":{"self":[{"href":"https:\/\/demoweb.info\/sexshop001\/wp-json\/wp\/v3\/product\/46237","targetHints":{"allow":["GET"]}}],"collection":[{"href":"https:\/\/demoweb.info\/sexshop001\/wp-json\/wp\/v3\/product"}],"about":[{"href":"https:\/\/demoweb.info\/sexshop001\/wp-json\/wp\/v2\/types\/product"}],"replies":[{"embeddable":true,"href":"https:\/\/demoweb.info\/sexshop001\/wp-json\/wp\/v2\/comments?post=46237"}],"wp:featuredmedia":[{"embeddable":true,"href":"https:\/\/demoweb.info\/sexshop001\/wp-json\/wp\/v2\/media\/46238"}],"wp:attachment":[{"href":"https:\/\/demoweb.info\/sexshop001\/wp-json\/wp\/v2\/media?parent=46237"}],"wp:term":[{"taxonomy":"product_cat","embeddable":true,"href":"https:\/\/demoweb.info\/sexshop001\/wp-json\/wp\/v2\/product_cat?post=46237"},{"taxonomy":"product_tag","embeddable":true,"href":"https:\/\/demoweb.info\/sexshop001\/wp-json\/wp\/v2\/product_tag?post=46237"}],"curies":[{"name":"wp","href":"https:\/\/api.w.org\/{rel}","templated":true}]}}