{"id":46211,"date":"2022-01-22T15:20:08","date_gmt":"2022-01-22T14:20:08","guid":{"rendered":"https:\/\/demoweb.info\/sexshop001\/producto\/ouch-gel-de-ereccion-100-ml\/"},"modified":"2022-01-22T15:20:12","modified_gmt":"2022-01-22T14:20:12","slug":"ouch-gel-de-ereccion-100-ml","status":"publish","type":"product","link":"https:\/\/demoweb.info\/sexshop001\/producto\/ouch-gel-de-ereccion-100-ml\/","title":{"rendered":"OUCH GEL DE ERECCI\u00d3N &#8211; 100 ML"},"content":{"rendered":"<p><strong>ERECTION GEL &#8211; 100ML<\/strong><\/p>\n<p>Los ingredientes exclusivos prolongan la duraci\u00f3n de la erecci\u00f3n. Instrucciones de uso: Esparcir una peque\u00f1a cantidad de gel en los dedos y masajear directamente sobre el pene. Dejar que haga efecto durante 15 minutos. La crema se absorbe completamente por la piel del pene y puede ejercer su efecto en esa zona. Solo para uso externo Mantener fuera del alcance de los ni\u00f1os. Guardar en un lugar fresco y oscuro.<\/p>\n<p>&#8211; Ingredientes: Aqua, Glycerin, Cetyl alcohol, Soybean oil, Ceteareth 20, Oryza sativa, Glyceryl stearate, Olea europaea, Butyrospermum parkii, Ceteareth 12, Aloe barbadensis, Arnica montana, cetearyl alcohol, Cetyl palmitate, Cocoglycerides, Ginko biloba, Trigonella foenum graecum, Centella asiatica Rosmarinus officinalis, Citric acid, Propylene glycol, Benzyl alcohol,Methylchloroisothiazolineone, Methylisothiazolinone<\/p>\n","protected":false},"excerpt":{"rendered":"<p>ERECTION GEL &#8211; 100ML Los ingredientes exclusivos prolongan la duraci\u00f3n de la erecci\u00f3n. Instrucciones de uso: Esparcir una peque\u00f1a cantidad<\/p>\n","protected":false},"featured_media":46212,"comment_status":"open","ping_status":"open","template":"","meta":[],"product_cat":[327],"product_tag":[307,302],"class_list":["post-46211","product","type-product","status-publish","has-post-thumbnail","hentry","product_cat-vigorizantes","product_tag-ouch","product_tag-shots"],"bundled_by":[],"bundle_stock_status":"instock","bundle_stock_quantity":4,"bundle_virtual":false,"bundle_layout":"","bundle_add_to_cart_form_location":"","bundle_editable_in_cart":false,"bundle_sold_individually_context":"","bundle_item_grouping":"","bundle_min_size":"","bundle_max_size":"","bundled_items":[],"yoast_head":"<!-- This site is optimized with the Yoast SEO plugin v20.6 - https:\/\/yoast.com\/wordpress\/plugins\/seo\/ -->\n<title>OUCH GEL DE ERECCI\u00d3N - 100 ML - Tienda Er\u00f3tica<\/title>\n<meta name=\"robots\" content=\"noindex, follow, max-snippet:-1, max-image-preview:large, max-video-preview:-1\" \/>\n<meta property=\"og:locale\" content=\"es_ES\" \/>\n<meta property=\"og:type\" content=\"article\" \/>\n<meta property=\"og:title\" content=\"OUCH GEL DE ERECCI\u00d3N - 100 ML - Tienda Er\u00f3tica\" \/>\n<meta property=\"og:description\" content=\"ERECTION GEL &#8211; 100ML Los ingredientes exclusivos prolongan la duraci\u00f3n de la erecci\u00f3n. Instrucciones de uso: Esparcir una peque\u00f1a cantidad\" \/>\n<meta property=\"og:url\" content=\"https:\/\/demoweb.info\/sexshop001\/producto\/ouch-gel-de-ereccion-100-ml\/\" \/>\n<meta property=\"og:site_name\" content=\"Tienda Er\u00f3tica\" \/>\n<meta property=\"article:modified_time\" content=\"2022-01-22T14:20:12+00:00\" \/>\n<meta property=\"og:image\" content=\"https:\/\/demoweb.info\/sexshop001\/wp-content\/uploads\/2022\/01\/OUCH-GEL-DE-ERECCION-100-ML.jpg\" \/>\n\t<meta property=\"og:image:width\" content=\"550\" \/>\n\t<meta property=\"og:image:height\" content=\"550\" \/>\n\t<meta property=\"og:image:type\" content=\"image\/jpeg\" \/>\n<meta name=\"twitter:card\" content=\"summary_large_image\" \/>\n<meta name=\"twitter:label1\" content=\"Tiempo de lectura\" \/>\n\t<meta name=\"twitter:data1\" content=\"1 minuto\" \/>\n<script type=\"application\/ld+json\" class=\"yoast-schema-graph\">{\"@context\":\"https:\/\/schema.org\",\"@graph\":[{\"@type\":\"WebPage\",\"@id\":\"https:\/\/demoweb.info\/sexshop001\/producto\/ouch-gel-de-ereccion-100-ml\/\",\"url\":\"https:\/\/demoweb.info\/sexshop001\/producto\/ouch-gel-de-ereccion-100-ml\/\",\"name\":\"OUCH GEL DE ERECCI\u00d3N - 100 ML - Tienda Er\u00f3tica\",\"isPartOf\":{\"@id\":\"https:\/\/demoweb.info\/sexshop001\/#website\"},\"datePublished\":\"2022-01-22T14:20:08+00:00\",\"dateModified\":\"2022-01-22T14:20:12+00:00\",\"breadcrumb\":{\"@id\":\"https:\/\/demoweb.info\/sexshop001\/producto\/ouch-gel-de-ereccion-100-ml\/#breadcrumb\"},\"inLanguage\":\"es\",\"potentialAction\":[{\"@type\":\"ReadAction\",\"target\":[\"https:\/\/demoweb.info\/sexshop001\/producto\/ouch-gel-de-ereccion-100-ml\/\"]}]},{\"@type\":\"BreadcrumbList\",\"@id\":\"https:\/\/demoweb.info\/sexshop001\/producto\/ouch-gel-de-ereccion-100-ml\/#breadcrumb\",\"itemListElement\":[{\"@type\":\"ListItem\",\"position\":1,\"name\":\"Portada\",\"item\":\"https:\/\/demoweb.info\/sexshop001\/\"},{\"@type\":\"ListItem\",\"position\":2,\"name\":\"Tienda\",\"item\":\"https:\/\/demoweb.info\/sexshop001\/tienda\/\"},{\"@type\":\"ListItem\",\"position\":3,\"name\":\"OUCH GEL DE ERECCI\u00d3N &#8211; 100 ML\"}]},{\"@type\":\"WebSite\",\"@id\":\"https:\/\/demoweb.info\/sexshop001\/#website\",\"url\":\"https:\/\/demoweb.info\/sexshop001\/\",\"name\":\"Tienda Er\u00f3tica\",\"description\":\"DEMOWEB SL\",\"potentialAction\":[{\"@type\":\"SearchAction\",\"target\":{\"@type\":\"EntryPoint\",\"urlTemplate\":\"https:\/\/demoweb.info\/sexshop001\/?s={search_term_string}\"},\"query-input\":\"required name=search_term_string\"}],\"inLanguage\":\"es\"}]}<\/script>\n<!-- \/ Yoast SEO plugin. -->","yoast_head_json":{"title":"OUCH GEL DE ERECCI\u00d3N - 100 ML - Tienda Er\u00f3tica","robots":{"index":"noindex","follow":"follow","max-snippet":"max-snippet:-1","max-image-preview":"max-image-preview:large","max-video-preview":"max-video-preview:-1"},"og_locale":"es_ES","og_type":"article","og_title":"OUCH GEL DE ERECCI\u00d3N - 100 ML - Tienda Er\u00f3tica","og_description":"ERECTION GEL &#8211; 100ML Los ingredientes exclusivos prolongan la duraci\u00f3n de la erecci\u00f3n. Instrucciones de uso: Esparcir una peque\u00f1a cantidad","og_url":"https:\/\/demoweb.info\/sexshop001\/producto\/ouch-gel-de-ereccion-100-ml\/","og_site_name":"Tienda Er\u00f3tica","article_modified_time":"2022-01-22T14:20:12+00:00","og_image":[{"width":550,"height":550,"url":"https:\/\/demoweb.info\/sexshop001\/wp-content\/uploads\/2022\/01\/OUCH-GEL-DE-ERECCION-100-ML.jpg","type":"image\/jpeg"}],"twitter_card":"summary_large_image","twitter_misc":{"Tiempo de lectura":"1 minuto"},"schema":{"@context":"https:\/\/schema.org","@graph":[{"@type":"WebPage","@id":"https:\/\/demoweb.info\/sexshop001\/producto\/ouch-gel-de-ereccion-100-ml\/","url":"https:\/\/demoweb.info\/sexshop001\/producto\/ouch-gel-de-ereccion-100-ml\/","name":"OUCH GEL DE ERECCI\u00d3N - 100 ML - Tienda Er\u00f3tica","isPartOf":{"@id":"https:\/\/demoweb.info\/sexshop001\/#website"},"datePublished":"2022-01-22T14:20:08+00:00","dateModified":"2022-01-22T14:20:12+00:00","breadcrumb":{"@id":"https:\/\/demoweb.info\/sexshop001\/producto\/ouch-gel-de-ereccion-100-ml\/#breadcrumb"},"inLanguage":"es","potentialAction":[{"@type":"ReadAction","target":["https:\/\/demoweb.info\/sexshop001\/producto\/ouch-gel-de-ereccion-100-ml\/"]}]},{"@type":"BreadcrumbList","@id":"https:\/\/demoweb.info\/sexshop001\/producto\/ouch-gel-de-ereccion-100-ml\/#breadcrumb","itemListElement":[{"@type":"ListItem","position":1,"name":"Portada","item":"https:\/\/demoweb.info\/sexshop001\/"},{"@type":"ListItem","position":2,"name":"Tienda","item":"https:\/\/demoweb.info\/sexshop001\/tienda\/"},{"@type":"ListItem","position":3,"name":"OUCH GEL DE ERECCI\u00d3N &#8211; 100 ML"}]},{"@type":"WebSite","@id":"https:\/\/demoweb.info\/sexshop001\/#website","url":"https:\/\/demoweb.info\/sexshop001\/","name":"Tienda Er\u00f3tica","description":"DEMOWEB SL","potentialAction":[{"@type":"SearchAction","target":{"@type":"EntryPoint","urlTemplate":"https:\/\/demoweb.info\/sexshop001\/?s={search_term_string}"},"query-input":"required name=search_term_string"}],"inLanguage":"es"}]}},"_links":{"self":[{"href":"https:\/\/demoweb.info\/sexshop001\/wp-json\/wp\/v3\/product\/46211","targetHints":{"allow":["GET"]}}],"collection":[{"href":"https:\/\/demoweb.info\/sexshop001\/wp-json\/wp\/v3\/product"}],"about":[{"href":"https:\/\/demoweb.info\/sexshop001\/wp-json\/wp\/v2\/types\/product"}],"replies":[{"embeddable":true,"href":"https:\/\/demoweb.info\/sexshop001\/wp-json\/wp\/v2\/comments?post=46211"}],"wp:featuredmedia":[{"embeddable":true,"href":"https:\/\/demoweb.info\/sexshop001\/wp-json\/wp\/v2\/media\/46212"}],"wp:attachment":[{"href":"https:\/\/demoweb.info\/sexshop001\/wp-json\/wp\/v2\/media?parent=46211"}],"wp:term":[{"taxonomy":"product_cat","embeddable":true,"href":"https:\/\/demoweb.info\/sexshop001\/wp-json\/wp\/v2\/product_cat?post=46211"},{"taxonomy":"product_tag","embeddable":true,"href":"https:\/\/demoweb.info\/sexshop001\/wp-json\/wp\/v2\/product_tag?post=46211"}],"curies":[{"name":"wp","href":"https:\/\/api.w.org\/{rel}","templated":true}]}}