{"id":46184,"date":"2022-01-22T15:19:57","date_gmt":"2022-01-22T14:19:57","guid":{"rendered":"https:\/\/demoweb.info\/sexshop001\/producto\/saninex-anillos-extreme-orgasmic\/"},"modified":"2022-01-22T15:19:57","modified_gmt":"2022-01-22T14:19:57","slug":"saninex-anillos-extreme-orgasmic","status":"publish","type":"product","link":"https:\/\/demoweb.info\/sexshop001\/producto\/saninex-anillos-extreme-orgasmic\/","title":{"rendered":"SANINEX ANILLOS EXTREME ORGASMIC"},"content":{"rendered":"<p><strong>SANINEX ANILLOS EXTREME ORGASMIC <\/strong><\/p>\n<p>Los nuevos SANINEX ANILLOS EXTREME ORGASMIC, han sido dise\u00f1ados para obtener, alcanzar y mantener una erecci\u00f3n m\u00e1s firme durante mucho m\u00e1s tiempo. Generando as\u00ed, alta intensidad en los orgasmos propios y los de tu pareja. Alcanza siempre tu verdadera potencia y extrema dureza del pene, con SANINEX ANILLOS EXTREME ORGASMIC -Basic line. Presentados en envase de 3 unidades.<\/p>\n<p>Fabricado con silicona material m\u00e9dico sanitario de muy alta calidad, brillo, gruesa (10 mm.) Hipoalerg\u00e9nicos.<br \/>\nMedidas: S\u00faper el\u00e1sticos. Color azul. Color transparente. Color negro.<br \/>\nLa m\u00e1xima calidad y precios m\u00ednimos, siempre est\u00e1n presentes en toda la gama de productos salud y placer Saninex.<\/p>\n<p>Indicaciones:<br \/>\n&#8211; Especialmente dise\u00f1ados para maximizar la erecci\u00f3n durante mucho m\u00e1s tiempo.<br \/>\n&#8211; Erecciones potentes y aseguradas.<br \/>\n&#8211; Genera el incremento de placer org\u00e1smico en ambos.<br \/>\n&#8211; Muy el\u00e1sticos y suaves. Tres unidades Tres colores. Bolso no incluido.<br \/>\n&#8211; Los anillos son reutilizables.<br \/>\n&#8211; Limita el uso del anillo a no m\u00e1s de 90 minutos por uso.<br \/>\n&#8211; Fabricado con silicona material m\u00e9dico sanitario de muy alta calidad, brillo, gruesa (10 mm.) Hipoalerg\u00e9nicos.<br \/>\n&#8211; 100% resistente al agua.<br \/>\n&#8211; 100% libre de ftalatos.<br \/>\n&#8211; Saninex, poseedora de Licencia productos sanitarios, emitidas por el Ministerio de Sanidad Espa\u00f1ol y la Agencia Espa\u00f1ola del Medicamento.<\/p>\n","protected":false},"excerpt":{"rendered":"<p>SANINEX ANILLOS EXTREME ORGASMIC Los nuevos SANINEX ANILLOS EXTREME ORGASMIC, han sido dise\u00f1ados para obtener, alcanzar y mantener una erecci\u00f3n<\/p>\n","protected":false},"featured_media":46185,"comment_status":"open","ping_status":"open","template":"","meta":[],"product_cat":[323],"product_tag":[673],"class_list":["post-46184","product","type-product","status-publish","has-post-thumbnail","hentry","product_cat-silicona-anillos","product_tag-saninex"],"bundled_by":[],"bundle_stock_status":"instock","bundle_stock_quantity":3,"bundle_virtual":false,"bundle_layout":"","bundle_add_to_cart_form_location":"","bundle_editable_in_cart":false,"bundle_sold_individually_context":"","bundle_item_grouping":"","bundle_min_size":"","bundle_max_size":"","bundled_items":[],"yoast_head":"<!-- This site is optimized with the Yoast SEO plugin v20.6 - https:\/\/yoast.com\/wordpress\/plugins\/seo\/ -->\n<title>SANINEX ANILLOS EXTREME ORGASMIC - Tienda Er\u00f3tica<\/title>\n<meta name=\"robots\" content=\"noindex, follow, max-snippet:-1, max-image-preview:large, max-video-preview:-1\" \/>\n<meta property=\"og:locale\" content=\"es_ES\" \/>\n<meta property=\"og:type\" content=\"article\" \/>\n<meta property=\"og:title\" content=\"SANINEX ANILLOS EXTREME ORGASMIC - Tienda Er\u00f3tica\" \/>\n<meta property=\"og:description\" content=\"SANINEX ANILLOS EXTREME ORGASMIC Los nuevos SANINEX ANILLOS EXTREME ORGASMIC, han sido dise\u00f1ados para obtener, alcanzar y mantener una erecci\u00f3n\" \/>\n<meta property=\"og:url\" content=\"https:\/\/demoweb.info\/sexshop001\/producto\/saninex-anillos-extreme-orgasmic\/\" \/>\n<meta property=\"og:site_name\" content=\"Tienda Er\u00f3tica\" \/>\n<meta property=\"og:image\" content=\"https:\/\/demoweb.info\/sexshop001\/wp-content\/uploads\/2022\/01\/SANINEX-ANILLOS-EXTREME-ORGASMIC.jpg\" \/>\n\t<meta property=\"og:image:width\" content=\"550\" \/>\n\t<meta property=\"og:image:height\" content=\"550\" \/>\n\t<meta property=\"og:image:type\" content=\"image\/jpeg\" \/>\n<meta name=\"twitter:card\" content=\"summary_large_image\" \/>\n<meta name=\"twitter:label1\" content=\"Tiempo de lectura\" \/>\n\t<meta name=\"twitter:data1\" content=\"1 minuto\" \/>\n<script type=\"application\/ld+json\" class=\"yoast-schema-graph\">{\"@context\":\"https:\/\/schema.org\",\"@graph\":[{\"@type\":\"WebPage\",\"@id\":\"https:\/\/demoweb.info\/sexshop001\/producto\/saninex-anillos-extreme-orgasmic\/\",\"url\":\"https:\/\/demoweb.info\/sexshop001\/producto\/saninex-anillos-extreme-orgasmic\/\",\"name\":\"SANINEX ANILLOS EXTREME ORGASMIC - Tienda Er\u00f3tica\",\"isPartOf\":{\"@id\":\"https:\/\/demoweb.info\/sexshop001\/#website\"},\"datePublished\":\"2022-01-22T14:19:57+00:00\",\"dateModified\":\"2022-01-22T14:19:57+00:00\",\"breadcrumb\":{\"@id\":\"https:\/\/demoweb.info\/sexshop001\/producto\/saninex-anillos-extreme-orgasmic\/#breadcrumb\"},\"inLanguage\":\"es\",\"potentialAction\":[{\"@type\":\"ReadAction\",\"target\":[\"https:\/\/demoweb.info\/sexshop001\/producto\/saninex-anillos-extreme-orgasmic\/\"]}]},{\"@type\":\"BreadcrumbList\",\"@id\":\"https:\/\/demoweb.info\/sexshop001\/producto\/saninex-anillos-extreme-orgasmic\/#breadcrumb\",\"itemListElement\":[{\"@type\":\"ListItem\",\"position\":1,\"name\":\"Portada\",\"item\":\"https:\/\/demoweb.info\/sexshop001\/\"},{\"@type\":\"ListItem\",\"position\":2,\"name\":\"Tienda\",\"item\":\"https:\/\/demoweb.info\/sexshop001\/tienda\/\"},{\"@type\":\"ListItem\",\"position\":3,\"name\":\"SANINEX ANILLOS EXTREME ORGASMIC\"}]},{\"@type\":\"WebSite\",\"@id\":\"https:\/\/demoweb.info\/sexshop001\/#website\",\"url\":\"https:\/\/demoweb.info\/sexshop001\/\",\"name\":\"Tienda Er\u00f3tica\",\"description\":\"DEMOWEB SL\",\"potentialAction\":[{\"@type\":\"SearchAction\",\"target\":{\"@type\":\"EntryPoint\",\"urlTemplate\":\"https:\/\/demoweb.info\/sexshop001\/?s={search_term_string}\"},\"query-input\":\"required name=search_term_string\"}],\"inLanguage\":\"es\"}]}<\/script>\n<!-- \/ Yoast SEO plugin. -->","yoast_head_json":{"title":"SANINEX ANILLOS EXTREME ORGASMIC - Tienda Er\u00f3tica","robots":{"index":"noindex","follow":"follow","max-snippet":"max-snippet:-1","max-image-preview":"max-image-preview:large","max-video-preview":"max-video-preview:-1"},"og_locale":"es_ES","og_type":"article","og_title":"SANINEX ANILLOS EXTREME ORGASMIC - Tienda Er\u00f3tica","og_description":"SANINEX ANILLOS EXTREME ORGASMIC Los nuevos SANINEX ANILLOS EXTREME ORGASMIC, han sido dise\u00f1ados para obtener, alcanzar y mantener una erecci\u00f3n","og_url":"https:\/\/demoweb.info\/sexshop001\/producto\/saninex-anillos-extreme-orgasmic\/","og_site_name":"Tienda Er\u00f3tica","og_image":[{"width":550,"height":550,"url":"https:\/\/demoweb.info\/sexshop001\/wp-content\/uploads\/2022\/01\/SANINEX-ANILLOS-EXTREME-ORGASMIC.jpg","type":"image\/jpeg"}],"twitter_card":"summary_large_image","twitter_misc":{"Tiempo de lectura":"1 minuto"},"schema":{"@context":"https:\/\/schema.org","@graph":[{"@type":"WebPage","@id":"https:\/\/demoweb.info\/sexshop001\/producto\/saninex-anillos-extreme-orgasmic\/","url":"https:\/\/demoweb.info\/sexshop001\/producto\/saninex-anillos-extreme-orgasmic\/","name":"SANINEX ANILLOS EXTREME ORGASMIC - Tienda Er\u00f3tica","isPartOf":{"@id":"https:\/\/demoweb.info\/sexshop001\/#website"},"datePublished":"2022-01-22T14:19:57+00:00","dateModified":"2022-01-22T14:19:57+00:00","breadcrumb":{"@id":"https:\/\/demoweb.info\/sexshop001\/producto\/saninex-anillos-extreme-orgasmic\/#breadcrumb"},"inLanguage":"es","potentialAction":[{"@type":"ReadAction","target":["https:\/\/demoweb.info\/sexshop001\/producto\/saninex-anillos-extreme-orgasmic\/"]}]},{"@type":"BreadcrumbList","@id":"https:\/\/demoweb.info\/sexshop001\/producto\/saninex-anillos-extreme-orgasmic\/#breadcrumb","itemListElement":[{"@type":"ListItem","position":1,"name":"Portada","item":"https:\/\/demoweb.info\/sexshop001\/"},{"@type":"ListItem","position":2,"name":"Tienda","item":"https:\/\/demoweb.info\/sexshop001\/tienda\/"},{"@type":"ListItem","position":3,"name":"SANINEX ANILLOS EXTREME ORGASMIC"}]},{"@type":"WebSite","@id":"https:\/\/demoweb.info\/sexshop001\/#website","url":"https:\/\/demoweb.info\/sexshop001\/","name":"Tienda Er\u00f3tica","description":"DEMOWEB SL","potentialAction":[{"@type":"SearchAction","target":{"@type":"EntryPoint","urlTemplate":"https:\/\/demoweb.info\/sexshop001\/?s={search_term_string}"},"query-input":"required name=search_term_string"}],"inLanguage":"es"}]}},"_links":{"self":[{"href":"https:\/\/demoweb.info\/sexshop001\/wp-json\/wp\/v3\/product\/46184","targetHints":{"allow":["GET"]}}],"collection":[{"href":"https:\/\/demoweb.info\/sexshop001\/wp-json\/wp\/v3\/product"}],"about":[{"href":"https:\/\/demoweb.info\/sexshop001\/wp-json\/wp\/v2\/types\/product"}],"replies":[{"embeddable":true,"href":"https:\/\/demoweb.info\/sexshop001\/wp-json\/wp\/v2\/comments?post=46184"}],"wp:featuredmedia":[{"embeddable":true,"href":"https:\/\/demoweb.info\/sexshop001\/wp-json\/wp\/v2\/media\/46185"}],"wp:attachment":[{"href":"https:\/\/demoweb.info\/sexshop001\/wp-json\/wp\/v2\/media?parent=46184"}],"wp:term":[{"taxonomy":"product_cat","embeddable":true,"href":"https:\/\/demoweb.info\/sexshop001\/wp-json\/wp\/v2\/product_cat?post=46184"},{"taxonomy":"product_tag","embeddable":true,"href":"https:\/\/demoweb.info\/sexshop001\/wp-json\/wp\/v2\/product_tag?post=46184"}],"curies":[{"name":"wp","href":"https:\/\/api.w.org\/{rel}","templated":true}]}}