{"id":46181,"date":"2022-01-22T15:19:46","date_gmt":"2022-01-22T14:19:46","guid":{"rendered":"https:\/\/demoweb.info\/sexshop001\/producto\/saninex-mascara-exciting-experience\/"},"modified":"2022-01-22T15:19:54","modified_gmt":"2022-01-22T14:19:54","slug":"saninex-mascara-exciting-experience","status":"publish","type":"product","link":"https:\/\/demoweb.info\/sexshop001\/producto\/saninex-mascara-exciting-experience\/","title":{"rendered":"SANINEX MASCARA EXCITING EXPERIENCE"},"content":{"rendered":"<p><strong>SANINEX MASCARA EXCITING EXPERIENCE<\/strong><\/p>\n<p>Ligera y c\u00f3moda m\u00e1scara de encaje cl\u00e1sico Saninex. Convi\u00e9rtete en la mujer m\u00e1s deseada en tus \u00edntimos momentos y d\u00e9jate llevar por el excitante y sexual romanticismo cl\u00e1sico y misterioso.<br \/>\n<em>Con tu SANINEX MASCARA EXITING EXPERIENCE tendr\u00e1s en ti, la manera de recibir, ofrecer y dosificar los placeres que desees. <\/em><\/p>\n<p>\u00danica prenda capaz de crear el ambiente m\u00e1s intenso con menos esfuerzo. Deja que tu mirada y tus ojos sean quienes deciden tus los momentos de m\u00e1ximo placer e insinuaci\u00f3n. De f\u00e1cil uso gracias a su banda el\u00e1stica lateral. <\/p>\n<p>SANINEX MASCARA EXITING EXPERIENCE , es presentada con m\u00e1ximo glamour y elegancia, en un atractivo bolso de exclusivo dise\u00f1o Saninex. Talla \u00fanica. Acople perfecto al rostro. <\/p>\n<p>La m\u00e1xima calidad y precios m\u00ednimos, siempre est\u00e1n presentes en toda la gama de productos salud y placer Saninex.<\/p>\n<p>Indicaciones:<br \/>\n&#8211; Excitantes experiencias sexuales. <br \/>\n&#8211; Activa tu vida sexual de manera saludable y positiva.<br \/>\n&#8211; Seguro para tu piel y de uso muy c\u00f3modo.<br \/>\nTejido antial\u00e9rgico. <br \/>\n&#8211; Saninex, poseedora de Licencia productos sanitarios, emitidas por el Ministerio de Sanidad Espa\u00f1ol y la Agencia Espa\u00f1ola del Medicamento.<\/p>\n","protected":false},"excerpt":{"rendered":"<p>SANINEX MASCARA EXCITING EXPERIENCE Ligera y c\u00f3moda m\u00e1scara de encaje cl\u00e1sico Saninex. Convi\u00e9rtete en la mujer m\u00e1s deseada en tus<\/p>\n","protected":false},"featured_media":46182,"comment_status":"open","ping_status":"open","template":"","meta":[],"product_cat":[497],"product_tag":[673],"class_list":["post-46181","product","type-product","status-publish","has-post-thumbnail","hentry","product_cat-fantasia","product_tag-saninex"],"bundled_by":[],"bundle_stock_status":"instock","bundle_stock_quantity":3,"bundle_virtual":false,"bundle_layout":"","bundle_add_to_cart_form_location":"","bundle_editable_in_cart":false,"bundle_sold_individually_context":"","bundle_item_grouping":"","bundle_min_size":"","bundle_max_size":"","bundled_items":[],"yoast_head":"<!-- This site is optimized with the Yoast SEO plugin v20.6 - https:\/\/yoast.com\/wordpress\/plugins\/seo\/ -->\n<title>SANINEX MASCARA EXCITING EXPERIENCE - Tienda Er\u00f3tica<\/title>\n<meta name=\"robots\" content=\"noindex, follow, max-snippet:-1, max-image-preview:large, max-video-preview:-1\" \/>\n<meta property=\"og:locale\" content=\"es_ES\" \/>\n<meta property=\"og:type\" content=\"article\" \/>\n<meta property=\"og:title\" content=\"SANINEX MASCARA EXCITING EXPERIENCE - Tienda Er\u00f3tica\" \/>\n<meta property=\"og:description\" content=\"SANINEX MASCARA EXCITING EXPERIENCE Ligera y c\u00f3moda m\u00e1scara de encaje cl\u00e1sico Saninex. Convi\u00e9rtete en la mujer m\u00e1s deseada en tus\" \/>\n<meta property=\"og:url\" content=\"https:\/\/demoweb.info\/sexshop001\/producto\/saninex-mascara-exciting-experience\/\" \/>\n<meta property=\"og:site_name\" content=\"Tienda Er\u00f3tica\" \/>\n<meta property=\"article:modified_time\" content=\"2022-01-22T14:19:54+00:00\" \/>\n<meta property=\"og:image\" content=\"https:\/\/demoweb.info\/sexshop001\/wp-content\/uploads\/2022\/01\/SANINEX-MASCARA-EXCITING-EXPERIENCE.jpg\" \/>\n\t<meta property=\"og:image:width\" content=\"550\" \/>\n\t<meta property=\"og:image:height\" content=\"550\" \/>\n\t<meta property=\"og:image:type\" content=\"image\/jpeg\" \/>\n<meta name=\"twitter:card\" content=\"summary_large_image\" \/>\n<meta name=\"twitter:label1\" content=\"Tiempo de lectura\" \/>\n\t<meta name=\"twitter:data1\" content=\"1 minuto\" \/>\n<script type=\"application\/ld+json\" class=\"yoast-schema-graph\">{\"@context\":\"https:\/\/schema.org\",\"@graph\":[{\"@type\":\"WebPage\",\"@id\":\"https:\/\/demoweb.info\/sexshop001\/producto\/saninex-mascara-exciting-experience\/\",\"url\":\"https:\/\/demoweb.info\/sexshop001\/producto\/saninex-mascara-exciting-experience\/\",\"name\":\"SANINEX MASCARA EXCITING EXPERIENCE - Tienda Er\u00f3tica\",\"isPartOf\":{\"@id\":\"https:\/\/demoweb.info\/sexshop001\/#website\"},\"datePublished\":\"2022-01-22T14:19:46+00:00\",\"dateModified\":\"2022-01-22T14:19:54+00:00\",\"breadcrumb\":{\"@id\":\"https:\/\/demoweb.info\/sexshop001\/producto\/saninex-mascara-exciting-experience\/#breadcrumb\"},\"inLanguage\":\"es\",\"potentialAction\":[{\"@type\":\"ReadAction\",\"target\":[\"https:\/\/demoweb.info\/sexshop001\/producto\/saninex-mascara-exciting-experience\/\"]}]},{\"@type\":\"BreadcrumbList\",\"@id\":\"https:\/\/demoweb.info\/sexshop001\/producto\/saninex-mascara-exciting-experience\/#breadcrumb\",\"itemListElement\":[{\"@type\":\"ListItem\",\"position\":1,\"name\":\"Portada\",\"item\":\"https:\/\/demoweb.info\/sexshop001\/\"},{\"@type\":\"ListItem\",\"position\":2,\"name\":\"Tienda\",\"item\":\"https:\/\/demoweb.info\/sexshop001\/tienda\/\"},{\"@type\":\"ListItem\",\"position\":3,\"name\":\"SANINEX MASCARA EXCITING EXPERIENCE\"}]},{\"@type\":\"WebSite\",\"@id\":\"https:\/\/demoweb.info\/sexshop001\/#website\",\"url\":\"https:\/\/demoweb.info\/sexshop001\/\",\"name\":\"Tienda Er\u00f3tica\",\"description\":\"DEMOWEB SL\",\"potentialAction\":[{\"@type\":\"SearchAction\",\"target\":{\"@type\":\"EntryPoint\",\"urlTemplate\":\"https:\/\/demoweb.info\/sexshop001\/?s={search_term_string}\"},\"query-input\":\"required name=search_term_string\"}],\"inLanguage\":\"es\"}]}<\/script>\n<!-- \/ Yoast SEO plugin. -->","yoast_head_json":{"title":"SANINEX MASCARA EXCITING EXPERIENCE - Tienda Er\u00f3tica","robots":{"index":"noindex","follow":"follow","max-snippet":"max-snippet:-1","max-image-preview":"max-image-preview:large","max-video-preview":"max-video-preview:-1"},"og_locale":"es_ES","og_type":"article","og_title":"SANINEX MASCARA EXCITING EXPERIENCE - Tienda Er\u00f3tica","og_description":"SANINEX MASCARA EXCITING EXPERIENCE Ligera y c\u00f3moda m\u00e1scara de encaje cl\u00e1sico Saninex. Convi\u00e9rtete en la mujer m\u00e1s deseada en tus","og_url":"https:\/\/demoweb.info\/sexshop001\/producto\/saninex-mascara-exciting-experience\/","og_site_name":"Tienda Er\u00f3tica","article_modified_time":"2022-01-22T14:19:54+00:00","og_image":[{"width":550,"height":550,"url":"https:\/\/demoweb.info\/sexshop001\/wp-content\/uploads\/2022\/01\/SANINEX-MASCARA-EXCITING-EXPERIENCE.jpg","type":"image\/jpeg"}],"twitter_card":"summary_large_image","twitter_misc":{"Tiempo de lectura":"1 minuto"},"schema":{"@context":"https:\/\/schema.org","@graph":[{"@type":"WebPage","@id":"https:\/\/demoweb.info\/sexshop001\/producto\/saninex-mascara-exciting-experience\/","url":"https:\/\/demoweb.info\/sexshop001\/producto\/saninex-mascara-exciting-experience\/","name":"SANINEX MASCARA EXCITING EXPERIENCE - Tienda Er\u00f3tica","isPartOf":{"@id":"https:\/\/demoweb.info\/sexshop001\/#website"},"datePublished":"2022-01-22T14:19:46+00:00","dateModified":"2022-01-22T14:19:54+00:00","breadcrumb":{"@id":"https:\/\/demoweb.info\/sexshop001\/producto\/saninex-mascara-exciting-experience\/#breadcrumb"},"inLanguage":"es","potentialAction":[{"@type":"ReadAction","target":["https:\/\/demoweb.info\/sexshop001\/producto\/saninex-mascara-exciting-experience\/"]}]},{"@type":"BreadcrumbList","@id":"https:\/\/demoweb.info\/sexshop001\/producto\/saninex-mascara-exciting-experience\/#breadcrumb","itemListElement":[{"@type":"ListItem","position":1,"name":"Portada","item":"https:\/\/demoweb.info\/sexshop001\/"},{"@type":"ListItem","position":2,"name":"Tienda","item":"https:\/\/demoweb.info\/sexshop001\/tienda\/"},{"@type":"ListItem","position":3,"name":"SANINEX MASCARA EXCITING EXPERIENCE"}]},{"@type":"WebSite","@id":"https:\/\/demoweb.info\/sexshop001\/#website","url":"https:\/\/demoweb.info\/sexshop001\/","name":"Tienda Er\u00f3tica","description":"DEMOWEB SL","potentialAction":[{"@type":"SearchAction","target":{"@type":"EntryPoint","urlTemplate":"https:\/\/demoweb.info\/sexshop001\/?s={search_term_string}"},"query-input":"required name=search_term_string"}],"inLanguage":"es"}]}},"_links":{"self":[{"href":"https:\/\/demoweb.info\/sexshop001\/wp-json\/wp\/v3\/product\/46181","targetHints":{"allow":["GET"]}}],"collection":[{"href":"https:\/\/demoweb.info\/sexshop001\/wp-json\/wp\/v3\/product"}],"about":[{"href":"https:\/\/demoweb.info\/sexshop001\/wp-json\/wp\/v2\/types\/product"}],"replies":[{"embeddable":true,"href":"https:\/\/demoweb.info\/sexshop001\/wp-json\/wp\/v2\/comments?post=46181"}],"wp:featuredmedia":[{"embeddable":true,"href":"https:\/\/demoweb.info\/sexshop001\/wp-json\/wp\/v2\/media\/46182"}],"wp:attachment":[{"href":"https:\/\/demoweb.info\/sexshop001\/wp-json\/wp\/v2\/media?parent=46181"}],"wp:term":[{"taxonomy":"product_cat","embeddable":true,"href":"https:\/\/demoweb.info\/sexshop001\/wp-json\/wp\/v2\/product_cat?post=46181"},{"taxonomy":"product_tag","embeddable":true,"href":"https:\/\/demoweb.info\/sexshop001\/wp-json\/wp\/v2\/product_tag?post=46181"}],"curies":[{"name":"wp","href":"https:\/\/api.w.org\/{rel}","templated":true}]}}