{"id":46163,"date":"2022-01-22T15:19:46","date_gmt":"2022-01-22T14:19:46","guid":{"rendered":"https:\/\/demoweb.info\/sexshop001\/producto\/saninex-vibrador-duo-multi-orgasmic-woman\/"},"modified":"2022-01-22T15:19:47","modified_gmt":"2022-01-22T14:19:47","slug":"saninex-vibrador-duo-multi-orgasmic-woman","status":"publish","type":"product","link":"https:\/\/demoweb.info\/sexshop001\/producto\/saninex-vibrador-duo-multi-orgasmic-woman\/","title":{"rendered":"SANINEX VIBRADOR DUO MULTI ORGASMIC WOMAN"},"content":{"rendered":"<p><strong>SANINEX VIBRADOR DUO MULTI ORGASMIC WOMAN<\/strong><\/p>\n<p>El TOP de los top. El DUO MULTI ORGASMIC WOMAN SANINEX, dise\u00f1ado para la mujer actual, mujer que desea alcanzar placer sexual de manera repetida e intensa. Con SANINEX VIBRADOR DUO MULTI ORGASMIC WOMAN descubrir\u00e1s la totalidad de tus zonas m\u00e1s er\u00f3genas, obteniendo multi placeres de gran intensidad. <\/p>\n<p>Saninex vibrador Multi orgasmic woman te genera la m\u00e1xima realidad sexual multiplicada. Su alta calidad y detallado dise\u00f1o multi acci\u00f3n, hacen posible que tu placer sea siempre doblemente intenso. <br \/>\nCon sus diferentes velocidades f\u00e1cilmente manejables, podr\u00e1s suministrar la intensidad y potencia sexual exacta que deseas en todos tus orgasmos. <\/p>\n<p>SANINEX VIBRADOR DUO MULTI ORGASMIC WOMAN hace visible una mejora de salud y bienestar f\u00edsico a tu persona. <br \/>\nFabricada su parte funcional superior, de silicona material m\u00e9dico sanitario FDA de muy alta calidad, suavidad extrema y l\u00edneas continuadas, con la parte de sujeci\u00f3n, fabricada en excelente pl\u00e1stico PC-ABS\/ tambi\u00e9n de alta calidad medico sanitaria. Ambos materiales aprobados por la FDA. <\/p>\n<p>SANINEX VIBRADOR DUO MULTI ORGASMIC WOMAN, es presentado con m\u00e1ximo glamour y elegancia, en un atractivo bolso de exclusivo dise\u00f1o Saninex. <br \/>\nLa m\u00e1xima calidad y precios m\u00ednimos, siempre est\u00e1n presentes en toda la gama de productos salud y placer Saninex. <br \/>\nSu dise\u00f1o de cuerpo largo perfectamente adaptado para una potente doble estimulaci\u00f3n, con curvatura exacta dise\u00f1ada por Saninex, para que el placer sea m\u00faltiple y genere orgasmos altamente intensos. <br \/>\nFunciona con 2 pilas AAA. Medidas: 195 x 38 x 67 mm. Color Blanco y lila. <\/p>\n<p>Indicaciones: <br \/>\n&#8211; Multi placer org\u00e1smico.<br \/>\n&#8211; Activa tu vida sexual de manera saludable y positiva.<br \/>\n&#8211; Seguro para el cuerpo y de uso muy c\u00f3modo.<br \/>\n&#8211; Fabricada su parte funcional superior, de silicona material m\u00e9dico sanitario FDA de muy alta calidad, con revestimiento de extrema suavidad y l\u00edneas continuas. La parte de sujeci\u00f3n, fabricada en excelente pl\u00e1stico PC-ABS\/ igualmente de alta calidad medico sanitaria. Ambos materiales aprobados por la FDA. Hipoalerg\u00e9nico.<br \/>\n&#8211; No irrita la mucosa. Saludable 100%<br \/>\n&#8211; Comprobado dermatol\u00f3gicamente y cl\u00ednicamente.<br \/>\n&#8211; Muy f\u00e1cil limpieza.<br \/>\n&#8211; Adecuado para todo tipo de lubricantes Saninex.<br \/>\n&#8211; 100% resistente al agua. No sumergir.<br \/>\n&#8211; 100% libre de ftalatos.<br \/>\n&#8211; Saninex, poseedora de Licencia productos sanitarios, emitidas por el Ministerio de Sanidad Espa\u00f1ol y la Agencia Espa\u00f1ola del Medicamento.<\/p>\n","protected":false},"excerpt":{"rendered":"<p>SANINEX VIBRADOR DUO MULTI ORGASMIC WOMAN El TOP de los top. El DUO MULTI ORGASMIC WOMAN SANINEX, dise\u00f1ado para la<\/p>\n","protected":false},"featured_media":46164,"comment_status":"open","ping_status":"open","template":"","meta":[],"product_cat":[434],"product_tag":[673],"class_list":["post-46163","product","type-product","status-publish","has-post-thumbnail","hentry","product_cat-doble-estimulacion-vibradores-juguetes-xxx","product_tag-saninex"],"bundled_by":[],"bundle_stock_status":"instock","bundle_stock_quantity":2,"bundle_virtual":false,"bundle_layout":"","bundle_add_to_cart_form_location":"","bundle_editable_in_cart":false,"bundle_sold_individually_context":"","bundle_item_grouping":"","bundle_min_size":"","bundle_max_size":"","bundled_items":[],"yoast_head":"<!-- This site is optimized with the Yoast SEO plugin v20.6 - https:\/\/yoast.com\/wordpress\/plugins\/seo\/ -->\n<title>SANINEX VIBRADOR DUO MULTI ORGASMIC WOMAN - Tienda Er\u00f3tica<\/title>\n<meta name=\"robots\" content=\"noindex, follow, max-snippet:-1, max-image-preview:large, max-video-preview:-1\" \/>\n<meta property=\"og:locale\" content=\"es_ES\" \/>\n<meta property=\"og:type\" content=\"article\" \/>\n<meta property=\"og:title\" content=\"SANINEX VIBRADOR DUO MULTI ORGASMIC WOMAN - Tienda Er\u00f3tica\" \/>\n<meta property=\"og:description\" content=\"SANINEX VIBRADOR DUO MULTI ORGASMIC WOMAN El TOP de los top. El DUO MULTI ORGASMIC WOMAN SANINEX, dise\u00f1ado para la\" \/>\n<meta property=\"og:url\" content=\"https:\/\/demoweb.info\/sexshop001\/producto\/saninex-vibrador-duo-multi-orgasmic-woman\/\" \/>\n<meta property=\"og:site_name\" content=\"Tienda Er\u00f3tica\" \/>\n<meta property=\"article:modified_time\" content=\"2022-01-22T14:19:47+00:00\" \/>\n<meta property=\"og:image\" content=\"https:\/\/demoweb.info\/sexshop001\/wp-content\/uploads\/2022\/01\/SANINEX-VIBRADOR-DUO-MULTI-ORGASMIC-WOMAN.jpg\" \/>\n\t<meta property=\"og:image:width\" content=\"550\" \/>\n\t<meta property=\"og:image:height\" content=\"550\" \/>\n\t<meta property=\"og:image:type\" content=\"image\/jpeg\" \/>\n<meta name=\"twitter:card\" content=\"summary_large_image\" \/>\n<meta name=\"twitter:label1\" content=\"Tiempo de lectura\" \/>\n\t<meta name=\"twitter:data1\" content=\"2 minutos\" \/>\n<script type=\"application\/ld+json\" class=\"yoast-schema-graph\">{\"@context\":\"https:\/\/schema.org\",\"@graph\":[{\"@type\":\"WebPage\",\"@id\":\"https:\/\/demoweb.info\/sexshop001\/producto\/saninex-vibrador-duo-multi-orgasmic-woman\/\",\"url\":\"https:\/\/demoweb.info\/sexshop001\/producto\/saninex-vibrador-duo-multi-orgasmic-woman\/\",\"name\":\"SANINEX VIBRADOR DUO MULTI ORGASMIC WOMAN - Tienda Er\u00f3tica\",\"isPartOf\":{\"@id\":\"https:\/\/demoweb.info\/sexshop001\/#website\"},\"datePublished\":\"2022-01-22T14:19:46+00:00\",\"dateModified\":\"2022-01-22T14:19:47+00:00\",\"breadcrumb\":{\"@id\":\"https:\/\/demoweb.info\/sexshop001\/producto\/saninex-vibrador-duo-multi-orgasmic-woman\/#breadcrumb\"},\"inLanguage\":\"es\",\"potentialAction\":[{\"@type\":\"ReadAction\",\"target\":[\"https:\/\/demoweb.info\/sexshop001\/producto\/saninex-vibrador-duo-multi-orgasmic-woman\/\"]}]},{\"@type\":\"BreadcrumbList\",\"@id\":\"https:\/\/demoweb.info\/sexshop001\/producto\/saninex-vibrador-duo-multi-orgasmic-woman\/#breadcrumb\",\"itemListElement\":[{\"@type\":\"ListItem\",\"position\":1,\"name\":\"Portada\",\"item\":\"https:\/\/demoweb.info\/sexshop001\/\"},{\"@type\":\"ListItem\",\"position\":2,\"name\":\"Tienda\",\"item\":\"https:\/\/demoweb.info\/sexshop001\/tienda\/\"},{\"@type\":\"ListItem\",\"position\":3,\"name\":\"SANINEX VIBRADOR DUO MULTI ORGASMIC WOMAN\"}]},{\"@type\":\"WebSite\",\"@id\":\"https:\/\/demoweb.info\/sexshop001\/#website\",\"url\":\"https:\/\/demoweb.info\/sexshop001\/\",\"name\":\"Tienda Er\u00f3tica\",\"description\":\"DEMOWEB SL\",\"potentialAction\":[{\"@type\":\"SearchAction\",\"target\":{\"@type\":\"EntryPoint\",\"urlTemplate\":\"https:\/\/demoweb.info\/sexshop001\/?s={search_term_string}\"},\"query-input\":\"required name=search_term_string\"}],\"inLanguage\":\"es\"}]}<\/script>\n<!-- \/ Yoast SEO plugin. -->","yoast_head_json":{"title":"SANINEX VIBRADOR DUO MULTI ORGASMIC WOMAN - Tienda Er\u00f3tica","robots":{"index":"noindex","follow":"follow","max-snippet":"max-snippet:-1","max-image-preview":"max-image-preview:large","max-video-preview":"max-video-preview:-1"},"og_locale":"es_ES","og_type":"article","og_title":"SANINEX VIBRADOR DUO MULTI ORGASMIC WOMAN - Tienda Er\u00f3tica","og_description":"SANINEX VIBRADOR DUO MULTI ORGASMIC WOMAN El TOP de los top. El DUO MULTI ORGASMIC WOMAN SANINEX, dise\u00f1ado para la","og_url":"https:\/\/demoweb.info\/sexshop001\/producto\/saninex-vibrador-duo-multi-orgasmic-woman\/","og_site_name":"Tienda Er\u00f3tica","article_modified_time":"2022-01-22T14:19:47+00:00","og_image":[{"width":550,"height":550,"url":"https:\/\/demoweb.info\/sexshop001\/wp-content\/uploads\/2022\/01\/SANINEX-VIBRADOR-DUO-MULTI-ORGASMIC-WOMAN.jpg","type":"image\/jpeg"}],"twitter_card":"summary_large_image","twitter_misc":{"Tiempo de lectura":"2 minutos"},"schema":{"@context":"https:\/\/schema.org","@graph":[{"@type":"WebPage","@id":"https:\/\/demoweb.info\/sexshop001\/producto\/saninex-vibrador-duo-multi-orgasmic-woman\/","url":"https:\/\/demoweb.info\/sexshop001\/producto\/saninex-vibrador-duo-multi-orgasmic-woman\/","name":"SANINEX VIBRADOR DUO MULTI ORGASMIC WOMAN - Tienda Er\u00f3tica","isPartOf":{"@id":"https:\/\/demoweb.info\/sexshop001\/#website"},"datePublished":"2022-01-22T14:19:46+00:00","dateModified":"2022-01-22T14:19:47+00:00","breadcrumb":{"@id":"https:\/\/demoweb.info\/sexshop001\/producto\/saninex-vibrador-duo-multi-orgasmic-woman\/#breadcrumb"},"inLanguage":"es","potentialAction":[{"@type":"ReadAction","target":["https:\/\/demoweb.info\/sexshop001\/producto\/saninex-vibrador-duo-multi-orgasmic-woman\/"]}]},{"@type":"BreadcrumbList","@id":"https:\/\/demoweb.info\/sexshop001\/producto\/saninex-vibrador-duo-multi-orgasmic-woman\/#breadcrumb","itemListElement":[{"@type":"ListItem","position":1,"name":"Portada","item":"https:\/\/demoweb.info\/sexshop001\/"},{"@type":"ListItem","position":2,"name":"Tienda","item":"https:\/\/demoweb.info\/sexshop001\/tienda\/"},{"@type":"ListItem","position":3,"name":"SANINEX VIBRADOR DUO MULTI ORGASMIC WOMAN"}]},{"@type":"WebSite","@id":"https:\/\/demoweb.info\/sexshop001\/#website","url":"https:\/\/demoweb.info\/sexshop001\/","name":"Tienda Er\u00f3tica","description":"DEMOWEB SL","potentialAction":[{"@type":"SearchAction","target":{"@type":"EntryPoint","urlTemplate":"https:\/\/demoweb.info\/sexshop001\/?s={search_term_string}"},"query-input":"required name=search_term_string"}],"inLanguage":"es"}]}},"_links":{"self":[{"href":"https:\/\/demoweb.info\/sexshop001\/wp-json\/wp\/v3\/product\/46163","targetHints":{"allow":["GET"]}}],"collection":[{"href":"https:\/\/demoweb.info\/sexshop001\/wp-json\/wp\/v3\/product"}],"about":[{"href":"https:\/\/demoweb.info\/sexshop001\/wp-json\/wp\/v2\/types\/product"}],"replies":[{"embeddable":true,"href":"https:\/\/demoweb.info\/sexshop001\/wp-json\/wp\/v2\/comments?post=46163"}],"wp:featuredmedia":[{"embeddable":true,"href":"https:\/\/demoweb.info\/sexshop001\/wp-json\/wp\/v2\/media\/46164"}],"wp:attachment":[{"href":"https:\/\/demoweb.info\/sexshop001\/wp-json\/wp\/v2\/media?parent=46163"}],"wp:term":[{"taxonomy":"product_cat","embeddable":true,"href":"https:\/\/demoweb.info\/sexshop001\/wp-json\/wp\/v2\/product_cat?post=46163"},{"taxonomy":"product_tag","embeddable":true,"href":"https:\/\/demoweb.info\/sexshop001\/wp-json\/wp\/v2\/product_tag?post=46163"}],"curies":[{"name":"wp","href":"https:\/\/api.w.org\/{rel}","templated":true}]}}