{"id":45953,"date":"2022-01-22T15:17:43","date_gmt":"2022-01-22T14:17:43","guid":{"rendered":"https:\/\/demoweb.info\/sexshop001\/producto\/funda-para-el-pene-realistica-natural\/"},"modified":"2022-01-22T15:17:44","modified_gmt":"2022-01-22T14:17:44","slug":"funda-para-el-pene-realistica-natural","status":"publish","type":"product","link":"https:\/\/demoweb.info\/sexshop001\/producto\/funda-para-el-pene-realistica-natural\/","title":{"rendered":"FUNDA PARA EL PENE REAL\u00cdSTICA &#8211; NATURAL"},"content":{"rendered":"<p><strong>REALLY AMPLE PENIS ENHANCER &#8211; SKIN<\/strong><\/p>\n<p>Duplica el tama\u00f1o y el grosor con este potenciador de la erecci\u00f3n amplificado. Hecho de material de TPR color carne, que es lo suficientemente el\u00e1stico para adaptarse sobre la mayor\u00eda de los penes. Simplemente deslice su pene en el eje hueco, y coloque el anillo unido en los test\u00edculos.<\/p>\n<p>Este potenciador ofrece m\u00e1s longitud y circunferencia, mientras que el interior est\u00e1 lleno de baches provocando una sensaci\u00f3n de mayor placer en el usuario. Una vez colocada, esta funda ampliadora contribuir\u00e1 a una mayor satisfacci\u00f3n para t\u00ed y tu pareja.<\/p>\n<p>Caracter\u00edsticas:<\/p>\n<p>&#8211; Longitud Insertable: 16,5 cm<br \/>\n&#8211; Di\u00e1metro en el punto m\u00e1s ancho: 5 cm<br \/>\n&#8211; Di\u00e1metro interno de apertura: 3,8 cm<br \/>\n&#8211; Material: TPR<\/p>\n","protected":false},"excerpt":{"rendered":"<p>REALLY AMPLE PENIS ENHANCER &#8211; SKIN Duplica el tama\u00f1o y el grosor con este potenciador de la erecci\u00f3n amplificado. Hecho<\/p>\n","protected":false},"featured_media":45954,"comment_status":"open","ping_status":"open","template":"","meta":[],"product_cat":[543],"product_tag":[789,274],"class_list":["post-45953","product","type-product","status-publish","has-post-thumbnail","hentry","product_cat-fundas","product_tag-size-matters","product_tag-xr-brands"],"bundled_by":[],"bundle_stock_status":"instock","bundle_stock_quantity":2,"bundle_virtual":false,"bundle_layout":"","bundle_add_to_cart_form_location":"","bundle_editable_in_cart":false,"bundle_sold_individually_context":"","bundle_item_grouping":"","bundle_min_size":"","bundle_max_size":"","bundled_items":[],"yoast_head":"<!-- This site is optimized with the Yoast SEO plugin v20.6 - https:\/\/yoast.com\/wordpress\/plugins\/seo\/ -->\n<title>FUNDA PARA EL PENE REAL\u00cdSTICA - NATURAL - Tienda Er\u00f3tica<\/title>\n<meta name=\"robots\" content=\"noindex, follow, max-snippet:-1, max-image-preview:large, max-video-preview:-1\" \/>\n<meta property=\"og:locale\" content=\"es_ES\" \/>\n<meta property=\"og:type\" content=\"article\" \/>\n<meta property=\"og:title\" content=\"FUNDA PARA EL PENE REAL\u00cdSTICA - NATURAL - Tienda Er\u00f3tica\" \/>\n<meta property=\"og:description\" content=\"REALLY AMPLE PENIS ENHANCER &#8211; SKIN Duplica el tama\u00f1o y el grosor con este potenciador de la erecci\u00f3n amplificado. Hecho\" \/>\n<meta property=\"og:url\" content=\"https:\/\/demoweb.info\/sexshop001\/producto\/funda-para-el-pene-realistica-natural\/\" \/>\n<meta property=\"og:site_name\" content=\"Tienda Er\u00f3tica\" \/>\n<meta property=\"article:modified_time\" content=\"2022-01-22T14:17:44+00:00\" \/>\n<meta property=\"og:image\" content=\"https:\/\/demoweb.info\/sexshop001\/wp-content\/uploads\/2022\/01\/FUNDA-PARA-EL-PENE-REALISTICA-NATURAL.jpg\" \/>\n\t<meta property=\"og:image:width\" content=\"550\" \/>\n\t<meta property=\"og:image:height\" content=\"550\" \/>\n\t<meta property=\"og:image:type\" content=\"image\/jpeg\" \/>\n<meta name=\"twitter:card\" content=\"summary_large_image\" \/>\n<meta name=\"twitter:label1\" content=\"Tiempo de lectura\" \/>\n\t<meta name=\"twitter:data1\" content=\"1 minuto\" \/>\n<script type=\"application\/ld+json\" class=\"yoast-schema-graph\">{\"@context\":\"https:\/\/schema.org\",\"@graph\":[{\"@type\":\"WebPage\",\"@id\":\"https:\/\/demoweb.info\/sexshop001\/producto\/funda-para-el-pene-realistica-natural\/\",\"url\":\"https:\/\/demoweb.info\/sexshop001\/producto\/funda-para-el-pene-realistica-natural\/\",\"name\":\"FUNDA PARA EL PENE REAL\u00cdSTICA - NATURAL - Tienda Er\u00f3tica\",\"isPartOf\":{\"@id\":\"https:\/\/demoweb.info\/sexshop001\/#website\"},\"datePublished\":\"2022-01-22T14:17:43+00:00\",\"dateModified\":\"2022-01-22T14:17:44+00:00\",\"breadcrumb\":{\"@id\":\"https:\/\/demoweb.info\/sexshop001\/producto\/funda-para-el-pene-realistica-natural\/#breadcrumb\"},\"inLanguage\":\"es\",\"potentialAction\":[{\"@type\":\"ReadAction\",\"target\":[\"https:\/\/demoweb.info\/sexshop001\/producto\/funda-para-el-pene-realistica-natural\/\"]}]},{\"@type\":\"BreadcrumbList\",\"@id\":\"https:\/\/demoweb.info\/sexshop001\/producto\/funda-para-el-pene-realistica-natural\/#breadcrumb\",\"itemListElement\":[{\"@type\":\"ListItem\",\"position\":1,\"name\":\"Portada\",\"item\":\"https:\/\/demoweb.info\/sexshop001\/\"},{\"@type\":\"ListItem\",\"position\":2,\"name\":\"Tienda\",\"item\":\"https:\/\/demoweb.info\/sexshop001\/tienda\/\"},{\"@type\":\"ListItem\",\"position\":3,\"name\":\"FUNDA PARA EL PENE REAL\u00cdSTICA &#8211; NATURAL\"}]},{\"@type\":\"WebSite\",\"@id\":\"https:\/\/demoweb.info\/sexshop001\/#website\",\"url\":\"https:\/\/demoweb.info\/sexshop001\/\",\"name\":\"Tienda Er\u00f3tica\",\"description\":\"DEMOWEB SL\",\"potentialAction\":[{\"@type\":\"SearchAction\",\"target\":{\"@type\":\"EntryPoint\",\"urlTemplate\":\"https:\/\/demoweb.info\/sexshop001\/?s={search_term_string}\"},\"query-input\":\"required name=search_term_string\"}],\"inLanguage\":\"es\"}]}<\/script>\n<!-- \/ Yoast SEO plugin. -->","yoast_head_json":{"title":"FUNDA PARA EL PENE REAL\u00cdSTICA - NATURAL - Tienda Er\u00f3tica","robots":{"index":"noindex","follow":"follow","max-snippet":"max-snippet:-1","max-image-preview":"max-image-preview:large","max-video-preview":"max-video-preview:-1"},"og_locale":"es_ES","og_type":"article","og_title":"FUNDA PARA EL PENE REAL\u00cdSTICA - NATURAL - Tienda Er\u00f3tica","og_description":"REALLY AMPLE PENIS ENHANCER &#8211; SKIN Duplica el tama\u00f1o y el grosor con este potenciador de la erecci\u00f3n amplificado. Hecho","og_url":"https:\/\/demoweb.info\/sexshop001\/producto\/funda-para-el-pene-realistica-natural\/","og_site_name":"Tienda Er\u00f3tica","article_modified_time":"2022-01-22T14:17:44+00:00","og_image":[{"width":550,"height":550,"url":"https:\/\/demoweb.info\/sexshop001\/wp-content\/uploads\/2022\/01\/FUNDA-PARA-EL-PENE-REALISTICA-NATURAL.jpg","type":"image\/jpeg"}],"twitter_card":"summary_large_image","twitter_misc":{"Tiempo de lectura":"1 minuto"},"schema":{"@context":"https:\/\/schema.org","@graph":[{"@type":"WebPage","@id":"https:\/\/demoweb.info\/sexshop001\/producto\/funda-para-el-pene-realistica-natural\/","url":"https:\/\/demoweb.info\/sexshop001\/producto\/funda-para-el-pene-realistica-natural\/","name":"FUNDA PARA EL PENE REAL\u00cdSTICA - NATURAL - Tienda Er\u00f3tica","isPartOf":{"@id":"https:\/\/demoweb.info\/sexshop001\/#website"},"datePublished":"2022-01-22T14:17:43+00:00","dateModified":"2022-01-22T14:17:44+00:00","breadcrumb":{"@id":"https:\/\/demoweb.info\/sexshop001\/producto\/funda-para-el-pene-realistica-natural\/#breadcrumb"},"inLanguage":"es","potentialAction":[{"@type":"ReadAction","target":["https:\/\/demoweb.info\/sexshop001\/producto\/funda-para-el-pene-realistica-natural\/"]}]},{"@type":"BreadcrumbList","@id":"https:\/\/demoweb.info\/sexshop001\/producto\/funda-para-el-pene-realistica-natural\/#breadcrumb","itemListElement":[{"@type":"ListItem","position":1,"name":"Portada","item":"https:\/\/demoweb.info\/sexshop001\/"},{"@type":"ListItem","position":2,"name":"Tienda","item":"https:\/\/demoweb.info\/sexshop001\/tienda\/"},{"@type":"ListItem","position":3,"name":"FUNDA PARA EL PENE REAL\u00cdSTICA &#8211; NATURAL"}]},{"@type":"WebSite","@id":"https:\/\/demoweb.info\/sexshop001\/#website","url":"https:\/\/demoweb.info\/sexshop001\/","name":"Tienda Er\u00f3tica","description":"DEMOWEB SL","potentialAction":[{"@type":"SearchAction","target":{"@type":"EntryPoint","urlTemplate":"https:\/\/demoweb.info\/sexshop001\/?s={search_term_string}"},"query-input":"required name=search_term_string"}],"inLanguage":"es"}]}},"_links":{"self":[{"href":"https:\/\/demoweb.info\/sexshop001\/wp-json\/wp\/v3\/product\/45953","targetHints":{"allow":["GET"]}}],"collection":[{"href":"https:\/\/demoweb.info\/sexshop001\/wp-json\/wp\/v3\/product"}],"about":[{"href":"https:\/\/demoweb.info\/sexshop001\/wp-json\/wp\/v2\/types\/product"}],"replies":[{"embeddable":true,"href":"https:\/\/demoweb.info\/sexshop001\/wp-json\/wp\/v2\/comments?post=45953"}],"wp:featuredmedia":[{"embeddable":true,"href":"https:\/\/demoweb.info\/sexshop001\/wp-json\/wp\/v2\/media\/45954"}],"wp:attachment":[{"href":"https:\/\/demoweb.info\/sexshop001\/wp-json\/wp\/v2\/media?parent=45953"}],"wp:term":[{"taxonomy":"product_cat","embeddable":true,"href":"https:\/\/demoweb.info\/sexshop001\/wp-json\/wp\/v2\/product_cat?post=45953"},{"taxonomy":"product_tag","embeddable":true,"href":"https:\/\/demoweb.info\/sexshop001\/wp-json\/wp\/v2\/product_tag?post=45953"}],"curies":[{"name":"wp","href":"https:\/\/api.w.org\/{rel}","templated":true}]}}